{"id":607974,"date":"2025-10-24T14:12:08","date_gmt":"2025-10-24T12:12:08","guid":{"rendered":"https:\/\/selleetools.com\/?post_type=product&#038;p=607974"},"modified":"2025-12-17T14:05:44","modified_gmt":"2025-12-17T13:05:44","slug":"dasique-souffle-color-pot-04-mango-spread-6-5-g-balsam-do-ust-i-policzkow-mango","status":"publish","type":"product","link":"https:\/\/admincentral.selleetools.com\/pl\/product\/dasique-souffle-color-pot-04-mango-spread-6-5-g-balsam-do-ust-i-policzkow-mango\/","title":{"rendered":"Dasique Souffle Color Pot #04 Mango Spread 6.5 g &#8211; balsam do ust i policzk\u00f3w mango"},"content":{"rendered":"<p>Dasique Souffle Color Pot #04 Mango Spread to wielofunkcyjny balsam o mi\u0119kkiej, puszystej konsystencji, kt\u00f3ry nadaje sk\u00f3rze \u015bwie\u017cy, promienny kolor inspirowany dojrza\u0142ym mango. Mo\u017ce by\u0107 stosowany zar\u00f3wno na usta, jak i policzki, zapewniaj\u0105c naturalne, roz\u015bwietlaj\u0105ce wyko\u0144czenie bez uczucia lepko\u015bci.<\/p>\n<p>Korzy\u015bci ze stosowania:<br \/>\nNadaje \u015bwie\u017cy, owocowy odcie\u0144, idealny do codziennego makija\u017cu<br \/>\nWyg\u0142adza i zmi\u0119kcza sk\u00f3r\u0119, dzi\u0119ki obecno\u015bci emolient\u00f3w i witaminy E<br \/>\nDzia\u0142a piel\u0119gnuj\u0105co na usta i policzki, nie przesuszaj\u0105c ich<br \/>\nLekka formu\u0142a \u0142atwo si\u0119 rozprowadza i wtapia w sk\u00f3r\u0119<\/p>\n<p>Spos\u00f3b u\u017cycia:<br \/>\nNiewielk\u0105 ilo\u015b\u0107 produktu na\u0142\u00f3\u017c opuszkami palc\u00f3w lub p\u0119dzlem na usta i\/lub policzki. Delikatnie wklep, aby uzyska\u0107 naturalny efekt. Mo\u017cesz stopniowa\u0107 intensywno\u015b\u0107 koloru, dok\u0142adaj\u0105c kolejne warstwy.<\/p>\n","protected":false},"excerpt":{"rendered":"<p>Dasique Souffle Color Pot #04 Mango Spread to wielofunkcyjny balsam o mi\u0119kkiej, puszystej konsystencji, kt\u00f3ry nadaje sk\u00f3rze \u015bwie\u017cy, promienny kolor inspirowany dojrza\u0142ym mango. Mo\u017ce by\u0107 stosowany zar\u00f3wno na usta, jak i policzki, zapewniaj\u0105c naturalne, roz\u015bwietlaj\u0105ce wyko\u0144czenie bez uczucia lepko\u015bci. Korzy\u015bci ze stosowania: Nadaje \u015bwie\u017cy, owocowy odcie\u0144, idealny do codziennego makija\u017cu Wyg\u0142adza i zmi\u0119kcza sk\u00f3r\u0119, dzi\u0119ki &#8230; <a title=\"Dasique Souffle Color Pot #04 Mango Spread 6.5 g &#8211; balsam do ust i policzk\u00f3w mango\" class=\"read-more\" href=\"https:\/\/admincentral.selleetools.com\/pl\/product\/dasique-souffle-color-pot-04-mango-spread-6-5-g-balsam-do-ust-i-policzkow-mango\/\">Read more<span class=\"screen-reader-text\">Dasique Souffle Color Pot #04 Mango Spread 6.5 g &#8211; balsam do ust i policzk\u00f3w mango<\/span><\/a><\/p>\n","protected":false},"featured_media":607972,"comment_status":"open","ping_status":"closed","template":"","meta":{"_links_to":"","_links_to_target":""},"yoast_head":"<!-- This site is optimized with the Yoast SEO plugin v19.4 - https:\/\/yoast.com\/wordpress\/plugins\/seo\/ -->\n<title>Dasique Souffle Color Pot #04 Mango Spread 6.5 g - balsam do ust i policzk\u00f3w mango - Selleetools.com<\/title>\n<meta name=\"robots\" content=\"index, follow, max-snippet:-1, max-image-preview:large, max-video-preview:-1\" \/>\n<link rel=\"canonical\" href=\"https:\/\/selleetools.com\/pl\/product\/dasique-souffle-color-pot-04-mango-spread-6-5-g-balsam-do-ust-i-policzkow-mango\/\" \/>\n<meta property=\"og:locale\" content=\"pl_PL\" \/>\n<meta property=\"og:type\" content=\"article\" \/>\n<meta property=\"og:title\" content=\"Dasique Souffle Color Pot #04 Mango Spread 6.5 g - balsam do ust i policzk\u00f3w mango - Selleetools.com\" \/>\n<meta property=\"og:description\" content=\"Dasique Souffle Color Pot #04 Mango Spread to wielofunkcyjny balsam o mi\u0119kkiej, puszystej konsystencji, kt\u00f3ry nadaje sk\u00f3rze \u015bwie\u017cy, promienny kolor inspirowany dojrza\u0142ym mango. Mo\u017ce by\u0107 stosowany zar\u00f3wno na usta, jak i policzki, zapewniaj\u0105c naturalne, roz\u015bwietlaj\u0105ce wyko\u0144czenie bez uczucia lepko\u015bci. Korzy\u015bci ze stosowania: Nadaje \u015bwie\u017cy, owocowy odcie\u0144, idealny do codziennego makija\u017cu Wyg\u0142adza i zmi\u0119kcza sk\u00f3r\u0119, dzi\u0119ki ... Read moreDasique Souffle Color Pot #04 Mango Spread 6.5 g &#8211; balsam do ust i policzk\u00f3w mango\" \/>\n<meta property=\"og:url\" content=\"https:\/\/selleetools.com\/pl\/product\/dasique-souffle-color-pot-04-mango-spread-6-5-g-balsam-do-ust-i-policzkow-mango\/\" \/>\n<meta property=\"og:site_name\" content=\"Selleetools.com\" \/>\n<meta property=\"article:modified_time\" content=\"2025-12-17T13:05:44+00:00\" \/>\n<meta property=\"og:image\" content=\"https:\/\/selleetools.com\/wp-content\/uploads\/2025\/10\/5bb25462e7899dc3d927348cee0cb6f1.png\" \/>\n\t<meta property=\"og:image:width\" content=\"1080\" \/>\n\t<meta property=\"og:image:height\" content=\"1080\" \/>\n\t<meta property=\"og:image:type\" content=\"image\/png\" \/>\n<meta name=\"twitter:card\" content=\"summary_large_image\" \/>\n<meta name=\"twitter:label1\" content=\"Est. reading time\" \/>\n\t<meta name=\"twitter:data1\" content=\"1 minuta\" \/>\n<!-- \/ Yoast SEO plugin. -->","yoast_head_json":{"title":"Dasique Souffle Color Pot #04 Mango Spread 6.5 g - balsam do ust i policzk\u00f3w mango - Selleetools.com","robots":{"index":"index","follow":"follow","max-snippet":"max-snippet:-1","max-image-preview":"max-image-preview:large","max-video-preview":"max-video-preview:-1"},"canonical":"https:\/\/selleetools.com\/pl\/product\/dasique-souffle-color-pot-04-mango-spread-6-5-g-balsam-do-ust-i-policzkow-mango\/","og_locale":"pl_PL","og_type":"article","og_title":"Dasique Souffle Color Pot #04 Mango Spread 6.5 g - balsam do ust i policzk\u00f3w mango - Selleetools.com","og_description":"Dasique Souffle Color Pot #04 Mango Spread to wielofunkcyjny balsam o mi\u0119kkiej, puszystej konsystencji, kt\u00f3ry nadaje sk\u00f3rze \u015bwie\u017cy, promienny kolor inspirowany dojrza\u0142ym mango. Mo\u017ce by\u0107 stosowany zar\u00f3wno na usta, jak i policzki, zapewniaj\u0105c naturalne, roz\u015bwietlaj\u0105ce wyko\u0144czenie bez uczucia lepko\u015bci. Korzy\u015bci ze stosowania: Nadaje \u015bwie\u017cy, owocowy odcie\u0144, idealny do codziennego makija\u017cu Wyg\u0142adza i zmi\u0119kcza sk\u00f3r\u0119, dzi\u0119ki ... Read moreDasique Souffle Color Pot #04 Mango Spread 6.5 g &#8211; balsam do ust i policzk\u00f3w mango","og_url":"https:\/\/selleetools.com\/pl\/product\/dasique-souffle-color-pot-04-mango-spread-6-5-g-balsam-do-ust-i-policzkow-mango\/","og_site_name":"Selleetools.com","article_modified_time":"2025-12-17T13:05:44+00:00","og_image":[{"width":1080,"height":1080,"url":"https:\/\/selleetools.com\/wp-content\/uploads\/2025\/10\/5bb25462e7899dc3d927348cee0cb6f1.png","type":"image\/png"}],"twitter_card":"summary_large_image","twitter_misc":{"Est. reading time":"1 minuta"},"schema":{"@context":"https:\/\/schema.org","@graph":[{"@type":"Organization","@id":"https:\/\/selleetools.com\/#organization","name":"Selleetools","url":"https:\/\/selleetools.com\/","sameAs":[],"logo":{"@type":"ImageObject","inLanguage":"pl-PL","@id":"https:\/\/selleetools.com\/#\/schema\/logo\/image\/","url":"https:\/\/selleetools.com\/wp-content\/uploads\/2021\/10\/logo-dark.png","contentUrl":"https:\/\/selleetools.com\/wp-content\/uploads\/2021\/10\/logo-dark.png","width":320,"height":76,"caption":"Selleetools"},"image":{"@id":"https:\/\/selleetools.com\/#\/schema\/logo\/image\/"}},{"@type":"WebSite","@id":"https:\/\/selleetools.com\/#website","url":"https:\/\/selleetools.com\/","name":"Selleetools.com","description":"","publisher":{"@id":"https:\/\/selleetools.com\/#organization"},"potentialAction":[{"@type":"SearchAction","target":{"@type":"EntryPoint","urlTemplate":"https:\/\/selleetools.com\/?s={search_term_string}"},"query-input":"required name=search_term_string"}],"inLanguage":"pl-PL"},{"@type":"WebPage","@id":"https:\/\/selleetools.com\/pl\/product\/dasique-souffle-color-pot-04-mango-spread-6-5-g-balsam-do-ust-i-policzkow-mango\/","url":"https:\/\/selleetools.com\/pl\/product\/dasique-souffle-color-pot-04-mango-spread-6-5-g-balsam-do-ust-i-policzkow-mango\/","name":"Dasique Souffle Color Pot #04 Mango Spread 6.5 g - balsam do ust i policzk\u00f3w mango - Selleetools.com","isPartOf":{"@id":"https:\/\/selleetools.com\/#website"},"datePublished":"2025-10-24T12:12:08+00:00","dateModified":"2025-12-17T13:05:44+00:00","breadcrumb":{"@id":"https:\/\/selleetools.com\/pl\/product\/dasique-souffle-color-pot-04-mango-spread-6-5-g-balsam-do-ust-i-policzkow-mango\/#breadcrumb"},"inLanguage":"pl-PL","potentialAction":[{"@type":"ReadAction","target":["https:\/\/selleetools.com\/pl\/product\/dasique-souffle-color-pot-04-mango-spread-6-5-g-balsam-do-ust-i-policzkow-mango\/"]}]},{"@type":"BreadcrumbList","@id":"https:\/\/selleetools.com\/pl\/product\/dasique-souffle-color-pot-04-mango-spread-6-5-g-balsam-do-ust-i-policzkow-mango\/#breadcrumb","itemListElement":[{"@type":"ListItem","position":1,"name":"Home","item":"https:\/\/selleetools.com\/pl\/"},{"@type":"ListItem","position":2,"name":"Katalog","item":"https:\/\/selleetools.com\/pl\/katalog\/"},{"@type":"ListItem","position":3,"name":"Dasique Souffle Color Pot #04 Mango Spread 6.5 g &#8211; balsam do ust i policzk\u00f3w mango"}]}]}},"_links":{"self":[{"href":"https:\/\/admincentral.selleetools.com\/pl\/wp-json\/wp\/v2\/product\/607974"}],"collection":[{"href":"https:\/\/admincentral.selleetools.com\/pl\/wp-json\/wp\/v2\/product"}],"about":[{"href":"https:\/\/admincentral.selleetools.com\/pl\/wp-json\/wp\/v2\/types\/product"}],"replies":[{"embeddable":true,"href":"https:\/\/admincentral.selleetools.com\/pl\/wp-json\/wp\/v2\/comments?post=607974"}],"wp:featuredmedia":[{"embeddable":true,"href":"https:\/\/admincentral.selleetools.com\/pl\/wp-json\/wp\/v2\/media\/607972"}],"wp:attachment":[{"href":"https:\/\/admincentral.selleetools.com\/pl\/wp-json\/wp\/v2\/media?parent=607974"}],"curies":[{"name":"wp","href":"https:\/\/api.w.org\/{rel}","templated":true}]}}