{"id":607980,"date":"2025-10-24T14:12:14","date_gmt":"2025-10-24T12:12:14","guid":{"rendered":"https:\/\/selleetools.com\/?post_type=product&#038;p=607980"},"modified":"2025-11-04T21:44:15","modified_gmt":"2025-11-04T20:44:15","slug":"cosnori-panthenol-barrier-suncream-spf50-pa-50-ml-ochronny-i-kojacy-krem-przeciwsloneczny","status":"publish","type":"product","link":"https:\/\/admincentral.selleetools.com\/pl\/product\/cosnori-panthenol-barrier-suncream-spf50-pa-50-ml-ochronny-i-kojacy-krem-przeciwsloneczny\/","title":{"rendered":"Cosnori Panthenol Barrier Suncream SPF50+ PA++++ 50 ml &#8211; ochronny i koj\u0105cy krem przeciws\u0142oneczny"},"content":{"rendered":"<p>Cosnori Panthenol Barrier Suncream to \u0142agodny, bezzapachowy krem przeciws\u0142oneczny z wysok\u0105 ochron\u0105 SPF50+ PA++++, stworzony z my\u015bl\u0105 o wra\u017cliwej i podra\u017cnionej sk\u00f3rze. Dzi\u0119ki zawarto\u015bci pantenolu i tlenku cynku, produkt nie tylko chroni przed promieniowaniem UVA i UVB, ale tak\u017ce wzmacnia barier\u0119 hydrolipidow\u0105, zapewniaj\u0105c sk\u00f3rze ukojenie i nawil\u017cenie.<\/p>\n<p>Korzy\u015bci ze stosowania:<br \/>\nSkuteczna ochrona fizyczna SPF50+ PA++++ przed promieniowaniem UV<br \/>\nPantenol koi i regeneruje podra\u017cnion\u0105 sk\u00f3r\u0119<br \/>\nEkstrakt z owoc\u00f3w Terminalia Ferdinandiana (kakadu plum) wspiera naturaln\u0105 ochron\u0119 antyoksydacyjn\u0105<br \/>\nNaturalne olejki eteryczne z lawendy, bergamotki i rumianku dzia\u0142aj\u0105 \u0142agodz\u0105co<br \/>\nIdealny dla sk\u00f3ry wra\u017cliwej, suchej i podatnej na podra\u017cnienia<br \/>\nNiet\u0142usta formu\u0142a, kt\u00f3ra nie bieli sk\u00f3ry i dobrze si\u0119 wch\u0142ania<\/p>\n<p>Spos\u00f3b u\u017cycia:<br \/>\nNa\u0142\u00f3\u017c odpowiedni\u0105 ilo\u015b\u0107 kremu na twarz jako ostatni krok porannej piel\u0119gnacji, co najmniej 15 minut przed ekspozycj\u0105 na s\u0142o\u0144ce. W razie potrzeby aplikacj\u0119 powtarzaj co 2\u20133 godziny, szczeg\u00f3lnie po spoceniu si\u0119 lub kontakcie z wod\u0105.<\/p>\n","protected":false},"excerpt":{"rendered":"<p>Cosnori Panthenol Barrier Suncream to \u0142agodny, bezzapachowy krem przeciws\u0142oneczny z wysok\u0105 ochron\u0105 SPF50+ PA++++, stworzony z my\u015bl\u0105 o wra\u017cliwej i podra\u017cnionej sk\u00f3rze. Dzi\u0119ki zawarto\u015bci pantenolu i tlenku cynku, produkt nie tylko chroni przed promieniowaniem UVA i UVB, ale tak\u017ce wzmacnia barier\u0119 hydrolipidow\u0105, zapewniaj\u0105c sk\u00f3rze ukojenie i nawil\u017cenie. Korzy\u015bci ze stosowania: Skuteczna ochrona fizyczna SPF50+ PA++++ &#8230; <a title=\"Cosnori Panthenol Barrier Suncream SPF50+ PA++++ 50 ml &#8211; ochronny i koj\u0105cy krem przeciws\u0142oneczny\" class=\"read-more\" href=\"https:\/\/admincentral.selleetools.com\/pl\/product\/cosnori-panthenol-barrier-suncream-spf50-pa-50-ml-ochronny-i-kojacy-krem-przeciwsloneczny\/\">Read more<span class=\"screen-reader-text\">Cosnori Panthenol Barrier Suncream SPF50+ PA++++ 50 ml &#8211; ochronny i koj\u0105cy krem przeciws\u0142oneczny<\/span><\/a><\/p>\n","protected":false},"featured_media":607978,"comment_status":"open","ping_status":"closed","template":"","meta":{"_links_to":"","_links_to_target":""},"yoast_head":"<!-- This site is optimized with the Yoast SEO plugin v19.4 - https:\/\/yoast.com\/wordpress\/plugins\/seo\/ -->\n<title>Cosnori Panthenol Barrier Suncream SPF50+ PA++++ 50 ml - ochronny i koj\u0105cy krem przeciws\u0142oneczny - Selleetools.com<\/title>\n<meta name=\"robots\" content=\"index, follow, max-snippet:-1, max-image-preview:large, max-video-preview:-1\" \/>\n<link rel=\"canonical\" href=\"https:\/\/admincentral.selleetools.com\/pl\/product\/cosnori-panthenol-barrier-suncream-spf50-pa-50-ml-ochronny-i-kojacy-krem-przeciwsloneczny\/\" \/>\n<meta property=\"og:locale\" content=\"pl_PL\" \/>\n<meta property=\"og:type\" content=\"article\" \/>\n<meta property=\"og:title\" content=\"Cosnori Panthenol Barrier Suncream SPF50+ PA++++ 50 ml - ochronny i koj\u0105cy krem przeciws\u0142oneczny - Selleetools.com\" \/>\n<meta property=\"og:description\" content=\"Cosnori Panthenol Barrier Suncream to \u0142agodny, bezzapachowy krem przeciws\u0142oneczny z wysok\u0105 ochron\u0105 SPF50+ PA++++, stworzony z my\u015bl\u0105 o wra\u017cliwej i podra\u017cnionej sk\u00f3rze. Dzi\u0119ki zawarto\u015bci pantenolu i tlenku cynku, produkt nie tylko chroni przed promieniowaniem UVA i UVB, ale tak\u017ce wzmacnia barier\u0119 hydrolipidow\u0105, zapewniaj\u0105c sk\u00f3rze ukojenie i nawil\u017cenie. Korzy\u015bci ze stosowania: Skuteczna ochrona fizyczna SPF50+ PA++++ ... Read moreCosnori Panthenol Barrier Suncream SPF50+ PA++++ 50 ml &#8211; ochronny i koj\u0105cy krem przeciws\u0142oneczny\" \/>\n<meta property=\"og:url\" content=\"https:\/\/admincentral.selleetools.com\/pl\/product\/cosnori-panthenol-barrier-suncream-spf50-pa-50-ml-ochronny-i-kojacy-krem-przeciwsloneczny\/\" \/>\n<meta property=\"og:site_name\" content=\"Selleetools.com\" \/>\n<meta property=\"article:modified_time\" content=\"2025-11-04T20:44:15+00:00\" \/>\n<meta property=\"og:image\" content=\"https:\/\/selleetools.com\/wp-content\/uploads\/2025\/10\/4d95206d6949c2a23873bf4298db46f2.png\" \/>\n\t<meta property=\"og:image:width\" content=\"1080\" \/>\n\t<meta property=\"og:image:height\" content=\"1080\" \/>\n\t<meta property=\"og:image:type\" content=\"image\/png\" \/>\n<meta name=\"twitter:card\" content=\"summary_large_image\" \/>\n<meta name=\"twitter:label1\" content=\"Est. reading time\" \/>\n\t<meta name=\"twitter:data1\" content=\"1 minuta\" \/>\n<!-- \/ Yoast SEO plugin. -->","yoast_head_json":{"title":"Cosnori Panthenol Barrier Suncream SPF50+ PA++++ 50 ml - ochronny i koj\u0105cy krem przeciws\u0142oneczny - Selleetools.com","robots":{"index":"index","follow":"follow","max-snippet":"max-snippet:-1","max-image-preview":"max-image-preview:large","max-video-preview":"max-video-preview:-1"},"canonical":"https:\/\/admincentral.selleetools.com\/pl\/product\/cosnori-panthenol-barrier-suncream-spf50-pa-50-ml-ochronny-i-kojacy-krem-przeciwsloneczny\/","og_locale":"pl_PL","og_type":"article","og_title":"Cosnori Panthenol Barrier Suncream SPF50+ PA++++ 50 ml - ochronny i koj\u0105cy krem przeciws\u0142oneczny - Selleetools.com","og_description":"Cosnori Panthenol Barrier Suncream to \u0142agodny, bezzapachowy krem przeciws\u0142oneczny z wysok\u0105 ochron\u0105 SPF50+ PA++++, stworzony z my\u015bl\u0105 o wra\u017cliwej i podra\u017cnionej sk\u00f3rze. Dzi\u0119ki zawarto\u015bci pantenolu i tlenku cynku, produkt nie tylko chroni przed promieniowaniem UVA i UVB, ale tak\u017ce wzmacnia barier\u0119 hydrolipidow\u0105, zapewniaj\u0105c sk\u00f3rze ukojenie i nawil\u017cenie. Korzy\u015bci ze stosowania: Skuteczna ochrona fizyczna SPF50+ PA++++ ... Read moreCosnori Panthenol Barrier Suncream SPF50+ PA++++ 50 ml &#8211; ochronny i koj\u0105cy krem przeciws\u0142oneczny","og_url":"https:\/\/admincentral.selleetools.com\/pl\/product\/cosnori-panthenol-barrier-suncream-spf50-pa-50-ml-ochronny-i-kojacy-krem-przeciwsloneczny\/","og_site_name":"Selleetools.com","article_modified_time":"2025-11-04T20:44:15+00:00","og_image":[{"width":1080,"height":1080,"url":"https:\/\/selleetools.com\/wp-content\/uploads\/2025\/10\/4d95206d6949c2a23873bf4298db46f2.png","type":"image\/png"}],"twitter_card":"summary_large_image","twitter_misc":{"Est. reading time":"1 minuta"},"schema":{"@context":"https:\/\/schema.org","@graph":[{"@type":"Organization","@id":"https:\/\/selleetools.com\/#organization","name":"Selleetools","url":"https:\/\/selleetools.com\/","sameAs":[],"logo":{"@type":"ImageObject","inLanguage":"pl-PL","@id":"https:\/\/selleetools.com\/#\/schema\/logo\/image\/","url":"https:\/\/selleetools.com\/wp-content\/uploads\/2021\/10\/logo-dark.png","contentUrl":"https:\/\/selleetools.com\/wp-content\/uploads\/2021\/10\/logo-dark.png","width":320,"height":76,"caption":"Selleetools"},"image":{"@id":"https:\/\/selleetools.com\/#\/schema\/logo\/image\/"}},{"@type":"WebSite","@id":"https:\/\/selleetools.com\/#website","url":"https:\/\/selleetools.com\/","name":"Selleetools.com","description":"","publisher":{"@id":"https:\/\/selleetools.com\/#organization"},"potentialAction":[{"@type":"SearchAction","target":{"@type":"EntryPoint","urlTemplate":"https:\/\/selleetools.com\/?s={search_term_string}"},"query-input":"required name=search_term_string"}],"inLanguage":"pl-PL"},{"@type":"WebPage","@id":"https:\/\/admincentral.selleetools.com\/pl\/product\/cosnori-panthenol-barrier-suncream-spf50-pa-50-ml-ochronny-i-kojacy-krem-przeciwsloneczny\/","url":"https:\/\/admincentral.selleetools.com\/pl\/product\/cosnori-panthenol-barrier-suncream-spf50-pa-50-ml-ochronny-i-kojacy-krem-przeciwsloneczny\/","name":"Cosnori Panthenol Barrier Suncream SPF50+ PA++++ 50 ml - ochronny i koj\u0105cy krem przeciws\u0142oneczny - Selleetools.com","isPartOf":{"@id":"https:\/\/selleetools.com\/#website"},"datePublished":"2025-10-24T12:12:14+00:00","dateModified":"2025-11-04T20:44:15+00:00","breadcrumb":{"@id":"https:\/\/admincentral.selleetools.com\/pl\/product\/cosnori-panthenol-barrier-suncream-spf50-pa-50-ml-ochronny-i-kojacy-krem-przeciwsloneczny\/#breadcrumb"},"inLanguage":"pl-PL","potentialAction":[{"@type":"ReadAction","target":["https:\/\/admincentral.selleetools.com\/pl\/product\/cosnori-panthenol-barrier-suncream-spf50-pa-50-ml-ochronny-i-kojacy-krem-przeciwsloneczny\/"]}]},{"@type":"BreadcrumbList","@id":"https:\/\/admincentral.selleetools.com\/pl\/product\/cosnori-panthenol-barrier-suncream-spf50-pa-50-ml-ochronny-i-kojacy-krem-przeciwsloneczny\/#breadcrumb","itemListElement":[{"@type":"ListItem","position":1,"name":"Home","item":"https:\/\/selleetools.com\/pl\/"},{"@type":"ListItem","position":2,"name":"Katalog","item":"https:\/\/selleetools.com\/pl\/katalog\/"},{"@type":"ListItem","position":3,"name":"Cosnori Panthenol Barrier Suncream SPF50+ PA++++ 50 ml &#8211; ochronny i koj\u0105cy krem przeciws\u0142oneczny"}]}]}},"_links":{"self":[{"href":"https:\/\/admincentral.selleetools.com\/pl\/wp-json\/wp\/v2\/product\/607980"}],"collection":[{"href":"https:\/\/admincentral.selleetools.com\/pl\/wp-json\/wp\/v2\/product"}],"about":[{"href":"https:\/\/admincentral.selleetools.com\/pl\/wp-json\/wp\/v2\/types\/product"}],"replies":[{"embeddable":true,"href":"https:\/\/admincentral.selleetools.com\/pl\/wp-json\/wp\/v2\/comments?post=607980"}],"wp:featuredmedia":[{"embeddable":true,"href":"https:\/\/admincentral.selleetools.com\/pl\/wp-json\/wp\/v2\/media\/607978"}],"wp:attachment":[{"href":"https:\/\/admincentral.selleetools.com\/pl\/wp-json\/wp\/v2\/media?parent=607980"}],"curies":[{"name":"wp","href":"https:\/\/api.w.org\/{rel}","templated":true}]}}