{"id":608004,"date":"2025-10-24T14:12:38","date_gmt":"2025-10-24T12:12:38","guid":{"rendered":"https:\/\/selleetools.com\/?post_type=product&#038;p=608004"},"modified":"2025-11-04T21:46:05","modified_gmt":"2025-11-04T20:46:05","slug":"cosnori-water-blurry-tint-01-vintage-mauve-4-g-mauve-tint-do-ust-matowy","status":"publish","type":"product","link":"https:\/\/admincentral.selleetools.com\/pl\/product\/cosnori-water-blurry-tint-01-vintage-mauve-4-g-mauve-tint-do-ust-matowy\/","title":{"rendered":"Cosnori Water Blurry Tint 01 Vintage Mauve 4 g \u2013 mauve tint do ust matowy"},"content":{"rendered":"<p>Cosnori Water Blurry Tint 01 Vintage Mauve to lekki, wodno-kremowy tint do ust o matowym wyko\u0144czeniu, kt\u00f3ry \u0142\u0105czy intensywny kolor z komfortem noszenia. Odcie\u0144 Vintage Mauve to elegancka, stonowana mieszanka fioletu i r\u00f3\u017cu, idealna do codziennego makija\u017cu z nut\u0105 klasycznej elegancji.<\/p>\n<p>Korzy\u015bci ze stosowania:<br \/>\nNadaje ustom trwa\u0142y, naturalny kolor bez uczucia sucho\u015bci<br \/>\nZapewnia lekkie, matowe wyko\u0144czenie bez efektu spierzchni\u0119cia<br \/>\nFormu\u0142a z gliceryn\u0105 i pantenolem piel\u0119gnuje i wyg\u0142adza sk\u00f3r\u0119 ust<br \/>\nIdealny do warstwowego nak\u0142adania \u2013 od subtelnego efektu po intensywny look<\/p>\n<p>Spos\u00f3b u\u017cycia:<br \/>\nNa\u0142\u00f3\u017c niewielk\u0105 ilo\u015b\u0107 tintu na \u015brodek ust i rozprowad\u017a ku kraw\u0119dziom dla naturalnego efektu. Dla mocniejszego koloru do\u0142\u00f3\u017c kolejn\u0105 warstw\u0119.<\/p>\n","protected":false},"excerpt":{"rendered":"<p>Cosnori Water Blurry Tint 01 Vintage Mauve to lekki, wodno-kremowy tint do ust o matowym wyko\u0144czeniu, kt\u00f3ry \u0142\u0105czy intensywny kolor z komfortem noszenia. Odcie\u0144 Vintage Mauve to elegancka, stonowana mieszanka fioletu i r\u00f3\u017cu, idealna do codziennego makija\u017cu z nut\u0105 klasycznej elegancji. Korzy\u015bci ze stosowania: Nadaje ustom trwa\u0142y, naturalny kolor bez uczucia sucho\u015bci Zapewnia lekkie, matowe &#8230; <a title=\"Cosnori Water Blurry Tint 01 Vintage Mauve 4 g \u2013 mauve tint do ust matowy\" class=\"read-more\" href=\"https:\/\/admincentral.selleetools.com\/pl\/product\/cosnori-water-blurry-tint-01-vintage-mauve-4-g-mauve-tint-do-ust-matowy\/\">Read more<span class=\"screen-reader-text\">Cosnori Water Blurry Tint 01 Vintage Mauve 4 g \u2013 mauve tint do ust matowy<\/span><\/a><\/p>\n","protected":false},"featured_media":608002,"comment_status":"open","ping_status":"closed","template":"","meta":{"_links_to":"","_links_to_target":""},"yoast_head":"<!-- This site is optimized with the Yoast SEO plugin v19.4 - https:\/\/yoast.com\/wordpress\/plugins\/seo\/ -->\n<title>Cosnori Water Blurry Tint 01 Vintage Mauve 4 g \u2013 mauve tint do ust matowy - Selleetools.com<\/title>\n<meta name=\"robots\" content=\"index, follow, max-snippet:-1, max-image-preview:large, max-video-preview:-1\" \/>\n<link rel=\"canonical\" href=\"https:\/\/selleetools.com\/pl\/product\/cosnori-water-blurry-tint-01-vintage-mauve-4-g-mauve-tint-do-ust-matowy\/\" \/>\n<meta property=\"og:locale\" content=\"pl_PL\" \/>\n<meta property=\"og:type\" content=\"article\" \/>\n<meta property=\"og:title\" content=\"Cosnori Water Blurry Tint 01 Vintage Mauve 4 g \u2013 mauve tint do ust matowy - Selleetools.com\" \/>\n<meta property=\"og:description\" content=\"Cosnori Water Blurry Tint 01 Vintage Mauve to lekki, wodno-kremowy tint do ust o matowym wyko\u0144czeniu, kt\u00f3ry \u0142\u0105czy intensywny kolor z komfortem noszenia. Odcie\u0144 Vintage Mauve to elegancka, stonowana mieszanka fioletu i r\u00f3\u017cu, idealna do codziennego makija\u017cu z nut\u0105 klasycznej elegancji. Korzy\u015bci ze stosowania: Nadaje ustom trwa\u0142y, naturalny kolor bez uczucia sucho\u015bci Zapewnia lekkie, matowe ... Read moreCosnori Water Blurry Tint 01 Vintage Mauve 4 g \u2013 mauve tint do ust matowy\" \/>\n<meta property=\"og:url\" content=\"https:\/\/selleetools.com\/pl\/product\/cosnori-water-blurry-tint-01-vintage-mauve-4-g-mauve-tint-do-ust-matowy\/\" \/>\n<meta property=\"og:site_name\" content=\"Selleetools.com\" \/>\n<meta property=\"article:modified_time\" content=\"2025-11-04T20:46:05+00:00\" \/>\n<meta property=\"og:image\" content=\"https:\/\/selleetools.com\/wp-content\/uploads\/2025\/10\/c5291f216a37f9a6b66289b4116bd041.png\" \/>\n\t<meta property=\"og:image:width\" content=\"1080\" \/>\n\t<meta property=\"og:image:height\" content=\"1080\" \/>\n\t<meta property=\"og:image:type\" content=\"image\/png\" \/>\n<meta name=\"twitter:card\" content=\"summary_large_image\" \/>\n<meta name=\"twitter:label1\" content=\"Est. reading time\" \/>\n\t<meta name=\"twitter:data1\" content=\"1 minuta\" \/>\n<!-- \/ Yoast SEO plugin. -->","yoast_head_json":{"title":"Cosnori Water Blurry Tint 01 Vintage Mauve 4 g \u2013 mauve tint do ust matowy - Selleetools.com","robots":{"index":"index","follow":"follow","max-snippet":"max-snippet:-1","max-image-preview":"max-image-preview:large","max-video-preview":"max-video-preview:-1"},"canonical":"https:\/\/selleetools.com\/pl\/product\/cosnori-water-blurry-tint-01-vintage-mauve-4-g-mauve-tint-do-ust-matowy\/","og_locale":"pl_PL","og_type":"article","og_title":"Cosnori Water Blurry Tint 01 Vintage Mauve 4 g \u2013 mauve tint do ust matowy - Selleetools.com","og_description":"Cosnori Water Blurry Tint 01 Vintage Mauve to lekki, wodno-kremowy tint do ust o matowym wyko\u0144czeniu, kt\u00f3ry \u0142\u0105czy intensywny kolor z komfortem noszenia. Odcie\u0144 Vintage Mauve to elegancka, stonowana mieszanka fioletu i r\u00f3\u017cu, idealna do codziennego makija\u017cu z nut\u0105 klasycznej elegancji. Korzy\u015bci ze stosowania: Nadaje ustom trwa\u0142y, naturalny kolor bez uczucia sucho\u015bci Zapewnia lekkie, matowe ... Read moreCosnori Water Blurry Tint 01 Vintage Mauve 4 g \u2013 mauve tint do ust matowy","og_url":"https:\/\/selleetools.com\/pl\/product\/cosnori-water-blurry-tint-01-vintage-mauve-4-g-mauve-tint-do-ust-matowy\/","og_site_name":"Selleetools.com","article_modified_time":"2025-11-04T20:46:05+00:00","og_image":[{"width":1080,"height":1080,"url":"https:\/\/selleetools.com\/wp-content\/uploads\/2025\/10\/c5291f216a37f9a6b66289b4116bd041.png","type":"image\/png"}],"twitter_card":"summary_large_image","twitter_misc":{"Est. reading time":"1 minuta"},"schema":{"@context":"https:\/\/schema.org","@graph":[{"@type":"Organization","@id":"https:\/\/selleetools.com\/#organization","name":"Selleetools","url":"https:\/\/selleetools.com\/","sameAs":[],"logo":{"@type":"ImageObject","inLanguage":"pl-PL","@id":"https:\/\/selleetools.com\/#\/schema\/logo\/image\/","url":"https:\/\/selleetools.com\/wp-content\/uploads\/2021\/10\/logo-dark.png","contentUrl":"https:\/\/selleetools.com\/wp-content\/uploads\/2021\/10\/logo-dark.png","width":320,"height":76,"caption":"Selleetools"},"image":{"@id":"https:\/\/selleetools.com\/#\/schema\/logo\/image\/"}},{"@type":"WebSite","@id":"https:\/\/selleetools.com\/#website","url":"https:\/\/selleetools.com\/","name":"Selleetools.com","description":"","publisher":{"@id":"https:\/\/selleetools.com\/#organization"},"potentialAction":[{"@type":"SearchAction","target":{"@type":"EntryPoint","urlTemplate":"https:\/\/selleetools.com\/?s={search_term_string}"},"query-input":"required name=search_term_string"}],"inLanguage":"pl-PL"},{"@type":"WebPage","@id":"https:\/\/selleetools.com\/pl\/product\/cosnori-water-blurry-tint-01-vintage-mauve-4-g-mauve-tint-do-ust-matowy\/","url":"https:\/\/selleetools.com\/pl\/product\/cosnori-water-blurry-tint-01-vintage-mauve-4-g-mauve-tint-do-ust-matowy\/","name":"Cosnori Water Blurry Tint 01 Vintage Mauve 4 g \u2013 mauve tint do ust matowy - Selleetools.com","isPartOf":{"@id":"https:\/\/selleetools.com\/#website"},"datePublished":"2025-10-24T12:12:38+00:00","dateModified":"2025-11-04T20:46:05+00:00","breadcrumb":{"@id":"https:\/\/selleetools.com\/pl\/product\/cosnori-water-blurry-tint-01-vintage-mauve-4-g-mauve-tint-do-ust-matowy\/#breadcrumb"},"inLanguage":"pl-PL","potentialAction":[{"@type":"ReadAction","target":["https:\/\/selleetools.com\/pl\/product\/cosnori-water-blurry-tint-01-vintage-mauve-4-g-mauve-tint-do-ust-matowy\/"]}]},{"@type":"BreadcrumbList","@id":"https:\/\/selleetools.com\/pl\/product\/cosnori-water-blurry-tint-01-vintage-mauve-4-g-mauve-tint-do-ust-matowy\/#breadcrumb","itemListElement":[{"@type":"ListItem","position":1,"name":"Home","item":"https:\/\/selleetools.com\/pl\/"},{"@type":"ListItem","position":2,"name":"Katalog","item":"https:\/\/selleetools.com\/pl\/katalog\/"},{"@type":"ListItem","position":3,"name":"Cosnori Water Blurry Tint 01 Vintage Mauve 4 g \u2013 mauve tint do ust matowy"}]}]}},"_links":{"self":[{"href":"https:\/\/admincentral.selleetools.com\/pl\/wp-json\/wp\/v2\/product\/608004"}],"collection":[{"href":"https:\/\/admincentral.selleetools.com\/pl\/wp-json\/wp\/v2\/product"}],"about":[{"href":"https:\/\/admincentral.selleetools.com\/pl\/wp-json\/wp\/v2\/types\/product"}],"replies":[{"embeddable":true,"href":"https:\/\/admincentral.selleetools.com\/pl\/wp-json\/wp\/v2\/comments?post=608004"}],"wp:featuredmedia":[{"embeddable":true,"href":"https:\/\/admincentral.selleetools.com\/pl\/wp-json\/wp\/v2\/media\/608002"}],"wp:attachment":[{"href":"https:\/\/admincentral.selleetools.com\/pl\/wp-json\/wp\/v2\/media?parent=608004"}],"curies":[{"name":"wp","href":"https:\/\/api.w.org\/{rel}","templated":true}]}}