{"id":608007,"date":"2025-10-24T14:12:41","date_gmt":"2025-10-24T12:12:41","guid":{"rendered":"https:\/\/selleetools.com\/?post_type=product&#038;p=608007"},"modified":"2025-11-04T21:46:19","modified_gmt":"2025-11-04T20:46:19","slug":"cosnori-water-blurry-tint-02-love-pairing-4-g-rozowy-tint-do-ust-matowy","status":"publish","type":"product","link":"https:\/\/admincentral.selleetools.com\/pl\/product\/cosnori-water-blurry-tint-02-love-pairing-4-g-rozowy-tint-do-ust-matowy\/","title":{"rendered":"Cosnori Water Blurry Tint 02 Love Pairing 4 g \u2013 r\u00f3\u017cowy tint do ust matowy"},"content":{"rendered":"<p>Cosnori Water Blurry Tint 02 Love Pairing to lekki tint o wodno-kremowej formule i matowym wyko\u0144czeniu, kt\u00f3ry nadaje ustom naturalny, r\u00f3\u017cowy kolor bez uczucia sucho\u015bci. Idealny do codziennego makija\u017cu z efektem \u201eblurry lips\u201d.<\/p>\n<p>Korzy\u015bci ze stosowania:<br \/>\nZapewnia intensywny, ale naturalny kolor ju\u017c przy jednej warstwie<br \/>\nPozostawia mi\u0119kkie, matowe wyko\u0144czenie bez uczucia lepko\u015bci<br \/>\nNawil\u017ca i wyg\u0142adza usta dzi\u0119ki obecno\u015bci gliceryny i sk\u0142adnik\u00f3w piel\u0119gnacyjnych<br \/>\nTrwa\u0142a formu\u0142a, kt\u00f3ra nie rozmazuje si\u0119 i nie wysusza sk\u00f3ry ust<\/p>\n<p>Spos\u00f3b u\u017cycia:<br \/>\nNa\u0142\u00f3\u017c tint bezpo\u015brednio na usta za pomoc\u0105 aplikatora. Dla delikatniejszego efektu wklep opuszkami palc\u00f3w. Mo\u017cesz na\u0142o\u017cy\u0107 dodatkow\u0105 warstw\u0119, aby wzmocni\u0107 intensywno\u015b\u0107 koloru.<\/p>\n","protected":false},"excerpt":{"rendered":"<p>Cosnori Water Blurry Tint 02 Love Pairing to lekki tint o wodno-kremowej formule i matowym wyko\u0144czeniu, kt\u00f3ry nadaje ustom naturalny, r\u00f3\u017cowy kolor bez uczucia sucho\u015bci. Idealny do codziennego makija\u017cu z efektem \u201eblurry lips\u201d. Korzy\u015bci ze stosowania: Zapewnia intensywny, ale naturalny kolor ju\u017c przy jednej warstwie Pozostawia mi\u0119kkie, matowe wyko\u0144czenie bez uczucia lepko\u015bci Nawil\u017ca i wyg\u0142adza &#8230; <a title=\"Cosnori Water Blurry Tint 02 Love Pairing 4 g \u2013 r\u00f3\u017cowy tint do ust matowy\" class=\"read-more\" href=\"https:\/\/admincentral.selleetools.com\/pl\/product\/cosnori-water-blurry-tint-02-love-pairing-4-g-rozowy-tint-do-ust-matowy\/\">Read more<span class=\"screen-reader-text\">Cosnori Water Blurry Tint 02 Love Pairing 4 g \u2013 r\u00f3\u017cowy tint do ust matowy<\/span><\/a><\/p>\n","protected":false},"featured_media":608005,"comment_status":"open","ping_status":"closed","template":"","meta":{"_links_to":"","_links_to_target":""},"yoast_head":"<!-- This site is optimized with the Yoast SEO plugin v19.4 - https:\/\/yoast.com\/wordpress\/plugins\/seo\/ -->\n<title>Cosnori Water Blurry Tint 02 Love Pairing 4 g \u2013 r\u00f3\u017cowy tint do ust matowy - Selleetools.com<\/title>\n<meta name=\"robots\" content=\"index, follow, max-snippet:-1, max-image-preview:large, max-video-preview:-1\" \/>\n<link rel=\"canonical\" href=\"https:\/\/selleetools.com\/pl\/product\/cosnori-water-blurry-tint-02-love-pairing-4-g-rozowy-tint-do-ust-matowy\/\" \/>\n<meta property=\"og:locale\" content=\"pl_PL\" \/>\n<meta property=\"og:type\" content=\"article\" \/>\n<meta property=\"og:title\" content=\"Cosnori Water Blurry Tint 02 Love Pairing 4 g \u2013 r\u00f3\u017cowy tint do ust matowy - Selleetools.com\" \/>\n<meta property=\"og:description\" content=\"Cosnori Water Blurry Tint 02 Love Pairing to lekki tint o wodno-kremowej formule i matowym wyko\u0144czeniu, kt\u00f3ry nadaje ustom naturalny, r\u00f3\u017cowy kolor bez uczucia sucho\u015bci. Idealny do codziennego makija\u017cu z efektem \u201eblurry lips\u201d. Korzy\u015bci ze stosowania: Zapewnia intensywny, ale naturalny kolor ju\u017c przy jednej warstwie Pozostawia mi\u0119kkie, matowe wyko\u0144czenie bez uczucia lepko\u015bci Nawil\u017ca i wyg\u0142adza ... Read moreCosnori Water Blurry Tint 02 Love Pairing 4 g \u2013 r\u00f3\u017cowy tint do ust matowy\" \/>\n<meta property=\"og:url\" content=\"https:\/\/selleetools.com\/pl\/product\/cosnori-water-blurry-tint-02-love-pairing-4-g-rozowy-tint-do-ust-matowy\/\" \/>\n<meta property=\"og:site_name\" content=\"Selleetools.com\" \/>\n<meta property=\"article:modified_time\" content=\"2025-11-04T20:46:19+00:00\" \/>\n<meta property=\"og:image\" content=\"https:\/\/selleetools.com\/wp-content\/uploads\/2025\/10\/7246e5dc06c26e29f8a3c3ee814b71c3.png\" \/>\n\t<meta property=\"og:image:width\" content=\"1080\" \/>\n\t<meta property=\"og:image:height\" content=\"1080\" \/>\n\t<meta property=\"og:image:type\" content=\"image\/png\" \/>\n<meta name=\"twitter:card\" content=\"summary_large_image\" \/>\n<meta name=\"twitter:label1\" content=\"Est. reading time\" \/>\n\t<meta name=\"twitter:data1\" content=\"1 minuta\" \/>\n<!-- \/ Yoast SEO plugin. -->","yoast_head_json":{"title":"Cosnori Water Blurry Tint 02 Love Pairing 4 g \u2013 r\u00f3\u017cowy tint do ust matowy - Selleetools.com","robots":{"index":"index","follow":"follow","max-snippet":"max-snippet:-1","max-image-preview":"max-image-preview:large","max-video-preview":"max-video-preview:-1"},"canonical":"https:\/\/selleetools.com\/pl\/product\/cosnori-water-blurry-tint-02-love-pairing-4-g-rozowy-tint-do-ust-matowy\/","og_locale":"pl_PL","og_type":"article","og_title":"Cosnori Water Blurry Tint 02 Love Pairing 4 g \u2013 r\u00f3\u017cowy tint do ust matowy - Selleetools.com","og_description":"Cosnori Water Blurry Tint 02 Love Pairing to lekki tint o wodno-kremowej formule i matowym wyko\u0144czeniu, kt\u00f3ry nadaje ustom naturalny, r\u00f3\u017cowy kolor bez uczucia sucho\u015bci. Idealny do codziennego makija\u017cu z efektem \u201eblurry lips\u201d. Korzy\u015bci ze stosowania: Zapewnia intensywny, ale naturalny kolor ju\u017c przy jednej warstwie Pozostawia mi\u0119kkie, matowe wyko\u0144czenie bez uczucia lepko\u015bci Nawil\u017ca i wyg\u0142adza ... Read moreCosnori Water Blurry Tint 02 Love Pairing 4 g \u2013 r\u00f3\u017cowy tint do ust matowy","og_url":"https:\/\/selleetools.com\/pl\/product\/cosnori-water-blurry-tint-02-love-pairing-4-g-rozowy-tint-do-ust-matowy\/","og_site_name":"Selleetools.com","article_modified_time":"2025-11-04T20:46:19+00:00","og_image":[{"width":1080,"height":1080,"url":"https:\/\/selleetools.com\/wp-content\/uploads\/2025\/10\/7246e5dc06c26e29f8a3c3ee814b71c3.png","type":"image\/png"}],"twitter_card":"summary_large_image","twitter_misc":{"Est. reading time":"1 minuta"},"schema":{"@context":"https:\/\/schema.org","@graph":[{"@type":"Organization","@id":"https:\/\/selleetools.com\/#organization","name":"Selleetools","url":"https:\/\/selleetools.com\/","sameAs":[],"logo":{"@type":"ImageObject","inLanguage":"pl-PL","@id":"https:\/\/selleetools.com\/#\/schema\/logo\/image\/","url":"https:\/\/selleetools.com\/wp-content\/uploads\/2021\/10\/logo-dark.png","contentUrl":"https:\/\/selleetools.com\/wp-content\/uploads\/2021\/10\/logo-dark.png","width":320,"height":76,"caption":"Selleetools"},"image":{"@id":"https:\/\/selleetools.com\/#\/schema\/logo\/image\/"}},{"@type":"WebSite","@id":"https:\/\/selleetools.com\/#website","url":"https:\/\/selleetools.com\/","name":"Selleetools.com","description":"","publisher":{"@id":"https:\/\/selleetools.com\/#organization"},"potentialAction":[{"@type":"SearchAction","target":{"@type":"EntryPoint","urlTemplate":"https:\/\/selleetools.com\/?s={search_term_string}"},"query-input":"required name=search_term_string"}],"inLanguage":"pl-PL"},{"@type":"WebPage","@id":"https:\/\/selleetools.com\/pl\/product\/cosnori-water-blurry-tint-02-love-pairing-4-g-rozowy-tint-do-ust-matowy\/","url":"https:\/\/selleetools.com\/pl\/product\/cosnori-water-blurry-tint-02-love-pairing-4-g-rozowy-tint-do-ust-matowy\/","name":"Cosnori Water Blurry Tint 02 Love Pairing 4 g \u2013 r\u00f3\u017cowy tint do ust matowy - Selleetools.com","isPartOf":{"@id":"https:\/\/selleetools.com\/#website"},"datePublished":"2025-10-24T12:12:41+00:00","dateModified":"2025-11-04T20:46:19+00:00","breadcrumb":{"@id":"https:\/\/selleetools.com\/pl\/product\/cosnori-water-blurry-tint-02-love-pairing-4-g-rozowy-tint-do-ust-matowy\/#breadcrumb"},"inLanguage":"pl-PL","potentialAction":[{"@type":"ReadAction","target":["https:\/\/selleetools.com\/pl\/product\/cosnori-water-blurry-tint-02-love-pairing-4-g-rozowy-tint-do-ust-matowy\/"]}]},{"@type":"BreadcrumbList","@id":"https:\/\/selleetools.com\/pl\/product\/cosnori-water-blurry-tint-02-love-pairing-4-g-rozowy-tint-do-ust-matowy\/#breadcrumb","itemListElement":[{"@type":"ListItem","position":1,"name":"Home","item":"https:\/\/selleetools.com\/pl\/"},{"@type":"ListItem","position":2,"name":"Katalog","item":"https:\/\/selleetools.com\/pl\/katalog\/"},{"@type":"ListItem","position":3,"name":"Cosnori Water Blurry Tint 02 Love Pairing 4 g \u2013 r\u00f3\u017cowy tint do ust matowy"}]}]}},"_links":{"self":[{"href":"https:\/\/admincentral.selleetools.com\/pl\/wp-json\/wp\/v2\/product\/608007"}],"collection":[{"href":"https:\/\/admincentral.selleetools.com\/pl\/wp-json\/wp\/v2\/product"}],"about":[{"href":"https:\/\/admincentral.selleetools.com\/pl\/wp-json\/wp\/v2\/types\/product"}],"replies":[{"embeddable":true,"href":"https:\/\/admincentral.selleetools.com\/pl\/wp-json\/wp\/v2\/comments?post=608007"}],"wp:featuredmedia":[{"embeddable":true,"href":"https:\/\/admincentral.selleetools.com\/pl\/wp-json\/wp\/v2\/media\/608005"}],"wp:attachment":[{"href":"https:\/\/admincentral.selleetools.com\/pl\/wp-json\/wp\/v2\/media?parent=608007"}],"curies":[{"name":"wp","href":"https:\/\/api.w.org\/{rel}","templated":true}]}}