{"id":608037,"date":"2025-10-24T14:13:10","date_gmt":"2025-10-24T12:13:10","guid":{"rendered":"https:\/\/selleetools.com\/?post_type=product&#038;p=608037"},"modified":"2025-11-04T21:48:38","modified_gmt":"2025-11-04T20:48:38","slug":"cosnori-perfect-setting-mascara-waterproof-long-curl-03-rosy-brown-7-ml-wydluzajaco-pogrubiajacy-wodooporny-tusz-do-rzes-brazowy","status":"publish","type":"product","link":"https:\/\/admincentral.selleetools.com\/pl\/product\/cosnori-perfect-setting-mascara-waterproof-long-curl-03-rosy-brown-7-ml-wydluzajaco-pogrubiajacy-wodooporny-tusz-do-rzes-brazowy\/","title":{"rendered":"Cosnori Perfect Setting Mascara Waterproof Long &#038; Curl 03 Rosy Brown 7 ml &#8211; wyd\u0142u\u017caj\u0105co-pogrubiaj\u0105cy wodooporny tusz do rz\u0119s br\u0105zowy"},"content":{"rendered":"<p>Cosnori Perfect Setting Mascara Waterproof Long &#038; Curl 03 Rosy Brown to wodoodporny tusz do rz\u0119s w eleganckim odcieniu r\u00f3\u017canego br\u0105zu, kt\u00f3ry wyd\u0142u\u017ca, unosi i pogrubia rz\u0119sy ju\u017c od pierwszego poci\u0105gni\u0119cia. Jego lekka, trwa\u0142a formu\u0142a zapewnia efekt spektakularnego spojrzenia bez rozmazywania si\u0119 i kruszenia przez ca\u0142y dzie\u0144.<\/p>\n<p>Korzy\u015bci ze stosowania:<br \/>\nWyd\u0142u\u017cenie i pogrubienie rz\u0119s bez obci\u0105\u017cania<br \/>\nWodoodporna formu\u0142a \u2013 odporna na wilgo\u0107, \u0142zy i pot<br \/>\nNaturalny efekt dzi\u0119ki odcieniowi rosy brown \u2013 idealny dla jasnych i \u015brednich karnacji<br \/>\nPiel\u0119gnacja rz\u0119s dzi\u0119ki zawarto\u015bci pantenolu, kwasu hialuronowego i peptyd\u00f3w<br \/>\nLekka, elastyczna warstwa \u2013 nie tworzy grudek i nie skleja<\/p>\n<p>Spos\u00f3b u\u017cycia:<br \/>\nAplikuj tusz od nasady po ko\u0144ce rz\u0119s, wykonuj\u0105c ruch zygzakowaty, aby r\u00f3wnomiernie rozprowadzi\u0107 produkt i podkre\u015bli\u0107 ka\u017cd\u0105 rz\u0119s\u0119. W razie potrzeby na\u0142\u00f3\u017c drug\u0105 warstw\u0119 dla bardziej wyrazistego efektu.<\/p>\n","protected":false},"excerpt":{"rendered":"<p>Cosnori Perfect Setting Mascara Waterproof Long &#038; Curl 03 Rosy Brown to wodoodporny tusz do rz\u0119s w eleganckim odcieniu r\u00f3\u017canego br\u0105zu, kt\u00f3ry wyd\u0142u\u017ca, unosi i pogrubia rz\u0119sy ju\u017c od pierwszego poci\u0105gni\u0119cia. Jego lekka, trwa\u0142a formu\u0142a zapewnia efekt spektakularnego spojrzenia bez rozmazywania si\u0119 i kruszenia przez ca\u0142y dzie\u0144. Korzy\u015bci ze stosowania: Wyd\u0142u\u017cenie i pogrubienie rz\u0119s bez &#8230; <a title=\"Cosnori Perfect Setting Mascara Waterproof Long &#038; Curl 03 Rosy Brown 7 ml &#8211; wyd\u0142u\u017caj\u0105co-pogrubiaj\u0105cy wodooporny tusz do rz\u0119s br\u0105zowy\" class=\"read-more\" href=\"https:\/\/admincentral.selleetools.com\/pl\/product\/cosnori-perfect-setting-mascara-waterproof-long-curl-03-rosy-brown-7-ml-wydluzajaco-pogrubiajacy-wodooporny-tusz-do-rzes-brazowy\/\">Read more<span class=\"screen-reader-text\">Cosnori Perfect Setting Mascara Waterproof Long &#038; Curl 03 Rosy Brown 7 ml &#8211; wyd\u0142u\u017caj\u0105co-pogrubiaj\u0105cy wodooporny tusz do rz\u0119s br\u0105zowy<\/span><\/a><\/p>\n","protected":false},"featured_media":608035,"comment_status":"open","ping_status":"closed","template":"","meta":{"_links_to":"","_links_to_target":""},"yoast_head":"<!-- This site is optimized with the Yoast SEO plugin v19.4 - https:\/\/yoast.com\/wordpress\/plugins\/seo\/ -->\n<title>Cosnori Perfect Setting Mascara Waterproof Long &amp; Curl 03 Rosy Brown 7 ml - wyd\u0142u\u017caj\u0105co-pogrubiaj\u0105cy wodooporny tusz do rz\u0119s br\u0105zowy - Selleetools.com<\/title>\n<meta name=\"robots\" content=\"index, follow, max-snippet:-1, max-image-preview:large, max-video-preview:-1\" \/>\n<link rel=\"canonical\" href=\"https:\/\/selleetools.com\/product\/cosnori-perfect-setting-mascara-waterproof-long-curl-03-rosy-brown-7-ml-wydluzajaco-pogrubiajacy-wodooporny-tusz-do-rzes-brazowy\/\" \/>\n<meta property=\"og:locale\" content=\"pl_PL\" \/>\n<meta property=\"og:type\" content=\"article\" \/>\n<meta property=\"og:title\" content=\"Cosnori Perfect Setting Mascara Waterproof Long &amp; Curl 03 Rosy Brown 7 ml - wyd\u0142u\u017caj\u0105co-pogrubiaj\u0105cy wodooporny tusz do rz\u0119s br\u0105zowy - Selleetools.com\" \/>\n<meta property=\"og:description\" content=\"Cosnori Perfect Setting Mascara Waterproof Long &#038; Curl 03 Rosy Brown to wodoodporny tusz do rz\u0119s w eleganckim odcieniu r\u00f3\u017canego br\u0105zu, kt\u00f3ry wyd\u0142u\u017ca, unosi i pogrubia rz\u0119sy ju\u017c od pierwszego poci\u0105gni\u0119cia. Jego lekka, trwa\u0142a formu\u0142a zapewnia efekt spektakularnego spojrzenia bez rozmazywania si\u0119 i kruszenia przez ca\u0142y dzie\u0144. Korzy\u015bci ze stosowania: Wyd\u0142u\u017cenie i pogrubienie rz\u0119s bez ... Read moreCosnori Perfect Setting Mascara Waterproof Long &#038; Curl 03 Rosy Brown 7 ml &#8211; wyd\u0142u\u017caj\u0105co-pogrubiaj\u0105cy wodooporny tusz do rz\u0119s br\u0105zowy\" \/>\n<meta property=\"og:url\" content=\"https:\/\/selleetools.com\/product\/cosnori-perfect-setting-mascara-waterproof-long-curl-03-rosy-brown-7-ml-wydluzajaco-pogrubiajacy-wodooporny-tusz-do-rzes-brazowy\/\" \/>\n<meta property=\"og:site_name\" content=\"Selleetools.com\" \/>\n<meta property=\"article:modified_time\" content=\"2025-11-04T20:48:38+00:00\" \/>\n<meta property=\"og:image\" content=\"https:\/\/selleetools.com\/wp-content\/uploads\/2025\/10\/1329166eca3e8346f2881d2ffcd65e63.png\" \/>\n\t<meta property=\"og:image:width\" content=\"1080\" \/>\n\t<meta property=\"og:image:height\" content=\"1080\" \/>\n\t<meta property=\"og:image:type\" content=\"image\/png\" \/>\n<meta name=\"twitter:card\" content=\"summary_large_image\" \/>\n<meta name=\"twitter:label1\" content=\"Est. reading time\" \/>\n\t<meta name=\"twitter:data1\" content=\"1 minuta\" \/>\n<!-- \/ Yoast SEO plugin. -->","yoast_head_json":{"title":"Cosnori Perfect Setting Mascara Waterproof Long & Curl 03 Rosy Brown 7 ml - wyd\u0142u\u017caj\u0105co-pogrubiaj\u0105cy wodooporny tusz do rz\u0119s br\u0105zowy - Selleetools.com","robots":{"index":"index","follow":"follow","max-snippet":"max-snippet:-1","max-image-preview":"max-image-preview:large","max-video-preview":"max-video-preview:-1"},"canonical":"https:\/\/selleetools.com\/product\/cosnori-perfect-setting-mascara-waterproof-long-curl-03-rosy-brown-7-ml-wydluzajaco-pogrubiajacy-wodooporny-tusz-do-rzes-brazowy\/","og_locale":"pl_PL","og_type":"article","og_title":"Cosnori Perfect Setting Mascara Waterproof Long & Curl 03 Rosy Brown 7 ml - wyd\u0142u\u017caj\u0105co-pogrubiaj\u0105cy wodooporny tusz do rz\u0119s br\u0105zowy - Selleetools.com","og_description":"Cosnori Perfect Setting Mascara Waterproof Long &#038; Curl 03 Rosy Brown to wodoodporny tusz do rz\u0119s w eleganckim odcieniu r\u00f3\u017canego br\u0105zu, kt\u00f3ry wyd\u0142u\u017ca, unosi i pogrubia rz\u0119sy ju\u017c od pierwszego poci\u0105gni\u0119cia. Jego lekka, trwa\u0142a formu\u0142a zapewnia efekt spektakularnego spojrzenia bez rozmazywania si\u0119 i kruszenia przez ca\u0142y dzie\u0144. Korzy\u015bci ze stosowania: Wyd\u0142u\u017cenie i pogrubienie rz\u0119s bez ... Read moreCosnori Perfect Setting Mascara Waterproof Long &#038; Curl 03 Rosy Brown 7 ml &#8211; wyd\u0142u\u017caj\u0105co-pogrubiaj\u0105cy wodooporny tusz do rz\u0119s br\u0105zowy","og_url":"https:\/\/selleetools.com\/product\/cosnori-perfect-setting-mascara-waterproof-long-curl-03-rosy-brown-7-ml-wydluzajaco-pogrubiajacy-wodooporny-tusz-do-rzes-brazowy\/","og_site_name":"Selleetools.com","article_modified_time":"2025-11-04T20:48:38+00:00","og_image":[{"width":1080,"height":1080,"url":"https:\/\/selleetools.com\/wp-content\/uploads\/2025\/10\/1329166eca3e8346f2881d2ffcd65e63.png","type":"image\/png"}],"twitter_card":"summary_large_image","twitter_misc":{"Est. reading time":"1 minuta"},"schema":{"@context":"https:\/\/schema.org","@graph":[{"@type":"Organization","@id":"https:\/\/selleetools.com\/#organization","name":"Selleetools","url":"https:\/\/selleetools.com\/","sameAs":[],"logo":{"@type":"ImageObject","inLanguage":"pl-PL","@id":"https:\/\/selleetools.com\/#\/schema\/logo\/image\/","url":"https:\/\/selleetools.com\/wp-content\/uploads\/2021\/10\/logo-dark.png","contentUrl":"https:\/\/selleetools.com\/wp-content\/uploads\/2021\/10\/logo-dark.png","width":320,"height":76,"caption":"Selleetools"},"image":{"@id":"https:\/\/selleetools.com\/#\/schema\/logo\/image\/"}},{"@type":"WebSite","@id":"https:\/\/selleetools.com\/#website","url":"https:\/\/selleetools.com\/","name":"Selleetools.com","description":"","publisher":{"@id":"https:\/\/selleetools.com\/#organization"},"potentialAction":[{"@type":"SearchAction","target":{"@type":"EntryPoint","urlTemplate":"https:\/\/selleetools.com\/?s={search_term_string}"},"query-input":"required name=search_term_string"}],"inLanguage":"pl-PL"},{"@type":"WebPage","@id":"https:\/\/selleetools.com\/product\/cosnori-perfect-setting-mascara-waterproof-long-curl-03-rosy-brown-7-ml-wydluzajaco-pogrubiajacy-wodooporny-tusz-do-rzes-brazowy\/","url":"https:\/\/selleetools.com\/product\/cosnori-perfect-setting-mascara-waterproof-long-curl-03-rosy-brown-7-ml-wydluzajaco-pogrubiajacy-wodooporny-tusz-do-rzes-brazowy\/","name":"Cosnori Perfect Setting Mascara Waterproof Long & Curl 03 Rosy Brown 7 ml - wyd\u0142u\u017caj\u0105co-pogrubiaj\u0105cy wodooporny tusz do rz\u0119s br\u0105zowy - Selleetools.com","isPartOf":{"@id":"https:\/\/selleetools.com\/#website"},"datePublished":"2025-10-24T12:13:10+00:00","dateModified":"2025-11-04T20:48:38+00:00","breadcrumb":{"@id":"https:\/\/selleetools.com\/product\/cosnori-perfect-setting-mascara-waterproof-long-curl-03-rosy-brown-7-ml-wydluzajaco-pogrubiajacy-wodooporny-tusz-do-rzes-brazowy\/#breadcrumb"},"inLanguage":"pl-PL","potentialAction":[{"@type":"ReadAction","target":["https:\/\/selleetools.com\/product\/cosnori-perfect-setting-mascara-waterproof-long-curl-03-rosy-brown-7-ml-wydluzajaco-pogrubiajacy-wodooporny-tusz-do-rzes-brazowy\/"]}]},{"@type":"BreadcrumbList","@id":"https:\/\/selleetools.com\/product\/cosnori-perfect-setting-mascara-waterproof-long-curl-03-rosy-brown-7-ml-wydluzajaco-pogrubiajacy-wodooporny-tusz-do-rzes-brazowy\/#breadcrumb","itemListElement":[{"@type":"ListItem","position":1,"name":"Home","item":"https:\/\/selleetools.com\/pl\/"},{"@type":"ListItem","position":2,"name":"Katalog","item":"https:\/\/selleetools.com\/pl\/katalog\/"},{"@type":"ListItem","position":3,"name":"Cosnori Perfect Setting Mascara Waterproof Long &#038; Curl 03 Rosy Brown 7 ml &#8211; wyd\u0142u\u017caj\u0105co-pogrubiaj\u0105cy wodooporny tusz do rz\u0119s br\u0105zowy"}]}]}},"_links":{"self":[{"href":"https:\/\/admincentral.selleetools.com\/pl\/wp-json\/wp\/v2\/product\/608037"}],"collection":[{"href":"https:\/\/admincentral.selleetools.com\/pl\/wp-json\/wp\/v2\/product"}],"about":[{"href":"https:\/\/admincentral.selleetools.com\/pl\/wp-json\/wp\/v2\/types\/product"}],"replies":[{"embeddable":true,"href":"https:\/\/admincentral.selleetools.com\/pl\/wp-json\/wp\/v2\/comments?post=608037"}],"wp:featuredmedia":[{"embeddable":true,"href":"https:\/\/admincentral.selleetools.com\/pl\/wp-json\/wp\/v2\/media\/608035"}],"wp:attachment":[{"href":"https:\/\/admincentral.selleetools.com\/pl\/wp-json\/wp\/v2\/media?parent=608037"}],"curies":[{"name":"wp","href":"https:\/\/api.w.org\/{rel}","templated":true}]}}