{"id":608302,"date":"2025-10-24T14:17:11","date_gmt":"2025-10-24T12:17:11","guid":{"rendered":"https:\/\/selleetools.com\/?post_type=product&#038;p=608302"},"modified":"2026-03-03T11:18:42","modified_gmt":"2026-03-03T10:18:42","slug":"romnd-better-than-cheek-s01-mango-chip-4-g-mango-roz-do-policzkow","status":"publish","type":"product","link":"https:\/\/admincentral.selleetools.com\/pl\/product\/romnd-better-than-cheek-s01-mango-chip-4-g-mango-roz-do-policzkow\/","title":{"rendered":"rom&#038;nd Better Than Cheek S01 Mango Chip 4 g &#8211; mango r\u00f3\u017c do policzk\u00f3w"},"content":{"rendered":"<p>rom&#038;nd Better Than Cheek S01 Mango Chip to ultralekki, matowy r\u00f3\u017c do policzk\u00f3w w s\u0142onecznym, pastelowym odcieniu mango z nut\u0105 \u017c\u00f3\u0142ci i brzoskwini, kt\u00f3ry idealnie o\u017cywia cer\u0119 i dodaje jej naturalnego blasku. Delikatna, mi\u0119kka jak jedwab formu\u0142a wtapia si\u0119 w sk\u00f3r\u0119, tworz\u0105c efekt \u015bwie\u017cego, m\u0142odzie\u0144czego rumie\u0144ca, bez efektu pudrowo\u015bci czy ci\u0119\u017cko\u015bci. Dzi\u0119ki swojej unikalnej tonacji Mango Chip rozja\u015bnia sk\u00f3r\u0119 i neutralizuje szaro\u015b\u0107 cery, nadaj\u0105c jej zdrowy wygl\u0105d.<\/p>\n<p>Korzy\u015bci ze stosowania:<br \/>\nRoz\u015bwietlenie i rozja\u015bnienie cery \u2013 ciep\u0142a tonacja dzia\u0142a jak filtr wyg\u0142adzaj\u0105cy, optycznie odm\u0142adza i od\u015bwie\u017ca wygl\u0105d sk\u00f3ry.<br \/>\nEfekt blur \u2013 zawarto\u015b\u0107 mikrodrobinek i sk\u0142adnik\u00f3w wyg\u0142adzaj\u0105cych sprawia, \u017ce pory staj\u0105 si\u0119 mniej widoczne.<br \/>\nLekka, niewyczuwalna formu\u0142a \u2013 dzi\u0119ki drobno zmielonym pigmentom i silikonowym polimerom r\u00f3\u017c g\u0142adko rozprowadza si\u0119 po sk\u00f3rze, nie tworz\u0105c plam.<br \/>\nTrwa\u0142o\u015b\u0107 przez ca\u0142y dzie\u0144 \u2013 formu\u0142a odpornie trzyma si\u0119 sk\u00f3ry nawet przy d\u0142u\u017cszym noszeniu, bez wycierania i blakni\u0119cia.<\/p>\n<p>Spos\u00f3b u\u017cycia: Za pomoc\u0105 p\u0119dzla nanie\u015b niewielk\u0105 ilo\u015b\u0107 produktu na policzki i delikatnie rozblenduj kolistymi ruchami. Dla mocniejszego efektu na\u0142\u00f3\u017c kolejn\u0105 warstw\u0119. Odcie\u0144 Mango Chip \u015bwietnie sprawdza si\u0119 r\u00f3wnie\u017c jako subtelny cie\u0144 do powiek.<\/p>\n","protected":false},"excerpt":{"rendered":"<p>rom&#038;nd Better Than Cheek S01 Mango Chip to ultralekki, matowy r\u00f3\u017c do policzk\u00f3w w s\u0142onecznym, pastelowym odcieniu mango z nut\u0105 \u017c\u00f3\u0142ci i brzoskwini, kt\u00f3ry idealnie o\u017cywia cer\u0119 i dodaje jej naturalnego blasku. Delikatna, mi\u0119kka jak jedwab formu\u0142a wtapia si\u0119 w sk\u00f3r\u0119, tworz\u0105c efekt \u015bwie\u017cego, m\u0142odzie\u0144czego rumie\u0144ca, bez efektu pudrowo\u015bci czy ci\u0119\u017cko\u015bci. Dzi\u0119ki swojej unikalnej tonacji &#8230; <a title=\"rom&#038;nd Better Than Cheek S01 Mango Chip 4 g &#8211; mango r\u00f3\u017c do policzk\u00f3w\" class=\"read-more\" href=\"https:\/\/admincentral.selleetools.com\/pl\/product\/romnd-better-than-cheek-s01-mango-chip-4-g-mango-roz-do-policzkow\/\">Read more<span class=\"screen-reader-text\">rom&#038;nd Better Than Cheek S01 Mango Chip 4 g &#8211; mango r\u00f3\u017c do policzk\u00f3w<\/span><\/a><\/p>\n","protected":false},"featured_media":608300,"comment_status":"open","ping_status":"closed","template":"","meta":{"_links_to":"","_links_to_target":""},"yoast_head":"<!-- This site is optimized with the Yoast SEO plugin v19.4 - https:\/\/yoast.com\/wordpress\/plugins\/seo\/ -->\n<title>rom&amp;nd Better Than Cheek S01 Mango Chip 4 g - mango r\u00f3\u017c do policzk\u00f3w - Selleetools.com<\/title>\n<meta name=\"robots\" content=\"index, follow, max-snippet:-1, max-image-preview:large, max-video-preview:-1\" \/>\n<link rel=\"canonical\" href=\"https:\/\/admincentral.selleetools.com\/pl\/product\/romnd-better-than-cheek-s01-mango-chip-4-g-mango-roz-do-policzkow\/\" \/>\n<meta property=\"og:locale\" content=\"pl_PL\" \/>\n<meta property=\"og:type\" content=\"article\" \/>\n<meta property=\"og:title\" content=\"rom&amp;nd Better Than Cheek S01 Mango Chip 4 g - mango r\u00f3\u017c do policzk\u00f3w - Selleetools.com\" \/>\n<meta property=\"og:description\" content=\"rom&#038;nd Better Than Cheek S01 Mango Chip to ultralekki, matowy r\u00f3\u017c do policzk\u00f3w w s\u0142onecznym, pastelowym odcieniu mango z nut\u0105 \u017c\u00f3\u0142ci i brzoskwini, kt\u00f3ry idealnie o\u017cywia cer\u0119 i dodaje jej naturalnego blasku. Delikatna, mi\u0119kka jak jedwab formu\u0142a wtapia si\u0119 w sk\u00f3r\u0119, tworz\u0105c efekt \u015bwie\u017cego, m\u0142odzie\u0144czego rumie\u0144ca, bez efektu pudrowo\u015bci czy ci\u0119\u017cko\u015bci. Dzi\u0119ki swojej unikalnej tonacji ... Read morerom&#038;nd Better Than Cheek S01 Mango Chip 4 g &#8211; mango r\u00f3\u017c do policzk\u00f3w\" \/>\n<meta property=\"og:url\" content=\"https:\/\/admincentral.selleetools.com\/pl\/product\/romnd-better-than-cheek-s01-mango-chip-4-g-mango-roz-do-policzkow\/\" \/>\n<meta property=\"og:site_name\" content=\"Selleetools.com\" \/>\n<meta property=\"article:modified_time\" content=\"2026-03-03T10:18:42+00:00\" \/>\n<meta property=\"og:image\" content=\"https:\/\/selleetools.com\/wp-content\/uploads\/2025\/10\/a95b5d833e90092d5bd9172b01fe6f5b.png\" \/>\n\t<meta property=\"og:image:width\" content=\"1080\" \/>\n\t<meta property=\"og:image:height\" content=\"1080\" \/>\n\t<meta property=\"og:image:type\" content=\"image\/png\" \/>\n<meta name=\"twitter:card\" content=\"summary_large_image\" \/>\n<meta name=\"twitter:label1\" content=\"Est. reading time\" \/>\n\t<meta name=\"twitter:data1\" content=\"1 minuta\" \/>\n<!-- \/ Yoast SEO plugin. -->","yoast_head_json":{"title":"rom&nd Better Than Cheek S01 Mango Chip 4 g - mango r\u00f3\u017c do policzk\u00f3w - Selleetools.com","robots":{"index":"index","follow":"follow","max-snippet":"max-snippet:-1","max-image-preview":"max-image-preview:large","max-video-preview":"max-video-preview:-1"},"canonical":"https:\/\/admincentral.selleetools.com\/pl\/product\/romnd-better-than-cheek-s01-mango-chip-4-g-mango-roz-do-policzkow\/","og_locale":"pl_PL","og_type":"article","og_title":"rom&nd Better Than Cheek S01 Mango Chip 4 g - mango r\u00f3\u017c do policzk\u00f3w - Selleetools.com","og_description":"rom&#038;nd Better Than Cheek S01 Mango Chip to ultralekki, matowy r\u00f3\u017c do policzk\u00f3w w s\u0142onecznym, pastelowym odcieniu mango z nut\u0105 \u017c\u00f3\u0142ci i brzoskwini, kt\u00f3ry idealnie o\u017cywia cer\u0119 i dodaje jej naturalnego blasku. Delikatna, mi\u0119kka jak jedwab formu\u0142a wtapia si\u0119 w sk\u00f3r\u0119, tworz\u0105c efekt \u015bwie\u017cego, m\u0142odzie\u0144czego rumie\u0144ca, bez efektu pudrowo\u015bci czy ci\u0119\u017cko\u015bci. Dzi\u0119ki swojej unikalnej tonacji ... Read morerom&#038;nd Better Than Cheek S01 Mango Chip 4 g &#8211; mango r\u00f3\u017c do policzk\u00f3w","og_url":"https:\/\/admincentral.selleetools.com\/pl\/product\/romnd-better-than-cheek-s01-mango-chip-4-g-mango-roz-do-policzkow\/","og_site_name":"Selleetools.com","article_modified_time":"2026-03-03T10:18:42+00:00","og_image":[{"width":1080,"height":1080,"url":"https:\/\/selleetools.com\/wp-content\/uploads\/2025\/10\/a95b5d833e90092d5bd9172b01fe6f5b.png","type":"image\/png"}],"twitter_card":"summary_large_image","twitter_misc":{"Est. reading time":"1 minuta"},"schema":{"@context":"https:\/\/schema.org","@graph":[{"@type":"Organization","@id":"https:\/\/selleetools.com\/#organization","name":"Selleetools","url":"https:\/\/selleetools.com\/","sameAs":[],"logo":{"@type":"ImageObject","inLanguage":"pl-PL","@id":"https:\/\/selleetools.com\/#\/schema\/logo\/image\/","url":"https:\/\/selleetools.com\/wp-content\/uploads\/2021\/10\/logo-dark.png","contentUrl":"https:\/\/selleetools.com\/wp-content\/uploads\/2021\/10\/logo-dark.png","width":320,"height":76,"caption":"Selleetools"},"image":{"@id":"https:\/\/selleetools.com\/#\/schema\/logo\/image\/"}},{"@type":"WebSite","@id":"https:\/\/selleetools.com\/#website","url":"https:\/\/selleetools.com\/","name":"Selleetools.com","description":"","publisher":{"@id":"https:\/\/selleetools.com\/#organization"},"potentialAction":[{"@type":"SearchAction","target":{"@type":"EntryPoint","urlTemplate":"https:\/\/selleetools.com\/?s={search_term_string}"},"query-input":"required name=search_term_string"}],"inLanguage":"pl-PL"},{"@type":"WebPage","@id":"https:\/\/admincentral.selleetools.com\/pl\/product\/romnd-better-than-cheek-s01-mango-chip-4-g-mango-roz-do-policzkow\/","url":"https:\/\/admincentral.selleetools.com\/pl\/product\/romnd-better-than-cheek-s01-mango-chip-4-g-mango-roz-do-policzkow\/","name":"rom&nd Better Than Cheek S01 Mango Chip 4 g - mango r\u00f3\u017c do policzk\u00f3w - Selleetools.com","isPartOf":{"@id":"https:\/\/selleetools.com\/#website"},"datePublished":"2025-10-24T12:17:11+00:00","dateModified":"2026-03-03T10:18:42+00:00","breadcrumb":{"@id":"https:\/\/admincentral.selleetools.com\/pl\/product\/romnd-better-than-cheek-s01-mango-chip-4-g-mango-roz-do-policzkow\/#breadcrumb"},"inLanguage":"pl-PL","potentialAction":[{"@type":"ReadAction","target":["https:\/\/admincentral.selleetools.com\/pl\/product\/romnd-better-than-cheek-s01-mango-chip-4-g-mango-roz-do-policzkow\/"]}]},{"@type":"BreadcrumbList","@id":"https:\/\/admincentral.selleetools.com\/pl\/product\/romnd-better-than-cheek-s01-mango-chip-4-g-mango-roz-do-policzkow\/#breadcrumb","itemListElement":[{"@type":"ListItem","position":1,"name":"Home","item":"https:\/\/selleetools.com\/pl\/"},{"@type":"ListItem","position":2,"name":"Katalog","item":"https:\/\/selleetools.com\/pl\/katalog\/"},{"@type":"ListItem","position":3,"name":"rom&#038;nd Better Than Cheek S01 Mango Chip 4 g &#8211; mango r\u00f3\u017c do policzk\u00f3w"}]}]}},"_links":{"self":[{"href":"https:\/\/admincentral.selleetools.com\/pl\/wp-json\/wp\/v2\/product\/608302"}],"collection":[{"href":"https:\/\/admincentral.selleetools.com\/pl\/wp-json\/wp\/v2\/product"}],"about":[{"href":"https:\/\/admincentral.selleetools.com\/pl\/wp-json\/wp\/v2\/types\/product"}],"replies":[{"embeddable":true,"href":"https:\/\/admincentral.selleetools.com\/pl\/wp-json\/wp\/v2\/comments?post=608302"}],"wp:featuredmedia":[{"embeddable":true,"href":"https:\/\/admincentral.selleetools.com\/pl\/wp-json\/wp\/v2\/media\/608300"}],"wp:attachment":[{"href":"https:\/\/admincentral.selleetools.com\/pl\/wp-json\/wp\/v2\/media?parent=608302"}],"curies":[{"name":"wp","href":"https:\/\/api.w.org\/{rel}","templated":true}]}}