{"id":608314,"date":"2025-10-24T14:17:21","date_gmt":"2025-10-24T12:17:21","guid":{"rendered":"https:\/\/selleetools.com\/?post_type=product&#038;p=608314"},"modified":"2025-11-04T21:50:04","modified_gmt":"2025-11-04T20:50:04","slug":"dr-althea-amino-acid-gentle-bubble-cleanser-140-ml-delikatna-pianka-do-twarzy","status":"publish","type":"product","link":"https:\/\/admincentral.selleetools.com\/pl\/product\/dr-althea-amino-acid-gentle-bubble-cleanser-140-ml-delikatna-pianka-do-twarzy\/","title":{"rendered":"Dr.Althea Amino Acid Gentle Bubble Cleanser 140 ml &#8211; delikatna pianka do twarzy"},"content":{"rendered":"<p>Dr.Althea Amino Acid Gentle Bubble Cleanser to niezwykle \u0142agodna pianka oczyszczaj\u0105ca oparta na aminokwasach i sk\u0142adnikach pochodzenia ro\u015blinnego. Dzi\u0119ki delikatnym substancjom myj\u0105cym i obecno\u015bci ceramid\u00f3w, kwasu hialuronowego oraz ekstrakt\u00f3w ro\u015blinnych, skutecznie usuwa zanieczyszczenia i makija\u017c, jednocze\u015bnie wzmacniaj\u0105c barier\u0119 hydrolipidow\u0105 sk\u00f3ry. Produkt idealny dla sk\u00f3ry wra\u017cliwej, suchej i sk\u0142onnej do podra\u017cnie\u0144.<\/p>\n<p>Korzy\u015bci dla sk\u00f3ry:<br \/>\nDelikatnie oczyszcza bez naruszania naturalnej bariery sk\u00f3ry<br \/>\nKoi i nawil\u017ca sk\u00f3r\u0119 podczas oczyszczania<br \/>\nWzmacnia barier\u0119 ochronn\u0105 dzi\u0119ki zawarto\u015bci ceramid\u00f3w<br \/>\nPrzywraca r\u00f3wnowag\u0119 sk\u00f3rze zm\u0119czonej i wra\u017cliwej<br \/>\nOdpowiedni do codziennego stosowania<\/p>\n<p>Spos\u00f3b u\u017cycia: Na\u0142\u00f3\u017c niewielk\u0105 ilo\u015b\u0107 produktu na wilgotne d\u0142onie i spie\u0144. Delikatnie masuj sk\u00f3r\u0119 twarzy okr\u0119\u017cnymi ruchami, omijaj\u0105c okolice oczu, a nast\u0119pnie dok\u0142adnie sp\u0142ucz letni\u0105 wod\u0105.<\/p>\n","protected":false},"excerpt":{"rendered":"<p>Dr.Althea Amino Acid Gentle Bubble Cleanser to niezwykle \u0142agodna pianka oczyszczaj\u0105ca oparta na aminokwasach i sk\u0142adnikach pochodzenia ro\u015blinnego. Dzi\u0119ki delikatnym substancjom myj\u0105cym i obecno\u015bci ceramid\u00f3w, kwasu hialuronowego oraz ekstrakt\u00f3w ro\u015blinnych, skutecznie usuwa zanieczyszczenia i makija\u017c, jednocze\u015bnie wzmacniaj\u0105c barier\u0119 hydrolipidow\u0105 sk\u00f3ry. Produkt idealny dla sk\u00f3ry wra\u017cliwej, suchej i sk\u0142onnej do podra\u017cnie\u0144. Korzy\u015bci dla sk\u00f3ry: Delikatnie oczyszcza &#8230; <a title=\"Dr.Althea Amino Acid Gentle Bubble Cleanser 140 ml &#8211; delikatna pianka do twarzy\" class=\"read-more\" href=\"https:\/\/admincentral.selleetools.com\/pl\/product\/dr-althea-amino-acid-gentle-bubble-cleanser-140-ml-delikatna-pianka-do-twarzy\/\">Read more<span class=\"screen-reader-text\">Dr.Althea Amino Acid Gentle Bubble Cleanser 140 ml &#8211; delikatna pianka do twarzy<\/span><\/a><\/p>\n","protected":false},"featured_media":608312,"comment_status":"open","ping_status":"closed","template":"","meta":{"_links_to":"","_links_to_target":""},"yoast_head":"<!-- This site is optimized with the Yoast SEO plugin v19.4 - https:\/\/yoast.com\/wordpress\/plugins\/seo\/ -->\n<title>Dr.Althea Amino Acid Gentle Bubble Cleanser 140 ml - delikatna pianka do twarzy - Selleetools.com<\/title>\n<meta name=\"robots\" content=\"index, follow, max-snippet:-1, max-image-preview:large, max-video-preview:-1\" \/>\n<link rel=\"canonical\" href=\"https:\/\/admincentral.selleetools.com\/pl\/product\/dr-althea-amino-acid-gentle-bubble-cleanser-140-ml-delikatna-pianka-do-twarzy\/\" \/>\n<meta property=\"og:locale\" content=\"pl_PL\" \/>\n<meta property=\"og:type\" content=\"article\" \/>\n<meta property=\"og:title\" content=\"Dr.Althea Amino Acid Gentle Bubble Cleanser 140 ml - delikatna pianka do twarzy - Selleetools.com\" \/>\n<meta property=\"og:description\" content=\"Dr.Althea Amino Acid Gentle Bubble Cleanser to niezwykle \u0142agodna pianka oczyszczaj\u0105ca oparta na aminokwasach i sk\u0142adnikach pochodzenia ro\u015blinnego. Dzi\u0119ki delikatnym substancjom myj\u0105cym i obecno\u015bci ceramid\u00f3w, kwasu hialuronowego oraz ekstrakt\u00f3w ro\u015blinnych, skutecznie usuwa zanieczyszczenia i makija\u017c, jednocze\u015bnie wzmacniaj\u0105c barier\u0119 hydrolipidow\u0105 sk\u00f3ry. Produkt idealny dla sk\u00f3ry wra\u017cliwej, suchej i sk\u0142onnej do podra\u017cnie\u0144. Korzy\u015bci dla sk\u00f3ry: Delikatnie oczyszcza ... Read moreDr.Althea Amino Acid Gentle Bubble Cleanser 140 ml &#8211; delikatna pianka do twarzy\" \/>\n<meta property=\"og:url\" content=\"https:\/\/admincentral.selleetools.com\/pl\/product\/dr-althea-amino-acid-gentle-bubble-cleanser-140-ml-delikatna-pianka-do-twarzy\/\" \/>\n<meta property=\"og:site_name\" content=\"Selleetools.com\" \/>\n<meta property=\"article:modified_time\" content=\"2025-11-04T20:50:04+00:00\" \/>\n<meta property=\"og:image\" content=\"https:\/\/selleetools.com\/wp-content\/uploads\/2025\/10\/c5f38e2a558a9c24ae58035fbd3fd6a4.jpg\" \/>\n\t<meta property=\"og:image:width\" content=\"1200\" \/>\n\t<meta property=\"og:image:height\" content=\"1200\" \/>\n\t<meta property=\"og:image:type\" content=\"image\/jpeg\" \/>\n<meta name=\"twitter:card\" content=\"summary_large_image\" \/>\n<meta name=\"twitter:label1\" content=\"Est. reading time\" \/>\n\t<meta name=\"twitter:data1\" content=\"1 minuta\" \/>\n<!-- \/ Yoast SEO plugin. -->","yoast_head_json":{"title":"Dr.Althea Amino Acid Gentle Bubble Cleanser 140 ml - delikatna pianka do twarzy - Selleetools.com","robots":{"index":"index","follow":"follow","max-snippet":"max-snippet:-1","max-image-preview":"max-image-preview:large","max-video-preview":"max-video-preview:-1"},"canonical":"https:\/\/admincentral.selleetools.com\/pl\/product\/dr-althea-amino-acid-gentle-bubble-cleanser-140-ml-delikatna-pianka-do-twarzy\/","og_locale":"pl_PL","og_type":"article","og_title":"Dr.Althea Amino Acid Gentle Bubble Cleanser 140 ml - delikatna pianka do twarzy - Selleetools.com","og_description":"Dr.Althea Amino Acid Gentle Bubble Cleanser to niezwykle \u0142agodna pianka oczyszczaj\u0105ca oparta na aminokwasach i sk\u0142adnikach pochodzenia ro\u015blinnego. Dzi\u0119ki delikatnym substancjom myj\u0105cym i obecno\u015bci ceramid\u00f3w, kwasu hialuronowego oraz ekstrakt\u00f3w ro\u015blinnych, skutecznie usuwa zanieczyszczenia i makija\u017c, jednocze\u015bnie wzmacniaj\u0105c barier\u0119 hydrolipidow\u0105 sk\u00f3ry. Produkt idealny dla sk\u00f3ry wra\u017cliwej, suchej i sk\u0142onnej do podra\u017cnie\u0144. Korzy\u015bci dla sk\u00f3ry: Delikatnie oczyszcza ... Read moreDr.Althea Amino Acid Gentle Bubble Cleanser 140 ml &#8211; delikatna pianka do twarzy","og_url":"https:\/\/admincentral.selleetools.com\/pl\/product\/dr-althea-amino-acid-gentle-bubble-cleanser-140-ml-delikatna-pianka-do-twarzy\/","og_site_name":"Selleetools.com","article_modified_time":"2025-11-04T20:50:04+00:00","og_image":[{"width":1200,"height":1200,"url":"https:\/\/selleetools.com\/wp-content\/uploads\/2025\/10\/c5f38e2a558a9c24ae58035fbd3fd6a4.jpg","type":"image\/jpeg"}],"twitter_card":"summary_large_image","twitter_misc":{"Est. reading time":"1 minuta"},"schema":{"@context":"https:\/\/schema.org","@graph":[{"@type":"Organization","@id":"https:\/\/selleetools.com\/#organization","name":"Selleetools","url":"https:\/\/selleetools.com\/","sameAs":[],"logo":{"@type":"ImageObject","inLanguage":"pl-PL","@id":"https:\/\/selleetools.com\/#\/schema\/logo\/image\/","url":"https:\/\/selleetools.com\/wp-content\/uploads\/2021\/10\/logo-dark.png","contentUrl":"https:\/\/selleetools.com\/wp-content\/uploads\/2021\/10\/logo-dark.png","width":320,"height":76,"caption":"Selleetools"},"image":{"@id":"https:\/\/selleetools.com\/#\/schema\/logo\/image\/"}},{"@type":"WebSite","@id":"https:\/\/selleetools.com\/#website","url":"https:\/\/selleetools.com\/","name":"Selleetools.com","description":"","publisher":{"@id":"https:\/\/selleetools.com\/#organization"},"potentialAction":[{"@type":"SearchAction","target":{"@type":"EntryPoint","urlTemplate":"https:\/\/selleetools.com\/?s={search_term_string}"},"query-input":"required name=search_term_string"}],"inLanguage":"pl-PL"},{"@type":"WebPage","@id":"https:\/\/admincentral.selleetools.com\/pl\/product\/dr-althea-amino-acid-gentle-bubble-cleanser-140-ml-delikatna-pianka-do-twarzy\/","url":"https:\/\/admincentral.selleetools.com\/pl\/product\/dr-althea-amino-acid-gentle-bubble-cleanser-140-ml-delikatna-pianka-do-twarzy\/","name":"Dr.Althea Amino Acid Gentle Bubble Cleanser 140 ml - delikatna pianka do twarzy - Selleetools.com","isPartOf":{"@id":"https:\/\/selleetools.com\/#website"},"datePublished":"2025-10-24T12:17:21+00:00","dateModified":"2025-11-04T20:50:04+00:00","breadcrumb":{"@id":"https:\/\/admincentral.selleetools.com\/pl\/product\/dr-althea-amino-acid-gentle-bubble-cleanser-140-ml-delikatna-pianka-do-twarzy\/#breadcrumb"},"inLanguage":"pl-PL","potentialAction":[{"@type":"ReadAction","target":["https:\/\/admincentral.selleetools.com\/pl\/product\/dr-althea-amino-acid-gentle-bubble-cleanser-140-ml-delikatna-pianka-do-twarzy\/"]}]},{"@type":"BreadcrumbList","@id":"https:\/\/admincentral.selleetools.com\/pl\/product\/dr-althea-amino-acid-gentle-bubble-cleanser-140-ml-delikatna-pianka-do-twarzy\/#breadcrumb","itemListElement":[{"@type":"ListItem","position":1,"name":"Home","item":"https:\/\/selleetools.com\/pl\/"},{"@type":"ListItem","position":2,"name":"Katalog","item":"https:\/\/selleetools.com\/pl\/katalog\/"},{"@type":"ListItem","position":3,"name":"Dr.Althea Amino Acid Gentle Bubble Cleanser 140 ml &#8211; delikatna pianka do twarzy"}]}]}},"_links":{"self":[{"href":"https:\/\/admincentral.selleetools.com\/pl\/wp-json\/wp\/v2\/product\/608314"}],"collection":[{"href":"https:\/\/admincentral.selleetools.com\/pl\/wp-json\/wp\/v2\/product"}],"about":[{"href":"https:\/\/admincentral.selleetools.com\/pl\/wp-json\/wp\/v2\/types\/product"}],"replies":[{"embeddable":true,"href":"https:\/\/admincentral.selleetools.com\/pl\/wp-json\/wp\/v2\/comments?post=608314"}],"wp:featuredmedia":[{"embeddable":true,"href":"https:\/\/admincentral.selleetools.com\/pl\/wp-json\/wp\/v2\/media\/608312"}],"wp:attachment":[{"href":"https:\/\/admincentral.selleetools.com\/pl\/wp-json\/wp\/v2\/media?parent=608314"}],"curies":[{"name":"wp","href":"https:\/\/api.w.org\/{rel}","templated":true}]}}