{"id":608317,"date":"2025-10-24T14:17:24","date_gmt":"2025-10-24T12:17:24","guid":{"rendered":"https:\/\/selleetools.com\/?post_type=product&#038;p=608317"},"modified":"2025-11-04T21:50:18","modified_gmt":"2025-11-04T20:50:18","slug":"romnd-better-than-palette-00-light-glitter-garden-6-g-paleta-10-brokatowych-pastelowych-cieni-do-powiek","status":"publish","type":"product","link":"https:\/\/admincentral.selleetools.com\/pl\/product\/romnd-better-than-palette-00-light-glitter-garden-6-g-paleta-10-brokatowych-pastelowych-cieni-do-powiek\/","title":{"rendered":"rom&#038;nd Better Than Palette 00 Light &#038; Glitter Garden 6 g &#8211; paleta 10 brokatowych pastelowych cieni do powiek"},"content":{"rendered":"<p>rom&#038;nd Better Than Palette 00 Light &#038; Glitter Garden to niezwykle efektowna kolekcja 10 intensywnie po\u0142yskuj\u0105cych, brokatowych cieni do powiek w pastelowych tonacjach, kt\u00f3re roz\u015bwietlaj\u0105 spojrzenie i tworz\u0105 wielowymiarowy efekt glamour. Ich kremowo-\u017celowa formu\u0142a u\u0142atwia aplikacj\u0119 zar\u00f3wno palcem, jak i p\u0119dzlem, a mikrodrobiny o r\u00f3\u017cnej wielko\u015bci subtelnie odbijaj\u0105 \u015bwiat\u0142o, tworz\u0105c b\u0142yszcz\u0105cy, lekki jak chmurka efekt fairy-glow.<\/p>\n<p>Korzy\u015bci ze stosowania:<br \/>\nIntensywny po\u0142ysk \u2013 wielowymiarowe drobiny o r\u00f3\u017cnym wyko\u0144czeniu optycznie powi\u0119kszaj\u0105 i roz\u015bwietlaj\u0105 oko.<br \/>\nDoskona\u0142a przyczepno\u015b\u0107 \u2013 \u017celowa baza sprawia, \u017ce cienie d\u0142ugo utrzymuj\u0105 si\u0119 na sk\u00f3rze bez osypywania.<br \/>\n\u0141atwa aplikacja \u2013 lekka, g\u0142adka formu\u0142a umo\u017cliwia komfortowe nak\u0142adanie bez smug i prze\u015bwit\u00f3w.<br \/>\nEfekt wow na ka\u017cd\u0105 okazj\u0119 \u2013 idealna do wieczorowych stylizacji, ale tak\u017ce do dziennego akcentu b\u0142ysku.<br \/>\nBezpieczna dla wra\u017cliwych oczu \u2013 delikatna formu\u0142a odpowiednia dla os\u00f3b nosz\u0105cych soczewki kontaktowe.<\/p>\n<p>Spos\u00f3b u\u017cycia:<br \/>\nAplikuj palcem lub p\u0142askim p\u0119dzelkiem, delikatnie dociskaj\u0105c cie\u0144 do powieki dla maksymalnego po\u0142ysku. Mo\u017cesz stosowa\u0107 solo lub jako wyko\u0144czenie na ulubiony cie\u0144 bazowy.<\/p>\n","protected":false},"excerpt":{"rendered":"<p>rom&#038;nd Better Than Palette 00 Light &#038; Glitter Garden to niezwykle efektowna kolekcja 10 intensywnie po\u0142yskuj\u0105cych, brokatowych cieni do powiek w pastelowych tonacjach, kt\u00f3re roz\u015bwietlaj\u0105 spojrzenie i tworz\u0105 wielowymiarowy efekt glamour. Ich kremowo-\u017celowa formu\u0142a u\u0142atwia aplikacj\u0119 zar\u00f3wno palcem, jak i p\u0119dzlem, a mikrodrobiny o r\u00f3\u017cnej wielko\u015bci subtelnie odbijaj\u0105 \u015bwiat\u0142o, tworz\u0105c b\u0142yszcz\u0105cy, lekki jak chmurka efekt &#8230; <a title=\"rom&#038;nd Better Than Palette 00 Light &#038; Glitter Garden 6 g &#8211; paleta 10 brokatowych pastelowych cieni do powiek\" class=\"read-more\" href=\"https:\/\/admincentral.selleetools.com\/pl\/product\/romnd-better-than-palette-00-light-glitter-garden-6-g-paleta-10-brokatowych-pastelowych-cieni-do-powiek\/\">Read more<span class=\"screen-reader-text\">rom&#038;nd Better Than Palette 00 Light &#038; Glitter Garden 6 g &#8211; paleta 10 brokatowych pastelowych cieni do powiek<\/span><\/a><\/p>\n","protected":false},"featured_media":608315,"comment_status":"open","ping_status":"closed","template":"","meta":{"_links_to":"","_links_to_target":""},"yoast_head":"<!-- This site is optimized with the Yoast SEO plugin v19.4 - https:\/\/yoast.com\/wordpress\/plugins\/seo\/ -->\n<title>rom&amp;nd Better Than Palette 00 Light &amp; Glitter Garden 6 g - paleta 10 brokatowych pastelowych cieni do powiek - Selleetools.com<\/title>\n<meta name=\"robots\" content=\"index, follow, max-snippet:-1, max-image-preview:large, max-video-preview:-1\" \/>\n<link rel=\"canonical\" href=\"https:\/\/admincentral.selleetools.com\/pl\/product\/romnd-better-than-palette-00-light-glitter-garden-6-g-paleta-10-brokatowych-pastelowych-cieni-do-powiek\/\" \/>\n<meta property=\"og:locale\" content=\"pl_PL\" \/>\n<meta property=\"og:type\" content=\"article\" \/>\n<meta property=\"og:title\" content=\"rom&amp;nd Better Than Palette 00 Light &amp; Glitter Garden 6 g - paleta 10 brokatowych pastelowych cieni do powiek - Selleetools.com\" \/>\n<meta property=\"og:description\" content=\"rom&#038;nd Better Than Palette 00 Light &#038; Glitter Garden to niezwykle efektowna kolekcja 10 intensywnie po\u0142yskuj\u0105cych, brokatowych cieni do powiek w pastelowych tonacjach, kt\u00f3re roz\u015bwietlaj\u0105 spojrzenie i tworz\u0105 wielowymiarowy efekt glamour. Ich kremowo-\u017celowa formu\u0142a u\u0142atwia aplikacj\u0119 zar\u00f3wno palcem, jak i p\u0119dzlem, a mikrodrobiny o r\u00f3\u017cnej wielko\u015bci subtelnie odbijaj\u0105 \u015bwiat\u0142o, tworz\u0105c b\u0142yszcz\u0105cy, lekki jak chmurka efekt ... Read morerom&#038;nd Better Than Palette 00 Light &#038; Glitter Garden 6 g &#8211; paleta 10 brokatowych pastelowych cieni do powiek\" \/>\n<meta property=\"og:url\" content=\"https:\/\/admincentral.selleetools.com\/pl\/product\/romnd-better-than-palette-00-light-glitter-garden-6-g-paleta-10-brokatowych-pastelowych-cieni-do-powiek\/\" \/>\n<meta property=\"og:site_name\" content=\"Selleetools.com\" \/>\n<meta property=\"article:modified_time\" content=\"2025-11-04T20:50:18+00:00\" \/>\n<meta property=\"og:image\" content=\"https:\/\/selleetools.com\/wp-content\/uploads\/2025\/10\/522d9195dcab82ea01bd97e1c094c75f.png\" \/>\n\t<meta property=\"og:image:width\" content=\"1080\" \/>\n\t<meta property=\"og:image:height\" content=\"1080\" \/>\n\t<meta property=\"og:image:type\" content=\"image\/png\" \/>\n<meta name=\"twitter:card\" content=\"summary_large_image\" \/>\n<meta name=\"twitter:label1\" content=\"Est. reading time\" \/>\n\t<meta name=\"twitter:data1\" content=\"1 minuta\" \/>\n<!-- \/ Yoast SEO plugin. -->","yoast_head_json":{"title":"rom&nd Better Than Palette 00 Light & Glitter Garden 6 g - paleta 10 brokatowych pastelowych cieni do powiek - Selleetools.com","robots":{"index":"index","follow":"follow","max-snippet":"max-snippet:-1","max-image-preview":"max-image-preview:large","max-video-preview":"max-video-preview:-1"},"canonical":"https:\/\/admincentral.selleetools.com\/pl\/product\/romnd-better-than-palette-00-light-glitter-garden-6-g-paleta-10-brokatowych-pastelowych-cieni-do-powiek\/","og_locale":"pl_PL","og_type":"article","og_title":"rom&nd Better Than Palette 00 Light & Glitter Garden 6 g - paleta 10 brokatowych pastelowych cieni do powiek - Selleetools.com","og_description":"rom&#038;nd Better Than Palette 00 Light &#038; Glitter Garden to niezwykle efektowna kolekcja 10 intensywnie po\u0142yskuj\u0105cych, brokatowych cieni do powiek w pastelowych tonacjach, kt\u00f3re roz\u015bwietlaj\u0105 spojrzenie i tworz\u0105 wielowymiarowy efekt glamour. Ich kremowo-\u017celowa formu\u0142a u\u0142atwia aplikacj\u0119 zar\u00f3wno palcem, jak i p\u0119dzlem, a mikrodrobiny o r\u00f3\u017cnej wielko\u015bci subtelnie odbijaj\u0105 \u015bwiat\u0142o, tworz\u0105c b\u0142yszcz\u0105cy, lekki jak chmurka efekt ... Read morerom&#038;nd Better Than Palette 00 Light &#038; Glitter Garden 6 g &#8211; paleta 10 brokatowych pastelowych cieni do powiek","og_url":"https:\/\/admincentral.selleetools.com\/pl\/product\/romnd-better-than-palette-00-light-glitter-garden-6-g-paleta-10-brokatowych-pastelowych-cieni-do-powiek\/","og_site_name":"Selleetools.com","article_modified_time":"2025-11-04T20:50:18+00:00","og_image":[{"width":1080,"height":1080,"url":"https:\/\/selleetools.com\/wp-content\/uploads\/2025\/10\/522d9195dcab82ea01bd97e1c094c75f.png","type":"image\/png"}],"twitter_card":"summary_large_image","twitter_misc":{"Est. reading time":"1 minuta"},"schema":{"@context":"https:\/\/schema.org","@graph":[{"@type":"Organization","@id":"https:\/\/selleetools.com\/#organization","name":"Selleetools","url":"https:\/\/selleetools.com\/","sameAs":[],"logo":{"@type":"ImageObject","inLanguage":"pl-PL","@id":"https:\/\/selleetools.com\/#\/schema\/logo\/image\/","url":"https:\/\/selleetools.com\/wp-content\/uploads\/2021\/10\/logo-dark.png","contentUrl":"https:\/\/selleetools.com\/wp-content\/uploads\/2021\/10\/logo-dark.png","width":320,"height":76,"caption":"Selleetools"},"image":{"@id":"https:\/\/selleetools.com\/#\/schema\/logo\/image\/"}},{"@type":"WebSite","@id":"https:\/\/selleetools.com\/#website","url":"https:\/\/selleetools.com\/","name":"Selleetools.com","description":"","publisher":{"@id":"https:\/\/selleetools.com\/#organization"},"potentialAction":[{"@type":"SearchAction","target":{"@type":"EntryPoint","urlTemplate":"https:\/\/selleetools.com\/?s={search_term_string}"},"query-input":"required name=search_term_string"}],"inLanguage":"pl-PL"},{"@type":"WebPage","@id":"https:\/\/admincentral.selleetools.com\/pl\/product\/romnd-better-than-palette-00-light-glitter-garden-6-g-paleta-10-brokatowych-pastelowych-cieni-do-powiek\/","url":"https:\/\/admincentral.selleetools.com\/pl\/product\/romnd-better-than-palette-00-light-glitter-garden-6-g-paleta-10-brokatowych-pastelowych-cieni-do-powiek\/","name":"rom&nd Better Than Palette 00 Light & Glitter Garden 6 g - paleta 10 brokatowych pastelowych cieni do powiek - Selleetools.com","isPartOf":{"@id":"https:\/\/selleetools.com\/#website"},"datePublished":"2025-10-24T12:17:24+00:00","dateModified":"2025-11-04T20:50:18+00:00","breadcrumb":{"@id":"https:\/\/admincentral.selleetools.com\/pl\/product\/romnd-better-than-palette-00-light-glitter-garden-6-g-paleta-10-brokatowych-pastelowych-cieni-do-powiek\/#breadcrumb"},"inLanguage":"pl-PL","potentialAction":[{"@type":"ReadAction","target":["https:\/\/admincentral.selleetools.com\/pl\/product\/romnd-better-than-palette-00-light-glitter-garden-6-g-paleta-10-brokatowych-pastelowych-cieni-do-powiek\/"]}]},{"@type":"BreadcrumbList","@id":"https:\/\/admincentral.selleetools.com\/pl\/product\/romnd-better-than-palette-00-light-glitter-garden-6-g-paleta-10-brokatowych-pastelowych-cieni-do-powiek\/#breadcrumb","itemListElement":[{"@type":"ListItem","position":1,"name":"Home","item":"https:\/\/selleetools.com\/pl\/"},{"@type":"ListItem","position":2,"name":"Katalog","item":"https:\/\/selleetools.com\/pl\/katalog\/"},{"@type":"ListItem","position":3,"name":"rom&#038;nd Better Than Palette 00 Light &#038; Glitter Garden 6 g &#8211; paleta 10 brokatowych pastelowych cieni do powiek"}]}]}},"_links":{"self":[{"href":"https:\/\/admincentral.selleetools.com\/pl\/wp-json\/wp\/v2\/product\/608317"}],"collection":[{"href":"https:\/\/admincentral.selleetools.com\/pl\/wp-json\/wp\/v2\/product"}],"about":[{"href":"https:\/\/admincentral.selleetools.com\/pl\/wp-json\/wp\/v2\/types\/product"}],"replies":[{"embeddable":true,"href":"https:\/\/admincentral.selleetools.com\/pl\/wp-json\/wp\/v2\/comments?post=608317"}],"wp:featuredmedia":[{"embeddable":true,"href":"https:\/\/admincentral.selleetools.com\/pl\/wp-json\/wp\/v2\/media\/608315"}],"wp:attachment":[{"href":"https:\/\/admincentral.selleetools.com\/pl\/wp-json\/wp\/v2\/media?parent=608317"}],"curies":[{"name":"wp","href":"https:\/\/api.w.org\/{rel}","templated":true}]}}