{"id":608323,"date":"2025-10-24T14:17:30","date_gmt":"2025-10-24T12:17:30","guid":{"rendered":"https:\/\/selleetools.com\/?post_type=product&#038;p=608323"},"modified":"2026-02-25T19:15:21","modified_gmt":"2026-02-25T18:15:21","slug":"romnd-better-than-cheek-w02-strawberry-milk-4-g-jasnorozowy-roz-do-policzkow","status":"publish","type":"product","link":"https:\/\/admincentral.selleetools.com\/pl\/product\/romnd-better-than-cheek-w02-strawberry-milk-4-g-jasnorozowy-roz-do-policzkow\/","title":{"rendered":"rom&#038;nd Better Than Cheek W02 Strawberry Milk 4 g &#8211; jasnor\u00f3\u017cowy r\u00f3\u017c do policzk\u00f3w"},"content":{"rendered":"<p>rom&#038;nd Better Than Cheek W02 Strawberry Milk to subtelny, jasnor\u00f3\u017cowy r\u00f3\u017c o mlecznym wyko\u0144czeniu, inspirowany naturalnym rumie\u0144cem sk\u00f3ry po delikatnym mu\u015bni\u0119ciu ch\u0142odu lub emocji. Jego lekkopudrowa formu\u0142a wtapia si\u0119 w cer\u0119, daj\u0105c efekt \u201eblur\u201d, czyli mi\u0119kkiego rozmycia, kt\u00f3ry wyr\u00f3wnuje tekstur\u0119 sk\u00f3ry i nadaje jej dziewcz\u0119cy, \u015bwie\u017cy wygl\u0105d.<\/p>\n<p>Korzy\u015bci ze stosowania:<br \/>\nNaturalny efekt zdrowej cery \u2013 jasnor\u00f3\u017cowy pigment doskonale imituje naturalny rumieniec, o\u017cywiaj\u0105c twarz bez efektu przesady<br \/>\nZmatowienie i wyg\u0142adzenie \u2013 zawarto\u015b\u0107 talku, boron nitride i krzemionki (silica) poch\u0142ania nadmiar sebum, wyg\u0142adzaj\u0105c powierzchni\u0119 sk\u00f3ry<br \/>\nDoskona\u0142e przyleganie \u2013 dzi\u0119ki po\u0142\u0105czeniu sk\u0142adnik\u00f3w silikonowych r\u00f3\u017c nie osypuje si\u0119 i utrzymuje si\u0119 przez ca\u0142y dzie\u0144<br \/>\nMi\u0119kka i jedwabista tekstura \u2013 formu\u0142a pozwala na bezproblemowe rozprowadzanie i budowanie koloru bez plam<\/p>\n<p>Spos\u00f3b u\u017cycia: Na\u0142\u00f3\u017c niewielk\u0105 ilo\u015b\u0107 r\u00f3\u017cu na policzki za pomoc\u0105 mi\u0119kkiego p\u0119dzla, zaczynaj\u0105c od \u015brodka twarzy i delikatnie rozcieraj\u0105c w kierunku skroni. Mo\u017cesz stopniowa\u0107 intensywno\u015b\u0107 koloru wed\u0142ug w\u0142asnych preferencji.<\/p>\n","protected":false},"excerpt":{"rendered":"<p>rom&#038;nd Better Than Cheek W02 Strawberry Milk to subtelny, jasnor\u00f3\u017cowy r\u00f3\u017c o mlecznym wyko\u0144czeniu, inspirowany naturalnym rumie\u0144cem sk\u00f3ry po delikatnym mu\u015bni\u0119ciu ch\u0142odu lub emocji. Jego lekkopudrowa formu\u0142a wtapia si\u0119 w cer\u0119, daj\u0105c efekt \u201eblur\u201d, czyli mi\u0119kkiego rozmycia, kt\u00f3ry wyr\u00f3wnuje tekstur\u0119 sk\u00f3ry i nadaje jej dziewcz\u0119cy, \u015bwie\u017cy wygl\u0105d. Korzy\u015bci ze stosowania: Naturalny efekt zdrowej cery \u2013 &#8230; <a title=\"rom&#038;nd Better Than Cheek W02 Strawberry Milk 4 g &#8211; jasnor\u00f3\u017cowy r\u00f3\u017c do policzk\u00f3w\" class=\"read-more\" href=\"https:\/\/admincentral.selleetools.com\/pl\/product\/romnd-better-than-cheek-w02-strawberry-milk-4-g-jasnorozowy-roz-do-policzkow\/\">Read more<span class=\"screen-reader-text\">rom&#038;nd Better Than Cheek W02 Strawberry Milk 4 g &#8211; jasnor\u00f3\u017cowy r\u00f3\u017c do policzk\u00f3w<\/span><\/a><\/p>\n","protected":false},"featured_media":608321,"comment_status":"open","ping_status":"closed","template":"","meta":{"_links_to":"","_links_to_target":""},"yoast_head":"<!-- This site is optimized with the Yoast SEO plugin v19.4 - https:\/\/yoast.com\/wordpress\/plugins\/seo\/ -->\n<title>rom&amp;nd Better Than Cheek W02 Strawberry Milk 4 g - jasnor\u00f3\u017cowy r\u00f3\u017c do policzk\u00f3w - Selleetools.com<\/title>\n<meta name=\"robots\" content=\"index, follow, max-snippet:-1, max-image-preview:large, max-video-preview:-1\" \/>\n<link rel=\"canonical\" href=\"https:\/\/admincentral.selleetools.com\/product\/romnd-better-than-cheek-w02-strawberry-milk-4-g-jasnorozowy-roz-do-policzkow\/\" \/>\n<meta property=\"og:locale\" content=\"pl_PL\" \/>\n<meta property=\"og:type\" content=\"article\" \/>\n<meta property=\"og:title\" content=\"rom&amp;nd Better Than Cheek W02 Strawberry Milk 4 g - jasnor\u00f3\u017cowy r\u00f3\u017c do policzk\u00f3w - Selleetools.com\" \/>\n<meta property=\"og:description\" content=\"rom&#038;nd Better Than Cheek W02 Strawberry Milk to subtelny, jasnor\u00f3\u017cowy r\u00f3\u017c o mlecznym wyko\u0144czeniu, inspirowany naturalnym rumie\u0144cem sk\u00f3ry po delikatnym mu\u015bni\u0119ciu ch\u0142odu lub emocji. Jego lekkopudrowa formu\u0142a wtapia si\u0119 w cer\u0119, daj\u0105c efekt \u201eblur\u201d, czyli mi\u0119kkiego rozmycia, kt\u00f3ry wyr\u00f3wnuje tekstur\u0119 sk\u00f3ry i nadaje jej dziewcz\u0119cy, \u015bwie\u017cy wygl\u0105d. Korzy\u015bci ze stosowania: Naturalny efekt zdrowej cery \u2013 ... Read morerom&#038;nd Better Than Cheek W02 Strawberry Milk 4 g &#8211; jasnor\u00f3\u017cowy r\u00f3\u017c do policzk\u00f3w\" \/>\n<meta property=\"og:url\" content=\"https:\/\/admincentral.selleetools.com\/product\/romnd-better-than-cheek-w02-strawberry-milk-4-g-jasnorozowy-roz-do-policzkow\/\" \/>\n<meta property=\"og:site_name\" content=\"Selleetools.com\" \/>\n<meta property=\"article:modified_time\" content=\"2026-02-25T18:15:21+00:00\" \/>\n<meta property=\"og:image\" content=\"https:\/\/selleetools.com\/wp-content\/uploads\/2025\/10\/7231116d0a3b5a9758435767a14d1cf4.png\" \/>\n\t<meta property=\"og:image:width\" content=\"1080\" \/>\n\t<meta property=\"og:image:height\" content=\"1080\" \/>\n\t<meta property=\"og:image:type\" content=\"image\/png\" \/>\n<meta name=\"twitter:card\" content=\"summary_large_image\" \/>\n<meta name=\"twitter:label1\" content=\"Est. reading time\" \/>\n\t<meta name=\"twitter:data1\" content=\"1 minuta\" \/>\n<!-- \/ Yoast SEO plugin. -->","yoast_head_json":{"title":"rom&nd Better Than Cheek W02 Strawberry Milk 4 g - jasnor\u00f3\u017cowy r\u00f3\u017c do policzk\u00f3w - Selleetools.com","robots":{"index":"index","follow":"follow","max-snippet":"max-snippet:-1","max-image-preview":"max-image-preview:large","max-video-preview":"max-video-preview:-1"},"canonical":"https:\/\/admincentral.selleetools.com\/product\/romnd-better-than-cheek-w02-strawberry-milk-4-g-jasnorozowy-roz-do-policzkow\/","og_locale":"pl_PL","og_type":"article","og_title":"rom&nd Better Than Cheek W02 Strawberry Milk 4 g - jasnor\u00f3\u017cowy r\u00f3\u017c do policzk\u00f3w - Selleetools.com","og_description":"rom&#038;nd Better Than Cheek W02 Strawberry Milk to subtelny, jasnor\u00f3\u017cowy r\u00f3\u017c o mlecznym wyko\u0144czeniu, inspirowany naturalnym rumie\u0144cem sk\u00f3ry po delikatnym mu\u015bni\u0119ciu ch\u0142odu lub emocji. Jego lekkopudrowa formu\u0142a wtapia si\u0119 w cer\u0119, daj\u0105c efekt \u201eblur\u201d, czyli mi\u0119kkiego rozmycia, kt\u00f3ry wyr\u00f3wnuje tekstur\u0119 sk\u00f3ry i nadaje jej dziewcz\u0119cy, \u015bwie\u017cy wygl\u0105d. Korzy\u015bci ze stosowania: Naturalny efekt zdrowej cery \u2013 ... Read morerom&#038;nd Better Than Cheek W02 Strawberry Milk 4 g &#8211; jasnor\u00f3\u017cowy r\u00f3\u017c do policzk\u00f3w","og_url":"https:\/\/admincentral.selleetools.com\/product\/romnd-better-than-cheek-w02-strawberry-milk-4-g-jasnorozowy-roz-do-policzkow\/","og_site_name":"Selleetools.com","article_modified_time":"2026-02-25T18:15:21+00:00","og_image":[{"width":1080,"height":1080,"url":"https:\/\/selleetools.com\/wp-content\/uploads\/2025\/10\/7231116d0a3b5a9758435767a14d1cf4.png","type":"image\/png"}],"twitter_card":"summary_large_image","twitter_misc":{"Est. reading time":"1 minuta"},"schema":{"@context":"https:\/\/schema.org","@graph":[{"@type":"Organization","@id":"https:\/\/selleetools.com\/#organization","name":"Selleetools","url":"https:\/\/selleetools.com\/","sameAs":[],"logo":{"@type":"ImageObject","inLanguage":"pl-PL","@id":"https:\/\/selleetools.com\/#\/schema\/logo\/image\/","url":"https:\/\/selleetools.com\/wp-content\/uploads\/2021\/10\/logo-dark.png","contentUrl":"https:\/\/selleetools.com\/wp-content\/uploads\/2021\/10\/logo-dark.png","width":320,"height":76,"caption":"Selleetools"},"image":{"@id":"https:\/\/selleetools.com\/#\/schema\/logo\/image\/"}},{"@type":"WebSite","@id":"https:\/\/selleetools.com\/#website","url":"https:\/\/selleetools.com\/","name":"Selleetools.com","description":"","publisher":{"@id":"https:\/\/selleetools.com\/#organization"},"potentialAction":[{"@type":"SearchAction","target":{"@type":"EntryPoint","urlTemplate":"https:\/\/selleetools.com\/?s={search_term_string}"},"query-input":"required name=search_term_string"}],"inLanguage":"pl-PL"},{"@type":"WebPage","@id":"https:\/\/admincentral.selleetools.com\/product\/romnd-better-than-cheek-w02-strawberry-milk-4-g-jasnorozowy-roz-do-policzkow\/","url":"https:\/\/admincentral.selleetools.com\/product\/romnd-better-than-cheek-w02-strawberry-milk-4-g-jasnorozowy-roz-do-policzkow\/","name":"rom&nd Better Than Cheek W02 Strawberry Milk 4 g - jasnor\u00f3\u017cowy r\u00f3\u017c do policzk\u00f3w - Selleetools.com","isPartOf":{"@id":"https:\/\/selleetools.com\/#website"},"datePublished":"2025-10-24T12:17:30+00:00","dateModified":"2026-02-25T18:15:21+00:00","breadcrumb":{"@id":"https:\/\/admincentral.selleetools.com\/product\/romnd-better-than-cheek-w02-strawberry-milk-4-g-jasnorozowy-roz-do-policzkow\/#breadcrumb"},"inLanguage":"pl-PL","potentialAction":[{"@type":"ReadAction","target":["https:\/\/admincentral.selleetools.com\/product\/romnd-better-than-cheek-w02-strawberry-milk-4-g-jasnorozowy-roz-do-policzkow\/"]}]},{"@type":"BreadcrumbList","@id":"https:\/\/admincentral.selleetools.com\/product\/romnd-better-than-cheek-w02-strawberry-milk-4-g-jasnorozowy-roz-do-policzkow\/#breadcrumb","itemListElement":[{"@type":"ListItem","position":1,"name":"Home","item":"https:\/\/selleetools.com\/pl\/"},{"@type":"ListItem","position":2,"name":"Katalog","item":"https:\/\/selleetools.com\/pl\/katalog\/"},{"@type":"ListItem","position":3,"name":"rom&#038;nd Better Than Cheek W02 Strawberry Milk 4 g &#8211; jasnor\u00f3\u017cowy r\u00f3\u017c do policzk\u00f3w"}]}]}},"_links":{"self":[{"href":"https:\/\/admincentral.selleetools.com\/pl\/wp-json\/wp\/v2\/product\/608323"}],"collection":[{"href":"https:\/\/admincentral.selleetools.com\/pl\/wp-json\/wp\/v2\/product"}],"about":[{"href":"https:\/\/admincentral.selleetools.com\/pl\/wp-json\/wp\/v2\/types\/product"}],"replies":[{"embeddable":true,"href":"https:\/\/admincentral.selleetools.com\/pl\/wp-json\/wp\/v2\/comments?post=608323"}],"wp:featuredmedia":[{"embeddable":true,"href":"https:\/\/admincentral.selleetools.com\/pl\/wp-json\/wp\/v2\/media\/608321"}],"wp:attachment":[{"href":"https:\/\/admincentral.selleetools.com\/pl\/wp-json\/wp\/v2\/media?parent=608323"}],"curies":[{"name":"wp","href":"https:\/\/api.w.org\/{rel}","templated":true}]}}