{"id":608332,"date":"2025-10-24T14:17:37","date_gmt":"2025-10-24T12:17:37","guid":{"rendered":"https:\/\/selleetools.com\/?post_type=product&#038;p=608332"},"modified":"2025-11-04T21:50:50","modified_gmt":"2025-11-04T20:50:50","slug":"medicube-pdrn-pink-cica-soothing-toner-250-ml-kojacy-tonik-do-twarzy","status":"publish","type":"product","link":"https:\/\/admincentral.selleetools.com\/pl\/product\/medicube-pdrn-pink-cica-soothing-toner-250-ml-kojacy-tonik-do-twarzy\/","title":{"rendered":"Medicube PDRN Pink Cica Soothing Toner 250 ml &#8211; koj\u0105cy tonik do twarzy"},"content":{"rendered":"<p>Medicube PDRN Pink Cica Soothing Toner to zaawansowany toner koj\u0105cy stworzony z my\u015bl\u0105 o sk\u00f3rze wra\u017cliwej, podra\u017cnionej i wymagaj\u0105cej regeneracji. Formu\u0142a zawiera PDRN (sodium DNA), kompleks Centella Asiatica oraz peptydy i wyci\u0105gi owocowe, kt\u00f3re wsp\u00f3lnie \u0142agodz\u0105, nawil\u017caj\u0105 i przyspieszaj\u0105 odnow\u0119 sk\u00f3ry. Dzi\u0119ki lekkiej, od\u015bwie\u017caj\u0105cej konsystencji toner b\u0142yskawicznie si\u0119 wch\u0142ania, pozostawiaj\u0105c sk\u00f3r\u0119 ukojona, elastyczn\u0105 i promienn\u0105.<\/p>\n<p>Korzy\u015bci dla sk\u00f3ry:<br \/>\nIntensywnie koi i zmniejsza zaczerwienienia<br \/>\nWspiera regeneracj\u0119 sk\u00f3ry dzi\u0119ki PDRN i peptydom<br \/>\nNawil\u017ca i poprawia j\u0119drno\u015b\u0107 sk\u00f3ry<br \/>\nPrzywraca r\u00f3wnowag\u0119 i komfort sk\u00f3rze wra\u017cliwej<br \/>\nPrzygotowuje sk\u00f3r\u0119 do lepszego wch\u0142aniania kolejnych kosmetyk\u00f3w<\/p>\n<p>Spos\u00f3b u\u017cycia: Nanie\u015b odpowiedni\u0105 ilo\u015b\u0107 tonera na wacik lub d\u0142onie i delikatnie rozprowad\u017a na oczyszczonej sk\u00f3rze twarzy. Wklep do ca\u0142kowitego wch\u0142oni\u0119cia. Stosuj rano i wieczorem.<\/p>\n","protected":false},"excerpt":{"rendered":"<p>Medicube PDRN Pink Cica Soothing Toner to zaawansowany toner koj\u0105cy stworzony z my\u015bl\u0105 o sk\u00f3rze wra\u017cliwej, podra\u017cnionej i wymagaj\u0105cej regeneracji. Formu\u0142a zawiera PDRN (sodium DNA), kompleks Centella Asiatica oraz peptydy i wyci\u0105gi owocowe, kt\u00f3re wsp\u00f3lnie \u0142agodz\u0105, nawil\u017caj\u0105 i przyspieszaj\u0105 odnow\u0119 sk\u00f3ry. Dzi\u0119ki lekkiej, od\u015bwie\u017caj\u0105cej konsystencji toner b\u0142yskawicznie si\u0119 wch\u0142ania, pozostawiaj\u0105c sk\u00f3r\u0119 ukojona, elastyczn\u0105 i promienn\u0105. &#8230; <a title=\"Medicube PDRN Pink Cica Soothing Toner 250 ml &#8211; koj\u0105cy tonik do twarzy\" class=\"read-more\" href=\"https:\/\/admincentral.selleetools.com\/pl\/product\/medicube-pdrn-pink-cica-soothing-toner-250-ml-kojacy-tonik-do-twarzy\/\">Read more<span class=\"screen-reader-text\">Medicube PDRN Pink Cica Soothing Toner 250 ml &#8211; koj\u0105cy tonik do twarzy<\/span><\/a><\/p>\n","protected":false},"featured_media":608330,"comment_status":"open","ping_status":"closed","template":"","meta":{"_links_to":"","_links_to_target":""},"yoast_head":"<!-- This site is optimized with the Yoast SEO plugin v19.4 - https:\/\/yoast.com\/wordpress\/plugins\/seo\/ -->\n<title>Medicube PDRN Pink Cica Soothing Toner 250 ml - koj\u0105cy tonik do twarzy - Selleetools.com<\/title>\n<meta name=\"robots\" content=\"index, follow, max-snippet:-1, max-image-preview:large, max-video-preview:-1\" \/>\n<link rel=\"canonical\" href=\"https:\/\/selleetools.com\/pl\/product\/medicube-pdrn-pink-cica-soothing-toner-250-ml-kojacy-tonik-do-twarzy\/\" \/>\n<meta property=\"og:locale\" content=\"pl_PL\" \/>\n<meta property=\"og:type\" content=\"article\" \/>\n<meta property=\"og:title\" content=\"Medicube PDRN Pink Cica Soothing Toner 250 ml - koj\u0105cy tonik do twarzy - Selleetools.com\" \/>\n<meta property=\"og:description\" content=\"Medicube PDRN Pink Cica Soothing Toner to zaawansowany toner koj\u0105cy stworzony z my\u015bl\u0105 o sk\u00f3rze wra\u017cliwej, podra\u017cnionej i wymagaj\u0105cej regeneracji. Formu\u0142a zawiera PDRN (sodium DNA), kompleks Centella Asiatica oraz peptydy i wyci\u0105gi owocowe, kt\u00f3re wsp\u00f3lnie \u0142agodz\u0105, nawil\u017caj\u0105 i przyspieszaj\u0105 odnow\u0119 sk\u00f3ry. Dzi\u0119ki lekkiej, od\u015bwie\u017caj\u0105cej konsystencji toner b\u0142yskawicznie si\u0119 wch\u0142ania, pozostawiaj\u0105c sk\u00f3r\u0119 ukojona, elastyczn\u0105 i promienn\u0105. ... Read moreMedicube PDRN Pink Cica Soothing Toner 250 ml &#8211; koj\u0105cy tonik do twarzy\" \/>\n<meta property=\"og:url\" content=\"https:\/\/selleetools.com\/pl\/product\/medicube-pdrn-pink-cica-soothing-toner-250-ml-kojacy-tonik-do-twarzy\/\" \/>\n<meta property=\"og:site_name\" content=\"Selleetools.com\" \/>\n<meta property=\"article:modified_time\" content=\"2025-11-04T20:50:50+00:00\" \/>\n<meta property=\"og:image\" content=\"https:\/\/selleetools.com\/wp-content\/uploads\/2025\/10\/e30cf0514a754049a2f1e85a1d0b1ac6.jpg\" \/>\n\t<meta property=\"og:image:width\" content=\"1200\" \/>\n\t<meta property=\"og:image:height\" content=\"1200\" \/>\n\t<meta property=\"og:image:type\" content=\"image\/jpeg\" \/>\n<meta name=\"twitter:card\" content=\"summary_large_image\" \/>\n<meta name=\"twitter:label1\" content=\"Est. reading time\" \/>\n\t<meta name=\"twitter:data1\" content=\"1 minuta\" \/>\n<!-- \/ Yoast SEO plugin. -->","yoast_head_json":{"title":"Medicube PDRN Pink Cica Soothing Toner 250 ml - koj\u0105cy tonik do twarzy - Selleetools.com","robots":{"index":"index","follow":"follow","max-snippet":"max-snippet:-1","max-image-preview":"max-image-preview:large","max-video-preview":"max-video-preview:-1"},"canonical":"https:\/\/selleetools.com\/pl\/product\/medicube-pdrn-pink-cica-soothing-toner-250-ml-kojacy-tonik-do-twarzy\/","og_locale":"pl_PL","og_type":"article","og_title":"Medicube PDRN Pink Cica Soothing Toner 250 ml - koj\u0105cy tonik do twarzy - Selleetools.com","og_description":"Medicube PDRN Pink Cica Soothing Toner to zaawansowany toner koj\u0105cy stworzony z my\u015bl\u0105 o sk\u00f3rze wra\u017cliwej, podra\u017cnionej i wymagaj\u0105cej regeneracji. Formu\u0142a zawiera PDRN (sodium DNA), kompleks Centella Asiatica oraz peptydy i wyci\u0105gi owocowe, kt\u00f3re wsp\u00f3lnie \u0142agodz\u0105, nawil\u017caj\u0105 i przyspieszaj\u0105 odnow\u0119 sk\u00f3ry. Dzi\u0119ki lekkiej, od\u015bwie\u017caj\u0105cej konsystencji toner b\u0142yskawicznie si\u0119 wch\u0142ania, pozostawiaj\u0105c sk\u00f3r\u0119 ukojona, elastyczn\u0105 i promienn\u0105. ... Read moreMedicube PDRN Pink Cica Soothing Toner 250 ml &#8211; koj\u0105cy tonik do twarzy","og_url":"https:\/\/selleetools.com\/pl\/product\/medicube-pdrn-pink-cica-soothing-toner-250-ml-kojacy-tonik-do-twarzy\/","og_site_name":"Selleetools.com","article_modified_time":"2025-11-04T20:50:50+00:00","og_image":[{"width":1200,"height":1200,"url":"https:\/\/selleetools.com\/wp-content\/uploads\/2025\/10\/e30cf0514a754049a2f1e85a1d0b1ac6.jpg","type":"image\/jpeg"}],"twitter_card":"summary_large_image","twitter_misc":{"Est. reading time":"1 minuta"},"schema":{"@context":"https:\/\/schema.org","@graph":[{"@type":"Organization","@id":"https:\/\/selleetools.com\/#organization","name":"Selleetools","url":"https:\/\/selleetools.com\/","sameAs":[],"logo":{"@type":"ImageObject","inLanguage":"pl-PL","@id":"https:\/\/selleetools.com\/#\/schema\/logo\/image\/","url":"https:\/\/selleetools.com\/wp-content\/uploads\/2021\/10\/logo-dark.png","contentUrl":"https:\/\/selleetools.com\/wp-content\/uploads\/2021\/10\/logo-dark.png","width":320,"height":76,"caption":"Selleetools"},"image":{"@id":"https:\/\/selleetools.com\/#\/schema\/logo\/image\/"}},{"@type":"WebSite","@id":"https:\/\/selleetools.com\/#website","url":"https:\/\/selleetools.com\/","name":"Selleetools.com","description":"","publisher":{"@id":"https:\/\/selleetools.com\/#organization"},"potentialAction":[{"@type":"SearchAction","target":{"@type":"EntryPoint","urlTemplate":"https:\/\/selleetools.com\/?s={search_term_string}"},"query-input":"required name=search_term_string"}],"inLanguage":"pl-PL"},{"@type":"WebPage","@id":"https:\/\/selleetools.com\/pl\/product\/medicube-pdrn-pink-cica-soothing-toner-250-ml-kojacy-tonik-do-twarzy\/","url":"https:\/\/selleetools.com\/pl\/product\/medicube-pdrn-pink-cica-soothing-toner-250-ml-kojacy-tonik-do-twarzy\/","name":"Medicube PDRN Pink Cica Soothing Toner 250 ml - koj\u0105cy tonik do twarzy - Selleetools.com","isPartOf":{"@id":"https:\/\/selleetools.com\/#website"},"datePublished":"2025-10-24T12:17:37+00:00","dateModified":"2025-11-04T20:50:50+00:00","breadcrumb":{"@id":"https:\/\/selleetools.com\/pl\/product\/medicube-pdrn-pink-cica-soothing-toner-250-ml-kojacy-tonik-do-twarzy\/#breadcrumb"},"inLanguage":"pl-PL","potentialAction":[{"@type":"ReadAction","target":["https:\/\/selleetools.com\/pl\/product\/medicube-pdrn-pink-cica-soothing-toner-250-ml-kojacy-tonik-do-twarzy\/"]}]},{"@type":"BreadcrumbList","@id":"https:\/\/selleetools.com\/pl\/product\/medicube-pdrn-pink-cica-soothing-toner-250-ml-kojacy-tonik-do-twarzy\/#breadcrumb","itemListElement":[{"@type":"ListItem","position":1,"name":"Home","item":"https:\/\/selleetools.com\/pl\/"},{"@type":"ListItem","position":2,"name":"Katalog","item":"https:\/\/selleetools.com\/pl\/katalog\/"},{"@type":"ListItem","position":3,"name":"Medicube PDRN Pink Cica Soothing Toner 250 ml &#8211; koj\u0105cy tonik do twarzy"}]}]}},"_links":{"self":[{"href":"https:\/\/admincentral.selleetools.com\/pl\/wp-json\/wp\/v2\/product\/608332"}],"collection":[{"href":"https:\/\/admincentral.selleetools.com\/pl\/wp-json\/wp\/v2\/product"}],"about":[{"href":"https:\/\/admincentral.selleetools.com\/pl\/wp-json\/wp\/v2\/types\/product"}],"replies":[{"embeddable":true,"href":"https:\/\/admincentral.selleetools.com\/pl\/wp-json\/wp\/v2\/comments?post=608332"}],"wp:featuredmedia":[{"embeddable":true,"href":"https:\/\/admincentral.selleetools.com\/pl\/wp-json\/wp\/v2\/media\/608330"}],"wp:attachment":[{"href":"https:\/\/admincentral.selleetools.com\/pl\/wp-json\/wp\/v2\/media?parent=608332"}],"curies":[{"name":"wp","href":"https:\/\/api.w.org\/{rel}","templated":true}]}}