{"id":608344,"date":"2025-10-24T14:17:49","date_gmt":"2025-10-24T12:17:49","guid":{"rendered":"https:\/\/selleetools.com\/?post_type=product&#038;p=608344"},"modified":"2026-02-25T19:15:15","modified_gmt":"2026-02-25T18:15:15","slug":"romnd-bare-layer-palette-01-apricot-mood-14-g-brzoskwiniowa-paleta-cieni-do-powiek-z-rozem","status":"publish","type":"product","link":"https:\/\/admincentral.selleetools.com\/pl\/product\/romnd-bare-layer-palette-01-apricot-mood-14-g-brzoskwiniowa-paleta-cieni-do-powiek-z-rozem\/","title":{"rendered":"rom&#038;nd Bare Layer Palette 01 Apricot Mood 14 g &#8211; brzoskwiniowa paleta cieni do powiek z r\u00f3\u017cem"},"content":{"rendered":"<p>Bare Layer Palette 01 Apricot Mood od rom&#038;nd to dziewcz\u0119ca, s\u0142oneczna kompozycja odcieni w ciep\u0142ej, brzoskwiniowej tonacji. Zestaw zawiera 7 harmonijnie dobranych cieni do powiek oraz 1 subtelny r\u00f3\u017c \u2013 wszystko, czego potrzebujesz do stworzenia codziennego, \u015bwie\u017cego makija\u017cu oka i policzk\u00f3w. Paleta \u0142\u0105czy matowe, satynowe i b\u0142yszcz\u0105ce wyko\u0144czenia, kt\u00f3re mo\u017cesz dowolnie \u0142\u0105czy\u0107 i nak\u0142ada\u0107 warstwowo, osi\u0105gaj\u0105c od bardzo naturalnego po bardziej wyrazisty efekt.<\/p>\n<p>Korzy\u015bci ze stosowania:<br \/>\nLekka, jedwabista formu\u0142a \u2013 \u0142atwo si\u0119 blenduje i nie osypuje.<br \/>\nUniwersalna kolorystyka \u2013 pasuje do jasnych i \u015brednich tonacji sk\u00f3ry.<br \/>\nWielofunkcyjno\u015b\u0107 \u2013 cienie mog\u0105 by\u0107 stosowane tak\u017ce jako r\u00f3\u017c, roz\u015bwietlacz lub cie\u0144 do brwi.<br \/>\nNaturalne, roz\u015bwietlaj\u0105ce wyko\u0144czenie \u2013 idealne na co dzie\u0144.<br \/>\nBogata pigmentacja \u2013 umo\u017cliwia stopniowanie intensywno\u015bci koloru.<br \/>\nZawiera piel\u0119gnuj\u0105ce sk\u0142adniki, m.in. witamin\u0119 E (Tocopherol), oleje i gliceryny o dzia\u0142aniu zmi\u0119kczaj\u0105cym i nawil\u017caj\u0105cym.<\/p>\n<p>Spos\u00f3b u\u017cycia:<br \/>\nNa\u0142\u00f3\u017c ja\u015bniejsze odcienie na ca\u0142\u0105 powiek\u0119 jako baz\u0119.<br \/>\nCiemniejsze kolory aplikuj w za\u0142amaniu powieki lub wzd\u0142u\u017c linii rz\u0119s, aby doda\u0107 g\u0142\u0119bi.<br \/>\nR\u00f3\u017c (np. odcie\u0144 Bare Apricot lub Apricot Jam) delikatnie wklep opuszkami palc\u00f3w lub p\u0119dzlem w \u015brodek policzk\u00f3w.<br \/>\nOdcienie b\u0142yszcz\u0105ce (Champagne Quartz, Dew It Peach) stosuj punktowo jako roz\u015bwietlenie wewn\u0119trznego k\u0105cika oka lub \u015brodka powieki.<\/p>\n","protected":false},"excerpt":{"rendered":"<p>Bare Layer Palette 01 Apricot Mood od rom&#038;nd to dziewcz\u0119ca, s\u0142oneczna kompozycja odcieni w ciep\u0142ej, brzoskwiniowej tonacji. Zestaw zawiera 7 harmonijnie dobranych cieni do powiek oraz 1 subtelny r\u00f3\u017c \u2013 wszystko, czego potrzebujesz do stworzenia codziennego, \u015bwie\u017cego makija\u017cu oka i policzk\u00f3w. Paleta \u0142\u0105czy matowe, satynowe i b\u0142yszcz\u0105ce wyko\u0144czenia, kt\u00f3re mo\u017cesz dowolnie \u0142\u0105czy\u0107 i nak\u0142ada\u0107 warstwowo, &#8230; <a title=\"rom&#038;nd Bare Layer Palette 01 Apricot Mood 14 g &#8211; brzoskwiniowa paleta cieni do powiek z r\u00f3\u017cem\" class=\"read-more\" href=\"https:\/\/admincentral.selleetools.com\/pl\/product\/romnd-bare-layer-palette-01-apricot-mood-14-g-brzoskwiniowa-paleta-cieni-do-powiek-z-rozem\/\">Read more<span class=\"screen-reader-text\">rom&#038;nd Bare Layer Palette 01 Apricot Mood 14 g &#8211; brzoskwiniowa paleta cieni do powiek z r\u00f3\u017cem<\/span><\/a><\/p>\n","protected":false},"featured_media":608342,"comment_status":"open","ping_status":"closed","template":"","meta":{"_links_to":"","_links_to_target":""},"yoast_head":"<!-- This site is optimized with the Yoast SEO plugin v19.4 - https:\/\/yoast.com\/wordpress\/plugins\/seo\/ -->\n<title>rom&amp;nd Bare Layer Palette 01 Apricot Mood 14 g - brzoskwiniowa paleta cieni do powiek z r\u00f3\u017cem - Selleetools.com<\/title>\n<meta name=\"robots\" content=\"index, follow, max-snippet:-1, max-image-preview:large, max-video-preview:-1\" \/>\n<link rel=\"canonical\" href=\"https:\/\/selleetools.com\/product\/romnd-bare-layer-palette-01-apricot-mood-14-g-brzoskwiniowa-paleta-cieni-do-powiek-z-rozem\/\" \/>\n<meta property=\"og:locale\" content=\"pl_PL\" \/>\n<meta property=\"og:type\" content=\"article\" \/>\n<meta property=\"og:title\" content=\"rom&amp;nd Bare Layer Palette 01 Apricot Mood 14 g - brzoskwiniowa paleta cieni do powiek z r\u00f3\u017cem - Selleetools.com\" \/>\n<meta property=\"og:description\" content=\"Bare Layer Palette 01 Apricot Mood od rom&#038;nd to dziewcz\u0119ca, s\u0142oneczna kompozycja odcieni w ciep\u0142ej, brzoskwiniowej tonacji. Zestaw zawiera 7 harmonijnie dobranych cieni do powiek oraz 1 subtelny r\u00f3\u017c \u2013 wszystko, czego potrzebujesz do stworzenia codziennego, \u015bwie\u017cego makija\u017cu oka i policzk\u00f3w. Paleta \u0142\u0105czy matowe, satynowe i b\u0142yszcz\u0105ce wyko\u0144czenia, kt\u00f3re mo\u017cesz dowolnie \u0142\u0105czy\u0107 i nak\u0142ada\u0107 warstwowo, ... Read morerom&#038;nd Bare Layer Palette 01 Apricot Mood 14 g &#8211; brzoskwiniowa paleta cieni do powiek z r\u00f3\u017cem\" \/>\n<meta property=\"og:url\" content=\"https:\/\/selleetools.com\/product\/romnd-bare-layer-palette-01-apricot-mood-14-g-brzoskwiniowa-paleta-cieni-do-powiek-z-rozem\/\" \/>\n<meta property=\"og:site_name\" content=\"Selleetools.com\" \/>\n<meta property=\"article:modified_time\" content=\"2026-02-25T18:15:15+00:00\" \/>\n<meta property=\"og:image\" content=\"https:\/\/selleetools.com\/wp-content\/uploads\/2025\/10\/8b5f0eb09584ba6e43e18cdcb6f679aa.png\" \/>\n\t<meta property=\"og:image:width\" content=\"1080\" \/>\n\t<meta property=\"og:image:height\" content=\"1080\" \/>\n\t<meta property=\"og:image:type\" content=\"image\/png\" \/>\n<meta name=\"twitter:card\" content=\"summary_large_image\" \/>\n<meta name=\"twitter:label1\" content=\"Est. reading time\" \/>\n\t<meta name=\"twitter:data1\" content=\"1 minuta\" \/>\n<!-- \/ Yoast SEO plugin. -->","yoast_head_json":{"title":"rom&nd Bare Layer Palette 01 Apricot Mood 14 g - brzoskwiniowa paleta cieni do powiek z r\u00f3\u017cem - Selleetools.com","robots":{"index":"index","follow":"follow","max-snippet":"max-snippet:-1","max-image-preview":"max-image-preview:large","max-video-preview":"max-video-preview:-1"},"canonical":"https:\/\/selleetools.com\/product\/romnd-bare-layer-palette-01-apricot-mood-14-g-brzoskwiniowa-paleta-cieni-do-powiek-z-rozem\/","og_locale":"pl_PL","og_type":"article","og_title":"rom&nd Bare Layer Palette 01 Apricot Mood 14 g - brzoskwiniowa paleta cieni do powiek z r\u00f3\u017cem - Selleetools.com","og_description":"Bare Layer Palette 01 Apricot Mood od rom&#038;nd to dziewcz\u0119ca, s\u0142oneczna kompozycja odcieni w ciep\u0142ej, brzoskwiniowej tonacji. Zestaw zawiera 7 harmonijnie dobranych cieni do powiek oraz 1 subtelny r\u00f3\u017c \u2013 wszystko, czego potrzebujesz do stworzenia codziennego, \u015bwie\u017cego makija\u017cu oka i policzk\u00f3w. Paleta \u0142\u0105czy matowe, satynowe i b\u0142yszcz\u0105ce wyko\u0144czenia, kt\u00f3re mo\u017cesz dowolnie \u0142\u0105czy\u0107 i nak\u0142ada\u0107 warstwowo, ... Read morerom&#038;nd Bare Layer Palette 01 Apricot Mood 14 g &#8211; brzoskwiniowa paleta cieni do powiek z r\u00f3\u017cem","og_url":"https:\/\/selleetools.com\/product\/romnd-bare-layer-palette-01-apricot-mood-14-g-brzoskwiniowa-paleta-cieni-do-powiek-z-rozem\/","og_site_name":"Selleetools.com","article_modified_time":"2026-02-25T18:15:15+00:00","og_image":[{"width":1080,"height":1080,"url":"https:\/\/selleetools.com\/wp-content\/uploads\/2025\/10\/8b5f0eb09584ba6e43e18cdcb6f679aa.png","type":"image\/png"}],"twitter_card":"summary_large_image","twitter_misc":{"Est. reading time":"1 minuta"},"schema":{"@context":"https:\/\/schema.org","@graph":[{"@type":"Organization","@id":"https:\/\/selleetools.com\/#organization","name":"Selleetools","url":"https:\/\/selleetools.com\/","sameAs":[],"logo":{"@type":"ImageObject","inLanguage":"pl-PL","@id":"https:\/\/selleetools.com\/#\/schema\/logo\/image\/","url":"https:\/\/selleetools.com\/wp-content\/uploads\/2021\/10\/logo-dark.png","contentUrl":"https:\/\/selleetools.com\/wp-content\/uploads\/2021\/10\/logo-dark.png","width":320,"height":76,"caption":"Selleetools"},"image":{"@id":"https:\/\/selleetools.com\/#\/schema\/logo\/image\/"}},{"@type":"WebSite","@id":"https:\/\/selleetools.com\/#website","url":"https:\/\/selleetools.com\/","name":"Selleetools.com","description":"","publisher":{"@id":"https:\/\/selleetools.com\/#organization"},"potentialAction":[{"@type":"SearchAction","target":{"@type":"EntryPoint","urlTemplate":"https:\/\/selleetools.com\/?s={search_term_string}"},"query-input":"required name=search_term_string"}],"inLanguage":"pl-PL"},{"@type":"WebPage","@id":"https:\/\/selleetools.com\/product\/romnd-bare-layer-palette-01-apricot-mood-14-g-brzoskwiniowa-paleta-cieni-do-powiek-z-rozem\/","url":"https:\/\/selleetools.com\/product\/romnd-bare-layer-palette-01-apricot-mood-14-g-brzoskwiniowa-paleta-cieni-do-powiek-z-rozem\/","name":"rom&nd Bare Layer Palette 01 Apricot Mood 14 g - brzoskwiniowa paleta cieni do powiek z r\u00f3\u017cem - Selleetools.com","isPartOf":{"@id":"https:\/\/selleetools.com\/#website"},"datePublished":"2025-10-24T12:17:49+00:00","dateModified":"2026-02-25T18:15:15+00:00","breadcrumb":{"@id":"https:\/\/selleetools.com\/product\/romnd-bare-layer-palette-01-apricot-mood-14-g-brzoskwiniowa-paleta-cieni-do-powiek-z-rozem\/#breadcrumb"},"inLanguage":"pl-PL","potentialAction":[{"@type":"ReadAction","target":["https:\/\/selleetools.com\/product\/romnd-bare-layer-palette-01-apricot-mood-14-g-brzoskwiniowa-paleta-cieni-do-powiek-z-rozem\/"]}]},{"@type":"BreadcrumbList","@id":"https:\/\/selleetools.com\/product\/romnd-bare-layer-palette-01-apricot-mood-14-g-brzoskwiniowa-paleta-cieni-do-powiek-z-rozem\/#breadcrumb","itemListElement":[{"@type":"ListItem","position":1,"name":"Home","item":"https:\/\/selleetools.com\/pl\/"},{"@type":"ListItem","position":2,"name":"Katalog","item":"https:\/\/selleetools.com\/pl\/katalog\/"},{"@type":"ListItem","position":3,"name":"rom&#038;nd Bare Layer Palette 01 Apricot Mood 14 g &#8211; brzoskwiniowa paleta cieni do powiek z r\u00f3\u017cem"}]}]}},"_links":{"self":[{"href":"https:\/\/admincentral.selleetools.com\/pl\/wp-json\/wp\/v2\/product\/608344"}],"collection":[{"href":"https:\/\/admincentral.selleetools.com\/pl\/wp-json\/wp\/v2\/product"}],"about":[{"href":"https:\/\/admincentral.selleetools.com\/pl\/wp-json\/wp\/v2\/types\/product"}],"replies":[{"embeddable":true,"href":"https:\/\/admincentral.selleetools.com\/pl\/wp-json\/wp\/v2\/comments?post=608344"}],"wp:featuredmedia":[{"embeddable":true,"href":"https:\/\/admincentral.selleetools.com\/pl\/wp-json\/wp\/v2\/media\/608342"}],"wp:attachment":[{"href":"https:\/\/admincentral.selleetools.com\/pl\/wp-json\/wp\/v2\/media?parent=608344"}],"curies":[{"name":"wp","href":"https:\/\/api.w.org\/{rel}","templated":true}]}}