{"id":608353,"date":"2025-10-24T14:17:57","date_gmt":"2025-10-24T12:17:57","guid":{"rendered":"https:\/\/selleetools.com\/?post_type=product&#038;p=608353"},"modified":"2025-11-04T21:51:48","modified_gmt":"2025-11-04T20:51:48","slug":"romnd-glasting-water-tint-15-nudy-sundown-4-g-nude-tint-do-ust","status":"publish","type":"product","link":"https:\/\/admincentral.selleetools.com\/pl\/product\/romnd-glasting-water-tint-15-nudy-sundown-4-g-nude-tint-do-ust\/","title":{"rendered":"rom&#038;nd Glasting Water Tint 15. Nudy Sundown 4 g &#8211; nude tint do ust"},"content":{"rendered":"<p>rom&#038;nd Glasting Water Tint w odcieniu 14. Mauve Moon to wyj\u0105tkowy tint do ust o soczystym, \u015bliwkowym kolorze z ch\u0142odnym podtonem. Jego lekka, wodna formu\u0142a otula usta l\u015bni\u0105cym filmem, kt\u00f3ry zapewnia efekt \u201emokrych ust\u201d bez uczucia lepko\u015bci. Po\u0142\u0105czenie pigmentu i transparentnego b\u0142ysku pozwala na stopniowanie intensywno\u015bci koloru \u2013 od subtelnego po pe\u0142ne krycie. Tint zachowuje \u015bwie\u017cy wygl\u0105d przez wiele godzin, stopniowo si\u0119 wch\u0142aniaj\u0105c i pozostawiaj\u0105c trwa\u0142y stain na ustach.<\/p>\n<p>Korzy\u015bci ze stosowania:<br \/>\nNadaje ustom g\u0142\u0119boki, \u015bliwkowy kolor o eleganckim po\u0142ysku.<br \/>\nD\u0142ugotrwa\u0142y efekt bez konieczno\u015bci ci\u0105g\u0142ych poprawek.<br \/>\nWodna formu\u0142a zapewnia komfort noszenia \u2013 bez lepko\u015bci i obci\u0105\u017cenia.<br \/>\nNawil\u017ca i wyg\u0142adza usta dzi\u0119ki obecno\u015bci digliceryny, skwalanu i emolient\u00f3w.<br \/>\nZawiera naturalny ekstrakt ze stewii, kt\u00f3ry wspiera piel\u0119gnacj\u0119 ust.<br \/>\nLuksusowy zapach i estetyczne wyko\u0144czenie makija\u017cu.<\/p>\n<p>Spos\u00f3b u\u017cycia:<br \/>\nNa\u0142\u00f3\u017c produkt aplikatorem bezpo\u015brednio na usta, zaczynaj\u0105c od \u015brodka i rozprowadzaj\u0105c ku kraw\u0119dziom. Dla mocniejszego efektu na\u0142\u00f3\u017c kolejn\u0105 warstw\u0119. Mo\u017cesz te\u017c delikatnie rozetrze\u0107 tint palcem dla uzyskania efektu gradientu.<\/p>\n","protected":false},"excerpt":{"rendered":"<p>rom&#038;nd Glasting Water Tint w odcieniu 14. Mauve Moon to wyj\u0105tkowy tint do ust o soczystym, \u015bliwkowym kolorze z ch\u0142odnym podtonem. Jego lekka, wodna formu\u0142a otula usta l\u015bni\u0105cym filmem, kt\u00f3ry zapewnia efekt \u201emokrych ust\u201d bez uczucia lepko\u015bci. Po\u0142\u0105czenie pigmentu i transparentnego b\u0142ysku pozwala na stopniowanie intensywno\u015bci koloru \u2013 od subtelnego po pe\u0142ne krycie. Tint zachowuje &#8230; <a title=\"rom&#038;nd Glasting Water Tint 15. Nudy Sundown 4 g &#8211; nude tint do ust\" class=\"read-more\" href=\"https:\/\/admincentral.selleetools.com\/pl\/product\/romnd-glasting-water-tint-15-nudy-sundown-4-g-nude-tint-do-ust\/\">Read more<span class=\"screen-reader-text\">rom&#038;nd Glasting Water Tint 15. Nudy Sundown 4 g &#8211; nude tint do ust<\/span><\/a><\/p>\n","protected":false},"featured_media":608351,"comment_status":"open","ping_status":"closed","template":"","meta":{"_links_to":"","_links_to_target":""},"yoast_head":"<!-- This site is optimized with the Yoast SEO plugin v19.4 - https:\/\/yoast.com\/wordpress\/plugins\/seo\/ -->\n<title>rom&amp;nd Glasting Water Tint 15. Nudy Sundown 4 g - nude tint do ust - Selleetools.com<\/title>\n<meta name=\"robots\" content=\"index, follow, max-snippet:-1, max-image-preview:large, max-video-preview:-1\" \/>\n<link rel=\"canonical\" href=\"https:\/\/selleetools.com\/pl\/product\/romnd-glasting-water-tint-15-nudy-sundown-4-g-nude-tint-do-ust\/\" \/>\n<meta property=\"og:locale\" content=\"pl_PL\" \/>\n<meta property=\"og:type\" content=\"article\" \/>\n<meta property=\"og:title\" content=\"rom&amp;nd Glasting Water Tint 15. Nudy Sundown 4 g - nude tint do ust - Selleetools.com\" \/>\n<meta property=\"og:description\" content=\"rom&#038;nd Glasting Water Tint w odcieniu 14. Mauve Moon to wyj\u0105tkowy tint do ust o soczystym, \u015bliwkowym kolorze z ch\u0142odnym podtonem. Jego lekka, wodna formu\u0142a otula usta l\u015bni\u0105cym filmem, kt\u00f3ry zapewnia efekt \u201emokrych ust\u201d bez uczucia lepko\u015bci. Po\u0142\u0105czenie pigmentu i transparentnego b\u0142ysku pozwala na stopniowanie intensywno\u015bci koloru \u2013 od subtelnego po pe\u0142ne krycie. Tint zachowuje ... Read morerom&#038;nd Glasting Water Tint 15. Nudy Sundown 4 g &#8211; nude tint do ust\" \/>\n<meta property=\"og:url\" content=\"https:\/\/selleetools.com\/pl\/product\/romnd-glasting-water-tint-15-nudy-sundown-4-g-nude-tint-do-ust\/\" \/>\n<meta property=\"og:site_name\" content=\"Selleetools.com\" \/>\n<meta property=\"article:modified_time\" content=\"2025-11-04T20:51:48+00:00\" \/>\n<meta property=\"og:image\" content=\"https:\/\/selleetools.com\/wp-content\/uploads\/2025\/10\/9002aee649f06e08535854ca74daab8b.png\" \/>\n\t<meta property=\"og:image:width\" content=\"1080\" \/>\n\t<meta property=\"og:image:height\" content=\"1080\" \/>\n\t<meta property=\"og:image:type\" content=\"image\/png\" \/>\n<meta name=\"twitter:card\" content=\"summary_large_image\" \/>\n<meta name=\"twitter:label1\" content=\"Est. reading time\" \/>\n\t<meta name=\"twitter:data1\" content=\"1 minuta\" \/>\n<!-- \/ Yoast SEO plugin. -->","yoast_head_json":{"title":"rom&nd Glasting Water Tint 15. Nudy Sundown 4 g - nude tint do ust - Selleetools.com","robots":{"index":"index","follow":"follow","max-snippet":"max-snippet:-1","max-image-preview":"max-image-preview:large","max-video-preview":"max-video-preview:-1"},"canonical":"https:\/\/selleetools.com\/pl\/product\/romnd-glasting-water-tint-15-nudy-sundown-4-g-nude-tint-do-ust\/","og_locale":"pl_PL","og_type":"article","og_title":"rom&nd Glasting Water Tint 15. Nudy Sundown 4 g - nude tint do ust - Selleetools.com","og_description":"rom&#038;nd Glasting Water Tint w odcieniu 14. Mauve Moon to wyj\u0105tkowy tint do ust o soczystym, \u015bliwkowym kolorze z ch\u0142odnym podtonem. Jego lekka, wodna formu\u0142a otula usta l\u015bni\u0105cym filmem, kt\u00f3ry zapewnia efekt \u201emokrych ust\u201d bez uczucia lepko\u015bci. Po\u0142\u0105czenie pigmentu i transparentnego b\u0142ysku pozwala na stopniowanie intensywno\u015bci koloru \u2013 od subtelnego po pe\u0142ne krycie. Tint zachowuje ... Read morerom&#038;nd Glasting Water Tint 15. Nudy Sundown 4 g &#8211; nude tint do ust","og_url":"https:\/\/selleetools.com\/pl\/product\/romnd-glasting-water-tint-15-nudy-sundown-4-g-nude-tint-do-ust\/","og_site_name":"Selleetools.com","article_modified_time":"2025-11-04T20:51:48+00:00","og_image":[{"width":1080,"height":1080,"url":"https:\/\/selleetools.com\/wp-content\/uploads\/2025\/10\/9002aee649f06e08535854ca74daab8b.png","type":"image\/png"}],"twitter_card":"summary_large_image","twitter_misc":{"Est. reading time":"1 minuta"},"schema":{"@context":"https:\/\/schema.org","@graph":[{"@type":"Organization","@id":"https:\/\/selleetools.com\/#organization","name":"Selleetools","url":"https:\/\/selleetools.com\/","sameAs":[],"logo":{"@type":"ImageObject","inLanguage":"pl-PL","@id":"https:\/\/selleetools.com\/#\/schema\/logo\/image\/","url":"https:\/\/selleetools.com\/wp-content\/uploads\/2021\/10\/logo-dark.png","contentUrl":"https:\/\/selleetools.com\/wp-content\/uploads\/2021\/10\/logo-dark.png","width":320,"height":76,"caption":"Selleetools"},"image":{"@id":"https:\/\/selleetools.com\/#\/schema\/logo\/image\/"}},{"@type":"WebSite","@id":"https:\/\/selleetools.com\/#website","url":"https:\/\/selleetools.com\/","name":"Selleetools.com","description":"","publisher":{"@id":"https:\/\/selleetools.com\/#organization"},"potentialAction":[{"@type":"SearchAction","target":{"@type":"EntryPoint","urlTemplate":"https:\/\/selleetools.com\/?s={search_term_string}"},"query-input":"required name=search_term_string"}],"inLanguage":"pl-PL"},{"@type":"WebPage","@id":"https:\/\/selleetools.com\/pl\/product\/romnd-glasting-water-tint-15-nudy-sundown-4-g-nude-tint-do-ust\/","url":"https:\/\/selleetools.com\/pl\/product\/romnd-glasting-water-tint-15-nudy-sundown-4-g-nude-tint-do-ust\/","name":"rom&nd Glasting Water Tint 15. Nudy Sundown 4 g - nude tint do ust - Selleetools.com","isPartOf":{"@id":"https:\/\/selleetools.com\/#website"},"datePublished":"2025-10-24T12:17:57+00:00","dateModified":"2025-11-04T20:51:48+00:00","breadcrumb":{"@id":"https:\/\/selleetools.com\/pl\/product\/romnd-glasting-water-tint-15-nudy-sundown-4-g-nude-tint-do-ust\/#breadcrumb"},"inLanguage":"pl-PL","potentialAction":[{"@type":"ReadAction","target":["https:\/\/selleetools.com\/pl\/product\/romnd-glasting-water-tint-15-nudy-sundown-4-g-nude-tint-do-ust\/"]}]},{"@type":"BreadcrumbList","@id":"https:\/\/selleetools.com\/pl\/product\/romnd-glasting-water-tint-15-nudy-sundown-4-g-nude-tint-do-ust\/#breadcrumb","itemListElement":[{"@type":"ListItem","position":1,"name":"Home","item":"https:\/\/selleetools.com\/pl\/"},{"@type":"ListItem","position":2,"name":"Katalog","item":"https:\/\/selleetools.com\/pl\/katalog\/"},{"@type":"ListItem","position":3,"name":"rom&#038;nd Glasting Water Tint 15. Nudy Sundown 4 g &#8211; nude tint do ust"}]}]}},"_links":{"self":[{"href":"https:\/\/admincentral.selleetools.com\/pl\/wp-json\/wp\/v2\/product\/608353"}],"collection":[{"href":"https:\/\/admincentral.selleetools.com\/pl\/wp-json\/wp\/v2\/product"}],"about":[{"href":"https:\/\/admincentral.selleetools.com\/pl\/wp-json\/wp\/v2\/types\/product"}],"replies":[{"embeddable":true,"href":"https:\/\/admincentral.selleetools.com\/pl\/wp-json\/wp\/v2\/comments?post=608353"}],"wp:featuredmedia":[{"embeddable":true,"href":"https:\/\/admincentral.selleetools.com\/pl\/wp-json\/wp\/v2\/media\/608351"}],"wp:attachment":[{"href":"https:\/\/admincentral.selleetools.com\/pl\/wp-json\/wp\/v2\/media?parent=608353"}],"curies":[{"name":"wp","href":"https:\/\/api.w.org\/{rel}","templated":true}]}}