{"id":608359,"date":"2025-10-24T14:18:04","date_gmt":"2025-10-24T12:18:04","guid":{"rendered":"https:\/\/selleetools.com\/?post_type=product&#038;p=608359"},"modified":"2025-11-12T16:00:16","modified_gmt":"2025-11-12T15:00:16","slug":"romnd-zero-matte-lipstick-21-smoked-beige-3-g-bezowa-matowa-pomadka-do-ust","status":"publish","type":"product","link":"https:\/\/admincentral.selleetools.com\/pl\/product\/romnd-zero-matte-lipstick-21-smoked-beige-3-g-bezowa-matowa-pomadka-do-ust\/","title":{"rendered":"rom&#038;nd Zero Matte Lipstick 21 Smoked Beige 3 g &#8211; be\u017cowa matowa pomadka do ust"},"content":{"rendered":"<p>rom&#038;nd Zero Matte Lipstick w odcieniu 21 Smoked Beige to elegancka, matowa pomadka w subtelnym, be\u017cowym tonie, kt\u00f3ry doskonale podkre\u015bla naturalne pi\u0119kno ust. Kremowa, lekka konsystencja zapewnia komfortow\u0105 aplikacj\u0119 bez uczucia sucho\u015bci czy obci\u0105\u017cenia. Formu\u0142a zosta\u0142a opracowana z my\u015bl\u0105 o d\u0142ugotrwa\u0142ym efekcie i satynowo-matowym wyko\u0144czeniu, kt\u00f3re wygl\u0105da naturalnie, a zarazem z klas\u0105.<\/p>\n<p>Korzy\u015bci ze stosowania<br \/>\nMatowe, ale komfortowe wyko\u0144czenie \u2013 dzi\u0119ki po\u0142\u0105czeniu silikon\u00f3w i lekkich olej\u00f3w, pomadka nie wysusza ust i pozostaje wygodna przez ca\u0142y dzie\u0144.<br \/>\nSubtelny, uniwersalny odcie\u0144 \u2013 be\u017c z nut\u0105 przygaszonego r\u00f3\u017cu idealnie sprawdzi si\u0119 na co dzie\u0144 i do makija\u017cu typu &#8220;no-makeup&#8221;.<br \/>\nBogata piel\u0119gnacja \u2013 zawiera wyci\u0105g z nasion bawe\u0142ny, gliceryn\u0119, hialuronian sodu i witamin\u0119 E (tokoferol), kt\u00f3re pomagaj\u0105 nawil\u017ca\u0107, zmi\u0119kcza\u0107 i chroni\u0107 delikatn\u0105 sk\u00f3r\u0119 ust.<br \/>\nPrecyzyjna aplikacja \u2013 sztyft o idealnej twardo\u015bci pozwala na dok\u0142adne podkre\u015blenie konturu bez konieczno\u015bci u\u017cycia kontur\u00f3wki.<br \/>\nTrwa\u0142a formu\u0142a \u2013 formu\u0142a odporna na \u015bcieranie pozwala cieszy\u0107 si\u0119 kolorem przez wiele godzin bez poprawek.<\/p>\n<p>Spos\u00f3b u\u017cycia<br \/>\nNa\u0142\u00f3\u017c pomadk\u0119 bezpo\u015brednio na czyste, suche usta, zaczynaj\u0105c od \u015brodka i rozprowadzaj\u0105c ku k\u0105cikom. Dla subtelniejszego efektu mo\u017cesz delikatnie wklepa\u0107 produkt opuszkami palc\u00f3w. Aby uzyska\u0107 pe\u0142niejsze krycie i precyzyjny kontur, u\u017cyj p\u0119dzelka do ust.<\/p>\n","protected":false},"excerpt":{"rendered":"<p>rom&#038;nd Zero Matte Lipstick w odcieniu 21 Smoked Beige to elegancka, matowa pomadka w subtelnym, be\u017cowym tonie, kt\u00f3ry doskonale podkre\u015bla naturalne pi\u0119kno ust. Kremowa, lekka konsystencja zapewnia komfortow\u0105 aplikacj\u0119 bez uczucia sucho\u015bci czy obci\u0105\u017cenia. Formu\u0142a zosta\u0142a opracowana z my\u015bl\u0105 o d\u0142ugotrwa\u0142ym efekcie i satynowo-matowym wyko\u0144czeniu, kt\u00f3re wygl\u0105da naturalnie, a zarazem z klas\u0105. Korzy\u015bci ze stosowania &#8230; <a title=\"rom&#038;nd Zero Matte Lipstick 21 Smoked Beige 3 g &#8211; be\u017cowa matowa pomadka do ust\" class=\"read-more\" href=\"https:\/\/admincentral.selleetools.com\/pl\/product\/romnd-zero-matte-lipstick-21-smoked-beige-3-g-bezowa-matowa-pomadka-do-ust\/\">Read more<span class=\"screen-reader-text\">rom&#038;nd Zero Matte Lipstick 21 Smoked Beige 3 g &#8211; be\u017cowa matowa pomadka do ust<\/span><\/a><\/p>\n","protected":false},"featured_media":608357,"comment_status":"open","ping_status":"closed","template":"","meta":{"_links_to":"","_links_to_target":""},"yoast_head":"<!-- This site is optimized with the Yoast SEO plugin v19.4 - https:\/\/yoast.com\/wordpress\/plugins\/seo\/ -->\n<title>rom&amp;nd Zero Matte Lipstick 21 Smoked Beige 3 g - be\u017cowa matowa pomadka do ust - Selleetools.com<\/title>\n<meta name=\"robots\" content=\"index, follow, max-snippet:-1, max-image-preview:large, max-video-preview:-1\" \/>\n<link rel=\"canonical\" href=\"https:\/\/selleetools.com\/product\/romnd-zero-matte-lipstick-21-smoked-beige-3-g-bezowa-matowa-pomadka-do-ust\/\" \/>\n<meta property=\"og:locale\" content=\"pl_PL\" \/>\n<meta property=\"og:type\" content=\"article\" \/>\n<meta property=\"og:title\" content=\"rom&amp;nd Zero Matte Lipstick 21 Smoked Beige 3 g - be\u017cowa matowa pomadka do ust - Selleetools.com\" \/>\n<meta property=\"og:description\" content=\"rom&#038;nd Zero Matte Lipstick w odcieniu 21 Smoked Beige to elegancka, matowa pomadka w subtelnym, be\u017cowym tonie, kt\u00f3ry doskonale podkre\u015bla naturalne pi\u0119kno ust. Kremowa, lekka konsystencja zapewnia komfortow\u0105 aplikacj\u0119 bez uczucia sucho\u015bci czy obci\u0105\u017cenia. Formu\u0142a zosta\u0142a opracowana z my\u015bl\u0105 o d\u0142ugotrwa\u0142ym efekcie i satynowo-matowym wyko\u0144czeniu, kt\u00f3re wygl\u0105da naturalnie, a zarazem z klas\u0105. Korzy\u015bci ze stosowania ... Read morerom&#038;nd Zero Matte Lipstick 21 Smoked Beige 3 g &#8211; be\u017cowa matowa pomadka do ust\" \/>\n<meta property=\"og:url\" content=\"https:\/\/selleetools.com\/product\/romnd-zero-matte-lipstick-21-smoked-beige-3-g-bezowa-matowa-pomadka-do-ust\/\" \/>\n<meta property=\"og:site_name\" content=\"Selleetools.com\" \/>\n<meta property=\"article:modified_time\" content=\"2025-11-12T15:00:16+00:00\" \/>\n<meta property=\"og:image\" content=\"https:\/\/selleetools.com\/wp-content\/uploads\/2025\/10\/cf0dd8ab8395c96b5c6a8e01d2b49fa3.png\" \/>\n\t<meta property=\"og:image:width\" content=\"1080\" \/>\n\t<meta property=\"og:image:height\" content=\"1080\" \/>\n\t<meta property=\"og:image:type\" content=\"image\/png\" \/>\n<meta name=\"twitter:card\" content=\"summary_large_image\" \/>\n<meta name=\"twitter:label1\" content=\"Est. reading time\" \/>\n\t<meta name=\"twitter:data1\" content=\"1 minuta\" \/>\n<!-- \/ Yoast SEO plugin. -->","yoast_head_json":{"title":"rom&nd Zero Matte Lipstick 21 Smoked Beige 3 g - be\u017cowa matowa pomadka do ust - Selleetools.com","robots":{"index":"index","follow":"follow","max-snippet":"max-snippet:-1","max-image-preview":"max-image-preview:large","max-video-preview":"max-video-preview:-1"},"canonical":"https:\/\/selleetools.com\/product\/romnd-zero-matte-lipstick-21-smoked-beige-3-g-bezowa-matowa-pomadka-do-ust\/","og_locale":"pl_PL","og_type":"article","og_title":"rom&nd Zero Matte Lipstick 21 Smoked Beige 3 g - be\u017cowa matowa pomadka do ust - Selleetools.com","og_description":"rom&#038;nd Zero Matte Lipstick w odcieniu 21 Smoked Beige to elegancka, matowa pomadka w subtelnym, be\u017cowym tonie, kt\u00f3ry doskonale podkre\u015bla naturalne pi\u0119kno ust. Kremowa, lekka konsystencja zapewnia komfortow\u0105 aplikacj\u0119 bez uczucia sucho\u015bci czy obci\u0105\u017cenia. Formu\u0142a zosta\u0142a opracowana z my\u015bl\u0105 o d\u0142ugotrwa\u0142ym efekcie i satynowo-matowym wyko\u0144czeniu, kt\u00f3re wygl\u0105da naturalnie, a zarazem z klas\u0105. Korzy\u015bci ze stosowania ... Read morerom&#038;nd Zero Matte Lipstick 21 Smoked Beige 3 g &#8211; be\u017cowa matowa pomadka do ust","og_url":"https:\/\/selleetools.com\/product\/romnd-zero-matte-lipstick-21-smoked-beige-3-g-bezowa-matowa-pomadka-do-ust\/","og_site_name":"Selleetools.com","article_modified_time":"2025-11-12T15:00:16+00:00","og_image":[{"width":1080,"height":1080,"url":"https:\/\/selleetools.com\/wp-content\/uploads\/2025\/10\/cf0dd8ab8395c96b5c6a8e01d2b49fa3.png","type":"image\/png"}],"twitter_card":"summary_large_image","twitter_misc":{"Est. reading time":"1 minuta"},"schema":{"@context":"https:\/\/schema.org","@graph":[{"@type":"Organization","@id":"https:\/\/selleetools.com\/#organization","name":"Selleetools","url":"https:\/\/selleetools.com\/","sameAs":[],"logo":{"@type":"ImageObject","inLanguage":"pl-PL","@id":"https:\/\/selleetools.com\/#\/schema\/logo\/image\/","url":"https:\/\/selleetools.com\/wp-content\/uploads\/2021\/10\/logo-dark.png","contentUrl":"https:\/\/selleetools.com\/wp-content\/uploads\/2021\/10\/logo-dark.png","width":320,"height":76,"caption":"Selleetools"},"image":{"@id":"https:\/\/selleetools.com\/#\/schema\/logo\/image\/"}},{"@type":"WebSite","@id":"https:\/\/selleetools.com\/#website","url":"https:\/\/selleetools.com\/","name":"Selleetools.com","description":"","publisher":{"@id":"https:\/\/selleetools.com\/#organization"},"potentialAction":[{"@type":"SearchAction","target":{"@type":"EntryPoint","urlTemplate":"https:\/\/selleetools.com\/?s={search_term_string}"},"query-input":"required name=search_term_string"}],"inLanguage":"pl-PL"},{"@type":"WebPage","@id":"https:\/\/selleetools.com\/product\/romnd-zero-matte-lipstick-21-smoked-beige-3-g-bezowa-matowa-pomadka-do-ust\/","url":"https:\/\/selleetools.com\/product\/romnd-zero-matte-lipstick-21-smoked-beige-3-g-bezowa-matowa-pomadka-do-ust\/","name":"rom&nd Zero Matte Lipstick 21 Smoked Beige 3 g - be\u017cowa matowa pomadka do ust - Selleetools.com","isPartOf":{"@id":"https:\/\/selleetools.com\/#website"},"datePublished":"2025-10-24T12:18:04+00:00","dateModified":"2025-11-12T15:00:16+00:00","breadcrumb":{"@id":"https:\/\/selleetools.com\/product\/romnd-zero-matte-lipstick-21-smoked-beige-3-g-bezowa-matowa-pomadka-do-ust\/#breadcrumb"},"inLanguage":"pl-PL","potentialAction":[{"@type":"ReadAction","target":["https:\/\/selleetools.com\/product\/romnd-zero-matte-lipstick-21-smoked-beige-3-g-bezowa-matowa-pomadka-do-ust\/"]}]},{"@type":"BreadcrumbList","@id":"https:\/\/selleetools.com\/product\/romnd-zero-matte-lipstick-21-smoked-beige-3-g-bezowa-matowa-pomadka-do-ust\/#breadcrumb","itemListElement":[{"@type":"ListItem","position":1,"name":"Home","item":"https:\/\/selleetools.com\/pl\/"},{"@type":"ListItem","position":2,"name":"Katalog","item":"https:\/\/selleetools.com\/pl\/katalog\/"},{"@type":"ListItem","position":3,"name":"rom&#038;nd Zero Matte Lipstick 21 Smoked Beige 3 g &#8211; be\u017cowa matowa pomadka do ust"}]}]}},"_links":{"self":[{"href":"https:\/\/admincentral.selleetools.com\/pl\/wp-json\/wp\/v2\/product\/608359"}],"collection":[{"href":"https:\/\/admincentral.selleetools.com\/pl\/wp-json\/wp\/v2\/product"}],"about":[{"href":"https:\/\/admincentral.selleetools.com\/pl\/wp-json\/wp\/v2\/types\/product"}],"replies":[{"embeddable":true,"href":"https:\/\/admincentral.selleetools.com\/pl\/wp-json\/wp\/v2\/comments?post=608359"}],"wp:featuredmedia":[{"embeddable":true,"href":"https:\/\/admincentral.selleetools.com\/pl\/wp-json\/wp\/v2\/media\/608357"}],"wp:attachment":[{"href":"https:\/\/admincentral.selleetools.com\/pl\/wp-json\/wp\/v2\/media?parent=608359"}],"curies":[{"name":"wp","href":"https:\/\/api.w.org\/{rel}","templated":true}]}}