{"id":608362,"date":"2025-10-24T14:18:07","date_gmt":"2025-10-24T12:18:07","guid":{"rendered":"https:\/\/selleetools.com\/?post_type=product&#038;p=608362"},"modified":"2025-11-04T21:52:04","modified_gmt":"2025-11-04T20:52:04","slug":"romnd-better-than-palette-13-odd-breeze-garden-8-3-g-paleta-rozowo-bezowych-cieni-do-powiek","status":"publish","type":"product","link":"https:\/\/admincentral.selleetools.com\/pl\/product\/romnd-better-than-palette-13-odd-breeze-garden-8-3-g-paleta-rozowo-bezowych-cieni-do-powiek\/","title":{"rendered":"rom&#038;nd Better Than Palette 13 Odd Breeze Garden 8.3 g &#8211; paleta r\u00f3\u017cowo-be\u017cowych cieni do powiek"},"content":{"rendered":"<p>Zanurz si\u0119 w subtelnym pi\u0119knie przygaszonych ton\u00f3w z palet\u0105 cieni rom&#038;nd Better Than Palette 13 Odd Breeze Garden. Dziesi\u0119\u0107 starannie dobranych odcieni w r\u00f3\u017cowo-be\u017cowej tonacji \u2013 od zgaszonych pasteli po g\u0142\u0119bokie, ch\u0142odne br\u0105zy \u2013 tworzy idealn\u0105 kompozycj\u0119 do codziennego i wieczorowego makija\u017cu. Paleta \u0142\u0105czy matowe, satynowe i b\u0142yszcz\u0105ce formu\u0142y, kt\u00f3re pozwalaj\u0105 na swobodne \u0142\u0105czenie i budowanie intensywno\u015bci koloru. Inspirowana spokojem jesiennego ogrodu, Odd Breeze Garden zachwyca romantycznym nastrojem i uniwersalno\u015bci\u0105 barw.<\/p>\n<p>Korzy\u015bci ze stosowania:<br \/>\nBogata paleta kolor\u00f3w \u2013 idealna do tworzenia zar\u00f3wno naturalnych, jak i bardziej wyrazistych makija\u017cy.<br \/>\nWysoka jako\u015b\u0107 pigment\u00f3w \u2013 intensywny kolor ju\u017c przy pierwszym poci\u0105gni\u0119ciu p\u0119dzla.<br \/>\n\u0141atwe blendowanie \u2013 mi\u0119kkie formu\u0142y g\u0142adko si\u0119 rozcieraj\u0105, nie tworz\u0105c plam ani smug.<br \/>\nWielowymiarowe wyko\u0144czenia \u2013 po\u0142\u0105czenie mat\u00f3w, b\u0142ysk\u00f3w i brokatowych refleks\u00f3w dodaje g\u0142\u0119bi spojrzeniu.<br \/>\nPrzyjazna dla sk\u00f3ry formu\u0142a \u2013 wzbogacona m.in. o olej z orzech\u00f3w makadamia i sk\u0142adniki o w\u0142a\u015bciwo\u015bciach nawil\u017caj\u0105cych.<\/p>\n<p>Spos\u00f3b u\u017cycia:<br \/>\nAplikuj cienie bezpo\u015brednio na powiek\u0119 przy pomocy p\u0119dzla lub opuszka palca. Jasne odcienie stosuj jako baz\u0119 lub do roz\u015bwietlenia k\u0105cik\u00f3w oczu i \u0142uku brwiowego. \u015arednie i ciemniejsze kolory nanie\u015b w za\u0142amanie powieki lub wzd\u0142u\u017c linii rz\u0119s dla nadania g\u0142\u0119bi. Cienie b\u0142yszcz\u0105ce nak\u0142adaj punktowo na \u015brodek powieki dla efektu \u015bwietlistego rozb\u0142ysku. Mieszaj i \u0142\u0105cz kolory wedle uznania, tworz\u0105c makija\u017c dopasowany do ka\u017cdej okazji.<\/p>\n","protected":false},"excerpt":{"rendered":"<p>Zanurz si\u0119 w subtelnym pi\u0119knie przygaszonych ton\u00f3w z palet\u0105 cieni rom&#038;nd Better Than Palette 13 Odd Breeze Garden. Dziesi\u0119\u0107 starannie dobranych odcieni w r\u00f3\u017cowo-be\u017cowej tonacji \u2013 od zgaszonych pasteli po g\u0142\u0119bokie, ch\u0142odne br\u0105zy \u2013 tworzy idealn\u0105 kompozycj\u0119 do codziennego i wieczorowego makija\u017cu. Paleta \u0142\u0105czy matowe, satynowe i b\u0142yszcz\u0105ce formu\u0142y, kt\u00f3re pozwalaj\u0105 na swobodne \u0142\u0105czenie i &#8230; <a title=\"rom&#038;nd Better Than Palette 13 Odd Breeze Garden 8.3 g &#8211; paleta r\u00f3\u017cowo-be\u017cowych cieni do powiek\" class=\"read-more\" href=\"https:\/\/admincentral.selleetools.com\/pl\/product\/romnd-better-than-palette-13-odd-breeze-garden-8-3-g-paleta-rozowo-bezowych-cieni-do-powiek\/\">Read more<span class=\"screen-reader-text\">rom&#038;nd Better Than Palette 13 Odd Breeze Garden 8.3 g &#8211; paleta r\u00f3\u017cowo-be\u017cowych cieni do powiek<\/span><\/a><\/p>\n","protected":false},"featured_media":608360,"comment_status":"open","ping_status":"closed","template":"","meta":{"_links_to":"","_links_to_target":""},"yoast_head":"<!-- This site is optimized with the Yoast SEO plugin v19.4 - https:\/\/yoast.com\/wordpress\/plugins\/seo\/ -->\n<title>rom&amp;nd Better Than Palette 13 Odd Breeze Garden 8.3 g - paleta r\u00f3\u017cowo-be\u017cowych cieni do powiek - Selleetools.com<\/title>\n<meta name=\"robots\" content=\"index, follow, max-snippet:-1, max-image-preview:large, max-video-preview:-1\" \/>\n<link rel=\"canonical\" href=\"https:\/\/selleetools.com\/product\/romnd-better-than-palette-13-odd-breeze-garden-8-3-g-paleta-rozowo-bezowych-cieni-do-powiek\/\" \/>\n<meta property=\"og:locale\" content=\"pl_PL\" \/>\n<meta property=\"og:type\" content=\"article\" \/>\n<meta property=\"og:title\" content=\"rom&amp;nd Better Than Palette 13 Odd Breeze Garden 8.3 g - paleta r\u00f3\u017cowo-be\u017cowych cieni do powiek - Selleetools.com\" \/>\n<meta property=\"og:description\" content=\"Zanurz si\u0119 w subtelnym pi\u0119knie przygaszonych ton\u00f3w z palet\u0105 cieni rom&#038;nd Better Than Palette 13 Odd Breeze Garden. Dziesi\u0119\u0107 starannie dobranych odcieni w r\u00f3\u017cowo-be\u017cowej tonacji \u2013 od zgaszonych pasteli po g\u0142\u0119bokie, ch\u0142odne br\u0105zy \u2013 tworzy idealn\u0105 kompozycj\u0119 do codziennego i wieczorowego makija\u017cu. Paleta \u0142\u0105czy matowe, satynowe i b\u0142yszcz\u0105ce formu\u0142y, kt\u00f3re pozwalaj\u0105 na swobodne \u0142\u0105czenie i ... Read morerom&#038;nd Better Than Palette 13 Odd Breeze Garden 8.3 g &#8211; paleta r\u00f3\u017cowo-be\u017cowych cieni do powiek\" \/>\n<meta property=\"og:url\" content=\"https:\/\/selleetools.com\/product\/romnd-better-than-palette-13-odd-breeze-garden-8-3-g-paleta-rozowo-bezowych-cieni-do-powiek\/\" \/>\n<meta property=\"og:site_name\" content=\"Selleetools.com\" \/>\n<meta property=\"article:modified_time\" content=\"2025-11-04T20:52:04+00:00\" \/>\n<meta property=\"og:image\" content=\"https:\/\/selleetools.com\/wp-content\/uploads\/2025\/10\/af2d45eaf851dca1cd5b90f04dce0b7b.png\" \/>\n\t<meta property=\"og:image:width\" content=\"1080\" \/>\n\t<meta property=\"og:image:height\" content=\"1080\" \/>\n\t<meta property=\"og:image:type\" content=\"image\/png\" \/>\n<meta name=\"twitter:card\" content=\"summary_large_image\" \/>\n<meta name=\"twitter:label1\" content=\"Est. reading time\" \/>\n\t<meta name=\"twitter:data1\" content=\"1 minuta\" \/>\n<!-- \/ Yoast SEO plugin. -->","yoast_head_json":{"title":"rom&nd Better Than Palette 13 Odd Breeze Garden 8.3 g - paleta r\u00f3\u017cowo-be\u017cowych cieni do powiek - Selleetools.com","robots":{"index":"index","follow":"follow","max-snippet":"max-snippet:-1","max-image-preview":"max-image-preview:large","max-video-preview":"max-video-preview:-1"},"canonical":"https:\/\/selleetools.com\/product\/romnd-better-than-palette-13-odd-breeze-garden-8-3-g-paleta-rozowo-bezowych-cieni-do-powiek\/","og_locale":"pl_PL","og_type":"article","og_title":"rom&nd Better Than Palette 13 Odd Breeze Garden 8.3 g - paleta r\u00f3\u017cowo-be\u017cowych cieni do powiek - Selleetools.com","og_description":"Zanurz si\u0119 w subtelnym pi\u0119knie przygaszonych ton\u00f3w z palet\u0105 cieni rom&#038;nd Better Than Palette 13 Odd Breeze Garden. Dziesi\u0119\u0107 starannie dobranych odcieni w r\u00f3\u017cowo-be\u017cowej tonacji \u2013 od zgaszonych pasteli po g\u0142\u0119bokie, ch\u0142odne br\u0105zy \u2013 tworzy idealn\u0105 kompozycj\u0119 do codziennego i wieczorowego makija\u017cu. Paleta \u0142\u0105czy matowe, satynowe i b\u0142yszcz\u0105ce formu\u0142y, kt\u00f3re pozwalaj\u0105 na swobodne \u0142\u0105czenie i ... Read morerom&#038;nd Better Than Palette 13 Odd Breeze Garden 8.3 g &#8211; paleta r\u00f3\u017cowo-be\u017cowych cieni do powiek","og_url":"https:\/\/selleetools.com\/product\/romnd-better-than-palette-13-odd-breeze-garden-8-3-g-paleta-rozowo-bezowych-cieni-do-powiek\/","og_site_name":"Selleetools.com","article_modified_time":"2025-11-04T20:52:04+00:00","og_image":[{"width":1080,"height":1080,"url":"https:\/\/selleetools.com\/wp-content\/uploads\/2025\/10\/af2d45eaf851dca1cd5b90f04dce0b7b.png","type":"image\/png"}],"twitter_card":"summary_large_image","twitter_misc":{"Est. reading time":"1 minuta"},"schema":{"@context":"https:\/\/schema.org","@graph":[{"@type":"Organization","@id":"https:\/\/selleetools.com\/#organization","name":"Selleetools","url":"https:\/\/selleetools.com\/","sameAs":[],"logo":{"@type":"ImageObject","inLanguage":"pl-PL","@id":"https:\/\/selleetools.com\/#\/schema\/logo\/image\/","url":"https:\/\/selleetools.com\/wp-content\/uploads\/2021\/10\/logo-dark.png","contentUrl":"https:\/\/selleetools.com\/wp-content\/uploads\/2021\/10\/logo-dark.png","width":320,"height":76,"caption":"Selleetools"},"image":{"@id":"https:\/\/selleetools.com\/#\/schema\/logo\/image\/"}},{"@type":"WebSite","@id":"https:\/\/selleetools.com\/#website","url":"https:\/\/selleetools.com\/","name":"Selleetools.com","description":"","publisher":{"@id":"https:\/\/selleetools.com\/#organization"},"potentialAction":[{"@type":"SearchAction","target":{"@type":"EntryPoint","urlTemplate":"https:\/\/selleetools.com\/?s={search_term_string}"},"query-input":"required name=search_term_string"}],"inLanguage":"pl-PL"},{"@type":"WebPage","@id":"https:\/\/selleetools.com\/product\/romnd-better-than-palette-13-odd-breeze-garden-8-3-g-paleta-rozowo-bezowych-cieni-do-powiek\/","url":"https:\/\/selleetools.com\/product\/romnd-better-than-palette-13-odd-breeze-garden-8-3-g-paleta-rozowo-bezowych-cieni-do-powiek\/","name":"rom&nd Better Than Palette 13 Odd Breeze Garden 8.3 g - paleta r\u00f3\u017cowo-be\u017cowych cieni do powiek - Selleetools.com","isPartOf":{"@id":"https:\/\/selleetools.com\/#website"},"datePublished":"2025-10-24T12:18:07+00:00","dateModified":"2025-11-04T20:52:04+00:00","breadcrumb":{"@id":"https:\/\/selleetools.com\/product\/romnd-better-than-palette-13-odd-breeze-garden-8-3-g-paleta-rozowo-bezowych-cieni-do-powiek\/#breadcrumb"},"inLanguage":"pl-PL","potentialAction":[{"@type":"ReadAction","target":["https:\/\/selleetools.com\/product\/romnd-better-than-palette-13-odd-breeze-garden-8-3-g-paleta-rozowo-bezowych-cieni-do-powiek\/"]}]},{"@type":"BreadcrumbList","@id":"https:\/\/selleetools.com\/product\/romnd-better-than-palette-13-odd-breeze-garden-8-3-g-paleta-rozowo-bezowych-cieni-do-powiek\/#breadcrumb","itemListElement":[{"@type":"ListItem","position":1,"name":"Home","item":"https:\/\/selleetools.com\/pl\/"},{"@type":"ListItem","position":2,"name":"Katalog","item":"https:\/\/selleetools.com\/pl\/katalog\/"},{"@type":"ListItem","position":3,"name":"rom&#038;nd Better Than Palette 13 Odd Breeze Garden 8.3 g &#8211; paleta r\u00f3\u017cowo-be\u017cowych cieni do powiek"}]}]}},"_links":{"self":[{"href":"https:\/\/admincentral.selleetools.com\/pl\/wp-json\/wp\/v2\/product\/608362"}],"collection":[{"href":"https:\/\/admincentral.selleetools.com\/pl\/wp-json\/wp\/v2\/product"}],"about":[{"href":"https:\/\/admincentral.selleetools.com\/pl\/wp-json\/wp\/v2\/types\/product"}],"replies":[{"embeddable":true,"href":"https:\/\/admincentral.selleetools.com\/pl\/wp-json\/wp\/v2\/comments?post=608362"}],"wp:featuredmedia":[{"embeddable":true,"href":"https:\/\/admincentral.selleetools.com\/pl\/wp-json\/wp\/v2\/media\/608360"}],"wp:attachment":[{"href":"https:\/\/admincentral.selleetools.com\/pl\/wp-json\/wp\/v2\/media?parent=608362"}],"curies":[{"name":"wp","href":"https:\/\/api.w.org\/{rel}","templated":true}]}}