{"id":608368,"date":"2025-10-24T14:18:14","date_gmt":"2025-10-24T12:18:14","guid":{"rendered":"https:\/\/selleetools.com\/?post_type=product&#038;p=608368"},"modified":"2025-11-04T21:52:27","modified_gmt":"2025-11-04T20:52:27","slug":"medicube-kojic-acid-turmeric-brightening-gel-mask-28-g-zelowa-maseczka-rozjasniajaca","status":"publish","type":"product","link":"https:\/\/admincentral.selleetools.com\/pl\/product\/medicube-kojic-acid-turmeric-brightening-gel-mask-28-g-zelowa-maseczka-rozjasniajaca\/","title":{"rendered":"Medicube Kojic Acid Turmeric Brightening Gel Mask 28 g &#8211; \u017celowa maseczka rozja\u015bniaj\u0105ca"},"content":{"rendered":"<p>Odkryj si\u0142\u0119 roz\u015bwietlaj\u0105cej piel\u0119gnacji z \u017celow\u0105 maseczk\u0105 Medicube Kojic Acid Turmeric Brightening Gel Mask. Ta p\u00f3\u0142przezroczysta maseczka o delikatnie bursztynowym kolorze otula sk\u00f3r\u0119 ch\u0142odz\u0105c\u0105 warstw\u0105 \u017celu, przynosz\u0105c natychmiastowe uczucie ukojenia. Formu\u0142a \u0142\u0105czy kurkum\u0119, kwas kojowy i niacynamid, dzia\u0142aj\u0105c wielopoziomowo na przebarwienia i nier\u00f3wnomierny koloryt. Idealna dla sk\u00f3ry zm\u0119czonej, poszarza\u0142ej oraz ze sk\u0142onno\u015bci\u0105 do plam pigmentacyjnych.<\/p>\n<p>Korzy\u015bci ze stosowania:<br \/>\nWidoczne rozja\u015bnienie przebarwie\u0144 i ujednolicenie kolorytu sk\u00f3ry<br \/>\nDzia\u0142anie przeciwutleniaj\u0105ce i \u0142agodz\u0105ce dzi\u0119ki zawarto\u015bci kurkumy i allantoiny<br \/>\nPoprawa elastyczno\u015bci i nawil\u017cenia sk\u00f3ry dzi\u0119ki hydrolizowanemu kolagenowi i ceramidom<br \/>\nDelikatne dzia\u0142anie eksfoliuj\u0105ce i wyg\u0142adzaj\u0105ce bez podra\u017cnie\u0144<br \/>\nWsparcie dla sk\u00f3ry dojrza\u0142ej dzi\u0119ki retinolowi i witaminie C (ascorbinian)<\/p>\n<p>Spos\u00f3b u\u017cycia:<br \/>\nNa\u0142\u00f3\u017c r\u00f3wnomiernie cienk\u0105 warstw\u0119 maseczki na oczyszczon\u0105 i such\u0105 sk\u00f3r\u0119 twarzy, omijaj\u0105c okolice oczu i ust. Pozostaw na 15\u201320 minut, nast\u0119pnie sp\u0142ucz letni\u0105 wod\u0105. Stosuj 2\u20133 razy w tygodniu, w zale\u017cno\u015bci od potrzeb sk\u00f3ry.<\/p>\n","protected":false},"excerpt":{"rendered":"<p>Odkryj si\u0142\u0119 roz\u015bwietlaj\u0105cej piel\u0119gnacji z \u017celow\u0105 maseczk\u0105 Medicube Kojic Acid Turmeric Brightening Gel Mask. Ta p\u00f3\u0142przezroczysta maseczka o delikatnie bursztynowym kolorze otula sk\u00f3r\u0119 ch\u0142odz\u0105c\u0105 warstw\u0105 \u017celu, przynosz\u0105c natychmiastowe uczucie ukojenia. Formu\u0142a \u0142\u0105czy kurkum\u0119, kwas kojowy i niacynamid, dzia\u0142aj\u0105c wielopoziomowo na przebarwienia i nier\u00f3wnomierny koloryt. Idealna dla sk\u00f3ry zm\u0119czonej, poszarza\u0142ej oraz ze sk\u0142onno\u015bci\u0105 do plam pigmentacyjnych. &#8230; <a title=\"Medicube Kojic Acid Turmeric Brightening Gel Mask 28 g &#8211; \u017celowa maseczka rozja\u015bniaj\u0105ca\" class=\"read-more\" href=\"https:\/\/admincentral.selleetools.com\/pl\/product\/medicube-kojic-acid-turmeric-brightening-gel-mask-28-g-zelowa-maseczka-rozjasniajaca\/\">Read more<span class=\"screen-reader-text\">Medicube Kojic Acid Turmeric Brightening Gel Mask 28 g &#8211; \u017celowa maseczka rozja\u015bniaj\u0105ca<\/span><\/a><\/p>\n","protected":false},"featured_media":608366,"comment_status":"open","ping_status":"closed","template":"","meta":{"_links_to":"","_links_to_target":""},"yoast_head":"<!-- This site is optimized with the Yoast SEO plugin v19.4 - https:\/\/yoast.com\/wordpress\/plugins\/seo\/ -->\n<title>Medicube Kojic Acid Turmeric Brightening Gel Mask 28 g - \u017celowa maseczka rozja\u015bniaj\u0105ca - Selleetools.com<\/title>\n<meta name=\"robots\" content=\"index, follow, max-snippet:-1, max-image-preview:large, max-video-preview:-1\" \/>\n<link rel=\"canonical\" href=\"https:\/\/selleetools.com\/pl\/product\/medicube-kojic-acid-turmeric-brightening-gel-mask-28-g-zelowa-maseczka-rozjasniajaca\/\" \/>\n<meta property=\"og:locale\" content=\"pl_PL\" \/>\n<meta property=\"og:type\" content=\"article\" \/>\n<meta property=\"og:title\" content=\"Medicube Kojic Acid Turmeric Brightening Gel Mask 28 g - \u017celowa maseczka rozja\u015bniaj\u0105ca - Selleetools.com\" \/>\n<meta property=\"og:description\" content=\"Odkryj si\u0142\u0119 roz\u015bwietlaj\u0105cej piel\u0119gnacji z \u017celow\u0105 maseczk\u0105 Medicube Kojic Acid Turmeric Brightening Gel Mask. Ta p\u00f3\u0142przezroczysta maseczka o delikatnie bursztynowym kolorze otula sk\u00f3r\u0119 ch\u0142odz\u0105c\u0105 warstw\u0105 \u017celu, przynosz\u0105c natychmiastowe uczucie ukojenia. Formu\u0142a \u0142\u0105czy kurkum\u0119, kwas kojowy i niacynamid, dzia\u0142aj\u0105c wielopoziomowo na przebarwienia i nier\u00f3wnomierny koloryt. Idealna dla sk\u00f3ry zm\u0119czonej, poszarza\u0142ej oraz ze sk\u0142onno\u015bci\u0105 do plam pigmentacyjnych. ... Read moreMedicube Kojic Acid Turmeric Brightening Gel Mask 28 g &#8211; \u017celowa maseczka rozja\u015bniaj\u0105ca\" \/>\n<meta property=\"og:url\" content=\"https:\/\/selleetools.com\/pl\/product\/medicube-kojic-acid-turmeric-brightening-gel-mask-28-g-zelowa-maseczka-rozjasniajaca\/\" \/>\n<meta property=\"og:site_name\" content=\"Selleetools.com\" \/>\n<meta property=\"article:modified_time\" content=\"2025-11-04T20:52:27+00:00\" \/>\n<meta property=\"og:image\" content=\"https:\/\/selleetools.com\/wp-content\/uploads\/2025\/10\/0696dc147e2219c5093e44d7fd2cb600.png\" \/>\n\t<meta property=\"og:image:width\" content=\"1080\" \/>\n\t<meta property=\"og:image:height\" content=\"1080\" \/>\n\t<meta property=\"og:image:type\" content=\"image\/png\" \/>\n<meta name=\"twitter:card\" content=\"summary_large_image\" \/>\n<meta name=\"twitter:label1\" content=\"Est. reading time\" \/>\n\t<meta name=\"twitter:data1\" content=\"1 minuta\" \/>\n<!-- \/ Yoast SEO plugin. -->","yoast_head_json":{"title":"Medicube Kojic Acid Turmeric Brightening Gel Mask 28 g - \u017celowa maseczka rozja\u015bniaj\u0105ca - Selleetools.com","robots":{"index":"index","follow":"follow","max-snippet":"max-snippet:-1","max-image-preview":"max-image-preview:large","max-video-preview":"max-video-preview:-1"},"canonical":"https:\/\/selleetools.com\/pl\/product\/medicube-kojic-acid-turmeric-brightening-gel-mask-28-g-zelowa-maseczka-rozjasniajaca\/","og_locale":"pl_PL","og_type":"article","og_title":"Medicube Kojic Acid Turmeric Brightening Gel Mask 28 g - \u017celowa maseczka rozja\u015bniaj\u0105ca - Selleetools.com","og_description":"Odkryj si\u0142\u0119 roz\u015bwietlaj\u0105cej piel\u0119gnacji z \u017celow\u0105 maseczk\u0105 Medicube Kojic Acid Turmeric Brightening Gel Mask. Ta p\u00f3\u0142przezroczysta maseczka o delikatnie bursztynowym kolorze otula sk\u00f3r\u0119 ch\u0142odz\u0105c\u0105 warstw\u0105 \u017celu, przynosz\u0105c natychmiastowe uczucie ukojenia. Formu\u0142a \u0142\u0105czy kurkum\u0119, kwas kojowy i niacynamid, dzia\u0142aj\u0105c wielopoziomowo na przebarwienia i nier\u00f3wnomierny koloryt. Idealna dla sk\u00f3ry zm\u0119czonej, poszarza\u0142ej oraz ze sk\u0142onno\u015bci\u0105 do plam pigmentacyjnych. ... Read moreMedicube Kojic Acid Turmeric Brightening Gel Mask 28 g &#8211; \u017celowa maseczka rozja\u015bniaj\u0105ca","og_url":"https:\/\/selleetools.com\/pl\/product\/medicube-kojic-acid-turmeric-brightening-gel-mask-28-g-zelowa-maseczka-rozjasniajaca\/","og_site_name":"Selleetools.com","article_modified_time":"2025-11-04T20:52:27+00:00","og_image":[{"width":1080,"height":1080,"url":"https:\/\/selleetools.com\/wp-content\/uploads\/2025\/10\/0696dc147e2219c5093e44d7fd2cb600.png","type":"image\/png"}],"twitter_card":"summary_large_image","twitter_misc":{"Est. reading time":"1 minuta"},"schema":{"@context":"https:\/\/schema.org","@graph":[{"@type":"Organization","@id":"https:\/\/selleetools.com\/#organization","name":"Selleetools","url":"https:\/\/selleetools.com\/","sameAs":[],"logo":{"@type":"ImageObject","inLanguage":"pl-PL","@id":"https:\/\/selleetools.com\/#\/schema\/logo\/image\/","url":"https:\/\/selleetools.com\/wp-content\/uploads\/2021\/10\/logo-dark.png","contentUrl":"https:\/\/selleetools.com\/wp-content\/uploads\/2021\/10\/logo-dark.png","width":320,"height":76,"caption":"Selleetools"},"image":{"@id":"https:\/\/selleetools.com\/#\/schema\/logo\/image\/"}},{"@type":"WebSite","@id":"https:\/\/selleetools.com\/#website","url":"https:\/\/selleetools.com\/","name":"Selleetools.com","description":"","publisher":{"@id":"https:\/\/selleetools.com\/#organization"},"potentialAction":[{"@type":"SearchAction","target":{"@type":"EntryPoint","urlTemplate":"https:\/\/selleetools.com\/?s={search_term_string}"},"query-input":"required name=search_term_string"}],"inLanguage":"pl-PL"},{"@type":"WebPage","@id":"https:\/\/selleetools.com\/pl\/product\/medicube-kojic-acid-turmeric-brightening-gel-mask-28-g-zelowa-maseczka-rozjasniajaca\/","url":"https:\/\/selleetools.com\/pl\/product\/medicube-kojic-acid-turmeric-brightening-gel-mask-28-g-zelowa-maseczka-rozjasniajaca\/","name":"Medicube Kojic Acid Turmeric Brightening Gel Mask 28 g - \u017celowa maseczka rozja\u015bniaj\u0105ca - Selleetools.com","isPartOf":{"@id":"https:\/\/selleetools.com\/#website"},"datePublished":"2025-10-24T12:18:14+00:00","dateModified":"2025-11-04T20:52:27+00:00","breadcrumb":{"@id":"https:\/\/selleetools.com\/pl\/product\/medicube-kojic-acid-turmeric-brightening-gel-mask-28-g-zelowa-maseczka-rozjasniajaca\/#breadcrumb"},"inLanguage":"pl-PL","potentialAction":[{"@type":"ReadAction","target":["https:\/\/selleetools.com\/pl\/product\/medicube-kojic-acid-turmeric-brightening-gel-mask-28-g-zelowa-maseczka-rozjasniajaca\/"]}]},{"@type":"BreadcrumbList","@id":"https:\/\/selleetools.com\/pl\/product\/medicube-kojic-acid-turmeric-brightening-gel-mask-28-g-zelowa-maseczka-rozjasniajaca\/#breadcrumb","itemListElement":[{"@type":"ListItem","position":1,"name":"Home","item":"https:\/\/selleetools.com\/pl\/"},{"@type":"ListItem","position":2,"name":"Katalog","item":"https:\/\/selleetools.com\/pl\/katalog\/"},{"@type":"ListItem","position":3,"name":"Medicube Kojic Acid Turmeric Brightening Gel Mask 28 g &#8211; \u017celowa maseczka rozja\u015bniaj\u0105ca"}]}]}},"_links":{"self":[{"href":"https:\/\/admincentral.selleetools.com\/pl\/wp-json\/wp\/v2\/product\/608368"}],"collection":[{"href":"https:\/\/admincentral.selleetools.com\/pl\/wp-json\/wp\/v2\/product"}],"about":[{"href":"https:\/\/admincentral.selleetools.com\/pl\/wp-json\/wp\/v2\/types\/product"}],"replies":[{"embeddable":true,"href":"https:\/\/admincentral.selleetools.com\/pl\/wp-json\/wp\/v2\/comments?post=608368"}],"wp:featuredmedia":[{"embeddable":true,"href":"https:\/\/admincentral.selleetools.com\/pl\/wp-json\/wp\/v2\/media\/608366"}],"wp:attachment":[{"href":"https:\/\/admincentral.selleetools.com\/pl\/wp-json\/wp\/v2\/media?parent=608368"}],"curies":[{"name":"wp","href":"https:\/\/api.w.org\/{rel}","templated":true}]}}