{"id":608374,"date":"2025-10-24T14:18:19","date_gmt":"2025-10-24T12:18:19","guid":{"rendered":"https:\/\/selleetools.com\/?post_type=product&#038;p=608374"},"modified":"2025-11-04T21:52:29","modified_gmt":"2025-11-04T20:52:29","slug":"jumiso-snail-mucin-88-peptide-cream-30-ml-regenerujacy-krem-do-twarzy","status":"publish","type":"product","link":"https:\/\/admincentral.selleetools.com\/pl\/product\/jumiso-snail-mucin-88-peptide-cream-30-ml-regenerujacy-krem-do-twarzy\/","title":{"rendered":"Jumiso Snail Mucin 88 + Peptide Cream 30 ml &#8211; regeneruj\u0105cy krem do twarzy"},"content":{"rendered":"<p>Jumiso Snail Mucin 88 + Peptide Facial Cream to intensywnie regeneruj\u0105cy krem do twarzy, kt\u00f3ry \u0142\u0105czy 88% filtratu ze \u015bluzu \u015blimaka z kompleksami peptydowymi. Formu\u0142a wspiera odbudow\u0119 sk\u00f3ry, zmniejsza widoczno\u015b\u0107 drobnych zmarszczek oraz poprawia elastyczno\u015b\u0107 i j\u0119drno\u015b\u0107 cery. Krem intensywnie nawil\u017ca, koi oraz wzmacnia barier\u0119 ochronn\u0105 sk\u00f3ry, pozostawiaj\u0105c j\u0105 g\u0142adk\u0105 i promienn\u0105.<\/p>\n<p>Korzy\u015bci dla sk\u00f3ry:<br \/>\nRegeneruje i wyg\u0142adza struktur\u0119 sk\u00f3ry<br \/>\nNawil\u017ca i wzmacnia barier\u0119 hydrolipidow\u0105<br \/>\nRedukuje widoczno\u015b\u0107 drobnych zmarszczek<br \/>\nPoprawia j\u0119drno\u015b\u0107 i elastyczno\u015b\u0107 sk\u00f3ry<br \/>\nKoi podra\u017cnienia i wspiera odnow\u0119 sk\u00f3ry<\/p>\n<p>Spos\u00f3b u\u017cycia: Na\u0142\u00f3\u017c odpowiedni\u0105 ilo\u015b\u0107 kremu na oczyszczon\u0105 i stonizowan\u0105 sk\u00f3r\u0119 twarzy. Delikatnie wklep, a\u017c do ca\u0142kowitego wch\u0142oni\u0119cia. Stosuj rano i\/lub wieczorem.<\/p>\n","protected":false},"excerpt":{"rendered":"<p>Jumiso Snail Mucin 88 + Peptide Facial Cream to intensywnie regeneruj\u0105cy krem do twarzy, kt\u00f3ry \u0142\u0105czy 88% filtratu ze \u015bluzu \u015blimaka z kompleksami peptydowymi. Formu\u0142a wspiera odbudow\u0119 sk\u00f3ry, zmniejsza widoczno\u015b\u0107 drobnych zmarszczek oraz poprawia elastyczno\u015b\u0107 i j\u0119drno\u015b\u0107 cery. Krem intensywnie nawil\u017ca, koi oraz wzmacnia barier\u0119 ochronn\u0105 sk\u00f3ry, pozostawiaj\u0105c j\u0105 g\u0142adk\u0105 i promienn\u0105. Korzy\u015bci dla sk\u00f3ry: &#8230; <a title=\"Jumiso Snail Mucin 88 + Peptide Cream 30 ml &#8211; regeneruj\u0105cy krem do twarzy\" class=\"read-more\" href=\"https:\/\/admincentral.selleetools.com\/pl\/product\/jumiso-snail-mucin-88-peptide-cream-30-ml-regenerujacy-krem-do-twarzy\/\">Read more<span class=\"screen-reader-text\">Jumiso Snail Mucin 88 + Peptide Cream 30 ml &#8211; regeneruj\u0105cy krem do twarzy<\/span><\/a><\/p>\n","protected":false},"featured_media":608372,"comment_status":"open","ping_status":"closed","template":"","meta":{"_links_to":"","_links_to_target":""},"yoast_head":"<!-- This site is optimized with the Yoast SEO plugin v19.4 - https:\/\/yoast.com\/wordpress\/plugins\/seo\/ -->\n<title>Jumiso Snail Mucin 88 + Peptide Cream 30 ml - regeneruj\u0105cy krem do twarzy - Selleetools.com<\/title>\n<meta name=\"robots\" content=\"index, follow, max-snippet:-1, max-image-preview:large, max-video-preview:-1\" \/>\n<link rel=\"canonical\" href=\"https:\/\/selleetools.com\/product\/jumiso-snail-mucin-88-peptide-cream-30-ml-regenerujacy-krem-do-twarzy\/\" \/>\n<meta property=\"og:locale\" content=\"pl_PL\" \/>\n<meta property=\"og:type\" content=\"article\" \/>\n<meta property=\"og:title\" content=\"Jumiso Snail Mucin 88 + Peptide Cream 30 ml - regeneruj\u0105cy krem do twarzy - Selleetools.com\" \/>\n<meta property=\"og:description\" content=\"Jumiso Snail Mucin 88 + Peptide Facial Cream to intensywnie regeneruj\u0105cy krem do twarzy, kt\u00f3ry \u0142\u0105czy 88% filtratu ze \u015bluzu \u015blimaka z kompleksami peptydowymi. Formu\u0142a wspiera odbudow\u0119 sk\u00f3ry, zmniejsza widoczno\u015b\u0107 drobnych zmarszczek oraz poprawia elastyczno\u015b\u0107 i j\u0119drno\u015b\u0107 cery. Krem intensywnie nawil\u017ca, koi oraz wzmacnia barier\u0119 ochronn\u0105 sk\u00f3ry, pozostawiaj\u0105c j\u0105 g\u0142adk\u0105 i promienn\u0105. Korzy\u015bci dla sk\u00f3ry: ... Read moreJumiso Snail Mucin 88 + Peptide Cream 30 ml &#8211; regeneruj\u0105cy krem do twarzy\" \/>\n<meta property=\"og:url\" content=\"https:\/\/selleetools.com\/product\/jumiso-snail-mucin-88-peptide-cream-30-ml-regenerujacy-krem-do-twarzy\/\" \/>\n<meta property=\"og:site_name\" content=\"Selleetools.com\" \/>\n<meta property=\"article:modified_time\" content=\"2025-11-04T20:52:29+00:00\" \/>\n<meta property=\"og:image\" content=\"https:\/\/selleetools.com\/wp-content\/uploads\/2025\/10\/7e813c593d53b365d0f651a95cec7db1.jpg\" \/>\n\t<meta property=\"og:image:width\" content=\"1200\" \/>\n\t<meta property=\"og:image:height\" content=\"1200\" \/>\n\t<meta property=\"og:image:type\" content=\"image\/jpeg\" \/>\n<meta name=\"twitter:card\" content=\"summary_large_image\" \/>\n<meta name=\"twitter:label1\" content=\"Est. reading time\" \/>\n\t<meta name=\"twitter:data1\" content=\"1 minuta\" \/>\n<!-- \/ Yoast SEO plugin. -->","yoast_head_json":{"title":"Jumiso Snail Mucin 88 + Peptide Cream 30 ml - regeneruj\u0105cy krem do twarzy - Selleetools.com","robots":{"index":"index","follow":"follow","max-snippet":"max-snippet:-1","max-image-preview":"max-image-preview:large","max-video-preview":"max-video-preview:-1"},"canonical":"https:\/\/selleetools.com\/product\/jumiso-snail-mucin-88-peptide-cream-30-ml-regenerujacy-krem-do-twarzy\/","og_locale":"pl_PL","og_type":"article","og_title":"Jumiso Snail Mucin 88 + Peptide Cream 30 ml - regeneruj\u0105cy krem do twarzy - Selleetools.com","og_description":"Jumiso Snail Mucin 88 + Peptide Facial Cream to intensywnie regeneruj\u0105cy krem do twarzy, kt\u00f3ry \u0142\u0105czy 88% filtratu ze \u015bluzu \u015blimaka z kompleksami peptydowymi. Formu\u0142a wspiera odbudow\u0119 sk\u00f3ry, zmniejsza widoczno\u015b\u0107 drobnych zmarszczek oraz poprawia elastyczno\u015b\u0107 i j\u0119drno\u015b\u0107 cery. Krem intensywnie nawil\u017ca, koi oraz wzmacnia barier\u0119 ochronn\u0105 sk\u00f3ry, pozostawiaj\u0105c j\u0105 g\u0142adk\u0105 i promienn\u0105. Korzy\u015bci dla sk\u00f3ry: ... Read moreJumiso Snail Mucin 88 + Peptide Cream 30 ml &#8211; regeneruj\u0105cy krem do twarzy","og_url":"https:\/\/selleetools.com\/product\/jumiso-snail-mucin-88-peptide-cream-30-ml-regenerujacy-krem-do-twarzy\/","og_site_name":"Selleetools.com","article_modified_time":"2025-11-04T20:52:29+00:00","og_image":[{"width":1200,"height":1200,"url":"https:\/\/selleetools.com\/wp-content\/uploads\/2025\/10\/7e813c593d53b365d0f651a95cec7db1.jpg","type":"image\/jpeg"}],"twitter_card":"summary_large_image","twitter_misc":{"Est. reading time":"1 minuta"},"schema":{"@context":"https:\/\/schema.org","@graph":[{"@type":"Organization","@id":"https:\/\/selleetools.com\/#organization","name":"Selleetools","url":"https:\/\/selleetools.com\/","sameAs":[],"logo":{"@type":"ImageObject","inLanguage":"pl-PL","@id":"https:\/\/selleetools.com\/#\/schema\/logo\/image\/","url":"https:\/\/selleetools.com\/wp-content\/uploads\/2021\/10\/logo-dark.png","contentUrl":"https:\/\/selleetools.com\/wp-content\/uploads\/2021\/10\/logo-dark.png","width":320,"height":76,"caption":"Selleetools"},"image":{"@id":"https:\/\/selleetools.com\/#\/schema\/logo\/image\/"}},{"@type":"WebSite","@id":"https:\/\/selleetools.com\/#website","url":"https:\/\/selleetools.com\/","name":"Selleetools.com","description":"","publisher":{"@id":"https:\/\/selleetools.com\/#organization"},"potentialAction":[{"@type":"SearchAction","target":{"@type":"EntryPoint","urlTemplate":"https:\/\/selleetools.com\/?s={search_term_string}"},"query-input":"required name=search_term_string"}],"inLanguage":"pl-PL"},{"@type":"WebPage","@id":"https:\/\/selleetools.com\/product\/jumiso-snail-mucin-88-peptide-cream-30-ml-regenerujacy-krem-do-twarzy\/","url":"https:\/\/selleetools.com\/product\/jumiso-snail-mucin-88-peptide-cream-30-ml-regenerujacy-krem-do-twarzy\/","name":"Jumiso Snail Mucin 88 + Peptide Cream 30 ml - regeneruj\u0105cy krem do twarzy - Selleetools.com","isPartOf":{"@id":"https:\/\/selleetools.com\/#website"},"datePublished":"2025-10-24T12:18:19+00:00","dateModified":"2025-11-04T20:52:29+00:00","breadcrumb":{"@id":"https:\/\/selleetools.com\/product\/jumiso-snail-mucin-88-peptide-cream-30-ml-regenerujacy-krem-do-twarzy\/#breadcrumb"},"inLanguage":"pl-PL","potentialAction":[{"@type":"ReadAction","target":["https:\/\/selleetools.com\/product\/jumiso-snail-mucin-88-peptide-cream-30-ml-regenerujacy-krem-do-twarzy\/"]}]},{"@type":"BreadcrumbList","@id":"https:\/\/selleetools.com\/product\/jumiso-snail-mucin-88-peptide-cream-30-ml-regenerujacy-krem-do-twarzy\/#breadcrumb","itemListElement":[{"@type":"ListItem","position":1,"name":"Home","item":"https:\/\/selleetools.com\/pl\/"},{"@type":"ListItem","position":2,"name":"Katalog","item":"https:\/\/selleetools.com\/pl\/katalog\/"},{"@type":"ListItem","position":3,"name":"Jumiso Snail Mucin 88 + Peptide Cream 30 ml &#8211; regeneruj\u0105cy krem do twarzy"}]}]}},"_links":{"self":[{"href":"https:\/\/admincentral.selleetools.com\/pl\/wp-json\/wp\/v2\/product\/608374"}],"collection":[{"href":"https:\/\/admincentral.selleetools.com\/pl\/wp-json\/wp\/v2\/product"}],"about":[{"href":"https:\/\/admincentral.selleetools.com\/pl\/wp-json\/wp\/v2\/types\/product"}],"replies":[{"embeddable":true,"href":"https:\/\/admincentral.selleetools.com\/pl\/wp-json\/wp\/v2\/comments?post=608374"}],"wp:featuredmedia":[{"embeddable":true,"href":"https:\/\/admincentral.selleetools.com\/pl\/wp-json\/wp\/v2\/media\/608372"}],"wp:attachment":[{"href":"https:\/\/admincentral.selleetools.com\/pl\/wp-json\/wp\/v2\/media?parent=608374"}],"curies":[{"name":"wp","href":"https:\/\/api.w.org\/{rel}","templated":true}]}}