{"id":608428,"date":"2025-10-24T14:19:03","date_gmt":"2025-10-24T12:19:03","guid":{"rendered":"https:\/\/selleetools.com\/?post_type=product&#038;p=608428"},"modified":"2025-11-04T21:55:46","modified_gmt":"2025-11-04T20:55:46","slug":"mediheal-teatree-nude-gel-mask-30g-kojaca-maska-w-plachcie","status":"publish","type":"product","link":"https:\/\/admincentral.selleetools.com\/pl\/product\/mediheal-teatree-nude-gel-mask-30g-kojaca-maska-w-plachcie\/","title":{"rendered":"MEDIHEAL Teatree Nude Gel Mask, 30g &#8211; koj\u0105ca maska w p\u0142achcie"},"content":{"rendered":"<p>Koj\u0105ca maska w p\u0142achcie MEDIHEAL Teatree to ratunek dla sk\u00f3ry problematycznej, wra\u017cliwej i sk\u0142onnej do niedoskona\u0142o\u015bci. Formu\u0142a oparta na wodzie z li\u015bci drzewa herbacianego (Tea Tree Leaf Water) oraz olejku z drzewa herbacianego dzia\u0142a \u0142agodz\u0105co, reguluj\u0105co i oczyszczaj\u0105co. Ekstrakty ro\u015blinne, takie jak Centella Asiatica, Portulaca Oleracea i Houttuynia Cordata, wspieraj\u0105 regeneracj\u0119 nask\u00f3rka i wzmacniaj\u0105 barier\u0119 ochronn\u0105 sk\u00f3ry. Dodatkowo kompleks nawil\u017caj\u0105cy z kwasem hialuronowym, betulin\u0105 oraz fermentem Lactobacillus zapewnia intensywne nawodnienie, nie obci\u0105\u017caj\u0105c sk\u00f3ry.<\/p>\n<p>Korzy\u015bci ze stosowania:<br \/>\n\u0141agodzi podra\u017cnienia i stany zapalne sk\u00f3ry<br \/>\nWspomaga redukcj\u0119 wyprysk\u00f3w i niedoskona\u0142o\u015bci<br \/>\nReguluje wydzielanie sebum i zw\u0119\u017ca pory<br \/>\nNawil\u017ca i od\u015bwie\u017ca cer\u0119 bez efektu obci\u0105\u017cenia<br \/>\nWzmacnia naturaln\u0105 barier\u0119 ochronn\u0105 sk\u00f3ry<br \/>\nDzia\u0142a antybakteryjnie i koj\u0105co dzi\u0119ki zawarto\u015bci Tea Tree<\/p>\n<p>Spos\u00f3b u\u017cycia:<br \/>\nDok\u0142adnie oczy\u015b\u0107 i osusz twarz.<br \/>\nWyjmij mask\u0119 z opakowania i na\u0142\u00f3\u017c j\u0105 r\u00f3wnomiernie na twarz, dopasowuj\u0105c do jej kszta\u0142tu.<br \/>\nPozostaw na sk\u00f3rze przez 10\u201320 minut.<br \/>\nZdejmij mask\u0119, a pozosta\u0142o\u015b\u0107 esencji delikatnie wklep w sk\u00f3r\u0119 a\u017c do ca\u0142kowitego wch\u0142oni\u0119cia. Nie sp\u0142ukuj.<\/p>\n","protected":false},"excerpt":{"rendered":"<p>Koj\u0105ca maska w p\u0142achcie MEDIHEAL Teatree to ratunek dla sk\u00f3ry problematycznej, wra\u017cliwej i sk\u0142onnej do niedoskona\u0142o\u015bci. Formu\u0142a oparta na wodzie z li\u015bci drzewa herbacianego (Tea Tree Leaf Water) oraz olejku z drzewa herbacianego dzia\u0142a \u0142agodz\u0105co, reguluj\u0105co i oczyszczaj\u0105co. Ekstrakty ro\u015blinne, takie jak Centella Asiatica, Portulaca Oleracea i Houttuynia Cordata, wspieraj\u0105 regeneracj\u0119 nask\u00f3rka i wzmacniaj\u0105 barier\u0119 &#8230; <a title=\"MEDIHEAL Teatree Nude Gel Mask, 30g &#8211; koj\u0105ca maska w p\u0142achcie\" class=\"read-more\" href=\"https:\/\/admincentral.selleetools.com\/pl\/product\/mediheal-teatree-nude-gel-mask-30g-kojaca-maska-w-plachcie\/\">Read more<span class=\"screen-reader-text\">MEDIHEAL Teatree Nude Gel Mask, 30g &#8211; koj\u0105ca maska w p\u0142achcie<\/span><\/a><\/p>\n","protected":false},"featured_media":608426,"comment_status":"open","ping_status":"closed","template":"","meta":{"_links_to":"","_links_to_target":""},"yoast_head":"<!-- This site is optimized with the Yoast SEO plugin v19.4 - https:\/\/yoast.com\/wordpress\/plugins\/seo\/ -->\n<title>MEDIHEAL Teatree Nude Gel Mask, 30g - koj\u0105ca maska w p\u0142achcie - Selleetools.com<\/title>\n<meta name=\"robots\" content=\"index, follow, max-snippet:-1, max-image-preview:large, max-video-preview:-1\" \/>\n<link rel=\"canonical\" href=\"https:\/\/admincentral.selleetools.com\/product\/mediheal-teatree-nude-gel-mask-30g-kojaca-maska-w-plachcie\/\" \/>\n<meta property=\"og:locale\" content=\"pl_PL\" \/>\n<meta property=\"og:type\" content=\"article\" \/>\n<meta property=\"og:title\" content=\"MEDIHEAL Teatree Nude Gel Mask, 30g - koj\u0105ca maska w p\u0142achcie - Selleetools.com\" \/>\n<meta property=\"og:description\" content=\"Koj\u0105ca maska w p\u0142achcie MEDIHEAL Teatree to ratunek dla sk\u00f3ry problematycznej, wra\u017cliwej i sk\u0142onnej do niedoskona\u0142o\u015bci. Formu\u0142a oparta na wodzie z li\u015bci drzewa herbacianego (Tea Tree Leaf Water) oraz olejku z drzewa herbacianego dzia\u0142a \u0142agodz\u0105co, reguluj\u0105co i oczyszczaj\u0105co. Ekstrakty ro\u015blinne, takie jak Centella Asiatica, Portulaca Oleracea i Houttuynia Cordata, wspieraj\u0105 regeneracj\u0119 nask\u00f3rka i wzmacniaj\u0105 barier\u0119 ... Read moreMEDIHEAL Teatree Nude Gel Mask, 30g &#8211; koj\u0105ca maska w p\u0142achcie\" \/>\n<meta property=\"og:url\" content=\"https:\/\/admincentral.selleetools.com\/product\/mediheal-teatree-nude-gel-mask-30g-kojaca-maska-w-plachcie\/\" \/>\n<meta property=\"og:site_name\" content=\"Selleetools.com\" \/>\n<meta property=\"article:modified_time\" content=\"2025-11-04T20:55:46+00:00\" \/>\n<meta property=\"og:image\" content=\"https:\/\/selleetools.com\/wp-content\/uploads\/2025\/10\/77c8951da269362ea5df7e25b0b77d16.jpg\" \/>\n\t<meta property=\"og:image:width\" content=\"1000\" \/>\n\t<meta property=\"og:image:height\" content=\"1000\" \/>\n\t<meta property=\"og:image:type\" content=\"image\/jpeg\" \/>\n<meta name=\"twitter:card\" content=\"summary_large_image\" \/>\n<meta name=\"twitter:label1\" content=\"Est. reading time\" \/>\n\t<meta name=\"twitter:data1\" content=\"1 minuta\" \/>\n<!-- \/ Yoast SEO plugin. -->","yoast_head_json":{"title":"MEDIHEAL Teatree Nude Gel Mask, 30g - koj\u0105ca maska w p\u0142achcie - Selleetools.com","robots":{"index":"index","follow":"follow","max-snippet":"max-snippet:-1","max-image-preview":"max-image-preview:large","max-video-preview":"max-video-preview:-1"},"canonical":"https:\/\/admincentral.selleetools.com\/product\/mediheal-teatree-nude-gel-mask-30g-kojaca-maska-w-plachcie\/","og_locale":"pl_PL","og_type":"article","og_title":"MEDIHEAL Teatree Nude Gel Mask, 30g - koj\u0105ca maska w p\u0142achcie - Selleetools.com","og_description":"Koj\u0105ca maska w p\u0142achcie MEDIHEAL Teatree to ratunek dla sk\u00f3ry problematycznej, wra\u017cliwej i sk\u0142onnej do niedoskona\u0142o\u015bci. Formu\u0142a oparta na wodzie z li\u015bci drzewa herbacianego (Tea Tree Leaf Water) oraz olejku z drzewa herbacianego dzia\u0142a \u0142agodz\u0105co, reguluj\u0105co i oczyszczaj\u0105co. Ekstrakty ro\u015blinne, takie jak Centella Asiatica, Portulaca Oleracea i Houttuynia Cordata, wspieraj\u0105 regeneracj\u0119 nask\u00f3rka i wzmacniaj\u0105 barier\u0119 ... Read moreMEDIHEAL Teatree Nude Gel Mask, 30g &#8211; koj\u0105ca maska w p\u0142achcie","og_url":"https:\/\/admincentral.selleetools.com\/product\/mediheal-teatree-nude-gel-mask-30g-kojaca-maska-w-plachcie\/","og_site_name":"Selleetools.com","article_modified_time":"2025-11-04T20:55:46+00:00","og_image":[{"width":1000,"height":1000,"url":"https:\/\/selleetools.com\/wp-content\/uploads\/2025\/10\/77c8951da269362ea5df7e25b0b77d16.jpg","type":"image\/jpeg"}],"twitter_card":"summary_large_image","twitter_misc":{"Est. reading time":"1 minuta"},"schema":{"@context":"https:\/\/schema.org","@graph":[{"@type":"Organization","@id":"https:\/\/selleetools.com\/#organization","name":"Selleetools","url":"https:\/\/selleetools.com\/","sameAs":[],"logo":{"@type":"ImageObject","inLanguage":"pl-PL","@id":"https:\/\/selleetools.com\/#\/schema\/logo\/image\/","url":"https:\/\/selleetools.com\/wp-content\/uploads\/2021\/10\/logo-dark.png","contentUrl":"https:\/\/selleetools.com\/wp-content\/uploads\/2021\/10\/logo-dark.png","width":320,"height":76,"caption":"Selleetools"},"image":{"@id":"https:\/\/selleetools.com\/#\/schema\/logo\/image\/"}},{"@type":"WebSite","@id":"https:\/\/selleetools.com\/#website","url":"https:\/\/selleetools.com\/","name":"Selleetools.com","description":"","publisher":{"@id":"https:\/\/selleetools.com\/#organization"},"potentialAction":[{"@type":"SearchAction","target":{"@type":"EntryPoint","urlTemplate":"https:\/\/selleetools.com\/?s={search_term_string}"},"query-input":"required name=search_term_string"}],"inLanguage":"pl-PL"},{"@type":"WebPage","@id":"https:\/\/admincentral.selleetools.com\/product\/mediheal-teatree-nude-gel-mask-30g-kojaca-maska-w-plachcie\/","url":"https:\/\/admincentral.selleetools.com\/product\/mediheal-teatree-nude-gel-mask-30g-kojaca-maska-w-plachcie\/","name":"MEDIHEAL Teatree Nude Gel Mask, 30g - koj\u0105ca maska w p\u0142achcie - Selleetools.com","isPartOf":{"@id":"https:\/\/selleetools.com\/#website"},"datePublished":"2025-10-24T12:19:03+00:00","dateModified":"2025-11-04T20:55:46+00:00","breadcrumb":{"@id":"https:\/\/admincentral.selleetools.com\/product\/mediheal-teatree-nude-gel-mask-30g-kojaca-maska-w-plachcie\/#breadcrumb"},"inLanguage":"pl-PL","potentialAction":[{"@type":"ReadAction","target":["https:\/\/admincentral.selleetools.com\/product\/mediheal-teatree-nude-gel-mask-30g-kojaca-maska-w-plachcie\/"]}]},{"@type":"BreadcrumbList","@id":"https:\/\/admincentral.selleetools.com\/product\/mediheal-teatree-nude-gel-mask-30g-kojaca-maska-w-plachcie\/#breadcrumb","itemListElement":[{"@type":"ListItem","position":1,"name":"Home","item":"https:\/\/selleetools.com\/pl\/"},{"@type":"ListItem","position":2,"name":"Katalog","item":"https:\/\/selleetools.com\/pl\/katalog\/"},{"@type":"ListItem","position":3,"name":"MEDIHEAL Teatree Nude Gel Mask, 30g &#8211; koj\u0105ca maska w p\u0142achcie"}]}]}},"_links":{"self":[{"href":"https:\/\/admincentral.selleetools.com\/pl\/wp-json\/wp\/v2\/product\/608428"}],"collection":[{"href":"https:\/\/admincentral.selleetools.com\/pl\/wp-json\/wp\/v2\/product"}],"about":[{"href":"https:\/\/admincentral.selleetools.com\/pl\/wp-json\/wp\/v2\/types\/product"}],"replies":[{"embeddable":true,"href":"https:\/\/admincentral.selleetools.com\/pl\/wp-json\/wp\/v2\/comments?post=608428"}],"wp:featuredmedia":[{"embeddable":true,"href":"https:\/\/admincentral.selleetools.com\/pl\/wp-json\/wp\/v2\/media\/608426"}],"wp:attachment":[{"href":"https:\/\/admincentral.selleetools.com\/pl\/wp-json\/wp\/v2\/media?parent=608428"}],"curies":[{"name":"wp","href":"https:\/\/api.w.org\/{rel}","templated":true}]}}