{"id":608644,"date":"2025-10-24T14:22:24","date_gmt":"2025-10-24T12:22:24","guid":{"rendered":"https:\/\/selleetools.com\/?post_type=product&#038;p=608644"},"modified":"2026-03-03T11:14:09","modified_gmt":"2026-03-03T10:14:09","slug":"tirtir-mask-fit-make-up-fixer-80-ml-utrwalacz-do-makijazu","status":"publish","type":"product","link":"https:\/\/admincentral.selleetools.com\/pl\/product\/tirtir-mask-fit-make-up-fixer-80-ml-utrwalacz-do-makijazu\/","title":{"rendered":"TIRTIR Mask Fit Make Up Fixer 80 ml &#8211; utrwalacz do makija\u017cu"},"content":{"rendered":"<p>Lekka mgie\u0142ka utrwalaj\u0105ca makija\u017c, kt\u00f3ra zapewnia jego d\u0142ugotrwa\u0142o\u015b\u0107 i \u015bwie\u017co\u015b\u0107 przez ca\u0142y dzie\u0144. Formu\u0142a na bazie wody i substancji nawil\u017caj\u0105cych szybko si\u0119 wch\u0142ania, nie obci\u0105\u017caj\u0105c sk\u00f3ry. Zawiera ekstrakt z w\u0105kroty azjatyckiej, znanej z w\u0142a\u015bciwo\u015bci koj\u0105cych i \u0142agodz\u0105cych, dzi\u0119ki czemu fixer nie tylko utrwala makija\u017c, ale tak\u017ce piel\u0119gnuje sk\u00f3r\u0119. Idealny do codziennego stosowania, r\u00f3wnie\u017c pod maseczk\u0105 ochronn\u0105 \u2013 tworzy cienk\u0105, odporn\u0105 na \u015bcieranie warstw\u0119 ochronn\u0105, zapobiegaj\u0105c rozmazywaniu si\u0119 makija\u017cu.<\/p>\n<p>Korzy\u015bci ze stosowania:<br \/>\nSkutecznie utrwala makija\u017c i przed\u0142u\u017ca jego trwa\u0142o\u015b\u0107<br \/>\nTworzy ochronn\u0105 warstw\u0119, kt\u00f3ra zmniejsza \u015bcieranie makija\u017cu, tak\u017ce pod maseczk\u0105<br \/>\nDelikatnie nawil\u017ca i koi sk\u00f3r\u0119 dzi\u0119ki zawarto\u015bci Centella Asiatica<br \/>\nLekka, nieklej\u0105ca si\u0119 formu\u0142a, szybko wysycha i nie pozostawia uczucia lepko\u015bci<br \/>\nPomaga zachowa\u0107 \u015bwie\u017cy wygl\u0105d makija\u017cu przez wiele godzin<\/p>\n<p>Spos\u00f3b u\u017cycia:<br \/>\nPo zako\u0144czeniu makija\u017cu, wstrz\u0105\u015bnij produkt i rozpyl z odleg\u0142o\u015bci oko\u0142o 20\u201330 cm od twarzy, trzymaj\u0105c butelk\u0119 pionowo. Pozostaw do wyschni\u0119cia bez dotykania. Dla uzyskania jeszcze lepszego efektu, mo\u017cesz stosowa\u0107 fixer r\u00f3wnie\u017c na etapie przygotowania sk\u00f3ry \u2013 przed na\u0142o\u017ceniem podk\u0142adu.<\/p>\n","protected":false},"excerpt":{"rendered":"<p>Lekka mgie\u0142ka utrwalaj\u0105ca makija\u017c, kt\u00f3ra zapewnia jego d\u0142ugotrwa\u0142o\u015b\u0107 i \u015bwie\u017co\u015b\u0107 przez ca\u0142y dzie\u0144. Formu\u0142a na bazie wody i substancji nawil\u017caj\u0105cych szybko si\u0119 wch\u0142ania, nie obci\u0105\u017caj\u0105c sk\u00f3ry. Zawiera ekstrakt z w\u0105kroty azjatyckiej, znanej z w\u0142a\u015bciwo\u015bci koj\u0105cych i \u0142agodz\u0105cych, dzi\u0119ki czemu fixer nie tylko utrwala makija\u017c, ale tak\u017ce piel\u0119gnuje sk\u00f3r\u0119. Idealny do codziennego stosowania, r\u00f3wnie\u017c pod maseczk\u0105 &#8230; <a title=\"TIRTIR Mask Fit Make Up Fixer 80 ml &#8211; utrwalacz do makija\u017cu\" class=\"read-more\" href=\"https:\/\/admincentral.selleetools.com\/pl\/product\/tirtir-mask-fit-make-up-fixer-80-ml-utrwalacz-do-makijazu\/\">Read more<span class=\"screen-reader-text\">TIRTIR Mask Fit Make Up Fixer 80 ml &#8211; utrwalacz do makija\u017cu<\/span><\/a><\/p>\n","protected":false},"featured_media":608642,"comment_status":"open","ping_status":"closed","template":"","meta":{"_links_to":"","_links_to_target":""},"yoast_head":"<!-- This site is optimized with the Yoast SEO plugin v19.4 - https:\/\/yoast.com\/wordpress\/plugins\/seo\/ -->\n<title>TIRTIR Mask Fit Make Up Fixer 80 ml - utrwalacz do makija\u017cu - Selleetools.com<\/title>\n<meta name=\"robots\" content=\"index, follow, max-snippet:-1, max-image-preview:large, max-video-preview:-1\" \/>\n<link rel=\"canonical\" href=\"https:\/\/selleetools.com\/pl\/product\/tirtir-mask-fit-make-up-fixer-80-ml-utrwalacz-do-makijazu\/\" \/>\n<meta property=\"og:locale\" content=\"pl_PL\" \/>\n<meta property=\"og:type\" content=\"article\" \/>\n<meta property=\"og:title\" content=\"TIRTIR Mask Fit Make Up Fixer 80 ml - utrwalacz do makija\u017cu - Selleetools.com\" \/>\n<meta property=\"og:description\" content=\"Lekka mgie\u0142ka utrwalaj\u0105ca makija\u017c, kt\u00f3ra zapewnia jego d\u0142ugotrwa\u0142o\u015b\u0107 i \u015bwie\u017co\u015b\u0107 przez ca\u0142y dzie\u0144. Formu\u0142a na bazie wody i substancji nawil\u017caj\u0105cych szybko si\u0119 wch\u0142ania, nie obci\u0105\u017caj\u0105c sk\u00f3ry. Zawiera ekstrakt z w\u0105kroty azjatyckiej, znanej z w\u0142a\u015bciwo\u015bci koj\u0105cych i \u0142agodz\u0105cych, dzi\u0119ki czemu fixer nie tylko utrwala makija\u017c, ale tak\u017ce piel\u0119gnuje sk\u00f3r\u0119. Idealny do codziennego stosowania, r\u00f3wnie\u017c pod maseczk\u0105 ... Read moreTIRTIR Mask Fit Make Up Fixer 80 ml &#8211; utrwalacz do makija\u017cu\" \/>\n<meta property=\"og:url\" content=\"https:\/\/selleetools.com\/pl\/product\/tirtir-mask-fit-make-up-fixer-80-ml-utrwalacz-do-makijazu\/\" \/>\n<meta property=\"og:site_name\" content=\"Selleetools.com\" \/>\n<meta property=\"article:modified_time\" content=\"2026-03-03T10:14:09+00:00\" \/>\n<meta property=\"og:image\" content=\"https:\/\/selleetools.com\/wp-content\/uploads\/2025\/10\/832a6a3d02d428a4b1f5054d4f4e5cc0.png\" \/>\n\t<meta property=\"og:image:width\" content=\"1080\" \/>\n\t<meta property=\"og:image:height\" content=\"1080\" \/>\n\t<meta property=\"og:image:type\" content=\"image\/png\" \/>\n<meta name=\"twitter:card\" content=\"summary_large_image\" \/>\n<meta name=\"twitter:label1\" content=\"Est. reading time\" \/>\n\t<meta name=\"twitter:data1\" content=\"1 minuta\" \/>\n<!-- \/ Yoast SEO plugin. -->","yoast_head_json":{"title":"TIRTIR Mask Fit Make Up Fixer 80 ml - utrwalacz do makija\u017cu - Selleetools.com","robots":{"index":"index","follow":"follow","max-snippet":"max-snippet:-1","max-image-preview":"max-image-preview:large","max-video-preview":"max-video-preview:-1"},"canonical":"https:\/\/selleetools.com\/pl\/product\/tirtir-mask-fit-make-up-fixer-80-ml-utrwalacz-do-makijazu\/","og_locale":"pl_PL","og_type":"article","og_title":"TIRTIR Mask Fit Make Up Fixer 80 ml - utrwalacz do makija\u017cu - Selleetools.com","og_description":"Lekka mgie\u0142ka utrwalaj\u0105ca makija\u017c, kt\u00f3ra zapewnia jego d\u0142ugotrwa\u0142o\u015b\u0107 i \u015bwie\u017co\u015b\u0107 przez ca\u0142y dzie\u0144. Formu\u0142a na bazie wody i substancji nawil\u017caj\u0105cych szybko si\u0119 wch\u0142ania, nie obci\u0105\u017caj\u0105c sk\u00f3ry. Zawiera ekstrakt z w\u0105kroty azjatyckiej, znanej z w\u0142a\u015bciwo\u015bci koj\u0105cych i \u0142agodz\u0105cych, dzi\u0119ki czemu fixer nie tylko utrwala makija\u017c, ale tak\u017ce piel\u0119gnuje sk\u00f3r\u0119. Idealny do codziennego stosowania, r\u00f3wnie\u017c pod maseczk\u0105 ... Read moreTIRTIR Mask Fit Make Up Fixer 80 ml &#8211; utrwalacz do makija\u017cu","og_url":"https:\/\/selleetools.com\/pl\/product\/tirtir-mask-fit-make-up-fixer-80-ml-utrwalacz-do-makijazu\/","og_site_name":"Selleetools.com","article_modified_time":"2026-03-03T10:14:09+00:00","og_image":[{"width":1080,"height":1080,"url":"https:\/\/selleetools.com\/wp-content\/uploads\/2025\/10\/832a6a3d02d428a4b1f5054d4f4e5cc0.png","type":"image\/png"}],"twitter_card":"summary_large_image","twitter_misc":{"Est. reading time":"1 minuta"},"schema":{"@context":"https:\/\/schema.org","@graph":[{"@type":"Organization","@id":"https:\/\/selleetools.com\/#organization","name":"Selleetools","url":"https:\/\/selleetools.com\/","sameAs":[],"logo":{"@type":"ImageObject","inLanguage":"pl-PL","@id":"https:\/\/selleetools.com\/#\/schema\/logo\/image\/","url":"https:\/\/selleetools.com\/wp-content\/uploads\/2021\/10\/logo-dark.png","contentUrl":"https:\/\/selleetools.com\/wp-content\/uploads\/2021\/10\/logo-dark.png","width":320,"height":76,"caption":"Selleetools"},"image":{"@id":"https:\/\/selleetools.com\/#\/schema\/logo\/image\/"}},{"@type":"WebSite","@id":"https:\/\/selleetools.com\/#website","url":"https:\/\/selleetools.com\/","name":"Selleetools.com","description":"","publisher":{"@id":"https:\/\/selleetools.com\/#organization"},"potentialAction":[{"@type":"SearchAction","target":{"@type":"EntryPoint","urlTemplate":"https:\/\/selleetools.com\/?s={search_term_string}"},"query-input":"required name=search_term_string"}],"inLanguage":"pl-PL"},{"@type":"WebPage","@id":"https:\/\/selleetools.com\/pl\/product\/tirtir-mask-fit-make-up-fixer-80-ml-utrwalacz-do-makijazu\/","url":"https:\/\/selleetools.com\/pl\/product\/tirtir-mask-fit-make-up-fixer-80-ml-utrwalacz-do-makijazu\/","name":"TIRTIR Mask Fit Make Up Fixer 80 ml - utrwalacz do makija\u017cu - Selleetools.com","isPartOf":{"@id":"https:\/\/selleetools.com\/#website"},"datePublished":"2025-10-24T12:22:24+00:00","dateModified":"2026-03-03T10:14:09+00:00","breadcrumb":{"@id":"https:\/\/selleetools.com\/pl\/product\/tirtir-mask-fit-make-up-fixer-80-ml-utrwalacz-do-makijazu\/#breadcrumb"},"inLanguage":"pl-PL","potentialAction":[{"@type":"ReadAction","target":["https:\/\/selleetools.com\/pl\/product\/tirtir-mask-fit-make-up-fixer-80-ml-utrwalacz-do-makijazu\/"]}]},{"@type":"BreadcrumbList","@id":"https:\/\/selleetools.com\/pl\/product\/tirtir-mask-fit-make-up-fixer-80-ml-utrwalacz-do-makijazu\/#breadcrumb","itemListElement":[{"@type":"ListItem","position":1,"name":"Home","item":"https:\/\/selleetools.com\/pl\/"},{"@type":"ListItem","position":2,"name":"Katalog","item":"https:\/\/selleetools.com\/pl\/katalog\/"},{"@type":"ListItem","position":3,"name":"TIRTIR Mask Fit Make Up Fixer 80 ml &#8211; utrwalacz do makija\u017cu"}]}]}},"_links":{"self":[{"href":"https:\/\/admincentral.selleetools.com\/pl\/wp-json\/wp\/v2\/product\/608644"}],"collection":[{"href":"https:\/\/admincentral.selleetools.com\/pl\/wp-json\/wp\/v2\/product"}],"about":[{"href":"https:\/\/admincentral.selleetools.com\/pl\/wp-json\/wp\/v2\/types\/product"}],"replies":[{"embeddable":true,"href":"https:\/\/admincentral.selleetools.com\/pl\/wp-json\/wp\/v2\/comments?post=608644"}],"wp:featuredmedia":[{"embeddable":true,"href":"https:\/\/admincentral.selleetools.com\/pl\/wp-json\/wp\/v2\/media\/608642"}],"wp:attachment":[{"href":"https:\/\/admincentral.selleetools.com\/pl\/wp-json\/wp\/v2\/media?parent=608644"}],"curies":[{"name":"wp","href":"https:\/\/api.w.org\/{rel}","templated":true}]}}