{"id":608746,"date":"2025-10-24T14:23:59","date_gmt":"2025-10-24T12:23:59","guid":{"rendered":"https:\/\/selleetools.com\/?post_type=product&#038;p=608746"},"modified":"2025-11-03T17:03:42","modified_gmt":"2025-11-03T16:03:42","slug":"tirtir-mask-fit-ai-filter-cushion-spf30-pa-21c-cool-ivory-18-g-podklad-w-formie-cushion","status":"publish","type":"product","link":"https:\/\/admincentral.selleetools.com\/pl\/product\/tirtir-mask-fit-ai-filter-cushion-spf30-pa-21c-cool-ivory-18-g-podklad-w-formie-cushion\/","title":{"rendered":"TIRTIR Mask Fit AI Filter Cushion SPF30 PA++ #21C Cool Ivory 18 g &#8211; podk\u0142ad w formie cushion"},"content":{"rendered":"<p>Innowacyjny podk\u0142ad w formie cushion TIRTIR Mask Fit AI Filter Cushion zapewnia naturalne, p\u00f3\u0142matowe wyko\u0144czenie i perfekcyjne krycie, kt\u00f3re utrzymuje si\u0119 przez ca\u0142y dzie\u0144. Odcie\u0144 #21C Cool Ivory zosta\u0142 stworzony z my\u015bl\u0105 o jasnych cerach o ch\u0142odnym tonie. Lekka formu\u0142a oparta na nowoczesnych silikonach i sk\u0142adnikach piel\u0119gnacyjnych \u0142atwo wtapia si\u0119 w sk\u00f3r\u0119, tworz\u0105c efekt \u201edrugiej sk\u00f3ry\u201d bez uczucia ci\u0119\u017cko\u015bci. Dzi\u0119ki filtrom mineralnym podk\u0142ad zapewnia ochron\u0119 przeciws\u0142oneczn\u0105 na poziomie SPF30 PA++.<\/p>\n<p>Korzy\u015bci ze stosowania:<br \/>\nZapewnia \u015brednie do pe\u0142nego krycia bez efektu maski.<br \/>\nD\u0142ugotrwa\u0142a formu\u0142a odporna na \u015bcieranie \u2013 idealna r\u00f3wnie\u017c pod maseczk\u0119 ochronn\u0105.<br \/>\nZawiera niacynamid, kt\u00f3ry rozja\u015bnia cer\u0119 i wspomaga walk\u0119 z przebarwieniami.<br \/>\nObecno\u015b\u0107 ekstrakt\u00f3w ro\u015blinnych (m.in. aloes, ferment z czarnej herbaty, wyci\u0105gi z alg i fio\u0142ka) wspiera nawil\u017cenie, \u0142agodzenie podra\u017cnie\u0144 i regeneracj\u0119 sk\u00f3ry.<br \/>\nKompleks witamin (A, B3, B5, B6, C, E, H) wspiera kondycj\u0119 sk\u00f3ry i dzia\u0142a antyoksydacyjnie.<br \/>\nZawiera ceramidy i cholesterol \u2013 wspomagaj\u0105 barier\u0119 hydrolipidow\u0105 sk\u00f3ry.<br \/>\nPraktyczne opakowanie typu cushion u\u0142atwia szybk\u0105 i higieniczn\u0105 aplikacj\u0119 w ci\u0105gu dnia.<\/p>\n<p>Spos\u00f3b u\u017cycia:<br \/>\nDelikatnie doci\u015bnij g\u0105beczk\u0119 do siateczki, aby nabra\u0107 odpowiedni\u0105 ilo\u015b\u0107 produktu. Nast\u0119pnie aplikuj podk\u0142ad stempluj\u0105cymi ruchami na oczyszczon\u0105, przygotowan\u0105 sk\u00f3r\u0119 twarzy. Dla uzyskania wi\u0119kszego krycia, na\u0142\u00f3\u017c dodatkow\u0105 warstw\u0119 w wybranych miejscach. Idealny do poprawek w ci\u0105gu dnia.<\/p>\n","protected":false},"excerpt":{"rendered":"<p>Innowacyjny podk\u0142ad w formie cushion TIRTIR Mask Fit AI Filter Cushion zapewnia naturalne, p\u00f3\u0142matowe wyko\u0144czenie i perfekcyjne krycie, kt\u00f3re utrzymuje si\u0119 przez ca\u0142y dzie\u0144. Odcie\u0144 #21C Cool Ivory zosta\u0142 stworzony z my\u015bl\u0105 o jasnych cerach o ch\u0142odnym tonie. Lekka formu\u0142a oparta na nowoczesnych silikonach i sk\u0142adnikach piel\u0119gnacyjnych \u0142atwo wtapia si\u0119 w sk\u00f3r\u0119, tworz\u0105c efekt \u201edrugiej &#8230; <a title=\"TIRTIR Mask Fit AI Filter Cushion SPF30 PA++ #21C Cool Ivory 18 g &#8211; podk\u0142ad w formie cushion\" class=\"read-more\" href=\"https:\/\/admincentral.selleetools.com\/pl\/product\/tirtir-mask-fit-ai-filter-cushion-spf30-pa-21c-cool-ivory-18-g-podklad-w-formie-cushion\/\">Read more<span class=\"screen-reader-text\">TIRTIR Mask Fit AI Filter Cushion SPF30 PA++ #21C Cool Ivory 18 g &#8211; podk\u0142ad w formie cushion<\/span><\/a><\/p>\n","protected":false},"featured_media":608744,"comment_status":"open","ping_status":"closed","template":"","meta":{"_links_to":"","_links_to_target":""},"yoast_head":"<!-- This site is optimized with the Yoast SEO plugin v19.4 - https:\/\/yoast.com\/wordpress\/plugins\/seo\/ -->\n<title>TIRTIR Mask Fit AI Filter Cushion SPF30 PA++ #21C Cool Ivory 18 g - podk\u0142ad w formie cushion - Selleetools.com<\/title>\n<meta name=\"robots\" content=\"index, follow, max-snippet:-1, max-image-preview:large, max-video-preview:-1\" \/>\n<link rel=\"canonical\" href=\"https:\/\/admincentral.selleetools.com\/product\/tirtir-mask-fit-ai-filter-cushion-spf30-pa-21c-cool-ivory-18-g-podklad-w-formie-cushion\/\" \/>\n<meta property=\"og:locale\" content=\"pl_PL\" \/>\n<meta property=\"og:type\" content=\"article\" \/>\n<meta property=\"og:title\" content=\"TIRTIR Mask Fit AI Filter Cushion SPF30 PA++ #21C Cool Ivory 18 g - podk\u0142ad w formie cushion - Selleetools.com\" \/>\n<meta property=\"og:description\" content=\"Innowacyjny podk\u0142ad w formie cushion TIRTIR Mask Fit AI Filter Cushion zapewnia naturalne, p\u00f3\u0142matowe wyko\u0144czenie i perfekcyjne krycie, kt\u00f3re utrzymuje si\u0119 przez ca\u0142y dzie\u0144. Odcie\u0144 #21C Cool Ivory zosta\u0142 stworzony z my\u015bl\u0105 o jasnych cerach o ch\u0142odnym tonie. Lekka formu\u0142a oparta na nowoczesnych silikonach i sk\u0142adnikach piel\u0119gnacyjnych \u0142atwo wtapia si\u0119 w sk\u00f3r\u0119, tworz\u0105c efekt \u201edrugiej ... Read moreTIRTIR Mask Fit AI Filter Cushion SPF30 PA++ #21C Cool Ivory 18 g &#8211; podk\u0142ad w formie cushion\" \/>\n<meta property=\"og:url\" content=\"https:\/\/admincentral.selleetools.com\/product\/tirtir-mask-fit-ai-filter-cushion-spf30-pa-21c-cool-ivory-18-g-podklad-w-formie-cushion\/\" \/>\n<meta property=\"og:site_name\" content=\"Selleetools.com\" \/>\n<meta property=\"article:modified_time\" content=\"2025-11-03T16:03:42+00:00\" \/>\n<meta property=\"og:image\" content=\"https:\/\/selleetools.com\/wp-content\/uploads\/2025\/10\/dcaea6ca11f5188dd7a006717b1f9f53.png\" \/>\n\t<meta property=\"og:image:width\" content=\"1080\" \/>\n\t<meta property=\"og:image:height\" content=\"1080\" \/>\n\t<meta property=\"og:image:type\" content=\"image\/png\" \/>\n<meta name=\"twitter:card\" content=\"summary_large_image\" \/>\n<meta name=\"twitter:label1\" content=\"Est. reading time\" \/>\n\t<meta name=\"twitter:data1\" content=\"1 minuta\" \/>\n<!-- \/ Yoast SEO plugin. -->","yoast_head_json":{"title":"TIRTIR Mask Fit AI Filter Cushion SPF30 PA++ #21C Cool Ivory 18 g - podk\u0142ad w formie cushion - Selleetools.com","robots":{"index":"index","follow":"follow","max-snippet":"max-snippet:-1","max-image-preview":"max-image-preview:large","max-video-preview":"max-video-preview:-1"},"canonical":"https:\/\/admincentral.selleetools.com\/product\/tirtir-mask-fit-ai-filter-cushion-spf30-pa-21c-cool-ivory-18-g-podklad-w-formie-cushion\/","og_locale":"pl_PL","og_type":"article","og_title":"TIRTIR Mask Fit AI Filter Cushion SPF30 PA++ #21C Cool Ivory 18 g - podk\u0142ad w formie cushion - Selleetools.com","og_description":"Innowacyjny podk\u0142ad w formie cushion TIRTIR Mask Fit AI Filter Cushion zapewnia naturalne, p\u00f3\u0142matowe wyko\u0144czenie i perfekcyjne krycie, kt\u00f3re utrzymuje si\u0119 przez ca\u0142y dzie\u0144. Odcie\u0144 #21C Cool Ivory zosta\u0142 stworzony z my\u015bl\u0105 o jasnych cerach o ch\u0142odnym tonie. Lekka formu\u0142a oparta na nowoczesnych silikonach i sk\u0142adnikach piel\u0119gnacyjnych \u0142atwo wtapia si\u0119 w sk\u00f3r\u0119, tworz\u0105c efekt \u201edrugiej ... Read moreTIRTIR Mask Fit AI Filter Cushion SPF30 PA++ #21C Cool Ivory 18 g &#8211; podk\u0142ad w formie cushion","og_url":"https:\/\/admincentral.selleetools.com\/product\/tirtir-mask-fit-ai-filter-cushion-spf30-pa-21c-cool-ivory-18-g-podklad-w-formie-cushion\/","og_site_name":"Selleetools.com","article_modified_time":"2025-11-03T16:03:42+00:00","og_image":[{"width":1080,"height":1080,"url":"https:\/\/selleetools.com\/wp-content\/uploads\/2025\/10\/dcaea6ca11f5188dd7a006717b1f9f53.png","type":"image\/png"}],"twitter_card":"summary_large_image","twitter_misc":{"Est. reading time":"1 minuta"},"schema":{"@context":"https:\/\/schema.org","@graph":[{"@type":"Organization","@id":"https:\/\/selleetools.com\/#organization","name":"Selleetools","url":"https:\/\/selleetools.com\/","sameAs":[],"logo":{"@type":"ImageObject","inLanguage":"pl-PL","@id":"https:\/\/selleetools.com\/#\/schema\/logo\/image\/","url":"https:\/\/selleetools.com\/wp-content\/uploads\/2021\/10\/logo-dark.png","contentUrl":"https:\/\/selleetools.com\/wp-content\/uploads\/2021\/10\/logo-dark.png","width":320,"height":76,"caption":"Selleetools"},"image":{"@id":"https:\/\/selleetools.com\/#\/schema\/logo\/image\/"}},{"@type":"WebSite","@id":"https:\/\/selleetools.com\/#website","url":"https:\/\/selleetools.com\/","name":"Selleetools.com","description":"","publisher":{"@id":"https:\/\/selleetools.com\/#organization"},"potentialAction":[{"@type":"SearchAction","target":{"@type":"EntryPoint","urlTemplate":"https:\/\/selleetools.com\/?s={search_term_string}"},"query-input":"required name=search_term_string"}],"inLanguage":"pl-PL"},{"@type":"WebPage","@id":"https:\/\/admincentral.selleetools.com\/product\/tirtir-mask-fit-ai-filter-cushion-spf30-pa-21c-cool-ivory-18-g-podklad-w-formie-cushion\/","url":"https:\/\/admincentral.selleetools.com\/product\/tirtir-mask-fit-ai-filter-cushion-spf30-pa-21c-cool-ivory-18-g-podklad-w-formie-cushion\/","name":"TIRTIR Mask Fit AI Filter Cushion SPF30 PA++ #21C Cool Ivory 18 g - podk\u0142ad w formie cushion - Selleetools.com","isPartOf":{"@id":"https:\/\/selleetools.com\/#website"},"datePublished":"2025-10-24T12:23:59+00:00","dateModified":"2025-11-03T16:03:42+00:00","breadcrumb":{"@id":"https:\/\/admincentral.selleetools.com\/product\/tirtir-mask-fit-ai-filter-cushion-spf30-pa-21c-cool-ivory-18-g-podklad-w-formie-cushion\/#breadcrumb"},"inLanguage":"pl-PL","potentialAction":[{"@type":"ReadAction","target":["https:\/\/admincentral.selleetools.com\/product\/tirtir-mask-fit-ai-filter-cushion-spf30-pa-21c-cool-ivory-18-g-podklad-w-formie-cushion\/"]}]},{"@type":"BreadcrumbList","@id":"https:\/\/admincentral.selleetools.com\/product\/tirtir-mask-fit-ai-filter-cushion-spf30-pa-21c-cool-ivory-18-g-podklad-w-formie-cushion\/#breadcrumb","itemListElement":[{"@type":"ListItem","position":1,"name":"Home","item":"https:\/\/selleetools.com\/pl\/"},{"@type":"ListItem","position":2,"name":"Katalog","item":"https:\/\/selleetools.com\/pl\/katalog\/"},{"@type":"ListItem","position":3,"name":"TIRTIR Mask Fit AI Filter Cushion SPF30 PA++ #21C Cool Ivory 18 g &#8211; podk\u0142ad w formie cushion"}]}]}},"_links":{"self":[{"href":"https:\/\/admincentral.selleetools.com\/pl\/wp-json\/wp\/v2\/product\/608746"}],"collection":[{"href":"https:\/\/admincentral.selleetools.com\/pl\/wp-json\/wp\/v2\/product"}],"about":[{"href":"https:\/\/admincentral.selleetools.com\/pl\/wp-json\/wp\/v2\/types\/product"}],"replies":[{"embeddable":true,"href":"https:\/\/admincentral.selleetools.com\/pl\/wp-json\/wp\/v2\/comments?post=608746"}],"wp:featuredmedia":[{"embeddable":true,"href":"https:\/\/admincentral.selleetools.com\/pl\/wp-json\/wp\/v2\/media\/608744"}],"wp:attachment":[{"href":"https:\/\/admincentral.selleetools.com\/pl\/wp-json\/wp\/v2\/media?parent=608746"}],"curies":[{"name":"wp","href":"https:\/\/api.w.org\/{rel}","templated":true}]}}