{"id":608791,"date":"2025-10-24T14:24:41","date_gmt":"2025-10-24T12:24:41","guid":{"rendered":"https:\/\/selleetools.com\/?post_type=product&#038;p=608791"},"modified":"2026-02-25T19:14:45","modified_gmt":"2026-02-25T18:14:45","slug":"iunik-centella-calming-daily-sunscreen-15-ml-krem-z-filtrem","status":"publish","type":"product","link":"https:\/\/admincentral.selleetools.com\/pl\/product\/iunik-centella-calming-daily-sunscreen-15-ml-krem-z-filtrem\/","title":{"rendered":"iUNIK Centella Calming Daily Sunscreen 15 ml &#8211; krem z filtrem"},"content":{"rendered":"<p>Lekki, codzienny krem przeciws\u0142oneczny, kt\u00f3ry \u0142\u0105czy skuteczn\u0105 ochron\u0119 UV z piel\u0119gnacj\u0105 wra\u017cliwej sk\u00f3ry. iUNIK Centella Calming Daily Sunscreen zawiera ekstrakt z w\u0105kroty azjatyckiej ju\u017c na pierwszym miejscu w sk\u0142adzie, dzi\u0119ki czemu nie tylko chroni przed s\u0142o\u0144cem, ale tak\u017ce \u0142agodzi podra\u017cnienia i wzmacnia barier\u0119 sk\u00f3ry. Filtry nowej generacji zapewniaj\u0105 wysok\u0105 ochron\u0119 UVA i UVB, a dodatek niacynamidu i betaglukanu wspiera dzia\u0142anie przeciwzapalne i roz\u015bwietlaj\u0105ce.<\/p>\n<p>Korzy\u015bci dla sk\u00f3ry<br \/>\nwysoka ochrona SPF50+ PA++++ bez bielenia<br \/>\nkoi, regeneruje i wzmacnia dzi\u0119ki centelli azjatyckiej<br \/>\nlekka, niekomedogenna formu\u0142a odpowiednia dla sk\u00f3ry tr\u0105dzikowej i wra\u017cliwej<br \/>\ndzia\u0142a nawil\u017caj\u0105co i wspiera elastyczno\u015b\u0107 sk\u00f3ry<br \/>\nzawiera niacynamid, kt\u00f3ry poprawia koloryt cery<\/p>\n<p>Spos\u00f3b u\u017cycia: Na\u0142\u00f3\u017c odpowiedni\u0105 ilo\u015b\u0107 na oczyszczon\u0105 sk\u00f3r\u0119 twarzy jako ostatni krok porannej piel\u0119gnacji. Delikatnie wklep do wch\u0142oni\u0119cia. Aplikacj\u0119 nale\u017cy powtarza\u0107 w ci\u0105gu dnia, zw\u0142aszcza po spoceniu si\u0119 lub kontakcie z wod\u0105.<\/p>\n","protected":false},"excerpt":{"rendered":"<p>Lekki, codzienny krem przeciws\u0142oneczny, kt\u00f3ry \u0142\u0105czy skuteczn\u0105 ochron\u0119 UV z piel\u0119gnacj\u0105 wra\u017cliwej sk\u00f3ry. iUNIK Centella Calming Daily Sunscreen zawiera ekstrakt z w\u0105kroty azjatyckiej ju\u017c na pierwszym miejscu w sk\u0142adzie, dzi\u0119ki czemu nie tylko chroni przed s\u0142o\u0144cem, ale tak\u017ce \u0142agodzi podra\u017cnienia i wzmacnia barier\u0119 sk\u00f3ry. Filtry nowej generacji zapewniaj\u0105 wysok\u0105 ochron\u0119 UVA i UVB, a dodatek &#8230; <a title=\"iUNIK Centella Calming Daily Sunscreen 15 ml &#8211; krem z filtrem\" class=\"read-more\" href=\"https:\/\/admincentral.selleetools.com\/pl\/product\/iunik-centella-calming-daily-sunscreen-15-ml-krem-z-filtrem\/\">Read more<span class=\"screen-reader-text\">iUNIK Centella Calming Daily Sunscreen 15 ml &#8211; krem z filtrem<\/span><\/a><\/p>\n","protected":false},"featured_media":608789,"comment_status":"open","ping_status":"closed","template":"","meta":{"_links_to":"","_links_to_target":""},"yoast_head":"<!-- This site is optimized with the Yoast SEO plugin v19.4 - https:\/\/yoast.com\/wordpress\/plugins\/seo\/ -->\n<title>iUNIK Centella Calming Daily Sunscreen 15 ml - krem z filtrem - Selleetools.com<\/title>\n<meta name=\"robots\" content=\"index, follow, max-snippet:-1, max-image-preview:large, max-video-preview:-1\" \/>\n<link rel=\"canonical\" href=\"https:\/\/admincentral.selleetools.com\/pl\/product\/iunik-centella-calming-daily-sunscreen-15-ml-krem-z-filtrem\/\" \/>\n<meta property=\"og:locale\" content=\"pl_PL\" \/>\n<meta property=\"og:type\" content=\"article\" \/>\n<meta property=\"og:title\" content=\"iUNIK Centella Calming Daily Sunscreen 15 ml - krem z filtrem - Selleetools.com\" \/>\n<meta property=\"og:description\" content=\"Lekki, codzienny krem przeciws\u0142oneczny, kt\u00f3ry \u0142\u0105czy skuteczn\u0105 ochron\u0119 UV z piel\u0119gnacj\u0105 wra\u017cliwej sk\u00f3ry. iUNIK Centella Calming Daily Sunscreen zawiera ekstrakt z w\u0105kroty azjatyckiej ju\u017c na pierwszym miejscu w sk\u0142adzie, dzi\u0119ki czemu nie tylko chroni przed s\u0142o\u0144cem, ale tak\u017ce \u0142agodzi podra\u017cnienia i wzmacnia barier\u0119 sk\u00f3ry. Filtry nowej generacji zapewniaj\u0105 wysok\u0105 ochron\u0119 UVA i UVB, a dodatek ... Read moreiUNIK Centella Calming Daily Sunscreen 15 ml &#8211; krem z filtrem\" \/>\n<meta property=\"og:url\" content=\"https:\/\/admincentral.selleetools.com\/pl\/product\/iunik-centella-calming-daily-sunscreen-15-ml-krem-z-filtrem\/\" \/>\n<meta property=\"og:site_name\" content=\"Selleetools.com\" \/>\n<meta property=\"article:modified_time\" content=\"2026-02-25T18:14:45+00:00\" \/>\n<meta property=\"og:image\" content=\"https:\/\/selleetools.com\/wp-content\/uploads\/2025\/10\/2597e9a193097d491dadbbdc79b456e8.jpg\" \/>\n\t<meta property=\"og:image:width\" content=\"1200\" \/>\n\t<meta property=\"og:image:height\" content=\"1200\" \/>\n\t<meta property=\"og:image:type\" content=\"image\/jpeg\" \/>\n<meta name=\"twitter:card\" content=\"summary_large_image\" \/>\n<meta name=\"twitter:label1\" content=\"Est. reading time\" \/>\n\t<meta name=\"twitter:data1\" content=\"1 minuta\" \/>\n<!-- \/ Yoast SEO plugin. -->","yoast_head_json":{"title":"iUNIK Centella Calming Daily Sunscreen 15 ml - krem z filtrem - Selleetools.com","robots":{"index":"index","follow":"follow","max-snippet":"max-snippet:-1","max-image-preview":"max-image-preview:large","max-video-preview":"max-video-preview:-1"},"canonical":"https:\/\/admincentral.selleetools.com\/pl\/product\/iunik-centella-calming-daily-sunscreen-15-ml-krem-z-filtrem\/","og_locale":"pl_PL","og_type":"article","og_title":"iUNIK Centella Calming Daily Sunscreen 15 ml - krem z filtrem - Selleetools.com","og_description":"Lekki, codzienny krem przeciws\u0142oneczny, kt\u00f3ry \u0142\u0105czy skuteczn\u0105 ochron\u0119 UV z piel\u0119gnacj\u0105 wra\u017cliwej sk\u00f3ry. iUNIK Centella Calming Daily Sunscreen zawiera ekstrakt z w\u0105kroty azjatyckiej ju\u017c na pierwszym miejscu w sk\u0142adzie, dzi\u0119ki czemu nie tylko chroni przed s\u0142o\u0144cem, ale tak\u017ce \u0142agodzi podra\u017cnienia i wzmacnia barier\u0119 sk\u00f3ry. Filtry nowej generacji zapewniaj\u0105 wysok\u0105 ochron\u0119 UVA i UVB, a dodatek ... Read moreiUNIK Centella Calming Daily Sunscreen 15 ml &#8211; krem z filtrem","og_url":"https:\/\/admincentral.selleetools.com\/pl\/product\/iunik-centella-calming-daily-sunscreen-15-ml-krem-z-filtrem\/","og_site_name":"Selleetools.com","article_modified_time":"2026-02-25T18:14:45+00:00","og_image":[{"width":1200,"height":1200,"url":"https:\/\/selleetools.com\/wp-content\/uploads\/2025\/10\/2597e9a193097d491dadbbdc79b456e8.jpg","type":"image\/jpeg"}],"twitter_card":"summary_large_image","twitter_misc":{"Est. reading time":"1 minuta"},"schema":{"@context":"https:\/\/schema.org","@graph":[{"@type":"Organization","@id":"https:\/\/selleetools.com\/#organization","name":"Selleetools","url":"https:\/\/selleetools.com\/","sameAs":[],"logo":{"@type":"ImageObject","inLanguage":"pl-PL","@id":"https:\/\/selleetools.com\/#\/schema\/logo\/image\/","url":"https:\/\/selleetools.com\/wp-content\/uploads\/2021\/10\/logo-dark.png","contentUrl":"https:\/\/selleetools.com\/wp-content\/uploads\/2021\/10\/logo-dark.png","width":320,"height":76,"caption":"Selleetools"},"image":{"@id":"https:\/\/selleetools.com\/#\/schema\/logo\/image\/"}},{"@type":"WebSite","@id":"https:\/\/selleetools.com\/#website","url":"https:\/\/selleetools.com\/","name":"Selleetools.com","description":"","publisher":{"@id":"https:\/\/selleetools.com\/#organization"},"potentialAction":[{"@type":"SearchAction","target":{"@type":"EntryPoint","urlTemplate":"https:\/\/selleetools.com\/?s={search_term_string}"},"query-input":"required name=search_term_string"}],"inLanguage":"pl-PL"},{"@type":"WebPage","@id":"https:\/\/admincentral.selleetools.com\/pl\/product\/iunik-centella-calming-daily-sunscreen-15-ml-krem-z-filtrem\/","url":"https:\/\/admincentral.selleetools.com\/pl\/product\/iunik-centella-calming-daily-sunscreen-15-ml-krem-z-filtrem\/","name":"iUNIK Centella Calming Daily Sunscreen 15 ml - krem z filtrem - Selleetools.com","isPartOf":{"@id":"https:\/\/selleetools.com\/#website"},"datePublished":"2025-10-24T12:24:41+00:00","dateModified":"2026-02-25T18:14:45+00:00","breadcrumb":{"@id":"https:\/\/admincentral.selleetools.com\/pl\/product\/iunik-centella-calming-daily-sunscreen-15-ml-krem-z-filtrem\/#breadcrumb"},"inLanguage":"pl-PL","potentialAction":[{"@type":"ReadAction","target":["https:\/\/admincentral.selleetools.com\/pl\/product\/iunik-centella-calming-daily-sunscreen-15-ml-krem-z-filtrem\/"]}]},{"@type":"BreadcrumbList","@id":"https:\/\/admincentral.selleetools.com\/pl\/product\/iunik-centella-calming-daily-sunscreen-15-ml-krem-z-filtrem\/#breadcrumb","itemListElement":[{"@type":"ListItem","position":1,"name":"Home","item":"https:\/\/selleetools.com\/pl\/"},{"@type":"ListItem","position":2,"name":"Katalog","item":"https:\/\/selleetools.com\/pl\/katalog\/"},{"@type":"ListItem","position":3,"name":"iUNIK Centella Calming Daily Sunscreen 15 ml &#8211; krem z filtrem"}]}]}},"_links":{"self":[{"href":"https:\/\/admincentral.selleetools.com\/pl\/wp-json\/wp\/v2\/product\/608791"}],"collection":[{"href":"https:\/\/admincentral.selleetools.com\/pl\/wp-json\/wp\/v2\/product"}],"about":[{"href":"https:\/\/admincentral.selleetools.com\/pl\/wp-json\/wp\/v2\/types\/product"}],"replies":[{"embeddable":true,"href":"https:\/\/admincentral.selleetools.com\/pl\/wp-json\/wp\/v2\/comments?post=608791"}],"wp:featuredmedia":[{"embeddable":true,"href":"https:\/\/admincentral.selleetools.com\/pl\/wp-json\/wp\/v2\/media\/608789"}],"wp:attachment":[{"href":"https:\/\/admincentral.selleetools.com\/pl\/wp-json\/wp\/v2\/media?parent=608791"}],"curies":[{"name":"wp","href":"https:\/\/api.w.org\/{rel}","templated":true}]}}