{"id":608794,"date":"2025-10-24T14:24:44","date_gmt":"2025-10-24T12:24:44","guid":{"rendered":"https:\/\/selleetools.com\/?post_type=product&#038;p=608794"},"modified":"2025-11-04T21:52:47","modified_gmt":"2025-11-04T20:52:47","slug":"heimish-rx-hyaluronic-acid-hydrating-sunscreen-spf50-pa-50-ml-krem-z-filtrem","status":"publish","type":"product","link":"https:\/\/admincentral.selleetools.com\/pl\/product\/heimish-rx-hyaluronic-acid-hydrating-sunscreen-spf50-pa-50-ml-krem-z-filtrem\/","title":{"rendered":"Heimish RX Hyaluronic Acid Hydrating Sunscreen SPF50+ PA++++ 50 ml &#8211; krem z filtrem"},"content":{"rendered":"<p>Heimish RX Hyaluronic Acid Hydrating Sunscreen to lekki krem przeciws\u0142oneczny o wysokiej ochronie SPF50+ PA++++, kt\u00f3ry nie tylko skutecznie zabezpiecza sk\u00f3r\u0119 przed promieniowaniem UVA i UVB, ale tak\u017ce dog\u0142\u0119bnie nawil\u017ca. Dzi\u0119ki obecno\u015bci kwasu hialuronowego i pantenolu, formu\u0142a dzia\u0142a koj\u0105co i nawadniaj\u0105co, nie obci\u0105\u017caj\u0105c sk\u00f3ry. Idealny do codziennego stosowania \u2013 r\u00f3wnie\u017c pod makija\u017c.<\/p>\n<p>Korzy\u015bci dla sk\u00f3ry<br \/>\nwysoka ochrona przeciws\u0142oneczna bez uczucia t\u0142usto\u015bci<br \/>\nintensywne i d\u0142ugotrwa\u0142e nawil\u017cenie dzi\u0119ki kwasowi hialuronowemu<br \/>\nwspiera barier\u0119 hydrolipidow\u0105, chroni\u0105c przed przesuszeniem<br \/>\nlekka, komfortowa konsystencja \u2013 bez bielenia i lepko\u015bci<br \/>\nodpowiedni dla ka\u017cdego typu cery, tak\u017ce wra\u017cliwej<\/p>\n<p>Spos\u00f3b u\u017cycia<br \/>\nNa\u0142\u00f3\u017c r\u00f3wnomiernie na twarz jako ostatni krok porannej piel\u0119gnacji, co najmniej 15 minut przed ekspozycj\u0105 na s\u0142o\u0144ce. W razie potrzeby reaplikuj w ci\u0105gu dnia, szczeg\u00f3lnie po kontakcie z wod\u0105 lub wytarciu twarzy.<\/p>\n","protected":false},"excerpt":{"rendered":"<p>Heimish RX Hyaluronic Acid Hydrating Sunscreen to lekki krem przeciws\u0142oneczny o wysokiej ochronie SPF50+ PA++++, kt\u00f3ry nie tylko skutecznie zabezpiecza sk\u00f3r\u0119 przed promieniowaniem UVA i UVB, ale tak\u017ce dog\u0142\u0119bnie nawil\u017ca. Dzi\u0119ki obecno\u015bci kwasu hialuronowego i pantenolu, formu\u0142a dzia\u0142a koj\u0105co i nawadniaj\u0105co, nie obci\u0105\u017caj\u0105c sk\u00f3ry. Idealny do codziennego stosowania \u2013 r\u00f3wnie\u017c pod makija\u017c. Korzy\u015bci dla sk\u00f3ry &#8230; <a title=\"Heimish RX Hyaluronic Acid Hydrating Sunscreen SPF50+ PA++++ 50 ml &#8211; krem z filtrem\" class=\"read-more\" href=\"https:\/\/admincentral.selleetools.com\/pl\/product\/heimish-rx-hyaluronic-acid-hydrating-sunscreen-spf50-pa-50-ml-krem-z-filtrem\/\">Read more<span class=\"screen-reader-text\">Heimish RX Hyaluronic Acid Hydrating Sunscreen SPF50+ PA++++ 50 ml &#8211; krem z filtrem<\/span><\/a><\/p>\n","protected":false},"featured_media":608792,"comment_status":"open","ping_status":"closed","template":"","meta":{"_links_to":"","_links_to_target":""},"yoast_head":"<!-- This site is optimized with the Yoast SEO plugin v19.4 - https:\/\/yoast.com\/wordpress\/plugins\/seo\/ -->\n<title>Heimish RX Hyaluronic Acid Hydrating Sunscreen SPF50+ PA++++ 50 ml - krem z filtrem - Selleetools.com<\/title>\n<meta name=\"robots\" content=\"index, follow, max-snippet:-1, max-image-preview:large, max-video-preview:-1\" \/>\n<link rel=\"canonical\" href=\"https:\/\/selleetools.com\/pl\/product\/heimish-rx-hyaluronic-acid-hydrating-sunscreen-spf50-pa-50-ml-krem-z-filtrem\/\" \/>\n<meta property=\"og:locale\" content=\"pl_PL\" \/>\n<meta property=\"og:type\" content=\"article\" \/>\n<meta property=\"og:title\" content=\"Heimish RX Hyaluronic Acid Hydrating Sunscreen SPF50+ PA++++ 50 ml - krem z filtrem - Selleetools.com\" \/>\n<meta property=\"og:description\" content=\"Heimish RX Hyaluronic Acid Hydrating Sunscreen to lekki krem przeciws\u0142oneczny o wysokiej ochronie SPF50+ PA++++, kt\u00f3ry nie tylko skutecznie zabezpiecza sk\u00f3r\u0119 przed promieniowaniem UVA i UVB, ale tak\u017ce dog\u0142\u0119bnie nawil\u017ca. Dzi\u0119ki obecno\u015bci kwasu hialuronowego i pantenolu, formu\u0142a dzia\u0142a koj\u0105co i nawadniaj\u0105co, nie obci\u0105\u017caj\u0105c sk\u00f3ry. Idealny do codziennego stosowania \u2013 r\u00f3wnie\u017c pod makija\u017c. Korzy\u015bci dla sk\u00f3ry ... Read moreHeimish RX Hyaluronic Acid Hydrating Sunscreen SPF50+ PA++++ 50 ml &#8211; krem z filtrem\" \/>\n<meta property=\"og:url\" content=\"https:\/\/selleetools.com\/pl\/product\/heimish-rx-hyaluronic-acid-hydrating-sunscreen-spf50-pa-50-ml-krem-z-filtrem\/\" \/>\n<meta property=\"og:site_name\" content=\"Selleetools.com\" \/>\n<meta property=\"article:modified_time\" content=\"2025-11-04T20:52:47+00:00\" \/>\n<meta property=\"og:image\" content=\"https:\/\/selleetools.com\/wp-content\/uploads\/2025\/10\/49fce8c9d989d77ebb4262277f0bc158.jpg\" \/>\n\t<meta property=\"og:image:width\" content=\"1200\" \/>\n\t<meta property=\"og:image:height\" content=\"1200\" \/>\n\t<meta property=\"og:image:type\" content=\"image\/jpeg\" \/>\n<meta name=\"twitter:card\" content=\"summary_large_image\" \/>\n<meta name=\"twitter:label1\" content=\"Est. reading time\" \/>\n\t<meta name=\"twitter:data1\" content=\"1 minuta\" \/>\n<!-- \/ Yoast SEO plugin. -->","yoast_head_json":{"title":"Heimish RX Hyaluronic Acid Hydrating Sunscreen SPF50+ PA++++ 50 ml - krem z filtrem - Selleetools.com","robots":{"index":"index","follow":"follow","max-snippet":"max-snippet:-1","max-image-preview":"max-image-preview:large","max-video-preview":"max-video-preview:-1"},"canonical":"https:\/\/selleetools.com\/pl\/product\/heimish-rx-hyaluronic-acid-hydrating-sunscreen-spf50-pa-50-ml-krem-z-filtrem\/","og_locale":"pl_PL","og_type":"article","og_title":"Heimish RX Hyaluronic Acid Hydrating Sunscreen SPF50+ PA++++ 50 ml - krem z filtrem - Selleetools.com","og_description":"Heimish RX Hyaluronic Acid Hydrating Sunscreen to lekki krem przeciws\u0142oneczny o wysokiej ochronie SPF50+ PA++++, kt\u00f3ry nie tylko skutecznie zabezpiecza sk\u00f3r\u0119 przed promieniowaniem UVA i UVB, ale tak\u017ce dog\u0142\u0119bnie nawil\u017ca. Dzi\u0119ki obecno\u015bci kwasu hialuronowego i pantenolu, formu\u0142a dzia\u0142a koj\u0105co i nawadniaj\u0105co, nie obci\u0105\u017caj\u0105c sk\u00f3ry. Idealny do codziennego stosowania \u2013 r\u00f3wnie\u017c pod makija\u017c. Korzy\u015bci dla sk\u00f3ry ... Read moreHeimish RX Hyaluronic Acid Hydrating Sunscreen SPF50+ PA++++ 50 ml &#8211; krem z filtrem","og_url":"https:\/\/selleetools.com\/pl\/product\/heimish-rx-hyaluronic-acid-hydrating-sunscreen-spf50-pa-50-ml-krem-z-filtrem\/","og_site_name":"Selleetools.com","article_modified_time":"2025-11-04T20:52:47+00:00","og_image":[{"width":1200,"height":1200,"url":"https:\/\/selleetools.com\/wp-content\/uploads\/2025\/10\/49fce8c9d989d77ebb4262277f0bc158.jpg","type":"image\/jpeg"}],"twitter_card":"summary_large_image","twitter_misc":{"Est. reading time":"1 minuta"},"schema":{"@context":"https:\/\/schema.org","@graph":[{"@type":"Organization","@id":"https:\/\/selleetools.com\/#organization","name":"Selleetools","url":"https:\/\/selleetools.com\/","sameAs":[],"logo":{"@type":"ImageObject","inLanguage":"pl-PL","@id":"https:\/\/selleetools.com\/#\/schema\/logo\/image\/","url":"https:\/\/selleetools.com\/wp-content\/uploads\/2021\/10\/logo-dark.png","contentUrl":"https:\/\/selleetools.com\/wp-content\/uploads\/2021\/10\/logo-dark.png","width":320,"height":76,"caption":"Selleetools"},"image":{"@id":"https:\/\/selleetools.com\/#\/schema\/logo\/image\/"}},{"@type":"WebSite","@id":"https:\/\/selleetools.com\/#website","url":"https:\/\/selleetools.com\/","name":"Selleetools.com","description":"","publisher":{"@id":"https:\/\/selleetools.com\/#organization"},"potentialAction":[{"@type":"SearchAction","target":{"@type":"EntryPoint","urlTemplate":"https:\/\/selleetools.com\/?s={search_term_string}"},"query-input":"required name=search_term_string"}],"inLanguage":"pl-PL"},{"@type":"WebPage","@id":"https:\/\/selleetools.com\/pl\/product\/heimish-rx-hyaluronic-acid-hydrating-sunscreen-spf50-pa-50-ml-krem-z-filtrem\/","url":"https:\/\/selleetools.com\/pl\/product\/heimish-rx-hyaluronic-acid-hydrating-sunscreen-spf50-pa-50-ml-krem-z-filtrem\/","name":"Heimish RX Hyaluronic Acid Hydrating Sunscreen SPF50+ PA++++ 50 ml - krem z filtrem - Selleetools.com","isPartOf":{"@id":"https:\/\/selleetools.com\/#website"},"datePublished":"2025-10-24T12:24:44+00:00","dateModified":"2025-11-04T20:52:47+00:00","breadcrumb":{"@id":"https:\/\/selleetools.com\/pl\/product\/heimish-rx-hyaluronic-acid-hydrating-sunscreen-spf50-pa-50-ml-krem-z-filtrem\/#breadcrumb"},"inLanguage":"pl-PL","potentialAction":[{"@type":"ReadAction","target":["https:\/\/selleetools.com\/pl\/product\/heimish-rx-hyaluronic-acid-hydrating-sunscreen-spf50-pa-50-ml-krem-z-filtrem\/"]}]},{"@type":"BreadcrumbList","@id":"https:\/\/selleetools.com\/pl\/product\/heimish-rx-hyaluronic-acid-hydrating-sunscreen-spf50-pa-50-ml-krem-z-filtrem\/#breadcrumb","itemListElement":[{"@type":"ListItem","position":1,"name":"Home","item":"https:\/\/selleetools.com\/pl\/"},{"@type":"ListItem","position":2,"name":"Katalog","item":"https:\/\/selleetools.com\/pl\/katalog\/"},{"@type":"ListItem","position":3,"name":"Heimish RX Hyaluronic Acid Hydrating Sunscreen SPF50+ PA++++ 50 ml &#8211; krem z filtrem"}]}]}},"_links":{"self":[{"href":"https:\/\/admincentral.selleetools.com\/pl\/wp-json\/wp\/v2\/product\/608794"}],"collection":[{"href":"https:\/\/admincentral.selleetools.com\/pl\/wp-json\/wp\/v2\/product"}],"about":[{"href":"https:\/\/admincentral.selleetools.com\/pl\/wp-json\/wp\/v2\/types\/product"}],"replies":[{"embeddable":true,"href":"https:\/\/admincentral.selleetools.com\/pl\/wp-json\/wp\/v2\/comments?post=608794"}],"wp:featuredmedia":[{"embeddable":true,"href":"https:\/\/admincentral.selleetools.com\/pl\/wp-json\/wp\/v2\/media\/608792"}],"wp:attachment":[{"href":"https:\/\/admincentral.selleetools.com\/pl\/wp-json\/wp\/v2\/media?parent=608794"}],"curies":[{"name":"wp","href":"https:\/\/api.w.org\/{rel}","templated":true}]}}