{"id":608800,"date":"2025-10-24T14:24:49","date_gmt":"2025-10-24T12:24:49","guid":{"rendered":"https:\/\/selleetools.com\/?post_type=product&#038;p=608800"},"modified":"2025-11-03T17:03:35","modified_gmt":"2025-11-03T16:03:35","slug":"fwee-more-mood-eyeshadow-palette-01-more-than-nude-12-g-paleta-nude-cieni-do-powiek","status":"publish","type":"product","link":"https:\/\/admincentral.selleetools.com\/pl\/product\/fwee-more-mood-eyeshadow-palette-01-more-than-nude-12-g-paleta-nude-cieni-do-powiek\/","title":{"rendered":"FWEE more mood eyeshadow palette 01 MORE THAN NUDE 12 g &#8211; paleta nude cieni do powiek"},"content":{"rendered":"<p>Paleta FWEE More Mood 01 More Than Nude to elegancka kompozycja 15 cieni do powiek w ciep\u0142ych, stonowanych tonacjach nude. Znajdziesz tu zar\u00f3wno aksamitne maty, jak i l\u015bni\u0105ce per\u0142y oraz b\u0142yszcz\u0105ce toppery \u2013 w odcieniach be\u017cu, r\u00f3\u017cu, brzoskwini, subtelnego br\u0105zu i \u015bwietlistego z\u0142ota. Idealna do stworzenia delikatnego makija\u017cu dziennego, jak i bardziej wyrazistego looku wieczorowego. Kolory zosta\u0142y dobrane tak, aby podkre\u015bla\u0107 naturalne pi\u0119kno i dopasowa\u0107 si\u0119 do ka\u017cdej karnacji.<\/p>\n<p>Korzy\u015bci ze stosowania:<br \/>\nJedwabista, \u0142atwa w blendowaniu formu\u0142a, kt\u00f3ra nie osypuje si\u0119 podczas aplikacji<br \/>\nD\u0142ugotrwa\u0142y efekt \u2013 makija\u017c utrzymuje si\u0119 przez ca\u0142y dzie\u0144 bez zbierania si\u0119 w za\u0142amaniach<br \/>\nBogata pigmentacja \u2013 ju\u017c jedna warstwa daje intensywny kolor<br \/>\nWielofunkcyjno\u015b\u0107 \u2013 paleta sprawdzi si\u0119 zar\u00f3wno do dziennego makija\u017cu, jak i efektownych stylizacji wieczorowych<br \/>\nZawiera odcienie bazowe, roz\u015bwietlaj\u0105ce i akcentuj\u0105ce \u2013 idealna do konturowania oka i nadania mu g\u0142\u0119bi<\/p>\n<p>Spos\u00f3b u\u017cycia:<br \/>\nAplikuj cienie za pomoc\u0105 p\u0119dzla lub opuszk\u00f3w palc\u00f3w na powiek\u0119. Jasne odcienie nak\u0142adaj jako baz\u0119 lub do roz\u015bwietlania wewn\u0119trznego k\u0105cika oka i \u0142uku brwiowego. \u015arednie kolory sprawdz\u0105 si\u0119 w za\u0142amaniu powieki, natomiast ciemniejsze \u2013 do zag\u0119szczenia linii rz\u0119s lub nadania g\u0142\u0119bi makija\u017cowi wieczorowemu. Cienie b\u0142yszcz\u0105ce najlepiej nak\u0142ada\u0107 palcem dla intensywniejszego efektu.<\/p>\n","protected":false},"excerpt":{"rendered":"<p>Paleta FWEE More Mood 01 More Than Nude to elegancka kompozycja 15 cieni do powiek w ciep\u0142ych, stonowanych tonacjach nude. Znajdziesz tu zar\u00f3wno aksamitne maty, jak i l\u015bni\u0105ce per\u0142y oraz b\u0142yszcz\u0105ce toppery \u2013 w odcieniach be\u017cu, r\u00f3\u017cu, brzoskwini, subtelnego br\u0105zu i \u015bwietlistego z\u0142ota. Idealna do stworzenia delikatnego makija\u017cu dziennego, jak i bardziej wyrazistego looku wieczorowego. &#8230; <a title=\"FWEE more mood eyeshadow palette 01 MORE THAN NUDE 12 g &#8211; paleta nude cieni do powiek\" class=\"read-more\" href=\"https:\/\/admincentral.selleetools.com\/pl\/product\/fwee-more-mood-eyeshadow-palette-01-more-than-nude-12-g-paleta-nude-cieni-do-powiek\/\">Read more<span class=\"screen-reader-text\">FWEE more mood eyeshadow palette 01 MORE THAN NUDE 12 g &#8211; paleta nude cieni do powiek<\/span><\/a><\/p>\n","protected":false},"featured_media":608798,"comment_status":"open","ping_status":"closed","template":"","meta":{"_links_to":"","_links_to_target":""},"yoast_head":"<!-- This site is optimized with the Yoast SEO plugin v19.4 - https:\/\/yoast.com\/wordpress\/plugins\/seo\/ -->\n<title>FWEE more mood eyeshadow palette 01 MORE THAN NUDE 12 g - paleta nude cieni do powiek - Selleetools.com<\/title>\n<meta name=\"robots\" content=\"index, follow, max-snippet:-1, max-image-preview:large, max-video-preview:-1\" \/>\n<link rel=\"canonical\" href=\"https:\/\/selleetools.com\/product\/fwee-more-mood-eyeshadow-palette-01-more-than-nude-12-g-paleta-nude-cieni-do-powiek\/\" \/>\n<meta property=\"og:locale\" content=\"pl_PL\" \/>\n<meta property=\"og:type\" content=\"article\" \/>\n<meta property=\"og:title\" content=\"FWEE more mood eyeshadow palette 01 MORE THAN NUDE 12 g - paleta nude cieni do powiek - Selleetools.com\" \/>\n<meta property=\"og:description\" content=\"Paleta FWEE More Mood 01 More Than Nude to elegancka kompozycja 15 cieni do powiek w ciep\u0142ych, stonowanych tonacjach nude. Znajdziesz tu zar\u00f3wno aksamitne maty, jak i l\u015bni\u0105ce per\u0142y oraz b\u0142yszcz\u0105ce toppery \u2013 w odcieniach be\u017cu, r\u00f3\u017cu, brzoskwini, subtelnego br\u0105zu i \u015bwietlistego z\u0142ota. Idealna do stworzenia delikatnego makija\u017cu dziennego, jak i bardziej wyrazistego looku wieczorowego. ... Read moreFWEE more mood eyeshadow palette 01 MORE THAN NUDE 12 g &#8211; paleta nude cieni do powiek\" \/>\n<meta property=\"og:url\" content=\"https:\/\/selleetools.com\/product\/fwee-more-mood-eyeshadow-palette-01-more-than-nude-12-g-paleta-nude-cieni-do-powiek\/\" \/>\n<meta property=\"og:site_name\" content=\"Selleetools.com\" \/>\n<meta property=\"article:modified_time\" content=\"2025-11-03T16:03:35+00:00\" \/>\n<meta property=\"og:image\" content=\"https:\/\/selleetools.com\/wp-content\/uploads\/2025\/10\/222b549949677266ce092a07b50af8ee.png\" \/>\n\t<meta property=\"og:image:width\" content=\"1080\" \/>\n\t<meta property=\"og:image:height\" content=\"1080\" \/>\n\t<meta property=\"og:image:type\" content=\"image\/png\" \/>\n<meta name=\"twitter:card\" content=\"summary_large_image\" \/>\n<meta name=\"twitter:label1\" content=\"Est. reading time\" \/>\n\t<meta name=\"twitter:data1\" content=\"1 minuta\" \/>\n<!-- \/ Yoast SEO plugin. -->","yoast_head_json":{"title":"FWEE more mood eyeshadow palette 01 MORE THAN NUDE 12 g - paleta nude cieni do powiek - Selleetools.com","robots":{"index":"index","follow":"follow","max-snippet":"max-snippet:-1","max-image-preview":"max-image-preview:large","max-video-preview":"max-video-preview:-1"},"canonical":"https:\/\/selleetools.com\/product\/fwee-more-mood-eyeshadow-palette-01-more-than-nude-12-g-paleta-nude-cieni-do-powiek\/","og_locale":"pl_PL","og_type":"article","og_title":"FWEE more mood eyeshadow palette 01 MORE THAN NUDE 12 g - paleta nude cieni do powiek - Selleetools.com","og_description":"Paleta FWEE More Mood 01 More Than Nude to elegancka kompozycja 15 cieni do powiek w ciep\u0142ych, stonowanych tonacjach nude. Znajdziesz tu zar\u00f3wno aksamitne maty, jak i l\u015bni\u0105ce per\u0142y oraz b\u0142yszcz\u0105ce toppery \u2013 w odcieniach be\u017cu, r\u00f3\u017cu, brzoskwini, subtelnego br\u0105zu i \u015bwietlistego z\u0142ota. Idealna do stworzenia delikatnego makija\u017cu dziennego, jak i bardziej wyrazistego looku wieczorowego. ... Read moreFWEE more mood eyeshadow palette 01 MORE THAN NUDE 12 g &#8211; paleta nude cieni do powiek","og_url":"https:\/\/selleetools.com\/product\/fwee-more-mood-eyeshadow-palette-01-more-than-nude-12-g-paleta-nude-cieni-do-powiek\/","og_site_name":"Selleetools.com","article_modified_time":"2025-11-03T16:03:35+00:00","og_image":[{"width":1080,"height":1080,"url":"https:\/\/selleetools.com\/wp-content\/uploads\/2025\/10\/222b549949677266ce092a07b50af8ee.png","type":"image\/png"}],"twitter_card":"summary_large_image","twitter_misc":{"Est. reading time":"1 minuta"},"schema":{"@context":"https:\/\/schema.org","@graph":[{"@type":"Organization","@id":"https:\/\/selleetools.com\/#organization","name":"Selleetools","url":"https:\/\/selleetools.com\/","sameAs":[],"logo":{"@type":"ImageObject","inLanguage":"pl-PL","@id":"https:\/\/selleetools.com\/#\/schema\/logo\/image\/","url":"https:\/\/selleetools.com\/wp-content\/uploads\/2021\/10\/logo-dark.png","contentUrl":"https:\/\/selleetools.com\/wp-content\/uploads\/2021\/10\/logo-dark.png","width":320,"height":76,"caption":"Selleetools"},"image":{"@id":"https:\/\/selleetools.com\/#\/schema\/logo\/image\/"}},{"@type":"WebSite","@id":"https:\/\/selleetools.com\/#website","url":"https:\/\/selleetools.com\/","name":"Selleetools.com","description":"","publisher":{"@id":"https:\/\/selleetools.com\/#organization"},"potentialAction":[{"@type":"SearchAction","target":{"@type":"EntryPoint","urlTemplate":"https:\/\/selleetools.com\/?s={search_term_string}"},"query-input":"required name=search_term_string"}],"inLanguage":"pl-PL"},{"@type":"WebPage","@id":"https:\/\/selleetools.com\/product\/fwee-more-mood-eyeshadow-palette-01-more-than-nude-12-g-paleta-nude-cieni-do-powiek\/","url":"https:\/\/selleetools.com\/product\/fwee-more-mood-eyeshadow-palette-01-more-than-nude-12-g-paleta-nude-cieni-do-powiek\/","name":"FWEE more mood eyeshadow palette 01 MORE THAN NUDE 12 g - paleta nude cieni do powiek - Selleetools.com","isPartOf":{"@id":"https:\/\/selleetools.com\/#website"},"datePublished":"2025-10-24T12:24:49+00:00","dateModified":"2025-11-03T16:03:35+00:00","breadcrumb":{"@id":"https:\/\/selleetools.com\/product\/fwee-more-mood-eyeshadow-palette-01-more-than-nude-12-g-paleta-nude-cieni-do-powiek\/#breadcrumb"},"inLanguage":"pl-PL","potentialAction":[{"@type":"ReadAction","target":["https:\/\/selleetools.com\/product\/fwee-more-mood-eyeshadow-palette-01-more-than-nude-12-g-paleta-nude-cieni-do-powiek\/"]}]},{"@type":"BreadcrumbList","@id":"https:\/\/selleetools.com\/product\/fwee-more-mood-eyeshadow-palette-01-more-than-nude-12-g-paleta-nude-cieni-do-powiek\/#breadcrumb","itemListElement":[{"@type":"ListItem","position":1,"name":"Home","item":"https:\/\/selleetools.com\/pl\/"},{"@type":"ListItem","position":2,"name":"Katalog","item":"https:\/\/selleetools.com\/pl\/katalog\/"},{"@type":"ListItem","position":3,"name":"FWEE more mood eyeshadow palette 01 MORE THAN NUDE 12 g &#8211; paleta nude cieni do powiek"}]}]}},"_links":{"self":[{"href":"https:\/\/admincentral.selleetools.com\/pl\/wp-json\/wp\/v2\/product\/608800"}],"collection":[{"href":"https:\/\/admincentral.selleetools.com\/pl\/wp-json\/wp\/v2\/product"}],"about":[{"href":"https:\/\/admincentral.selleetools.com\/pl\/wp-json\/wp\/v2\/types\/product"}],"replies":[{"embeddable":true,"href":"https:\/\/admincentral.selleetools.com\/pl\/wp-json\/wp\/v2\/comments?post=608800"}],"wp:featuredmedia":[{"embeddable":true,"href":"https:\/\/admincentral.selleetools.com\/pl\/wp-json\/wp\/v2\/media\/608798"}],"wp:attachment":[{"href":"https:\/\/admincentral.selleetools.com\/pl\/wp-json\/wp\/v2\/media?parent=608800"}],"curies":[{"name":"wp","href":"https:\/\/api.w.org\/{rel}","templated":true}]}}