{"id":608803,"date":"2025-10-24T14:24:52","date_gmt":"2025-10-24T12:24:52","guid":{"rendered":"https:\/\/selleetools.com\/?post_type=product&#038;p=608803"},"modified":"2025-11-03T17:03:34","modified_gmt":"2025-11-03T16:03:34","slug":"fwee-cushion-glass-natural-01-fair-glass-13-g-podklad-w-formie-cushion","status":"publish","type":"product","link":"https:\/\/admincentral.selleetools.com\/pl\/product\/fwee-cushion-glass-natural-01-fair-glass-13-g-podklad-w-formie-cushion\/","title":{"rendered":"FWEE Cushion glass natural 01 fair glass 13 g &#8211; podk\u0142ad w formie cushion"},"content":{"rendered":"<p>FWEE Cushion Glass to lekki podk\u0142ad w innowacyjnej formie cushion, kt\u00f3ry zapewnia naturalne, \u015bwietliste wyko\u0144czenie sk\u00f3ry typu \u201eglass skin\u201d. Odcie\u0144 01 Fair Glass doskonale dopasowuje si\u0119 do bardzo jasnej cery, wyr\u00f3wnuj\u0105c jej koloryt bez efektu maski. Formu\u0142a oparta na wodzie termalnej Onsen-Sui oraz kwasie hialuronowym w wielu formach intensywnie nawil\u017ca i koi sk\u00f3r\u0119, podczas gdy filtry przeciws\u0142oneczne chroni\u0105 j\u0105 przed szkodliwym promieniowaniem UV.<\/p>\n<p>Korzy\u015bci ze stosowania:<br \/>\nNaturalne, promienne wyko\u0144czenie w stylu &#8220;glass skin&#8221;<br \/>\nD\u0142ugotrwa\u0142e krycie niedoskona\u0142o\u015bci bez obci\u0105\u017cania sk\u00f3ry<br \/>\nSkuteczna ochrona przeciws\u0142oneczna (filtry mineralne i chemiczne)<br \/>\nG\u0142\u0119bokie i wielopoziomowe nawil\u017cenie dzi\u0119ki kompleksowi kwasu hialuronowego<br \/>\nPoprawa elastyczno\u015bci i struktury sk\u00f3ry dzi\u0119ki obecno\u015bci niacynamidu, panthenolu i ceramid\u00f3w<br \/>\nEfekt wyg\u0142adzenia i roz\u015bwietlenia dzi\u0119ki zawarto\u015bci syntetycznej miki i pigment\u00f3w mineralnych<\/p>\n<p>Spos\u00f3b u\u017cycia:<br \/>\nDelikatnie doci\u015bnij g\u0105beczk\u0119 aplikacyjn\u0105 do poduszki z podk\u0142adem, a nast\u0119pnie wklep produkt w sk\u00f3r\u0119 twarzy, zaczynaj\u0105c od \u015brodka i kieruj\u0105c si\u0119 ku zewn\u0119trznym partiom. W razie potrzeby na\u0142\u00f3\u017c dodatkow\u0105 warstw\u0119, aby zwi\u0119kszy\u0107 krycie. Idealny do poprawek w ci\u0105gu dnia.<\/p>\n","protected":false},"excerpt":{"rendered":"<p>FWEE Cushion Glass to lekki podk\u0142ad w innowacyjnej formie cushion, kt\u00f3ry zapewnia naturalne, \u015bwietliste wyko\u0144czenie sk\u00f3ry typu \u201eglass skin\u201d. Odcie\u0144 01 Fair Glass doskonale dopasowuje si\u0119 do bardzo jasnej cery, wyr\u00f3wnuj\u0105c jej koloryt bez efektu maski. Formu\u0142a oparta na wodzie termalnej Onsen-Sui oraz kwasie hialuronowym w wielu formach intensywnie nawil\u017ca i koi sk\u00f3r\u0119, podczas gdy &#8230; <a title=\"FWEE Cushion glass natural 01 fair glass 13 g &#8211; podk\u0142ad w formie cushion\" class=\"read-more\" href=\"https:\/\/admincentral.selleetools.com\/pl\/product\/fwee-cushion-glass-natural-01-fair-glass-13-g-podklad-w-formie-cushion\/\">Read more<span class=\"screen-reader-text\">FWEE Cushion glass natural 01 fair glass 13 g &#8211; podk\u0142ad w formie cushion<\/span><\/a><\/p>\n","protected":false},"featured_media":608801,"comment_status":"open","ping_status":"closed","template":"","meta":{"_links_to":"","_links_to_target":""},"yoast_head":"<!-- This site is optimized with the Yoast SEO plugin v19.4 - https:\/\/yoast.com\/wordpress\/plugins\/seo\/ -->\n<title>FWEE Cushion glass natural 01 fair glass 13 g - podk\u0142ad w formie cushion - Selleetools.com<\/title>\n<meta name=\"robots\" content=\"index, follow, max-snippet:-1, max-image-preview:large, max-video-preview:-1\" \/>\n<link rel=\"canonical\" href=\"https:\/\/admincentral.selleetools.com\/product\/fwee-cushion-glass-natural-01-fair-glass-13-g-podklad-w-formie-cushion\/\" \/>\n<meta property=\"og:locale\" content=\"pl_PL\" \/>\n<meta property=\"og:type\" content=\"article\" \/>\n<meta property=\"og:title\" content=\"FWEE Cushion glass natural 01 fair glass 13 g - podk\u0142ad w formie cushion - Selleetools.com\" \/>\n<meta property=\"og:description\" content=\"FWEE Cushion Glass to lekki podk\u0142ad w innowacyjnej formie cushion, kt\u00f3ry zapewnia naturalne, \u015bwietliste wyko\u0144czenie sk\u00f3ry typu \u201eglass skin\u201d. Odcie\u0144 01 Fair Glass doskonale dopasowuje si\u0119 do bardzo jasnej cery, wyr\u00f3wnuj\u0105c jej koloryt bez efektu maski. Formu\u0142a oparta na wodzie termalnej Onsen-Sui oraz kwasie hialuronowym w wielu formach intensywnie nawil\u017ca i koi sk\u00f3r\u0119, podczas gdy ... Read moreFWEE Cushion glass natural 01 fair glass 13 g &#8211; podk\u0142ad w formie cushion\" \/>\n<meta property=\"og:url\" content=\"https:\/\/admincentral.selleetools.com\/product\/fwee-cushion-glass-natural-01-fair-glass-13-g-podklad-w-formie-cushion\/\" \/>\n<meta property=\"og:site_name\" content=\"Selleetools.com\" \/>\n<meta property=\"article:modified_time\" content=\"2025-11-03T16:03:34+00:00\" \/>\n<meta property=\"og:image\" content=\"https:\/\/selleetools.com\/wp-content\/uploads\/2025\/10\/8f07deecdf0edf182fd4fc82a046b7f0.png\" \/>\n\t<meta property=\"og:image:width\" content=\"1080\" \/>\n\t<meta property=\"og:image:height\" content=\"1080\" \/>\n\t<meta property=\"og:image:type\" content=\"image\/png\" \/>\n<meta name=\"twitter:card\" content=\"summary_large_image\" \/>\n<meta name=\"twitter:label1\" content=\"Est. reading time\" \/>\n\t<meta name=\"twitter:data1\" content=\"1 minuta\" \/>\n<!-- \/ Yoast SEO plugin. -->","yoast_head_json":{"title":"FWEE Cushion glass natural 01 fair glass 13 g - podk\u0142ad w formie cushion - Selleetools.com","robots":{"index":"index","follow":"follow","max-snippet":"max-snippet:-1","max-image-preview":"max-image-preview:large","max-video-preview":"max-video-preview:-1"},"canonical":"https:\/\/admincentral.selleetools.com\/product\/fwee-cushion-glass-natural-01-fair-glass-13-g-podklad-w-formie-cushion\/","og_locale":"pl_PL","og_type":"article","og_title":"FWEE Cushion glass natural 01 fair glass 13 g - podk\u0142ad w formie cushion - Selleetools.com","og_description":"FWEE Cushion Glass to lekki podk\u0142ad w innowacyjnej formie cushion, kt\u00f3ry zapewnia naturalne, \u015bwietliste wyko\u0144czenie sk\u00f3ry typu \u201eglass skin\u201d. Odcie\u0144 01 Fair Glass doskonale dopasowuje si\u0119 do bardzo jasnej cery, wyr\u00f3wnuj\u0105c jej koloryt bez efektu maski. Formu\u0142a oparta na wodzie termalnej Onsen-Sui oraz kwasie hialuronowym w wielu formach intensywnie nawil\u017ca i koi sk\u00f3r\u0119, podczas gdy ... Read moreFWEE Cushion glass natural 01 fair glass 13 g &#8211; podk\u0142ad w formie cushion","og_url":"https:\/\/admincentral.selleetools.com\/product\/fwee-cushion-glass-natural-01-fair-glass-13-g-podklad-w-formie-cushion\/","og_site_name":"Selleetools.com","article_modified_time":"2025-11-03T16:03:34+00:00","og_image":[{"width":1080,"height":1080,"url":"https:\/\/selleetools.com\/wp-content\/uploads\/2025\/10\/8f07deecdf0edf182fd4fc82a046b7f0.png","type":"image\/png"}],"twitter_card":"summary_large_image","twitter_misc":{"Est. reading time":"1 minuta"},"schema":{"@context":"https:\/\/schema.org","@graph":[{"@type":"Organization","@id":"https:\/\/selleetools.com\/#organization","name":"Selleetools","url":"https:\/\/selleetools.com\/","sameAs":[],"logo":{"@type":"ImageObject","inLanguage":"pl-PL","@id":"https:\/\/selleetools.com\/#\/schema\/logo\/image\/","url":"https:\/\/selleetools.com\/wp-content\/uploads\/2021\/10\/logo-dark.png","contentUrl":"https:\/\/selleetools.com\/wp-content\/uploads\/2021\/10\/logo-dark.png","width":320,"height":76,"caption":"Selleetools"},"image":{"@id":"https:\/\/selleetools.com\/#\/schema\/logo\/image\/"}},{"@type":"WebSite","@id":"https:\/\/selleetools.com\/#website","url":"https:\/\/selleetools.com\/","name":"Selleetools.com","description":"","publisher":{"@id":"https:\/\/selleetools.com\/#organization"},"potentialAction":[{"@type":"SearchAction","target":{"@type":"EntryPoint","urlTemplate":"https:\/\/selleetools.com\/?s={search_term_string}"},"query-input":"required name=search_term_string"}],"inLanguage":"pl-PL"},{"@type":"WebPage","@id":"https:\/\/admincentral.selleetools.com\/product\/fwee-cushion-glass-natural-01-fair-glass-13-g-podklad-w-formie-cushion\/","url":"https:\/\/admincentral.selleetools.com\/product\/fwee-cushion-glass-natural-01-fair-glass-13-g-podklad-w-formie-cushion\/","name":"FWEE Cushion glass natural 01 fair glass 13 g - podk\u0142ad w formie cushion - Selleetools.com","isPartOf":{"@id":"https:\/\/selleetools.com\/#website"},"datePublished":"2025-10-24T12:24:52+00:00","dateModified":"2025-11-03T16:03:34+00:00","breadcrumb":{"@id":"https:\/\/admincentral.selleetools.com\/product\/fwee-cushion-glass-natural-01-fair-glass-13-g-podklad-w-formie-cushion\/#breadcrumb"},"inLanguage":"pl-PL","potentialAction":[{"@type":"ReadAction","target":["https:\/\/admincentral.selleetools.com\/product\/fwee-cushion-glass-natural-01-fair-glass-13-g-podklad-w-formie-cushion\/"]}]},{"@type":"BreadcrumbList","@id":"https:\/\/admincentral.selleetools.com\/product\/fwee-cushion-glass-natural-01-fair-glass-13-g-podklad-w-formie-cushion\/#breadcrumb","itemListElement":[{"@type":"ListItem","position":1,"name":"Home","item":"https:\/\/selleetools.com\/pl\/"},{"@type":"ListItem","position":2,"name":"Katalog","item":"https:\/\/selleetools.com\/pl\/katalog\/"},{"@type":"ListItem","position":3,"name":"FWEE Cushion glass natural 01 fair glass 13 g &#8211; podk\u0142ad w formie cushion"}]}]}},"_links":{"self":[{"href":"https:\/\/admincentral.selleetools.com\/pl\/wp-json\/wp\/v2\/product\/608803"}],"collection":[{"href":"https:\/\/admincentral.selleetools.com\/pl\/wp-json\/wp\/v2\/product"}],"about":[{"href":"https:\/\/admincentral.selleetools.com\/pl\/wp-json\/wp\/v2\/types\/product"}],"replies":[{"embeddable":true,"href":"https:\/\/admincentral.selleetools.com\/pl\/wp-json\/wp\/v2\/comments?post=608803"}],"wp:featuredmedia":[{"embeddable":true,"href":"https:\/\/admincentral.selleetools.com\/pl\/wp-json\/wp\/v2\/media\/608801"}],"wp:attachment":[{"href":"https:\/\/admincentral.selleetools.com\/pl\/wp-json\/wp\/v2\/media?parent=608803"}],"curies":[{"name":"wp","href":"https:\/\/api.w.org\/{rel}","templated":true}]}}