{"id":608815,"date":"2025-10-24T14:25:04","date_gmt":"2025-10-24T12:25:04","guid":{"rendered":"https:\/\/selleetools.com\/?post_type=product&#038;p=608815"},"modified":"2025-11-04T21:29:03","modified_gmt":"2025-11-04T20:29:03","slug":"fwee-glitz-stone-highlighter-hl03-marine-baby-4-6-g-rozswietlacz-perlowy","status":"publish","type":"product","link":"https:\/\/admincentral.selleetools.com\/pl\/product\/fwee-glitz-stone-highlighter-hl03-marine-baby-4-6-g-rozswietlacz-perlowy\/","title":{"rendered":"FWEE Glitz Stone Highlighter HL03 MARINE BABY 4.6 g &#8211; roz\u015bwietlacz per\u0142owy"},"content":{"rendered":"<p>FWEE Glitz Stone Highlighter w odcieniu HL03 MARINE BABY to wyj\u0105tkowy roz\u015bwietlacz, kt\u00f3ry zachwyca ch\u0142odnym, per\u0142owo-r\u00f3\u017cowym kolorem z subteln\u0105 niebiesk\u0105 po\u015bwiat\u0105. Inspirowany morsk\u0105 bryz\u0105 i blaskiem fal, tworzy na sk\u00f3rze efekt tafli \u015bwiat\u0142a o delikatnym, ale wyrazistym wyko\u0144czeniu. Dzi\u0119ki drobno zmielonym, wielowymiarowym pigmentom idealnie odbija \u015bwiat\u0142o, podkre\u015blaj\u0105c naturalne rysy twarzy.<\/p>\n<p>Korzy\u015bci ze stosowania:<br \/>\nNadaje sk\u00f3rze promienny, \u015bwie\u017cy wygl\u0105d.<br \/>\nWyg\u0142adza optycznie struktur\u0119 sk\u00f3ry i dodaje blasku.<br \/>\nLekkie, jedwabiste wyko\u0144czenie bez efektu ci\u0119\u017cko\u015bci.<br \/>\nFormu\u0142a wzbogacona o piel\u0119gnuj\u0105ce sk\u0142adniki, takie jak witamina E (Tocopherol), gliceryna i emolienty.<br \/>\n\u0141atwo si\u0119 blenduje i buduje intensywno\u015b\u0107 bez smug i plam.<br \/>\nOdpowiedni dla ka\u017cdego typu cery.<\/p>\n<p>Spos\u00f3b u\u017cycia:<br \/>\nNa\u0142\u00f3\u017c roz\u015bwietlacz na szczyty ko\u015bci policzkowych, \u0142uk brwiowy, grzbiet nosa oraz \u0142uk kupidyna za pomoc\u0105 p\u0119dzla lub opuszk\u00f3w palc\u00f3w. Dla bardziej intensywnego efektu mo\u017cesz aplikowa\u0107 go na mokro. Stosuj samodzielnie lub jako uzupe\u0142nienie makija\u017cu, aby doda\u0107 sk\u00f3rze blasku.<\/p>\n","protected":false},"excerpt":{"rendered":"<p>FWEE Glitz Stone Highlighter w odcieniu HL03 MARINE BABY to wyj\u0105tkowy roz\u015bwietlacz, kt\u00f3ry zachwyca ch\u0142odnym, per\u0142owo-r\u00f3\u017cowym kolorem z subteln\u0105 niebiesk\u0105 po\u015bwiat\u0105. Inspirowany morsk\u0105 bryz\u0105 i blaskiem fal, tworzy na sk\u00f3rze efekt tafli \u015bwiat\u0142a o delikatnym, ale wyrazistym wyko\u0144czeniu. Dzi\u0119ki drobno zmielonym, wielowymiarowym pigmentom idealnie odbija \u015bwiat\u0142o, podkre\u015blaj\u0105c naturalne rysy twarzy. Korzy\u015bci ze stosowania: Nadaje sk\u00f3rze &#8230; <a title=\"FWEE Glitz Stone Highlighter HL03 MARINE BABY 4.6 g &#8211; roz\u015bwietlacz per\u0142owy\" class=\"read-more\" href=\"https:\/\/admincentral.selleetools.com\/pl\/product\/fwee-glitz-stone-highlighter-hl03-marine-baby-4-6-g-rozswietlacz-perlowy\/\">Read more<span class=\"screen-reader-text\">FWEE Glitz Stone Highlighter HL03 MARINE BABY 4.6 g &#8211; roz\u015bwietlacz per\u0142owy<\/span><\/a><\/p>\n","protected":false},"featured_media":608813,"comment_status":"open","ping_status":"closed","template":"","meta":{"_links_to":"","_links_to_target":""},"yoast_head":"<!-- This site is optimized with the Yoast SEO plugin v19.4 - https:\/\/yoast.com\/wordpress\/plugins\/seo\/ -->\n<title>FWEE Glitz Stone Highlighter HL03 MARINE BABY 4.6 g - roz\u015bwietlacz per\u0142owy - Selleetools.com<\/title>\n<meta name=\"robots\" content=\"index, follow, max-snippet:-1, max-image-preview:large, max-video-preview:-1\" \/>\n<link rel=\"canonical\" href=\"https:\/\/admincentral.selleetools.com\/pl\/product\/fwee-glitz-stone-highlighter-hl03-marine-baby-4-6-g-rozswietlacz-perlowy\/\" \/>\n<meta property=\"og:locale\" content=\"pl_PL\" \/>\n<meta property=\"og:type\" content=\"article\" \/>\n<meta property=\"og:title\" content=\"FWEE Glitz Stone Highlighter HL03 MARINE BABY 4.6 g - roz\u015bwietlacz per\u0142owy - Selleetools.com\" \/>\n<meta property=\"og:description\" content=\"FWEE Glitz Stone Highlighter w odcieniu HL03 MARINE BABY to wyj\u0105tkowy roz\u015bwietlacz, kt\u00f3ry zachwyca ch\u0142odnym, per\u0142owo-r\u00f3\u017cowym kolorem z subteln\u0105 niebiesk\u0105 po\u015bwiat\u0105. Inspirowany morsk\u0105 bryz\u0105 i blaskiem fal, tworzy na sk\u00f3rze efekt tafli \u015bwiat\u0142a o delikatnym, ale wyrazistym wyko\u0144czeniu. Dzi\u0119ki drobno zmielonym, wielowymiarowym pigmentom idealnie odbija \u015bwiat\u0142o, podkre\u015blaj\u0105c naturalne rysy twarzy. Korzy\u015bci ze stosowania: Nadaje sk\u00f3rze ... Read moreFWEE Glitz Stone Highlighter HL03 MARINE BABY 4.6 g &#8211; roz\u015bwietlacz per\u0142owy\" \/>\n<meta property=\"og:url\" content=\"https:\/\/admincentral.selleetools.com\/pl\/product\/fwee-glitz-stone-highlighter-hl03-marine-baby-4-6-g-rozswietlacz-perlowy\/\" \/>\n<meta property=\"og:site_name\" content=\"Selleetools.com\" \/>\n<meta property=\"article:modified_time\" content=\"2025-11-04T20:29:03+00:00\" \/>\n<meta property=\"og:image\" content=\"https:\/\/selleetools.com\/wp-content\/uploads\/2025\/10\/f7b197b08a84404aa181390c4edb014f.png\" \/>\n\t<meta property=\"og:image:width\" content=\"1080\" \/>\n\t<meta property=\"og:image:height\" content=\"1080\" \/>\n\t<meta property=\"og:image:type\" content=\"image\/png\" \/>\n<meta name=\"twitter:card\" content=\"summary_large_image\" \/>\n<meta name=\"twitter:label1\" content=\"Est. reading time\" \/>\n\t<meta name=\"twitter:data1\" content=\"1 minuta\" \/>\n<!-- \/ Yoast SEO plugin. -->","yoast_head_json":{"title":"FWEE Glitz Stone Highlighter HL03 MARINE BABY 4.6 g - roz\u015bwietlacz per\u0142owy - Selleetools.com","robots":{"index":"index","follow":"follow","max-snippet":"max-snippet:-1","max-image-preview":"max-image-preview:large","max-video-preview":"max-video-preview:-1"},"canonical":"https:\/\/admincentral.selleetools.com\/pl\/product\/fwee-glitz-stone-highlighter-hl03-marine-baby-4-6-g-rozswietlacz-perlowy\/","og_locale":"pl_PL","og_type":"article","og_title":"FWEE Glitz Stone Highlighter HL03 MARINE BABY 4.6 g - roz\u015bwietlacz per\u0142owy - Selleetools.com","og_description":"FWEE Glitz Stone Highlighter w odcieniu HL03 MARINE BABY to wyj\u0105tkowy roz\u015bwietlacz, kt\u00f3ry zachwyca ch\u0142odnym, per\u0142owo-r\u00f3\u017cowym kolorem z subteln\u0105 niebiesk\u0105 po\u015bwiat\u0105. Inspirowany morsk\u0105 bryz\u0105 i blaskiem fal, tworzy na sk\u00f3rze efekt tafli \u015bwiat\u0142a o delikatnym, ale wyrazistym wyko\u0144czeniu. Dzi\u0119ki drobno zmielonym, wielowymiarowym pigmentom idealnie odbija \u015bwiat\u0142o, podkre\u015blaj\u0105c naturalne rysy twarzy. Korzy\u015bci ze stosowania: Nadaje sk\u00f3rze ... Read moreFWEE Glitz Stone Highlighter HL03 MARINE BABY 4.6 g &#8211; roz\u015bwietlacz per\u0142owy","og_url":"https:\/\/admincentral.selleetools.com\/pl\/product\/fwee-glitz-stone-highlighter-hl03-marine-baby-4-6-g-rozswietlacz-perlowy\/","og_site_name":"Selleetools.com","article_modified_time":"2025-11-04T20:29:03+00:00","og_image":[{"width":1080,"height":1080,"url":"https:\/\/selleetools.com\/wp-content\/uploads\/2025\/10\/f7b197b08a84404aa181390c4edb014f.png","type":"image\/png"}],"twitter_card":"summary_large_image","twitter_misc":{"Est. reading time":"1 minuta"},"schema":{"@context":"https:\/\/schema.org","@graph":[{"@type":"Organization","@id":"https:\/\/selleetools.com\/#organization","name":"Selleetools","url":"https:\/\/selleetools.com\/","sameAs":[],"logo":{"@type":"ImageObject","inLanguage":"pl-PL","@id":"https:\/\/selleetools.com\/#\/schema\/logo\/image\/","url":"https:\/\/selleetools.com\/wp-content\/uploads\/2021\/10\/logo-dark.png","contentUrl":"https:\/\/selleetools.com\/wp-content\/uploads\/2021\/10\/logo-dark.png","width":320,"height":76,"caption":"Selleetools"},"image":{"@id":"https:\/\/selleetools.com\/#\/schema\/logo\/image\/"}},{"@type":"WebSite","@id":"https:\/\/selleetools.com\/#website","url":"https:\/\/selleetools.com\/","name":"Selleetools.com","description":"","publisher":{"@id":"https:\/\/selleetools.com\/#organization"},"potentialAction":[{"@type":"SearchAction","target":{"@type":"EntryPoint","urlTemplate":"https:\/\/selleetools.com\/?s={search_term_string}"},"query-input":"required name=search_term_string"}],"inLanguage":"pl-PL"},{"@type":"WebPage","@id":"https:\/\/admincentral.selleetools.com\/pl\/product\/fwee-glitz-stone-highlighter-hl03-marine-baby-4-6-g-rozswietlacz-perlowy\/","url":"https:\/\/admincentral.selleetools.com\/pl\/product\/fwee-glitz-stone-highlighter-hl03-marine-baby-4-6-g-rozswietlacz-perlowy\/","name":"FWEE Glitz Stone Highlighter HL03 MARINE BABY 4.6 g - roz\u015bwietlacz per\u0142owy - Selleetools.com","isPartOf":{"@id":"https:\/\/selleetools.com\/#website"},"datePublished":"2025-10-24T12:25:04+00:00","dateModified":"2025-11-04T20:29:03+00:00","breadcrumb":{"@id":"https:\/\/admincentral.selleetools.com\/pl\/product\/fwee-glitz-stone-highlighter-hl03-marine-baby-4-6-g-rozswietlacz-perlowy\/#breadcrumb"},"inLanguage":"pl-PL","potentialAction":[{"@type":"ReadAction","target":["https:\/\/admincentral.selleetools.com\/pl\/product\/fwee-glitz-stone-highlighter-hl03-marine-baby-4-6-g-rozswietlacz-perlowy\/"]}]},{"@type":"BreadcrumbList","@id":"https:\/\/admincentral.selleetools.com\/pl\/product\/fwee-glitz-stone-highlighter-hl03-marine-baby-4-6-g-rozswietlacz-perlowy\/#breadcrumb","itemListElement":[{"@type":"ListItem","position":1,"name":"Home","item":"https:\/\/selleetools.com\/pl\/"},{"@type":"ListItem","position":2,"name":"Katalog","item":"https:\/\/selleetools.com\/pl\/katalog\/"},{"@type":"ListItem","position":3,"name":"FWEE Glitz Stone Highlighter HL03 MARINE BABY 4.6 g &#8211; roz\u015bwietlacz per\u0142owy"}]}]}},"_links":{"self":[{"href":"https:\/\/admincentral.selleetools.com\/pl\/wp-json\/wp\/v2\/product\/608815"}],"collection":[{"href":"https:\/\/admincentral.selleetools.com\/pl\/wp-json\/wp\/v2\/product"}],"about":[{"href":"https:\/\/admincentral.selleetools.com\/pl\/wp-json\/wp\/v2\/types\/product"}],"replies":[{"embeddable":true,"href":"https:\/\/admincentral.selleetools.com\/pl\/wp-json\/wp\/v2\/comments?post=608815"}],"wp:featuredmedia":[{"embeddable":true,"href":"https:\/\/admincentral.selleetools.com\/pl\/wp-json\/wp\/v2\/media\/608813"}],"wp:attachment":[{"href":"https:\/\/admincentral.selleetools.com\/pl\/wp-json\/wp\/v2\/media?parent=608815"}],"curies":[{"name":"wp","href":"https:\/\/api.w.org\/{rel}","templated":true}]}}