{"id":608821,"date":"2025-10-24T14:25:09","date_gmt":"2025-10-24T12:25:09","guid":{"rendered":"https:\/\/selleetools.com\/?post_type=product&#038;p=608821"},"modified":"2025-11-04T21:29:35","modified_gmt":"2025-11-04T20:29:35","slug":"fwee-glitz-stone-highlighter-hl09-love-quartz-4-6-g-rozswietlacz-rozany","status":"publish","type":"product","link":"https:\/\/admincentral.selleetools.com\/pl\/product\/fwee-glitz-stone-highlighter-hl09-love-quartz-4-6-g-rozswietlacz-rozany\/","title":{"rendered":"FWEE Glitz Stone Highlighter HL09 LOVE QUARTZ 4.6 g &#8211; roz\u015bwietlacz r\u00f3\u017cany"},"content":{"rendered":"<p>FWEE Glitz Stone Highlighter w odcieniu HL09 LOVE QUARTZ to urzekaj\u0105cy roz\u015bwietlacz o ch\u0142odnym, r\u00f3\u017cano-kwarcowym tonie z wielowymiarowym po\u0142yskiem. Formu\u0142a \u0142\u0105czy w sobie subtelny r\u00f3\u017c z per\u0142owymi refleksami, kt\u00f3re pi\u0119knie odbijaj\u0105 \u015bwiat\u0142o, tworz\u0105c efekt \u201emokrej sk\u00f3ry\u201d i nadaj\u0105c cerze promienny, \u015bwie\u017cy wygl\u0105d.<\/p>\n<p>Korzy\u015bci ze stosowania:<br \/>\nNadaje sk\u00f3rze zdrowy, \u015bwietlisty blask bez widocznych drobinek.<br \/>\nDzi\u0119ki lekkiej, jedwabistej konsystencji \u0142atwo si\u0119 aplikuje i blenduje bez tworzenia plam.<br \/>\nWzbogacony o sk\u0142adniki wyg\u0142adzaj\u0105ce, takie jak Dimethicone i Nylon-12, kt\u00f3re optycznie wyr\u00f3wnuj\u0105 struktur\u0119 sk\u00f3ry.<br \/>\nD\u0142ugotrwa\u0142y efekt \u2013 roz\u015bwietlenie utrzymuje si\u0119 przez wiele godzin, bez potrzeby poprawek.<br \/>\nUniwersalny odcie\u0144 pasuje do wi\u0119kszo\u015bci karnacji, zar\u00f3wno na dzie\u0144, jak i na wiecz\u00f3r.<\/p>\n<p>Spos\u00f3b u\u017cycia:<br \/>\nZa pomoc\u0105 p\u0119dzla do roz\u015bwietlacza lub opuszk\u00f3w palc\u00f3w nanie\u015b produkt na wybrane partie twarzy: szczyty ko\u015bci policzkowych, grzbiet nosa, \u0142uk kupidyna oraz pod \u0142uk brwiowy. Dla mocniejszego efektu na\u0142\u00f3\u017c dodatkow\u0105 warstw\u0119. Mo\u017cna r\u00f3wnie\u017c stosowa\u0107 jako b\u0142yszcz\u0105cy cie\u0144 do powiek lub akcent na dekolcie i ramionach.<\/p>\n","protected":false},"excerpt":{"rendered":"<p>FWEE Glitz Stone Highlighter w odcieniu HL09 LOVE QUARTZ to urzekaj\u0105cy roz\u015bwietlacz o ch\u0142odnym, r\u00f3\u017cano-kwarcowym tonie z wielowymiarowym po\u0142yskiem. Formu\u0142a \u0142\u0105czy w sobie subtelny r\u00f3\u017c z per\u0142owymi refleksami, kt\u00f3re pi\u0119knie odbijaj\u0105 \u015bwiat\u0142o, tworz\u0105c efekt \u201emokrej sk\u00f3ry\u201d i nadaj\u0105c cerze promienny, \u015bwie\u017cy wygl\u0105d. Korzy\u015bci ze stosowania: Nadaje sk\u00f3rze zdrowy, \u015bwietlisty blask bez widocznych drobinek. Dzi\u0119ki lekkiej, &#8230; <a title=\"FWEE Glitz Stone Highlighter HL09 LOVE QUARTZ 4.6 g &#8211; roz\u015bwietlacz r\u00f3\u017cany\" class=\"read-more\" href=\"https:\/\/admincentral.selleetools.com\/pl\/product\/fwee-glitz-stone-highlighter-hl09-love-quartz-4-6-g-rozswietlacz-rozany\/\">Read more<span class=\"screen-reader-text\">FWEE Glitz Stone Highlighter HL09 LOVE QUARTZ 4.6 g &#8211; roz\u015bwietlacz r\u00f3\u017cany<\/span><\/a><\/p>\n","protected":false},"featured_media":608819,"comment_status":"open","ping_status":"closed","template":"","meta":{"_links_to":"","_links_to_target":""},"yoast_head":"<!-- This site is optimized with the Yoast SEO plugin v19.4 - https:\/\/yoast.com\/wordpress\/plugins\/seo\/ -->\n<title>FWEE Glitz Stone Highlighter HL09 LOVE QUARTZ 4.6 g - roz\u015bwietlacz r\u00f3\u017cany - Selleetools.com<\/title>\n<meta name=\"robots\" content=\"index, follow, max-snippet:-1, max-image-preview:large, max-video-preview:-1\" \/>\n<link rel=\"canonical\" href=\"https:\/\/admincentral.selleetools.com\/pl\/product\/fwee-glitz-stone-highlighter-hl09-love-quartz-4-6-g-rozswietlacz-rozany\/\" \/>\n<meta property=\"og:locale\" content=\"pl_PL\" \/>\n<meta property=\"og:type\" content=\"article\" \/>\n<meta property=\"og:title\" content=\"FWEE Glitz Stone Highlighter HL09 LOVE QUARTZ 4.6 g - roz\u015bwietlacz r\u00f3\u017cany - Selleetools.com\" \/>\n<meta property=\"og:description\" content=\"FWEE Glitz Stone Highlighter w odcieniu HL09 LOVE QUARTZ to urzekaj\u0105cy roz\u015bwietlacz o ch\u0142odnym, r\u00f3\u017cano-kwarcowym tonie z wielowymiarowym po\u0142yskiem. Formu\u0142a \u0142\u0105czy w sobie subtelny r\u00f3\u017c z per\u0142owymi refleksami, kt\u00f3re pi\u0119knie odbijaj\u0105 \u015bwiat\u0142o, tworz\u0105c efekt \u201emokrej sk\u00f3ry\u201d i nadaj\u0105c cerze promienny, \u015bwie\u017cy wygl\u0105d. Korzy\u015bci ze stosowania: Nadaje sk\u00f3rze zdrowy, \u015bwietlisty blask bez widocznych drobinek. Dzi\u0119ki lekkiej, ... Read moreFWEE Glitz Stone Highlighter HL09 LOVE QUARTZ 4.6 g &#8211; roz\u015bwietlacz r\u00f3\u017cany\" \/>\n<meta property=\"og:url\" content=\"https:\/\/admincentral.selleetools.com\/pl\/product\/fwee-glitz-stone-highlighter-hl09-love-quartz-4-6-g-rozswietlacz-rozany\/\" \/>\n<meta property=\"og:site_name\" content=\"Selleetools.com\" \/>\n<meta property=\"article:modified_time\" content=\"2025-11-04T20:29:35+00:00\" \/>\n<meta property=\"og:image\" content=\"https:\/\/selleetools.com\/wp-content\/uploads\/2025\/10\/bc6231273cde25db3efa4fbfe668a5b6.png\" \/>\n\t<meta property=\"og:image:width\" content=\"1080\" \/>\n\t<meta property=\"og:image:height\" content=\"1080\" \/>\n\t<meta property=\"og:image:type\" content=\"image\/png\" \/>\n<meta name=\"twitter:card\" content=\"summary_large_image\" \/>\n<meta name=\"twitter:label1\" content=\"Est. reading time\" \/>\n\t<meta name=\"twitter:data1\" content=\"1 minuta\" \/>\n<!-- \/ Yoast SEO plugin. -->","yoast_head_json":{"title":"FWEE Glitz Stone Highlighter HL09 LOVE QUARTZ 4.6 g - roz\u015bwietlacz r\u00f3\u017cany - Selleetools.com","robots":{"index":"index","follow":"follow","max-snippet":"max-snippet:-1","max-image-preview":"max-image-preview:large","max-video-preview":"max-video-preview:-1"},"canonical":"https:\/\/admincentral.selleetools.com\/pl\/product\/fwee-glitz-stone-highlighter-hl09-love-quartz-4-6-g-rozswietlacz-rozany\/","og_locale":"pl_PL","og_type":"article","og_title":"FWEE Glitz Stone Highlighter HL09 LOVE QUARTZ 4.6 g - roz\u015bwietlacz r\u00f3\u017cany - Selleetools.com","og_description":"FWEE Glitz Stone Highlighter w odcieniu HL09 LOVE QUARTZ to urzekaj\u0105cy roz\u015bwietlacz o ch\u0142odnym, r\u00f3\u017cano-kwarcowym tonie z wielowymiarowym po\u0142yskiem. Formu\u0142a \u0142\u0105czy w sobie subtelny r\u00f3\u017c z per\u0142owymi refleksami, kt\u00f3re pi\u0119knie odbijaj\u0105 \u015bwiat\u0142o, tworz\u0105c efekt \u201emokrej sk\u00f3ry\u201d i nadaj\u0105c cerze promienny, \u015bwie\u017cy wygl\u0105d. Korzy\u015bci ze stosowania: Nadaje sk\u00f3rze zdrowy, \u015bwietlisty blask bez widocznych drobinek. Dzi\u0119ki lekkiej, ... Read moreFWEE Glitz Stone Highlighter HL09 LOVE QUARTZ 4.6 g &#8211; roz\u015bwietlacz r\u00f3\u017cany","og_url":"https:\/\/admincentral.selleetools.com\/pl\/product\/fwee-glitz-stone-highlighter-hl09-love-quartz-4-6-g-rozswietlacz-rozany\/","og_site_name":"Selleetools.com","article_modified_time":"2025-11-04T20:29:35+00:00","og_image":[{"width":1080,"height":1080,"url":"https:\/\/selleetools.com\/wp-content\/uploads\/2025\/10\/bc6231273cde25db3efa4fbfe668a5b6.png","type":"image\/png"}],"twitter_card":"summary_large_image","twitter_misc":{"Est. reading time":"1 minuta"},"schema":{"@context":"https:\/\/schema.org","@graph":[{"@type":"Organization","@id":"https:\/\/selleetools.com\/#organization","name":"Selleetools","url":"https:\/\/selleetools.com\/","sameAs":[],"logo":{"@type":"ImageObject","inLanguage":"pl-PL","@id":"https:\/\/selleetools.com\/#\/schema\/logo\/image\/","url":"https:\/\/selleetools.com\/wp-content\/uploads\/2021\/10\/logo-dark.png","contentUrl":"https:\/\/selleetools.com\/wp-content\/uploads\/2021\/10\/logo-dark.png","width":320,"height":76,"caption":"Selleetools"},"image":{"@id":"https:\/\/selleetools.com\/#\/schema\/logo\/image\/"}},{"@type":"WebSite","@id":"https:\/\/selleetools.com\/#website","url":"https:\/\/selleetools.com\/","name":"Selleetools.com","description":"","publisher":{"@id":"https:\/\/selleetools.com\/#organization"},"potentialAction":[{"@type":"SearchAction","target":{"@type":"EntryPoint","urlTemplate":"https:\/\/selleetools.com\/?s={search_term_string}"},"query-input":"required name=search_term_string"}],"inLanguage":"pl-PL"},{"@type":"WebPage","@id":"https:\/\/admincentral.selleetools.com\/pl\/product\/fwee-glitz-stone-highlighter-hl09-love-quartz-4-6-g-rozswietlacz-rozany\/","url":"https:\/\/admincentral.selleetools.com\/pl\/product\/fwee-glitz-stone-highlighter-hl09-love-quartz-4-6-g-rozswietlacz-rozany\/","name":"FWEE Glitz Stone Highlighter HL09 LOVE QUARTZ 4.6 g - roz\u015bwietlacz r\u00f3\u017cany - Selleetools.com","isPartOf":{"@id":"https:\/\/selleetools.com\/#website"},"datePublished":"2025-10-24T12:25:09+00:00","dateModified":"2025-11-04T20:29:35+00:00","breadcrumb":{"@id":"https:\/\/admincentral.selleetools.com\/pl\/product\/fwee-glitz-stone-highlighter-hl09-love-quartz-4-6-g-rozswietlacz-rozany\/#breadcrumb"},"inLanguage":"pl-PL","potentialAction":[{"@type":"ReadAction","target":["https:\/\/admincentral.selleetools.com\/pl\/product\/fwee-glitz-stone-highlighter-hl09-love-quartz-4-6-g-rozswietlacz-rozany\/"]}]},{"@type":"BreadcrumbList","@id":"https:\/\/admincentral.selleetools.com\/pl\/product\/fwee-glitz-stone-highlighter-hl09-love-quartz-4-6-g-rozswietlacz-rozany\/#breadcrumb","itemListElement":[{"@type":"ListItem","position":1,"name":"Home","item":"https:\/\/selleetools.com\/pl\/"},{"@type":"ListItem","position":2,"name":"Katalog","item":"https:\/\/selleetools.com\/pl\/katalog\/"},{"@type":"ListItem","position":3,"name":"FWEE Glitz Stone Highlighter HL09 LOVE QUARTZ 4.6 g &#8211; roz\u015bwietlacz r\u00f3\u017cany"}]}]}},"_links":{"self":[{"href":"https:\/\/admincentral.selleetools.com\/pl\/wp-json\/wp\/v2\/product\/608821"}],"collection":[{"href":"https:\/\/admincentral.selleetools.com\/pl\/wp-json\/wp\/v2\/product"}],"about":[{"href":"https:\/\/admincentral.selleetools.com\/pl\/wp-json\/wp\/v2\/types\/product"}],"replies":[{"embeddable":true,"href":"https:\/\/admincentral.selleetools.com\/pl\/wp-json\/wp\/v2\/comments?post=608821"}],"wp:featuredmedia":[{"embeddable":true,"href":"https:\/\/admincentral.selleetools.com\/pl\/wp-json\/wp\/v2\/media\/608819"}],"wp:attachment":[{"href":"https:\/\/admincentral.selleetools.com\/pl\/wp-json\/wp\/v2\/media?parent=608821"}],"curies":[{"name":"wp","href":"https:\/\/api.w.org\/{rel}","templated":true}]}}