{"id":608830,"date":"2025-10-24T14:25:19","date_gmt":"2025-10-24T12:25:19","guid":{"rendered":"https:\/\/selleetools.com\/?post_type=product&#038;p=608830"},"modified":"2025-11-04T21:30:17","modified_gmt":"2025-11-04T20:30:17","slug":"fwee-glitz-stone-highlighter-hl12-merry-aurora-5-2-g-rozswietlacz-rozowy","status":"publish","type":"product","link":"https:\/\/admincentral.selleetools.com\/pl\/product\/fwee-glitz-stone-highlighter-hl12-merry-aurora-5-2-g-rozswietlacz-rozowy\/","title":{"rendered":"FWEE Glitz Stone Highlighter HL12 MERRY AURORA 5.2 g &#8211; roz\u015bwietlacz r\u00f3\u017cowy"},"content":{"rendered":"<p>FWEE Glitz Stone Highlighter HL12 MERRY AURORA to wyj\u0105tkowy roz\u015bwietlacz o delikatnym, per\u0142owo-r\u00f3\u017cowym odcieniu, kt\u00f3ry przywodzi na my\u015bl subtelny blask zorzy polarnej. Jego lekka, kremowa konsystencja sprawia, \u017ce produkt idealnie stapia si\u0119 z cer\u0105, podkre\u015blaj\u0105c naturalne atuty twarzy i dodaj\u0105c jej niesamowitej g\u0142\u0119bi oraz promienno\u015bci. Wysokiej jako\u015bci sk\u0142ad, bogaty w minera\u0142y i syntetyczne fluorphlogopite, gwarantuje efekt d\u0142ugotrwa\u0142ego \u015bwiecenia, kt\u00f3ry zachwyca przy ka\u017cdym spojrzeniu.<\/p>\n<p>Korzy\u015bci ze stosowania:<br \/>\nPodkre\u015bla naturalny blask sk\u00f3ry, nadaj\u0105c jej \u015bwie\u017cy i promienny wygl\u0105d.<br \/>\nWyr\u00f3wnuje koloryt cery oraz optycznie modeluje rysy twarzy.<br \/>\nLekka formu\u0142a nie obci\u0105\u017ca sk\u00f3ry i zapewnia komfort noszenia przez ca\u0142y dzie\u0144.<br \/>\nDzia\u0142a jako idealny element do makija\u017cu zar\u00f3wno na co dzie\u0144, jak i na specjalne okazje, dodaj\u0105c subtelnego, luksusowego akcentu.<\/p>\n<p>Spos\u00f3b u\u017cycia:<br \/>\nNiewielk\u0105 ilo\u015b\u0107 roz\u015bwietlacza nale\u017cy na\u0142o\u017cy\u0107 na wybrane partie twarzy \u2013 przede wszystkim na ko\u015bci policzkowe, \u0142uk brwiowy, a tak\u017ce na szczyt nosa i inne obszary, kt\u00f3re chcemy delikatnie wyr\u00f3\u017cni\u0107. Produkt mo\u017cna aplikowa\u0107 przy pomocy p\u0119dzelka, g\u0105beczki lub palc\u00f3w, delikatnie wklepuj\u0105c go w sk\u00f3r\u0119, aby osi\u0105gn\u0105\u0107 efekt naturalnie roz\u015bwietlonej cery.<\/p>\n","protected":false},"excerpt":{"rendered":"<p>FWEE Glitz Stone Highlighter HL12 MERRY AURORA to wyj\u0105tkowy roz\u015bwietlacz o delikatnym, per\u0142owo-r\u00f3\u017cowym odcieniu, kt\u00f3ry przywodzi na my\u015bl subtelny blask zorzy polarnej. Jego lekka, kremowa konsystencja sprawia, \u017ce produkt idealnie stapia si\u0119 z cer\u0105, podkre\u015blaj\u0105c naturalne atuty twarzy i dodaj\u0105c jej niesamowitej g\u0142\u0119bi oraz promienno\u015bci. Wysokiej jako\u015bci sk\u0142ad, bogaty w minera\u0142y i syntetyczne fluorphlogopite, gwarantuje &#8230; <a title=\"FWEE Glitz Stone Highlighter HL12 MERRY AURORA 5.2 g &#8211; roz\u015bwietlacz r\u00f3\u017cowy\" class=\"read-more\" href=\"https:\/\/admincentral.selleetools.com\/pl\/product\/fwee-glitz-stone-highlighter-hl12-merry-aurora-5-2-g-rozswietlacz-rozowy\/\">Read more<span class=\"screen-reader-text\">FWEE Glitz Stone Highlighter HL12 MERRY AURORA 5.2 g &#8211; roz\u015bwietlacz r\u00f3\u017cowy<\/span><\/a><\/p>\n","protected":false},"featured_media":608828,"comment_status":"open","ping_status":"closed","template":"","meta":{"_links_to":"","_links_to_target":""},"yoast_head":"<!-- This site is optimized with the Yoast SEO plugin v19.4 - https:\/\/yoast.com\/wordpress\/plugins\/seo\/ -->\n<title>FWEE Glitz Stone Highlighter HL12 MERRY AURORA 5.2 g - roz\u015bwietlacz r\u00f3\u017cowy - Selleetools.com<\/title>\n<meta name=\"robots\" content=\"index, follow, max-snippet:-1, max-image-preview:large, max-video-preview:-1\" \/>\n<link rel=\"canonical\" href=\"https:\/\/admincentral.selleetools.com\/product\/fwee-glitz-stone-highlighter-hl12-merry-aurora-5-2-g-rozswietlacz-rozowy\/\" \/>\n<meta property=\"og:locale\" content=\"pl_PL\" \/>\n<meta property=\"og:type\" content=\"article\" \/>\n<meta property=\"og:title\" content=\"FWEE Glitz Stone Highlighter HL12 MERRY AURORA 5.2 g - roz\u015bwietlacz r\u00f3\u017cowy - Selleetools.com\" \/>\n<meta property=\"og:description\" content=\"FWEE Glitz Stone Highlighter HL12 MERRY AURORA to wyj\u0105tkowy roz\u015bwietlacz o delikatnym, per\u0142owo-r\u00f3\u017cowym odcieniu, kt\u00f3ry przywodzi na my\u015bl subtelny blask zorzy polarnej. Jego lekka, kremowa konsystencja sprawia, \u017ce produkt idealnie stapia si\u0119 z cer\u0105, podkre\u015blaj\u0105c naturalne atuty twarzy i dodaj\u0105c jej niesamowitej g\u0142\u0119bi oraz promienno\u015bci. Wysokiej jako\u015bci sk\u0142ad, bogaty w minera\u0142y i syntetyczne fluorphlogopite, gwarantuje ... Read moreFWEE Glitz Stone Highlighter HL12 MERRY AURORA 5.2 g &#8211; roz\u015bwietlacz r\u00f3\u017cowy\" \/>\n<meta property=\"og:url\" content=\"https:\/\/admincentral.selleetools.com\/product\/fwee-glitz-stone-highlighter-hl12-merry-aurora-5-2-g-rozswietlacz-rozowy\/\" \/>\n<meta property=\"og:site_name\" content=\"Selleetools.com\" \/>\n<meta property=\"article:modified_time\" content=\"2025-11-04T20:30:17+00:00\" \/>\n<meta property=\"og:image\" content=\"https:\/\/selleetools.com\/wp-content\/uploads\/2025\/10\/05a254c3578742080dbb95dd232867eb.png\" \/>\n\t<meta property=\"og:image:width\" content=\"1080\" \/>\n\t<meta property=\"og:image:height\" content=\"1080\" \/>\n\t<meta property=\"og:image:type\" content=\"image\/png\" \/>\n<meta name=\"twitter:card\" content=\"summary_large_image\" \/>\n<meta name=\"twitter:label1\" content=\"Est. reading time\" \/>\n\t<meta name=\"twitter:data1\" content=\"1 minuta\" \/>\n<!-- \/ Yoast SEO plugin. -->","yoast_head_json":{"title":"FWEE Glitz Stone Highlighter HL12 MERRY AURORA 5.2 g - roz\u015bwietlacz r\u00f3\u017cowy - Selleetools.com","robots":{"index":"index","follow":"follow","max-snippet":"max-snippet:-1","max-image-preview":"max-image-preview:large","max-video-preview":"max-video-preview:-1"},"canonical":"https:\/\/admincentral.selleetools.com\/product\/fwee-glitz-stone-highlighter-hl12-merry-aurora-5-2-g-rozswietlacz-rozowy\/","og_locale":"pl_PL","og_type":"article","og_title":"FWEE Glitz Stone Highlighter HL12 MERRY AURORA 5.2 g - roz\u015bwietlacz r\u00f3\u017cowy - Selleetools.com","og_description":"FWEE Glitz Stone Highlighter HL12 MERRY AURORA to wyj\u0105tkowy roz\u015bwietlacz o delikatnym, per\u0142owo-r\u00f3\u017cowym odcieniu, kt\u00f3ry przywodzi na my\u015bl subtelny blask zorzy polarnej. Jego lekka, kremowa konsystencja sprawia, \u017ce produkt idealnie stapia si\u0119 z cer\u0105, podkre\u015blaj\u0105c naturalne atuty twarzy i dodaj\u0105c jej niesamowitej g\u0142\u0119bi oraz promienno\u015bci. Wysokiej jako\u015bci sk\u0142ad, bogaty w minera\u0142y i syntetyczne fluorphlogopite, gwarantuje ... Read moreFWEE Glitz Stone Highlighter HL12 MERRY AURORA 5.2 g &#8211; roz\u015bwietlacz r\u00f3\u017cowy","og_url":"https:\/\/admincentral.selleetools.com\/product\/fwee-glitz-stone-highlighter-hl12-merry-aurora-5-2-g-rozswietlacz-rozowy\/","og_site_name":"Selleetools.com","article_modified_time":"2025-11-04T20:30:17+00:00","og_image":[{"width":1080,"height":1080,"url":"https:\/\/selleetools.com\/wp-content\/uploads\/2025\/10\/05a254c3578742080dbb95dd232867eb.png","type":"image\/png"}],"twitter_card":"summary_large_image","twitter_misc":{"Est. reading time":"1 minuta"},"schema":{"@context":"https:\/\/schema.org","@graph":[{"@type":"Organization","@id":"https:\/\/selleetools.com\/#organization","name":"Selleetools","url":"https:\/\/selleetools.com\/","sameAs":[],"logo":{"@type":"ImageObject","inLanguage":"pl-PL","@id":"https:\/\/selleetools.com\/#\/schema\/logo\/image\/","url":"https:\/\/selleetools.com\/wp-content\/uploads\/2021\/10\/logo-dark.png","contentUrl":"https:\/\/selleetools.com\/wp-content\/uploads\/2021\/10\/logo-dark.png","width":320,"height":76,"caption":"Selleetools"},"image":{"@id":"https:\/\/selleetools.com\/#\/schema\/logo\/image\/"}},{"@type":"WebSite","@id":"https:\/\/selleetools.com\/#website","url":"https:\/\/selleetools.com\/","name":"Selleetools.com","description":"","publisher":{"@id":"https:\/\/selleetools.com\/#organization"},"potentialAction":[{"@type":"SearchAction","target":{"@type":"EntryPoint","urlTemplate":"https:\/\/selleetools.com\/?s={search_term_string}"},"query-input":"required name=search_term_string"}],"inLanguage":"pl-PL"},{"@type":"WebPage","@id":"https:\/\/admincentral.selleetools.com\/product\/fwee-glitz-stone-highlighter-hl12-merry-aurora-5-2-g-rozswietlacz-rozowy\/","url":"https:\/\/admincentral.selleetools.com\/product\/fwee-glitz-stone-highlighter-hl12-merry-aurora-5-2-g-rozswietlacz-rozowy\/","name":"FWEE Glitz Stone Highlighter HL12 MERRY AURORA 5.2 g - roz\u015bwietlacz r\u00f3\u017cowy - Selleetools.com","isPartOf":{"@id":"https:\/\/selleetools.com\/#website"},"datePublished":"2025-10-24T12:25:19+00:00","dateModified":"2025-11-04T20:30:17+00:00","breadcrumb":{"@id":"https:\/\/admincentral.selleetools.com\/product\/fwee-glitz-stone-highlighter-hl12-merry-aurora-5-2-g-rozswietlacz-rozowy\/#breadcrumb"},"inLanguage":"pl-PL","potentialAction":[{"@type":"ReadAction","target":["https:\/\/admincentral.selleetools.com\/product\/fwee-glitz-stone-highlighter-hl12-merry-aurora-5-2-g-rozswietlacz-rozowy\/"]}]},{"@type":"BreadcrumbList","@id":"https:\/\/admincentral.selleetools.com\/product\/fwee-glitz-stone-highlighter-hl12-merry-aurora-5-2-g-rozswietlacz-rozowy\/#breadcrumb","itemListElement":[{"@type":"ListItem","position":1,"name":"Home","item":"https:\/\/selleetools.com\/pl\/"},{"@type":"ListItem","position":2,"name":"Katalog","item":"https:\/\/selleetools.com\/pl\/katalog\/"},{"@type":"ListItem","position":3,"name":"FWEE Glitz Stone Highlighter HL12 MERRY AURORA 5.2 g &#8211; roz\u015bwietlacz r\u00f3\u017cowy"}]}]}},"_links":{"self":[{"href":"https:\/\/admincentral.selleetools.com\/pl\/wp-json\/wp\/v2\/product\/608830"}],"collection":[{"href":"https:\/\/admincentral.selleetools.com\/pl\/wp-json\/wp\/v2\/product"}],"about":[{"href":"https:\/\/admincentral.selleetools.com\/pl\/wp-json\/wp\/v2\/types\/product"}],"replies":[{"embeddable":true,"href":"https:\/\/admincentral.selleetools.com\/pl\/wp-json\/wp\/v2\/comments?post=608830"}],"wp:featuredmedia":[{"embeddable":true,"href":"https:\/\/admincentral.selleetools.com\/pl\/wp-json\/wp\/v2\/media\/608828"}],"wp:attachment":[{"href":"https:\/\/admincentral.selleetools.com\/pl\/wp-json\/wp\/v2\/media?parent=608830"}],"curies":[{"name":"wp","href":"https:\/\/api.w.org\/{rel}","templated":true}]}}