{"id":608839,"date":"2025-10-24T14:25:27","date_gmt":"2025-10-24T12:25:27","guid":{"rendered":"https:\/\/selleetools.com\/?post_type=product&#038;p=608839"},"modified":"2025-11-04T21:30:45","modified_gmt":"2025-11-04T20:30:45","slug":"fwee-lipcheek-blurry-pudding-pot-rs01-feeln-5-g-2w1-pomadka-i-roz-do-policzkow","status":"publish","type":"product","link":"https:\/\/admincentral.selleetools.com\/pl\/product\/fwee-lipcheek-blurry-pudding-pot-rs01-feeln-5-g-2w1-pomadka-i-roz-do-policzkow\/","title":{"rendered":"FWEE Lip&#038;Cheek Blurry Pudding Pot RS01 Feel&#8217;n 5 g &#8211; 2w1 pomadka i r\u00f3\u017c do policzk\u00f3w"},"content":{"rendered":"<p>FWEE Lip&#038;Cheek Blurry Pudding Pot w odcieniu RS01 Feel\u2019n to delikatny r\u00f3\u017c z ciep\u0142\u0105, r\u00f3\u017cano-brzoskwiniow\u0105 nut\u0105, kt\u00f3ry subtelnie podkre\u015bla naturalne pi\u0119kno ust i policzk\u00f3w. Jego mi\u0119kka, \u201epuddingowa\u201d konsystencja idealnie si\u0119 rozprowadza, daj\u0105c efekt naturalnego rozmycia koloru i satynowego wyko\u0144czenia. Uniwersalny odcie\u0144 dopasowuje si\u0119 do r\u00f3\u017cnych ton\u00f3w sk\u00f3ry, nadaj\u0105c \u015bwie\u017co\u015bci i zdrowego blasku.<\/p>\n<p>Korzy\u015bci ze stosowania:<br \/>\nProdukt 2w1 \u2013 idealny do szybkiego makija\u017cu ust i policzk\u00f3w.<br \/>\nLekka, niet\u0142usta formu\u0142a, kt\u00f3ra \u0142atwo si\u0119 rozprowadza i blenduje.<br \/>\nEfekt \u201eblurry skin\u201d \u2013 wyg\u0142adzenie struktury sk\u00f3ry bez uczucia ci\u0119\u017cko\u015bci.<br \/>\nZawiera mas\u0142o kakaowe i ekstrakt z agawy, kt\u00f3re nawil\u017caj\u0105 i piel\u0119gnuj\u0105.<br \/>\nNie osadza si\u0119 w suchych miejscach, zapewniaj\u0105c komfort przez ca\u0142y dzie\u0144.<\/p>\n<p>Spos\u00f3b u\u017cycia:<br \/>\nNa\u0142\u00f3\u017c niewielk\u0105 ilo\u015b\u0107 produktu opuszkami palc\u00f3w lub g\u0105beczk\u0105 na policzki i\/lub usta. Rozprowad\u017a r\u00f3wnomiernie, wklepuj\u0105c produkt w sk\u00f3r\u0119 a\u017c do uzyskania po\u017c\u0105danego efektu. Intensywno\u015b\u0107 koloru mo\u017cna stopniowa\u0107 warstwami.<\/p>\n","protected":false},"excerpt":{"rendered":"<p>FWEE Lip&#038;Cheek Blurry Pudding Pot w odcieniu RS01 Feel\u2019n to delikatny r\u00f3\u017c z ciep\u0142\u0105, r\u00f3\u017cano-brzoskwiniow\u0105 nut\u0105, kt\u00f3ry subtelnie podkre\u015bla naturalne pi\u0119kno ust i policzk\u00f3w. Jego mi\u0119kka, \u201epuddingowa\u201d konsystencja idealnie si\u0119 rozprowadza, daj\u0105c efekt naturalnego rozmycia koloru i satynowego wyko\u0144czenia. Uniwersalny odcie\u0144 dopasowuje si\u0119 do r\u00f3\u017cnych ton\u00f3w sk\u00f3ry, nadaj\u0105c \u015bwie\u017co\u015bci i zdrowego blasku. Korzy\u015bci ze stosowania: &#8230; <a title=\"FWEE Lip&#038;Cheek Blurry Pudding Pot RS01 Feel&#8217;n 5 g &#8211; 2w1 pomadka i r\u00f3\u017c do policzk\u00f3w\" class=\"read-more\" href=\"https:\/\/admincentral.selleetools.com\/pl\/product\/fwee-lipcheek-blurry-pudding-pot-rs01-feeln-5-g-2w1-pomadka-i-roz-do-policzkow\/\">Read more<span class=\"screen-reader-text\">FWEE Lip&#038;Cheek Blurry Pudding Pot RS01 Feel&#8217;n 5 g &#8211; 2w1 pomadka i r\u00f3\u017c do policzk\u00f3w<\/span><\/a><\/p>\n","protected":false},"featured_media":608837,"comment_status":"open","ping_status":"closed","template":"","meta":{"_links_to":"","_links_to_target":""},"yoast_head":"<!-- This site is optimized with the Yoast SEO plugin v19.4 - https:\/\/yoast.com\/wordpress\/plugins\/seo\/ -->\n<title>FWEE Lip&amp;Cheek Blurry Pudding Pot RS01 Feel&#039;n 5 g - 2w1 pomadka i r\u00f3\u017c do policzk\u00f3w - Selleetools.com<\/title>\n<meta name=\"robots\" content=\"index, follow, max-snippet:-1, max-image-preview:large, max-video-preview:-1\" \/>\n<link rel=\"canonical\" href=\"https:\/\/selleetools.com\/pl\/product\/fwee-lipcheek-blurry-pudding-pot-rs01-feeln-5-g-2w1-pomadka-i-roz-do-policzkow\/\" \/>\n<meta property=\"og:locale\" content=\"pl_PL\" \/>\n<meta property=\"og:type\" content=\"article\" \/>\n<meta property=\"og:title\" content=\"FWEE Lip&amp;Cheek Blurry Pudding Pot RS01 Feel&#039;n 5 g - 2w1 pomadka i r\u00f3\u017c do policzk\u00f3w - Selleetools.com\" \/>\n<meta property=\"og:description\" content=\"FWEE Lip&#038;Cheek Blurry Pudding Pot w odcieniu RS01 Feel\u2019n to delikatny r\u00f3\u017c z ciep\u0142\u0105, r\u00f3\u017cano-brzoskwiniow\u0105 nut\u0105, kt\u00f3ry subtelnie podkre\u015bla naturalne pi\u0119kno ust i policzk\u00f3w. Jego mi\u0119kka, \u201epuddingowa\u201d konsystencja idealnie si\u0119 rozprowadza, daj\u0105c efekt naturalnego rozmycia koloru i satynowego wyko\u0144czenia. Uniwersalny odcie\u0144 dopasowuje si\u0119 do r\u00f3\u017cnych ton\u00f3w sk\u00f3ry, nadaj\u0105c \u015bwie\u017co\u015bci i zdrowego blasku. Korzy\u015bci ze stosowania: ... Read moreFWEE Lip&#038;Cheek Blurry Pudding Pot RS01 Feel&#8217;n 5 g &#8211; 2w1 pomadka i r\u00f3\u017c do policzk\u00f3w\" \/>\n<meta property=\"og:url\" content=\"https:\/\/selleetools.com\/pl\/product\/fwee-lipcheek-blurry-pudding-pot-rs01-feeln-5-g-2w1-pomadka-i-roz-do-policzkow\/\" \/>\n<meta property=\"og:site_name\" content=\"Selleetools.com\" \/>\n<meta property=\"article:modified_time\" content=\"2025-11-04T20:30:45+00:00\" \/>\n<meta property=\"og:image\" content=\"https:\/\/selleetools.com\/wp-content\/uploads\/2025\/10\/9cf90e6176e22464662b50b9fc5051c2.png\" \/>\n\t<meta property=\"og:image:width\" content=\"1080\" \/>\n\t<meta property=\"og:image:height\" content=\"1080\" \/>\n\t<meta property=\"og:image:type\" content=\"image\/png\" \/>\n<meta name=\"twitter:card\" content=\"summary_large_image\" \/>\n<meta name=\"twitter:label1\" content=\"Est. reading time\" \/>\n\t<meta name=\"twitter:data1\" content=\"1 minuta\" \/>\n<!-- \/ Yoast SEO plugin. -->","yoast_head_json":{"title":"FWEE Lip&Cheek Blurry Pudding Pot RS01 Feel'n 5 g - 2w1 pomadka i r\u00f3\u017c do policzk\u00f3w - Selleetools.com","robots":{"index":"index","follow":"follow","max-snippet":"max-snippet:-1","max-image-preview":"max-image-preview:large","max-video-preview":"max-video-preview:-1"},"canonical":"https:\/\/selleetools.com\/pl\/product\/fwee-lipcheek-blurry-pudding-pot-rs01-feeln-5-g-2w1-pomadka-i-roz-do-policzkow\/","og_locale":"pl_PL","og_type":"article","og_title":"FWEE Lip&Cheek Blurry Pudding Pot RS01 Feel'n 5 g - 2w1 pomadka i r\u00f3\u017c do policzk\u00f3w - Selleetools.com","og_description":"FWEE Lip&#038;Cheek Blurry Pudding Pot w odcieniu RS01 Feel\u2019n to delikatny r\u00f3\u017c z ciep\u0142\u0105, r\u00f3\u017cano-brzoskwiniow\u0105 nut\u0105, kt\u00f3ry subtelnie podkre\u015bla naturalne pi\u0119kno ust i policzk\u00f3w. Jego mi\u0119kka, \u201epuddingowa\u201d konsystencja idealnie si\u0119 rozprowadza, daj\u0105c efekt naturalnego rozmycia koloru i satynowego wyko\u0144czenia. Uniwersalny odcie\u0144 dopasowuje si\u0119 do r\u00f3\u017cnych ton\u00f3w sk\u00f3ry, nadaj\u0105c \u015bwie\u017co\u015bci i zdrowego blasku. Korzy\u015bci ze stosowania: ... Read moreFWEE Lip&#038;Cheek Blurry Pudding Pot RS01 Feel&#8217;n 5 g &#8211; 2w1 pomadka i r\u00f3\u017c do policzk\u00f3w","og_url":"https:\/\/selleetools.com\/pl\/product\/fwee-lipcheek-blurry-pudding-pot-rs01-feeln-5-g-2w1-pomadka-i-roz-do-policzkow\/","og_site_name":"Selleetools.com","article_modified_time":"2025-11-04T20:30:45+00:00","og_image":[{"width":1080,"height":1080,"url":"https:\/\/selleetools.com\/wp-content\/uploads\/2025\/10\/9cf90e6176e22464662b50b9fc5051c2.png","type":"image\/png"}],"twitter_card":"summary_large_image","twitter_misc":{"Est. reading time":"1 minuta"},"schema":{"@context":"https:\/\/schema.org","@graph":[{"@type":"Organization","@id":"https:\/\/selleetools.com\/#organization","name":"Selleetools","url":"https:\/\/selleetools.com\/","sameAs":[],"logo":{"@type":"ImageObject","inLanguage":"pl-PL","@id":"https:\/\/selleetools.com\/#\/schema\/logo\/image\/","url":"https:\/\/selleetools.com\/wp-content\/uploads\/2021\/10\/logo-dark.png","contentUrl":"https:\/\/selleetools.com\/wp-content\/uploads\/2021\/10\/logo-dark.png","width":320,"height":76,"caption":"Selleetools"},"image":{"@id":"https:\/\/selleetools.com\/#\/schema\/logo\/image\/"}},{"@type":"WebSite","@id":"https:\/\/selleetools.com\/#website","url":"https:\/\/selleetools.com\/","name":"Selleetools.com","description":"","publisher":{"@id":"https:\/\/selleetools.com\/#organization"},"potentialAction":[{"@type":"SearchAction","target":{"@type":"EntryPoint","urlTemplate":"https:\/\/selleetools.com\/?s={search_term_string}"},"query-input":"required name=search_term_string"}],"inLanguage":"pl-PL"},{"@type":"WebPage","@id":"https:\/\/selleetools.com\/pl\/product\/fwee-lipcheek-blurry-pudding-pot-rs01-feeln-5-g-2w1-pomadka-i-roz-do-policzkow\/","url":"https:\/\/selleetools.com\/pl\/product\/fwee-lipcheek-blurry-pudding-pot-rs01-feeln-5-g-2w1-pomadka-i-roz-do-policzkow\/","name":"FWEE Lip&Cheek Blurry Pudding Pot RS01 Feel'n 5 g - 2w1 pomadka i r\u00f3\u017c do policzk\u00f3w - Selleetools.com","isPartOf":{"@id":"https:\/\/selleetools.com\/#website"},"datePublished":"2025-10-24T12:25:27+00:00","dateModified":"2025-11-04T20:30:45+00:00","breadcrumb":{"@id":"https:\/\/selleetools.com\/pl\/product\/fwee-lipcheek-blurry-pudding-pot-rs01-feeln-5-g-2w1-pomadka-i-roz-do-policzkow\/#breadcrumb"},"inLanguage":"pl-PL","potentialAction":[{"@type":"ReadAction","target":["https:\/\/selleetools.com\/pl\/product\/fwee-lipcheek-blurry-pudding-pot-rs01-feeln-5-g-2w1-pomadka-i-roz-do-policzkow\/"]}]},{"@type":"BreadcrumbList","@id":"https:\/\/selleetools.com\/pl\/product\/fwee-lipcheek-blurry-pudding-pot-rs01-feeln-5-g-2w1-pomadka-i-roz-do-policzkow\/#breadcrumb","itemListElement":[{"@type":"ListItem","position":1,"name":"Home","item":"https:\/\/selleetools.com\/pl\/"},{"@type":"ListItem","position":2,"name":"Katalog","item":"https:\/\/selleetools.com\/pl\/katalog\/"},{"@type":"ListItem","position":3,"name":"FWEE Lip&#038;Cheek Blurry Pudding Pot RS01 Feel&#8217;n 5 g &#8211; 2w1 pomadka i r\u00f3\u017c do policzk\u00f3w"}]}]}},"_links":{"self":[{"href":"https:\/\/admincentral.selleetools.com\/pl\/wp-json\/wp\/v2\/product\/608839"}],"collection":[{"href":"https:\/\/admincentral.selleetools.com\/pl\/wp-json\/wp\/v2\/product"}],"about":[{"href":"https:\/\/admincentral.selleetools.com\/pl\/wp-json\/wp\/v2\/types\/product"}],"replies":[{"embeddable":true,"href":"https:\/\/admincentral.selleetools.com\/pl\/wp-json\/wp\/v2\/comments?post=608839"}],"wp:featuredmedia":[{"embeddable":true,"href":"https:\/\/admincentral.selleetools.com\/pl\/wp-json\/wp\/v2\/media\/608837"}],"wp:attachment":[{"href":"https:\/\/admincentral.selleetools.com\/pl\/wp-json\/wp\/v2\/media?parent=608839"}],"curies":[{"name":"wp","href":"https:\/\/api.w.org\/{rel}","templated":true}]}}