{"id":608842,"date":"2025-10-24T14:25:30","date_gmt":"2025-10-24T12:25:30","guid":{"rendered":"https:\/\/selleetools.com\/?post_type=product&#038;p=608842"},"modified":"2025-11-04T21:31:00","modified_gmt":"2025-11-04T20:31:00","slug":"fwee-lipcheek-blurry-pudding-pot-rs02-lyrics-5-g-2w1-pomadka-i-roz-do-policzkow","status":"publish","type":"product","link":"https:\/\/admincentral.selleetools.com\/pl\/product\/fwee-lipcheek-blurry-pudding-pot-rs02-lyrics-5-g-2w1-pomadka-i-roz-do-policzkow\/","title":{"rendered":"FWEE Lip&#038;Cheek Blurry Pudding Pot RS02 Lyrics 5 g &#8211; 2w1 pomadka i r\u00f3\u017c do policzk\u00f3w"},"content":{"rendered":"<p>FWEE Lip&#038;Cheek Blurry Pudding Pot w odcieniu RS02 Lyrics to uroczy odcie\u0144 zgaszonego r\u00f3\u017cu z nut\u0105 maliny, kt\u00f3ry pi\u0119knie podkre\u015bla naturalny rumieniec i dodaje \u015bwie\u017co\u015bci ustom. Kremowa formu\u0142a o pudrowym wyko\u0144czeniu doskonale wtapia si\u0119 w sk\u00f3r\u0119, nadaj\u0105c jej mi\u0119kkie, aksamitne wyko\u0144czenie bez uczucia lepko\u015bci.<\/p>\n<p>Korzy\u015bci ze stosowania:<br \/>\nProdukt 2w1: sprawdza si\u0119 zar\u00f3wno jako r\u00f3\u017c do policzk\u00f3w, jak i pomadka do ust.<br \/>\nFormu\u0142a &#8220;blurry pudding&#8221; daje subtelny efekt soft-focus, wyg\u0142adzaj\u0105c optycznie sk\u00f3r\u0119.<br \/>\nZawiera mas\u0142o kakaowe i ekstrakt z agawy, kt\u00f3re nawil\u017caj\u0105 i od\u017cywiaj\u0105 sk\u00f3r\u0119.<br \/>\nLekka, silikonowa baza u\u0142atwia aplikacj\u0119 i przed\u0142u\u017ca trwa\u0142o\u015b\u0107.<br \/>\nIdealny do codziennego makija\u017cu i szybkich poprawek w ci\u0105gu dnia.<\/p>\n<p>Spos\u00f3b u\u017cycia:<br \/>\nNabierz niewielk\u0105 ilo\u015b\u0107 produktu palcem lub p\u0119dzlem.<br \/>\nJako r\u00f3\u017c: delikatnie wklep w policzki i rozetrzyj ku g\u00f3rze, tworz\u0105c naturalny rumieniec.<br \/>\nJako pomadk\u0119: rozprowad\u017a r\u00f3wnomiernie na ustach, zaczynaj\u0105c od \u015brodka i kieruj\u0105c si\u0119 ku k\u0105cikom.<br \/>\nMo\u017cna budowa\u0107 intensywno\u015b\u0107 koloru, dok\u0142adaj\u0105c kolejne warstwy.<\/p>\n","protected":false},"excerpt":{"rendered":"<p>FWEE Lip&#038;Cheek Blurry Pudding Pot w odcieniu RS02 Lyrics to uroczy odcie\u0144 zgaszonego r\u00f3\u017cu z nut\u0105 maliny, kt\u00f3ry pi\u0119knie podkre\u015bla naturalny rumieniec i dodaje \u015bwie\u017co\u015bci ustom. Kremowa formu\u0142a o pudrowym wyko\u0144czeniu doskonale wtapia si\u0119 w sk\u00f3r\u0119, nadaj\u0105c jej mi\u0119kkie, aksamitne wyko\u0144czenie bez uczucia lepko\u015bci. Korzy\u015bci ze stosowania: Produkt 2w1: sprawdza si\u0119 zar\u00f3wno jako r\u00f3\u017c do &#8230; <a title=\"FWEE Lip&#038;Cheek Blurry Pudding Pot RS02 Lyrics 5 g &#8211; 2w1 pomadka i r\u00f3\u017c do policzk\u00f3w\" class=\"read-more\" href=\"https:\/\/admincentral.selleetools.com\/pl\/product\/fwee-lipcheek-blurry-pudding-pot-rs02-lyrics-5-g-2w1-pomadka-i-roz-do-policzkow\/\">Read more<span class=\"screen-reader-text\">FWEE Lip&#038;Cheek Blurry Pudding Pot RS02 Lyrics 5 g &#8211; 2w1 pomadka i r\u00f3\u017c do policzk\u00f3w<\/span><\/a><\/p>\n","protected":false},"featured_media":608840,"comment_status":"open","ping_status":"closed","template":"","meta":{"_links_to":"","_links_to_target":""},"yoast_head":"<!-- This site is optimized with the Yoast SEO plugin v19.4 - https:\/\/yoast.com\/wordpress\/plugins\/seo\/ -->\n<title>FWEE Lip&amp;Cheek Blurry Pudding Pot RS02 Lyrics 5 g - 2w1 pomadka i r\u00f3\u017c do policzk\u00f3w - Selleetools.com<\/title>\n<meta name=\"robots\" content=\"index, follow, max-snippet:-1, max-image-preview:large, max-video-preview:-1\" \/>\n<link rel=\"canonical\" href=\"https:\/\/admincentral.selleetools.com\/product\/fwee-lipcheek-blurry-pudding-pot-rs02-lyrics-5-g-2w1-pomadka-i-roz-do-policzkow\/\" \/>\n<meta property=\"og:locale\" content=\"pl_PL\" \/>\n<meta property=\"og:type\" content=\"article\" \/>\n<meta property=\"og:title\" content=\"FWEE Lip&amp;Cheek Blurry Pudding Pot RS02 Lyrics 5 g - 2w1 pomadka i r\u00f3\u017c do policzk\u00f3w - Selleetools.com\" \/>\n<meta property=\"og:description\" content=\"FWEE Lip&#038;Cheek Blurry Pudding Pot w odcieniu RS02 Lyrics to uroczy odcie\u0144 zgaszonego r\u00f3\u017cu z nut\u0105 maliny, kt\u00f3ry pi\u0119knie podkre\u015bla naturalny rumieniec i dodaje \u015bwie\u017co\u015bci ustom. Kremowa formu\u0142a o pudrowym wyko\u0144czeniu doskonale wtapia si\u0119 w sk\u00f3r\u0119, nadaj\u0105c jej mi\u0119kkie, aksamitne wyko\u0144czenie bez uczucia lepko\u015bci. Korzy\u015bci ze stosowania: Produkt 2w1: sprawdza si\u0119 zar\u00f3wno jako r\u00f3\u017c do ... Read moreFWEE Lip&#038;Cheek Blurry Pudding Pot RS02 Lyrics 5 g &#8211; 2w1 pomadka i r\u00f3\u017c do policzk\u00f3w\" \/>\n<meta property=\"og:url\" content=\"https:\/\/admincentral.selleetools.com\/product\/fwee-lipcheek-blurry-pudding-pot-rs02-lyrics-5-g-2w1-pomadka-i-roz-do-policzkow\/\" \/>\n<meta property=\"og:site_name\" content=\"Selleetools.com\" \/>\n<meta property=\"article:modified_time\" content=\"2025-11-04T20:31:00+00:00\" \/>\n<meta property=\"og:image\" content=\"https:\/\/selleetools.com\/wp-content\/uploads\/2025\/10\/fe9381cddd8a9a74dfbd22255ddba902.png\" \/>\n\t<meta property=\"og:image:width\" content=\"1080\" \/>\n\t<meta property=\"og:image:height\" content=\"1080\" \/>\n\t<meta property=\"og:image:type\" content=\"image\/png\" \/>\n<meta name=\"twitter:card\" content=\"summary_large_image\" \/>\n<meta name=\"twitter:label1\" content=\"Est. reading time\" \/>\n\t<meta name=\"twitter:data1\" content=\"1 minuta\" \/>\n<!-- \/ Yoast SEO plugin. -->","yoast_head_json":{"title":"FWEE Lip&Cheek Blurry Pudding Pot RS02 Lyrics 5 g - 2w1 pomadka i r\u00f3\u017c do policzk\u00f3w - Selleetools.com","robots":{"index":"index","follow":"follow","max-snippet":"max-snippet:-1","max-image-preview":"max-image-preview:large","max-video-preview":"max-video-preview:-1"},"canonical":"https:\/\/admincentral.selleetools.com\/product\/fwee-lipcheek-blurry-pudding-pot-rs02-lyrics-5-g-2w1-pomadka-i-roz-do-policzkow\/","og_locale":"pl_PL","og_type":"article","og_title":"FWEE Lip&Cheek Blurry Pudding Pot RS02 Lyrics 5 g - 2w1 pomadka i r\u00f3\u017c do policzk\u00f3w - Selleetools.com","og_description":"FWEE Lip&#038;Cheek Blurry Pudding Pot w odcieniu RS02 Lyrics to uroczy odcie\u0144 zgaszonego r\u00f3\u017cu z nut\u0105 maliny, kt\u00f3ry pi\u0119knie podkre\u015bla naturalny rumieniec i dodaje \u015bwie\u017co\u015bci ustom. Kremowa formu\u0142a o pudrowym wyko\u0144czeniu doskonale wtapia si\u0119 w sk\u00f3r\u0119, nadaj\u0105c jej mi\u0119kkie, aksamitne wyko\u0144czenie bez uczucia lepko\u015bci. Korzy\u015bci ze stosowania: Produkt 2w1: sprawdza si\u0119 zar\u00f3wno jako r\u00f3\u017c do ... Read moreFWEE Lip&#038;Cheek Blurry Pudding Pot RS02 Lyrics 5 g &#8211; 2w1 pomadka i r\u00f3\u017c do policzk\u00f3w","og_url":"https:\/\/admincentral.selleetools.com\/product\/fwee-lipcheek-blurry-pudding-pot-rs02-lyrics-5-g-2w1-pomadka-i-roz-do-policzkow\/","og_site_name":"Selleetools.com","article_modified_time":"2025-11-04T20:31:00+00:00","og_image":[{"width":1080,"height":1080,"url":"https:\/\/selleetools.com\/wp-content\/uploads\/2025\/10\/fe9381cddd8a9a74dfbd22255ddba902.png","type":"image\/png"}],"twitter_card":"summary_large_image","twitter_misc":{"Est. reading time":"1 minuta"},"schema":{"@context":"https:\/\/schema.org","@graph":[{"@type":"Organization","@id":"https:\/\/selleetools.com\/#organization","name":"Selleetools","url":"https:\/\/selleetools.com\/","sameAs":[],"logo":{"@type":"ImageObject","inLanguage":"pl-PL","@id":"https:\/\/selleetools.com\/#\/schema\/logo\/image\/","url":"https:\/\/selleetools.com\/wp-content\/uploads\/2021\/10\/logo-dark.png","contentUrl":"https:\/\/selleetools.com\/wp-content\/uploads\/2021\/10\/logo-dark.png","width":320,"height":76,"caption":"Selleetools"},"image":{"@id":"https:\/\/selleetools.com\/#\/schema\/logo\/image\/"}},{"@type":"WebSite","@id":"https:\/\/selleetools.com\/#website","url":"https:\/\/selleetools.com\/","name":"Selleetools.com","description":"","publisher":{"@id":"https:\/\/selleetools.com\/#organization"},"potentialAction":[{"@type":"SearchAction","target":{"@type":"EntryPoint","urlTemplate":"https:\/\/selleetools.com\/?s={search_term_string}"},"query-input":"required name=search_term_string"}],"inLanguage":"pl-PL"},{"@type":"WebPage","@id":"https:\/\/admincentral.selleetools.com\/product\/fwee-lipcheek-blurry-pudding-pot-rs02-lyrics-5-g-2w1-pomadka-i-roz-do-policzkow\/","url":"https:\/\/admincentral.selleetools.com\/product\/fwee-lipcheek-blurry-pudding-pot-rs02-lyrics-5-g-2w1-pomadka-i-roz-do-policzkow\/","name":"FWEE Lip&Cheek Blurry Pudding Pot RS02 Lyrics 5 g - 2w1 pomadka i r\u00f3\u017c do policzk\u00f3w - Selleetools.com","isPartOf":{"@id":"https:\/\/selleetools.com\/#website"},"datePublished":"2025-10-24T12:25:30+00:00","dateModified":"2025-11-04T20:31:00+00:00","breadcrumb":{"@id":"https:\/\/admincentral.selleetools.com\/product\/fwee-lipcheek-blurry-pudding-pot-rs02-lyrics-5-g-2w1-pomadka-i-roz-do-policzkow\/#breadcrumb"},"inLanguage":"pl-PL","potentialAction":[{"@type":"ReadAction","target":["https:\/\/admincentral.selleetools.com\/product\/fwee-lipcheek-blurry-pudding-pot-rs02-lyrics-5-g-2w1-pomadka-i-roz-do-policzkow\/"]}]},{"@type":"BreadcrumbList","@id":"https:\/\/admincentral.selleetools.com\/product\/fwee-lipcheek-blurry-pudding-pot-rs02-lyrics-5-g-2w1-pomadka-i-roz-do-policzkow\/#breadcrumb","itemListElement":[{"@type":"ListItem","position":1,"name":"Home","item":"https:\/\/selleetools.com\/pl\/"},{"@type":"ListItem","position":2,"name":"Katalog","item":"https:\/\/selleetools.com\/pl\/katalog\/"},{"@type":"ListItem","position":3,"name":"FWEE Lip&#038;Cheek Blurry Pudding Pot RS02 Lyrics 5 g &#8211; 2w1 pomadka i r\u00f3\u017c do policzk\u00f3w"}]}]}},"_links":{"self":[{"href":"https:\/\/admincentral.selleetools.com\/pl\/wp-json\/wp\/v2\/product\/608842"}],"collection":[{"href":"https:\/\/admincentral.selleetools.com\/pl\/wp-json\/wp\/v2\/product"}],"about":[{"href":"https:\/\/admincentral.selleetools.com\/pl\/wp-json\/wp\/v2\/types\/product"}],"replies":[{"embeddable":true,"href":"https:\/\/admincentral.selleetools.com\/pl\/wp-json\/wp\/v2\/comments?post=608842"}],"wp:featuredmedia":[{"embeddable":true,"href":"https:\/\/admincentral.selleetools.com\/pl\/wp-json\/wp\/v2\/media\/608840"}],"wp:attachment":[{"href":"https:\/\/admincentral.selleetools.com\/pl\/wp-json\/wp\/v2\/media?parent=608842"}],"curies":[{"name":"wp","href":"https:\/\/api.w.org\/{rel}","templated":true}]}}