{"id":608845,"date":"2025-10-24T14:25:33","date_gmt":"2025-10-24T12:25:33","guid":{"rendered":"https:\/\/selleetools.com\/?post_type=product&#038;p=608845"},"modified":"2025-11-04T21:31:14","modified_gmt":"2025-11-04T20:31:14","slug":"fwee-lipcheek-blurry-pudding-pot-rs03-faded-5-g-2w1-pomadka-i-roz-do-policzkow","status":"publish","type":"product","link":"https:\/\/admincentral.selleetools.com\/pl\/product\/fwee-lipcheek-blurry-pudding-pot-rs03-faded-5-g-2w1-pomadka-i-roz-do-policzkow\/","title":{"rendered":"FWEE Lip&#038;Cheek Blurry Pudding Pot RS03 Faded 5 g &#8211; 2w1 pomadka i r\u00f3\u017c do policzk\u00f3w"},"content":{"rendered":"<p>FWEE Lip&#038;Cheek Blurry Pudding Pot w odcieniu RS03 Faded to subtelny, stonowany r\u00f3\u017c z nut\u0105 przygaszonego r\u00f3\u017cu i be\u017cu \u2013 idealny dla fanek naturalnego, delikatnie zgaszonego makija\u017cu. Kremowa konsystencja przypominaj\u0105ca pudding doskonale stapia si\u0119 ze sk\u00f3r\u0105, nadaj\u0105c ustom i policzkom mi\u0119kki, rozmyty efekt \u201eblurry\u201d.<\/p>\n<p>Korzy\u015bci ze stosowania:<br \/>\nFormu\u0142a 2w1 \u2013 jeden produkt do ust i policzk\u00f3w<br \/>\nAksamitne, p\u00f3\u0142matowe wyko\u0144czenie bez efektu przesuszenia<br \/>\n\u0141atwa do rozcierania konsystencja, kt\u00f3ra wtapia si\u0119 w sk\u00f3r\u0119<br \/>\nWzbogacony o mas\u0142o kakaowe i ekstrakt z agawy \u2013 nawil\u017ca i piel\u0119gnuje<br \/>\nLekka, nieobci\u0105\u017caj\u0105ca formu\u0142a \u2013 idealna do codziennego makija\u017cu<\/p>\n<p>Spos\u00f3b u\u017cycia:<br \/>\nNanie\u015b niewielk\u0105 ilo\u015b\u0107 produktu palcami, p\u0119dzlem lub g\u0105beczk\u0105 na usta i policzki. Delikatnie rozblenduj a\u017c do uzyskania po\u017c\u0105danego efektu. Produkt mo\u017cna budowa\u0107 warstwowo dla intensywniejszego koloru.<\/p>\n","protected":false},"excerpt":{"rendered":"<p>FWEE Lip&#038;Cheek Blurry Pudding Pot w odcieniu RS03 Faded to subtelny, stonowany r\u00f3\u017c z nut\u0105 przygaszonego r\u00f3\u017cu i be\u017cu \u2013 idealny dla fanek naturalnego, delikatnie zgaszonego makija\u017cu. Kremowa konsystencja przypominaj\u0105ca pudding doskonale stapia si\u0119 ze sk\u00f3r\u0105, nadaj\u0105c ustom i policzkom mi\u0119kki, rozmyty efekt \u201eblurry\u201d. Korzy\u015bci ze stosowania: Formu\u0142a 2w1 \u2013 jeden produkt do ust i &#8230; <a title=\"FWEE Lip&#038;Cheek Blurry Pudding Pot RS03 Faded 5 g &#8211; 2w1 pomadka i r\u00f3\u017c do policzk\u00f3w\" class=\"read-more\" href=\"https:\/\/admincentral.selleetools.com\/pl\/product\/fwee-lipcheek-blurry-pudding-pot-rs03-faded-5-g-2w1-pomadka-i-roz-do-policzkow\/\">Read more<span class=\"screen-reader-text\">FWEE Lip&#038;Cheek Blurry Pudding Pot RS03 Faded 5 g &#8211; 2w1 pomadka i r\u00f3\u017c do policzk\u00f3w<\/span><\/a><\/p>\n","protected":false},"featured_media":608843,"comment_status":"open","ping_status":"closed","template":"","meta":{"_links_to":"","_links_to_target":""},"yoast_head":"<!-- This site is optimized with the Yoast SEO plugin v19.4 - https:\/\/yoast.com\/wordpress\/plugins\/seo\/ -->\n<title>FWEE Lip&amp;Cheek Blurry Pudding Pot RS03 Faded 5 g - 2w1 pomadka i r\u00f3\u017c do policzk\u00f3w - Selleetools.com<\/title>\n<meta name=\"robots\" content=\"index, follow, max-snippet:-1, max-image-preview:large, max-video-preview:-1\" \/>\n<link rel=\"canonical\" href=\"https:\/\/selleetools.com\/pl\/product\/fwee-lipcheek-blurry-pudding-pot-rs03-faded-5-g-2w1-pomadka-i-roz-do-policzkow\/\" \/>\n<meta property=\"og:locale\" content=\"pl_PL\" \/>\n<meta property=\"og:type\" content=\"article\" \/>\n<meta property=\"og:title\" content=\"FWEE Lip&amp;Cheek Blurry Pudding Pot RS03 Faded 5 g - 2w1 pomadka i r\u00f3\u017c do policzk\u00f3w - Selleetools.com\" \/>\n<meta property=\"og:description\" content=\"FWEE Lip&#038;Cheek Blurry Pudding Pot w odcieniu RS03 Faded to subtelny, stonowany r\u00f3\u017c z nut\u0105 przygaszonego r\u00f3\u017cu i be\u017cu \u2013 idealny dla fanek naturalnego, delikatnie zgaszonego makija\u017cu. Kremowa konsystencja przypominaj\u0105ca pudding doskonale stapia si\u0119 ze sk\u00f3r\u0105, nadaj\u0105c ustom i policzkom mi\u0119kki, rozmyty efekt \u201eblurry\u201d. Korzy\u015bci ze stosowania: Formu\u0142a 2w1 \u2013 jeden produkt do ust i ... Read moreFWEE Lip&#038;Cheek Blurry Pudding Pot RS03 Faded 5 g &#8211; 2w1 pomadka i r\u00f3\u017c do policzk\u00f3w\" \/>\n<meta property=\"og:url\" content=\"https:\/\/selleetools.com\/pl\/product\/fwee-lipcheek-blurry-pudding-pot-rs03-faded-5-g-2w1-pomadka-i-roz-do-policzkow\/\" \/>\n<meta property=\"og:site_name\" content=\"Selleetools.com\" \/>\n<meta property=\"article:modified_time\" content=\"2025-11-04T20:31:14+00:00\" \/>\n<meta property=\"og:image\" content=\"https:\/\/selleetools.com\/wp-content\/uploads\/2025\/10\/db86def5dd6481fc4e414de2697b77a0.png\" \/>\n\t<meta property=\"og:image:width\" content=\"1080\" \/>\n\t<meta property=\"og:image:height\" content=\"1080\" \/>\n\t<meta property=\"og:image:type\" content=\"image\/png\" \/>\n<meta name=\"twitter:card\" content=\"summary_large_image\" \/>\n<meta name=\"twitter:label1\" content=\"Est. reading time\" \/>\n\t<meta name=\"twitter:data1\" content=\"1 minuta\" \/>\n<!-- \/ Yoast SEO plugin. -->","yoast_head_json":{"title":"FWEE Lip&Cheek Blurry Pudding Pot RS03 Faded 5 g - 2w1 pomadka i r\u00f3\u017c do policzk\u00f3w - Selleetools.com","robots":{"index":"index","follow":"follow","max-snippet":"max-snippet:-1","max-image-preview":"max-image-preview:large","max-video-preview":"max-video-preview:-1"},"canonical":"https:\/\/selleetools.com\/pl\/product\/fwee-lipcheek-blurry-pudding-pot-rs03-faded-5-g-2w1-pomadka-i-roz-do-policzkow\/","og_locale":"pl_PL","og_type":"article","og_title":"FWEE Lip&Cheek Blurry Pudding Pot RS03 Faded 5 g - 2w1 pomadka i r\u00f3\u017c do policzk\u00f3w - Selleetools.com","og_description":"FWEE Lip&#038;Cheek Blurry Pudding Pot w odcieniu RS03 Faded to subtelny, stonowany r\u00f3\u017c z nut\u0105 przygaszonego r\u00f3\u017cu i be\u017cu \u2013 idealny dla fanek naturalnego, delikatnie zgaszonego makija\u017cu. Kremowa konsystencja przypominaj\u0105ca pudding doskonale stapia si\u0119 ze sk\u00f3r\u0105, nadaj\u0105c ustom i policzkom mi\u0119kki, rozmyty efekt \u201eblurry\u201d. Korzy\u015bci ze stosowania: Formu\u0142a 2w1 \u2013 jeden produkt do ust i ... Read moreFWEE Lip&#038;Cheek Blurry Pudding Pot RS03 Faded 5 g &#8211; 2w1 pomadka i r\u00f3\u017c do policzk\u00f3w","og_url":"https:\/\/selleetools.com\/pl\/product\/fwee-lipcheek-blurry-pudding-pot-rs03-faded-5-g-2w1-pomadka-i-roz-do-policzkow\/","og_site_name":"Selleetools.com","article_modified_time":"2025-11-04T20:31:14+00:00","og_image":[{"width":1080,"height":1080,"url":"https:\/\/selleetools.com\/wp-content\/uploads\/2025\/10\/db86def5dd6481fc4e414de2697b77a0.png","type":"image\/png"}],"twitter_card":"summary_large_image","twitter_misc":{"Est. reading time":"1 minuta"},"schema":{"@context":"https:\/\/schema.org","@graph":[{"@type":"Organization","@id":"https:\/\/selleetools.com\/#organization","name":"Selleetools","url":"https:\/\/selleetools.com\/","sameAs":[],"logo":{"@type":"ImageObject","inLanguage":"pl-PL","@id":"https:\/\/selleetools.com\/#\/schema\/logo\/image\/","url":"https:\/\/selleetools.com\/wp-content\/uploads\/2021\/10\/logo-dark.png","contentUrl":"https:\/\/selleetools.com\/wp-content\/uploads\/2021\/10\/logo-dark.png","width":320,"height":76,"caption":"Selleetools"},"image":{"@id":"https:\/\/selleetools.com\/#\/schema\/logo\/image\/"}},{"@type":"WebSite","@id":"https:\/\/selleetools.com\/#website","url":"https:\/\/selleetools.com\/","name":"Selleetools.com","description":"","publisher":{"@id":"https:\/\/selleetools.com\/#organization"},"potentialAction":[{"@type":"SearchAction","target":{"@type":"EntryPoint","urlTemplate":"https:\/\/selleetools.com\/?s={search_term_string}"},"query-input":"required name=search_term_string"}],"inLanguage":"pl-PL"},{"@type":"WebPage","@id":"https:\/\/selleetools.com\/pl\/product\/fwee-lipcheek-blurry-pudding-pot-rs03-faded-5-g-2w1-pomadka-i-roz-do-policzkow\/","url":"https:\/\/selleetools.com\/pl\/product\/fwee-lipcheek-blurry-pudding-pot-rs03-faded-5-g-2w1-pomadka-i-roz-do-policzkow\/","name":"FWEE Lip&Cheek Blurry Pudding Pot RS03 Faded 5 g - 2w1 pomadka i r\u00f3\u017c do policzk\u00f3w - Selleetools.com","isPartOf":{"@id":"https:\/\/selleetools.com\/#website"},"datePublished":"2025-10-24T12:25:33+00:00","dateModified":"2025-11-04T20:31:14+00:00","breadcrumb":{"@id":"https:\/\/selleetools.com\/pl\/product\/fwee-lipcheek-blurry-pudding-pot-rs03-faded-5-g-2w1-pomadka-i-roz-do-policzkow\/#breadcrumb"},"inLanguage":"pl-PL","potentialAction":[{"@type":"ReadAction","target":["https:\/\/selleetools.com\/pl\/product\/fwee-lipcheek-blurry-pudding-pot-rs03-faded-5-g-2w1-pomadka-i-roz-do-policzkow\/"]}]},{"@type":"BreadcrumbList","@id":"https:\/\/selleetools.com\/pl\/product\/fwee-lipcheek-blurry-pudding-pot-rs03-faded-5-g-2w1-pomadka-i-roz-do-policzkow\/#breadcrumb","itemListElement":[{"@type":"ListItem","position":1,"name":"Home","item":"https:\/\/selleetools.com\/pl\/"},{"@type":"ListItem","position":2,"name":"Katalog","item":"https:\/\/selleetools.com\/pl\/katalog\/"},{"@type":"ListItem","position":3,"name":"FWEE Lip&#038;Cheek Blurry Pudding Pot RS03 Faded 5 g &#8211; 2w1 pomadka i r\u00f3\u017c do policzk\u00f3w"}]}]}},"_links":{"self":[{"href":"https:\/\/admincentral.selleetools.com\/pl\/wp-json\/wp\/v2\/product\/608845"}],"collection":[{"href":"https:\/\/admincentral.selleetools.com\/pl\/wp-json\/wp\/v2\/product"}],"about":[{"href":"https:\/\/admincentral.selleetools.com\/pl\/wp-json\/wp\/v2\/types\/product"}],"replies":[{"embeddable":true,"href":"https:\/\/admincentral.selleetools.com\/pl\/wp-json\/wp\/v2\/comments?post=608845"}],"wp:featuredmedia":[{"embeddable":true,"href":"https:\/\/admincentral.selleetools.com\/pl\/wp-json\/wp\/v2\/media\/608843"}],"wp:attachment":[{"href":"https:\/\/admincentral.selleetools.com\/pl\/wp-json\/wp\/v2\/media?parent=608845"}],"curies":[{"name":"wp","href":"https:\/\/api.w.org\/{rel}","templated":true}]}}