{"id":608857,"date":"2025-10-24T14:25:45","date_gmt":"2025-10-24T12:25:45","guid":{"rendered":"https:\/\/selleetools.com\/?post_type=product&#038;p=608857"},"modified":"2026-03-03T11:18:35","modified_gmt":"2026-03-03T10:18:35","slug":"tocobo-juicy-berry-plumping-lip-oil-02-berry-brandy-4-g-jagodowy-odzywczy-olejek-do-ust","status":"publish","type":"product","link":"https:\/\/admincentral.selleetools.com\/pl\/product\/tocobo-juicy-berry-plumping-lip-oil-02-berry-brandy-4-g-jagodowy-odzywczy-olejek-do-ust\/","title":{"rendered":"TOCOBO Juicy Berry Plumping Lip Oil 02 Berry Brandy 4 g &#8211; jagodowy od\u017cywczy olejek do ust"},"content":{"rendered":"<p>TOCOBO Juicy Berry Plumping Lip Oil 02 Berry Brandy to piel\u0119gnacyjny olejek do ust o apetycznym, jagodowym odcieniu. \u0141\u0105czy intensywn\u0105 piel\u0119gnacj\u0119 z subtelnym efektem powi\u0119kszenia ust. Dzi\u0119ki lekkiej, nieklej\u0105cej formule olejek wyg\u0142adza, nawil\u017ca i chroni delikatn\u0105 sk\u00f3r\u0119 warg, jednocze\u015bnie nadaj\u0105c im zdrowy po\u0142ysk i naturalnie pe\u0142niejszy wygl\u0105d.<\/p>\n<p>Korzy\u015bci ze stosowania:<br \/>\nzapewnia intensywne nawil\u017cenie i od\u017cywienie ust<br \/>\nwizualnie powi\u0119ksza i wyg\u0142adza usta dzi\u0119ki zawarto\u015bci Menthoxypropanediolu i Vanillyl Butyl Ether<br \/>\nzawiera a\u017c 10 od\u017cywczych olej\u00f3w ro\u015blinnych, m.in. jojoba, arganowy, z dzikiej r\u00f3\u017cy i oliw\u0119 z oliwek<br \/>\nchroni usta przed przesuszeniem i czynnikami zewn\u0119trznymi<br \/>\nnadaje subtelny kolor i naturalny po\u0142ysk<br \/>\nidealny do samodzielnego stosowania lub jako top na pomadk\u0119<\/p>\n<p>Spos\u00f3b u\u017cycia:<br \/>\nNa\u0142\u00f3\u017c odpowiedni\u0105 ilo\u015b\u0107 olejku bezpo\u015brednio na usta za pomoc\u0105 aplikatora. Stosuj samodzielnie dla efektu nawil\u017conych, naturalnie podkre\u015blonych ust lub na pomadk\u0119 jako nab\u0142yszczaj\u0105cy top coat.<\/p>\n","protected":false},"excerpt":{"rendered":"<p>TOCOBO Juicy Berry Plumping Lip Oil 02 Berry Brandy to piel\u0119gnacyjny olejek do ust o apetycznym, jagodowym odcieniu. \u0141\u0105czy intensywn\u0105 piel\u0119gnacj\u0119 z subtelnym efektem powi\u0119kszenia ust. Dzi\u0119ki lekkiej, nieklej\u0105cej formule olejek wyg\u0142adza, nawil\u017ca i chroni delikatn\u0105 sk\u00f3r\u0119 warg, jednocze\u015bnie nadaj\u0105c im zdrowy po\u0142ysk i naturalnie pe\u0142niejszy wygl\u0105d. Korzy\u015bci ze stosowania: zapewnia intensywne nawil\u017cenie i od\u017cywienie &#8230; <a title=\"TOCOBO Juicy Berry Plumping Lip Oil 02 Berry Brandy 4 g &#8211; jagodowy od\u017cywczy olejek do ust\" class=\"read-more\" href=\"https:\/\/admincentral.selleetools.com\/pl\/product\/tocobo-juicy-berry-plumping-lip-oil-02-berry-brandy-4-g-jagodowy-odzywczy-olejek-do-ust\/\">Read more<span class=\"screen-reader-text\">TOCOBO Juicy Berry Plumping Lip Oil 02 Berry Brandy 4 g &#8211; jagodowy od\u017cywczy olejek do ust<\/span><\/a><\/p>\n","protected":false},"featured_media":608855,"comment_status":"open","ping_status":"closed","template":"","meta":{"_links_to":"","_links_to_target":""},"yoast_head":"<!-- This site is optimized with the Yoast SEO plugin v19.4 - https:\/\/yoast.com\/wordpress\/plugins\/seo\/ -->\n<title>TOCOBO Juicy Berry Plumping Lip Oil 02 Berry Brandy 4 g - jagodowy od\u017cywczy olejek do ust - Selleetools.com<\/title>\n<meta name=\"robots\" content=\"index, follow, max-snippet:-1, max-image-preview:large, max-video-preview:-1\" \/>\n<link rel=\"canonical\" href=\"https:\/\/selleetools.com\/pl\/product\/tocobo-juicy-berry-plumping-lip-oil-02-berry-brandy-4-g-jagodowy-odzywczy-olejek-do-ust\/\" \/>\n<meta property=\"og:locale\" content=\"pl_PL\" \/>\n<meta property=\"og:type\" content=\"article\" \/>\n<meta property=\"og:title\" content=\"TOCOBO Juicy Berry Plumping Lip Oil 02 Berry Brandy 4 g - jagodowy od\u017cywczy olejek do ust - Selleetools.com\" \/>\n<meta property=\"og:description\" content=\"TOCOBO Juicy Berry Plumping Lip Oil 02 Berry Brandy to piel\u0119gnacyjny olejek do ust o apetycznym, jagodowym odcieniu. \u0141\u0105czy intensywn\u0105 piel\u0119gnacj\u0119 z subtelnym efektem powi\u0119kszenia ust. Dzi\u0119ki lekkiej, nieklej\u0105cej formule olejek wyg\u0142adza, nawil\u017ca i chroni delikatn\u0105 sk\u00f3r\u0119 warg, jednocze\u015bnie nadaj\u0105c im zdrowy po\u0142ysk i naturalnie pe\u0142niejszy wygl\u0105d. Korzy\u015bci ze stosowania: zapewnia intensywne nawil\u017cenie i od\u017cywienie ... Read moreTOCOBO Juicy Berry Plumping Lip Oil 02 Berry Brandy 4 g &#8211; jagodowy od\u017cywczy olejek do ust\" \/>\n<meta property=\"og:url\" content=\"https:\/\/selleetools.com\/pl\/product\/tocobo-juicy-berry-plumping-lip-oil-02-berry-brandy-4-g-jagodowy-odzywczy-olejek-do-ust\/\" \/>\n<meta property=\"og:site_name\" content=\"Selleetools.com\" \/>\n<meta property=\"article:modified_time\" content=\"2026-03-03T10:18:35+00:00\" \/>\n<meta property=\"og:image\" content=\"https:\/\/selleetools.com\/wp-content\/uploads\/2025\/10\/a004fd4097ad15ebafa7fd82e3e005e7.png\" \/>\n\t<meta property=\"og:image:width\" content=\"1080\" \/>\n\t<meta property=\"og:image:height\" content=\"1080\" \/>\n\t<meta property=\"og:image:type\" content=\"image\/png\" \/>\n<meta name=\"twitter:card\" content=\"summary_large_image\" \/>\n<meta name=\"twitter:label1\" content=\"Est. reading time\" \/>\n\t<meta name=\"twitter:data1\" content=\"1 minuta\" \/>\n<!-- \/ Yoast SEO plugin. -->","yoast_head_json":{"title":"TOCOBO Juicy Berry Plumping Lip Oil 02 Berry Brandy 4 g - jagodowy od\u017cywczy olejek do ust - Selleetools.com","robots":{"index":"index","follow":"follow","max-snippet":"max-snippet:-1","max-image-preview":"max-image-preview:large","max-video-preview":"max-video-preview:-1"},"canonical":"https:\/\/selleetools.com\/pl\/product\/tocobo-juicy-berry-plumping-lip-oil-02-berry-brandy-4-g-jagodowy-odzywczy-olejek-do-ust\/","og_locale":"pl_PL","og_type":"article","og_title":"TOCOBO Juicy Berry Plumping Lip Oil 02 Berry Brandy 4 g - jagodowy od\u017cywczy olejek do ust - Selleetools.com","og_description":"TOCOBO Juicy Berry Plumping Lip Oil 02 Berry Brandy to piel\u0119gnacyjny olejek do ust o apetycznym, jagodowym odcieniu. \u0141\u0105czy intensywn\u0105 piel\u0119gnacj\u0119 z subtelnym efektem powi\u0119kszenia ust. Dzi\u0119ki lekkiej, nieklej\u0105cej formule olejek wyg\u0142adza, nawil\u017ca i chroni delikatn\u0105 sk\u00f3r\u0119 warg, jednocze\u015bnie nadaj\u0105c im zdrowy po\u0142ysk i naturalnie pe\u0142niejszy wygl\u0105d. Korzy\u015bci ze stosowania: zapewnia intensywne nawil\u017cenie i od\u017cywienie ... Read moreTOCOBO Juicy Berry Plumping Lip Oil 02 Berry Brandy 4 g &#8211; jagodowy od\u017cywczy olejek do ust","og_url":"https:\/\/selleetools.com\/pl\/product\/tocobo-juicy-berry-plumping-lip-oil-02-berry-brandy-4-g-jagodowy-odzywczy-olejek-do-ust\/","og_site_name":"Selleetools.com","article_modified_time":"2026-03-03T10:18:35+00:00","og_image":[{"width":1080,"height":1080,"url":"https:\/\/selleetools.com\/wp-content\/uploads\/2025\/10\/a004fd4097ad15ebafa7fd82e3e005e7.png","type":"image\/png"}],"twitter_card":"summary_large_image","twitter_misc":{"Est. reading time":"1 minuta"},"schema":{"@context":"https:\/\/schema.org","@graph":[{"@type":"Organization","@id":"https:\/\/selleetools.com\/#organization","name":"Selleetools","url":"https:\/\/selleetools.com\/","sameAs":[],"logo":{"@type":"ImageObject","inLanguage":"pl-PL","@id":"https:\/\/selleetools.com\/#\/schema\/logo\/image\/","url":"https:\/\/selleetools.com\/wp-content\/uploads\/2021\/10\/logo-dark.png","contentUrl":"https:\/\/selleetools.com\/wp-content\/uploads\/2021\/10\/logo-dark.png","width":320,"height":76,"caption":"Selleetools"},"image":{"@id":"https:\/\/selleetools.com\/#\/schema\/logo\/image\/"}},{"@type":"WebSite","@id":"https:\/\/selleetools.com\/#website","url":"https:\/\/selleetools.com\/","name":"Selleetools.com","description":"","publisher":{"@id":"https:\/\/selleetools.com\/#organization"},"potentialAction":[{"@type":"SearchAction","target":{"@type":"EntryPoint","urlTemplate":"https:\/\/selleetools.com\/?s={search_term_string}"},"query-input":"required name=search_term_string"}],"inLanguage":"pl-PL"},{"@type":"WebPage","@id":"https:\/\/selleetools.com\/pl\/product\/tocobo-juicy-berry-plumping-lip-oil-02-berry-brandy-4-g-jagodowy-odzywczy-olejek-do-ust\/","url":"https:\/\/selleetools.com\/pl\/product\/tocobo-juicy-berry-plumping-lip-oil-02-berry-brandy-4-g-jagodowy-odzywczy-olejek-do-ust\/","name":"TOCOBO Juicy Berry Plumping Lip Oil 02 Berry Brandy 4 g - jagodowy od\u017cywczy olejek do ust - Selleetools.com","isPartOf":{"@id":"https:\/\/selleetools.com\/#website"},"datePublished":"2025-10-24T12:25:45+00:00","dateModified":"2026-03-03T10:18:35+00:00","breadcrumb":{"@id":"https:\/\/selleetools.com\/pl\/product\/tocobo-juicy-berry-plumping-lip-oil-02-berry-brandy-4-g-jagodowy-odzywczy-olejek-do-ust\/#breadcrumb"},"inLanguage":"pl-PL","potentialAction":[{"@type":"ReadAction","target":["https:\/\/selleetools.com\/pl\/product\/tocobo-juicy-berry-plumping-lip-oil-02-berry-brandy-4-g-jagodowy-odzywczy-olejek-do-ust\/"]}]},{"@type":"BreadcrumbList","@id":"https:\/\/selleetools.com\/pl\/product\/tocobo-juicy-berry-plumping-lip-oil-02-berry-brandy-4-g-jagodowy-odzywczy-olejek-do-ust\/#breadcrumb","itemListElement":[{"@type":"ListItem","position":1,"name":"Home","item":"https:\/\/selleetools.com\/pl\/"},{"@type":"ListItem","position":2,"name":"Katalog","item":"https:\/\/selleetools.com\/pl\/katalog\/"},{"@type":"ListItem","position":3,"name":"TOCOBO Juicy Berry Plumping Lip Oil 02 Berry Brandy 4 g &#8211; jagodowy od\u017cywczy olejek do ust"}]}]}},"_links":{"self":[{"href":"https:\/\/admincentral.selleetools.com\/pl\/wp-json\/wp\/v2\/product\/608857"}],"collection":[{"href":"https:\/\/admincentral.selleetools.com\/pl\/wp-json\/wp\/v2\/product"}],"about":[{"href":"https:\/\/admincentral.selleetools.com\/pl\/wp-json\/wp\/v2\/types\/product"}],"replies":[{"embeddable":true,"href":"https:\/\/admincentral.selleetools.com\/pl\/wp-json\/wp\/v2\/comments?post=608857"}],"wp:featuredmedia":[{"embeddable":true,"href":"https:\/\/admincentral.selleetools.com\/pl\/wp-json\/wp\/v2\/media\/608855"}],"wp:attachment":[{"href":"https:\/\/admincentral.selleetools.com\/pl\/wp-json\/wp\/v2\/media?parent=608857"}],"curies":[{"name":"wp","href":"https:\/\/api.w.org\/{rel}","templated":true}]}}