{"id":608860,"date":"2025-10-24T14:25:48","date_gmt":"2025-10-24T12:25:48","guid":{"rendered":"https:\/\/selleetools.com\/?post_type=product&#038;p=608860"},"modified":"2026-03-03T11:17:19","modified_gmt":"2026-03-03T10:17:19","slug":"tocobo-juicy-berry-plumping-lip-oil-01-chill-red-4-g-czerwony-odzywczy-olejek-do-ust","status":"publish","type":"product","link":"https:\/\/admincentral.selleetools.com\/pl\/product\/tocobo-juicy-berry-plumping-lip-oil-01-chill-red-4-g-czerwony-odzywczy-olejek-do-ust\/","title":{"rendered":"TOCOBO Juicy Berry Plumping Lip Oil 01 Chill Red 4 g &#8211; czerwony od\u017cywczy olejek do ust"},"content":{"rendered":"<p>TOCOBO Juicy Berry Plumping Lip Oil 01 Chill Red to wielofunkcyjny olejek do ust o lekkiej, komfortowej formule, kt\u00f3ra nadaje ustom intensywny po\u0142ysk, delikatnie je koloryzuje i optycznie powi\u0119ksza. Produkt \u0142\u0105czy piel\u0119gnacj\u0119 z efektem makija\u017cowym \u2013 od\u017cywia, nawil\u017ca i wyg\u0142adza usta, nadaj\u0105c im \u015bwie\u017cy, soczysty wygl\u0105d. Odcie\u0144 Chill Red to transparentna czerwie\u0144, kt\u00f3ra dopasowuje si\u0119 do naturalnego koloru ust, podkre\u015blaj\u0105c ich pi\u0119kno bez efektu lepko\u015bci.<\/p>\n<p>Korzy\u015bci ze stosowania:<br \/>\nNawil\u017ca i zmi\u0119kcza usta dzi\u0119ki olejom ro\u015blinnym (jojoba, arganowy, z nasion kamelii, oliwkowy, migda\u0142owy i z pestek moreli)<br \/>\nWyg\u0142adza i od\u017cywia delikatn\u0105 sk\u00f3r\u0119 ust dzi\u0119ki zawarto\u015bci mas\u0142a shea i witaminy E (Tocopherol)<br \/>\nZawiera sk\u0142adniki o dzia\u0142aniu wype\u0142niaj\u0105cym i lekko ch\u0142odz\u0105cym (Menthoxypropanediol, Vanillyl Butyl Ether)<br \/>\nNadaje ustom naturalny po\u0142ysk i subtelny kolor<br \/>\nFormu\u0142a bez uczucia lepko\u015bci, idealna do stosowania samodzielnie lub na ulubion\u0105 pomadk\u0119<\/p>\n<p>Spos\u00f3b u\u017cycia:<br \/>\nNa\u0142\u00f3\u017c cienk\u0105 warstw\u0119 olejku bezpo\u015brednio na usta za pomoc\u0105 aplikatora. Stosuj samodzielnie, aby uzyska\u0107 naturalny efekt, lub jako topper na pomadk\u0119, by doda\u0107 po\u0142ysku i piel\u0119gnacji.<\/p>\n","protected":false},"excerpt":{"rendered":"<p>TOCOBO Juicy Berry Plumping Lip Oil 01 Chill Red to wielofunkcyjny olejek do ust o lekkiej, komfortowej formule, kt\u00f3ra nadaje ustom intensywny po\u0142ysk, delikatnie je koloryzuje i optycznie powi\u0119ksza. Produkt \u0142\u0105czy piel\u0119gnacj\u0119 z efektem makija\u017cowym \u2013 od\u017cywia, nawil\u017ca i wyg\u0142adza usta, nadaj\u0105c im \u015bwie\u017cy, soczysty wygl\u0105d. Odcie\u0144 Chill Red to transparentna czerwie\u0144, kt\u00f3ra dopasowuje si\u0119 &#8230; <a title=\"TOCOBO Juicy Berry Plumping Lip Oil 01 Chill Red 4 g &#8211; czerwony od\u017cywczy olejek do ust\" class=\"read-more\" href=\"https:\/\/admincentral.selleetools.com\/pl\/product\/tocobo-juicy-berry-plumping-lip-oil-01-chill-red-4-g-czerwony-odzywczy-olejek-do-ust\/\">Read more<span class=\"screen-reader-text\">TOCOBO Juicy Berry Plumping Lip Oil 01 Chill Red 4 g &#8211; czerwony od\u017cywczy olejek do ust<\/span><\/a><\/p>\n","protected":false},"featured_media":608858,"comment_status":"open","ping_status":"closed","template":"","meta":{"_links_to":"","_links_to_target":""},"yoast_head":"<!-- This site is optimized with the Yoast SEO plugin v19.4 - https:\/\/yoast.com\/wordpress\/plugins\/seo\/ -->\n<title>TOCOBO Juicy Berry Plumping Lip Oil 01 Chill Red 4 g - czerwony od\u017cywczy olejek do ust - Selleetools.com<\/title>\n<meta name=\"robots\" content=\"index, follow, max-snippet:-1, max-image-preview:large, max-video-preview:-1\" \/>\n<link rel=\"canonical\" href=\"https:\/\/selleetools.com\/pl\/product\/tocobo-juicy-berry-plumping-lip-oil-01-chill-red-4-g-czerwony-odzywczy-olejek-do-ust\/\" \/>\n<meta property=\"og:locale\" content=\"pl_PL\" \/>\n<meta property=\"og:type\" content=\"article\" \/>\n<meta property=\"og:title\" content=\"TOCOBO Juicy Berry Plumping Lip Oil 01 Chill Red 4 g - czerwony od\u017cywczy olejek do ust - Selleetools.com\" \/>\n<meta property=\"og:description\" content=\"TOCOBO Juicy Berry Plumping Lip Oil 01 Chill Red to wielofunkcyjny olejek do ust o lekkiej, komfortowej formule, kt\u00f3ra nadaje ustom intensywny po\u0142ysk, delikatnie je koloryzuje i optycznie powi\u0119ksza. Produkt \u0142\u0105czy piel\u0119gnacj\u0119 z efektem makija\u017cowym \u2013 od\u017cywia, nawil\u017ca i wyg\u0142adza usta, nadaj\u0105c im \u015bwie\u017cy, soczysty wygl\u0105d. Odcie\u0144 Chill Red to transparentna czerwie\u0144, kt\u00f3ra dopasowuje si\u0119 ... Read moreTOCOBO Juicy Berry Plumping Lip Oil 01 Chill Red 4 g &#8211; czerwony od\u017cywczy olejek do ust\" \/>\n<meta property=\"og:url\" content=\"https:\/\/selleetools.com\/pl\/product\/tocobo-juicy-berry-plumping-lip-oil-01-chill-red-4-g-czerwony-odzywczy-olejek-do-ust\/\" \/>\n<meta property=\"og:site_name\" content=\"Selleetools.com\" \/>\n<meta property=\"article:modified_time\" content=\"2026-03-03T10:17:19+00:00\" \/>\n<meta property=\"og:image\" content=\"https:\/\/selleetools.com\/wp-content\/uploads\/2025\/10\/d5196ee31227ff2d2386ae1d47ba14f3.png\" \/>\n\t<meta property=\"og:image:width\" content=\"1080\" \/>\n\t<meta property=\"og:image:height\" content=\"1080\" \/>\n\t<meta property=\"og:image:type\" content=\"image\/png\" \/>\n<meta name=\"twitter:card\" content=\"summary_large_image\" \/>\n<meta name=\"twitter:label1\" content=\"Est. reading time\" \/>\n\t<meta name=\"twitter:data1\" content=\"1 minuta\" \/>\n<!-- \/ Yoast SEO plugin. -->","yoast_head_json":{"title":"TOCOBO Juicy Berry Plumping Lip Oil 01 Chill Red 4 g - czerwony od\u017cywczy olejek do ust - Selleetools.com","robots":{"index":"index","follow":"follow","max-snippet":"max-snippet:-1","max-image-preview":"max-image-preview:large","max-video-preview":"max-video-preview:-1"},"canonical":"https:\/\/selleetools.com\/pl\/product\/tocobo-juicy-berry-plumping-lip-oil-01-chill-red-4-g-czerwony-odzywczy-olejek-do-ust\/","og_locale":"pl_PL","og_type":"article","og_title":"TOCOBO Juicy Berry Plumping Lip Oil 01 Chill Red 4 g - czerwony od\u017cywczy olejek do ust - Selleetools.com","og_description":"TOCOBO Juicy Berry Plumping Lip Oil 01 Chill Red to wielofunkcyjny olejek do ust o lekkiej, komfortowej formule, kt\u00f3ra nadaje ustom intensywny po\u0142ysk, delikatnie je koloryzuje i optycznie powi\u0119ksza. Produkt \u0142\u0105czy piel\u0119gnacj\u0119 z efektem makija\u017cowym \u2013 od\u017cywia, nawil\u017ca i wyg\u0142adza usta, nadaj\u0105c im \u015bwie\u017cy, soczysty wygl\u0105d. Odcie\u0144 Chill Red to transparentna czerwie\u0144, kt\u00f3ra dopasowuje si\u0119 ... Read moreTOCOBO Juicy Berry Plumping Lip Oil 01 Chill Red 4 g &#8211; czerwony od\u017cywczy olejek do ust","og_url":"https:\/\/selleetools.com\/pl\/product\/tocobo-juicy-berry-plumping-lip-oil-01-chill-red-4-g-czerwony-odzywczy-olejek-do-ust\/","og_site_name":"Selleetools.com","article_modified_time":"2026-03-03T10:17:19+00:00","og_image":[{"width":1080,"height":1080,"url":"https:\/\/selleetools.com\/wp-content\/uploads\/2025\/10\/d5196ee31227ff2d2386ae1d47ba14f3.png","type":"image\/png"}],"twitter_card":"summary_large_image","twitter_misc":{"Est. reading time":"1 minuta"},"schema":{"@context":"https:\/\/schema.org","@graph":[{"@type":"Organization","@id":"https:\/\/selleetools.com\/#organization","name":"Selleetools","url":"https:\/\/selleetools.com\/","sameAs":[],"logo":{"@type":"ImageObject","inLanguage":"pl-PL","@id":"https:\/\/selleetools.com\/#\/schema\/logo\/image\/","url":"https:\/\/selleetools.com\/wp-content\/uploads\/2021\/10\/logo-dark.png","contentUrl":"https:\/\/selleetools.com\/wp-content\/uploads\/2021\/10\/logo-dark.png","width":320,"height":76,"caption":"Selleetools"},"image":{"@id":"https:\/\/selleetools.com\/#\/schema\/logo\/image\/"}},{"@type":"WebSite","@id":"https:\/\/selleetools.com\/#website","url":"https:\/\/selleetools.com\/","name":"Selleetools.com","description":"","publisher":{"@id":"https:\/\/selleetools.com\/#organization"},"potentialAction":[{"@type":"SearchAction","target":{"@type":"EntryPoint","urlTemplate":"https:\/\/selleetools.com\/?s={search_term_string}"},"query-input":"required name=search_term_string"}],"inLanguage":"pl-PL"},{"@type":"WebPage","@id":"https:\/\/selleetools.com\/pl\/product\/tocobo-juicy-berry-plumping-lip-oil-01-chill-red-4-g-czerwony-odzywczy-olejek-do-ust\/","url":"https:\/\/selleetools.com\/pl\/product\/tocobo-juicy-berry-plumping-lip-oil-01-chill-red-4-g-czerwony-odzywczy-olejek-do-ust\/","name":"TOCOBO Juicy Berry Plumping Lip Oil 01 Chill Red 4 g - czerwony od\u017cywczy olejek do ust - Selleetools.com","isPartOf":{"@id":"https:\/\/selleetools.com\/#website"},"datePublished":"2025-10-24T12:25:48+00:00","dateModified":"2026-03-03T10:17:19+00:00","breadcrumb":{"@id":"https:\/\/selleetools.com\/pl\/product\/tocobo-juicy-berry-plumping-lip-oil-01-chill-red-4-g-czerwony-odzywczy-olejek-do-ust\/#breadcrumb"},"inLanguage":"pl-PL","potentialAction":[{"@type":"ReadAction","target":["https:\/\/selleetools.com\/pl\/product\/tocobo-juicy-berry-plumping-lip-oil-01-chill-red-4-g-czerwony-odzywczy-olejek-do-ust\/"]}]},{"@type":"BreadcrumbList","@id":"https:\/\/selleetools.com\/pl\/product\/tocobo-juicy-berry-plumping-lip-oil-01-chill-red-4-g-czerwony-odzywczy-olejek-do-ust\/#breadcrumb","itemListElement":[{"@type":"ListItem","position":1,"name":"Home","item":"https:\/\/selleetools.com\/pl\/"},{"@type":"ListItem","position":2,"name":"Katalog","item":"https:\/\/selleetools.com\/pl\/katalog\/"},{"@type":"ListItem","position":3,"name":"TOCOBO Juicy Berry Plumping Lip Oil 01 Chill Red 4 g &#8211; czerwony od\u017cywczy olejek do ust"}]}]}},"_links":{"self":[{"href":"https:\/\/admincentral.selleetools.com\/pl\/wp-json\/wp\/v2\/product\/608860"}],"collection":[{"href":"https:\/\/admincentral.selleetools.com\/pl\/wp-json\/wp\/v2\/product"}],"about":[{"href":"https:\/\/admincentral.selleetools.com\/pl\/wp-json\/wp\/v2\/types\/product"}],"replies":[{"embeddable":true,"href":"https:\/\/admincentral.selleetools.com\/pl\/wp-json\/wp\/v2\/comments?post=608860"}],"wp:featuredmedia":[{"embeddable":true,"href":"https:\/\/admincentral.selleetools.com\/pl\/wp-json\/wp\/v2\/media\/608858"}],"wp:attachment":[{"href":"https:\/\/admincentral.selleetools.com\/pl\/wp-json\/wp\/v2\/media?parent=608860"}],"curies":[{"name":"wp","href":"https:\/\/api.w.org\/{rel}","templated":true}]}}