{"id":608866,"date":"2025-10-24T14:25:54","date_gmt":"2025-10-24T12:25:54","guid":{"rendered":"https:\/\/selleetools.com\/?post_type=product&#038;p=608866"},"modified":"2026-03-03T11:13:00","modified_gmt":"2026-03-03T10:13:00","slug":"tocobo-juicy-berry-plumping-lip-oil-06-berry-candy-4-g-rozowy-odzywczy-olejek-do-ust","status":"publish","type":"product","link":"https:\/\/admincentral.selleetools.com\/pl\/product\/tocobo-juicy-berry-plumping-lip-oil-06-berry-candy-4-g-rozowy-odzywczy-olejek-do-ust\/","title":{"rendered":"TOCOBO Juicy Berry Plumping Lip Oil 06 Berry Candy 4 g &#8211; r\u00f3\u017cowy od\u017cywczy olejek do ust"},"content":{"rendered":"<p>TOCOBO Juicy Berry Plumping Lip Oil 06 Berry Candy to piel\u0119gnacyjny olejek do ust o lekkiej, olejkowo-\u017celowej konsystencji i apetycznym jagodowym zapachu. Dzi\u0119ki zawarto\u015bci naturalnych olej\u00f3w ro\u015blinnych intensywnie od\u017cywia, wyg\u0142adza i nawil\u017ca usta, nadaj\u0105c im soczysty po\u0142ysk i delikatny, r\u00f3\u017cowy kolor. Formu\u0142a zosta\u0142a wzbogacona o sk\u0142adniki delikatnie stymuluj\u0105ce mikrokr\u0105\u017cenie, kt\u00f3re nadaj\u0105 ustom pe\u0142niejszy i bardziej zmys\u0142owy wygl\u0105d.<\/p>\n<p>Korzy\u015bci ze stosowania:<br \/>\nintensywne nawil\u017cenie i wyg\u0142adzenie suchych, spierzchni\u0119tych ust<br \/>\nnaturalne podkre\u015blenie koloru ust z efektem l\u015bni\u0105cego wyko\u0144czenia<br \/>\ndelikatne dzia\u0142anie powi\u0119kszaj\u0105ce dzi\u0119ki sk\u0142adnikom aktywuj\u0105cym kr\u0105\u017cenie (menthoxypropanediol, vanillyl butyl ether)<br \/>\nlekka, nieklej\u0105ca si\u0119 formu\u0142a zapewniaj\u0105ca komfort przez ca\u0142y dzie\u0144<br \/>\nbogactwo naturalnych olej\u00f3w ro\u015blinnych (olej z oliwek, jojoba, arganowy, z nasion kamelii, z pestek moreli i inne) wspomagaj\u0105cych regeneracj\u0119 sk\u00f3ry<\/p>\n<p>Spos\u00f3b u\u017cycia:<br \/>\nAplikuj olejek bezpo\u015brednio na czyste usta za pomoc\u0105 aplikatora. Mo\u017cesz stosowa\u0107 samodzielnie jako produkt piel\u0119gnacyjny lub na pomadk\u0119, aby uzyska\u0107 efekt po\u0142ysku i dodatkowego nawil\u017cenia. Stosuj w ci\u0105gu dnia w razie potrzeby.<\/p>\n","protected":false},"excerpt":{"rendered":"<p>TOCOBO Juicy Berry Plumping Lip Oil 06 Berry Candy to piel\u0119gnacyjny olejek do ust o lekkiej, olejkowo-\u017celowej konsystencji i apetycznym jagodowym zapachu. Dzi\u0119ki zawarto\u015bci naturalnych olej\u00f3w ro\u015blinnych intensywnie od\u017cywia, wyg\u0142adza i nawil\u017ca usta, nadaj\u0105c im soczysty po\u0142ysk i delikatny, r\u00f3\u017cowy kolor. Formu\u0142a zosta\u0142a wzbogacona o sk\u0142adniki delikatnie stymuluj\u0105ce mikrokr\u0105\u017cenie, kt\u00f3re nadaj\u0105 ustom pe\u0142niejszy i bardziej &#8230; <a title=\"TOCOBO Juicy Berry Plumping Lip Oil 06 Berry Candy 4 g &#8211; r\u00f3\u017cowy od\u017cywczy olejek do ust\" class=\"read-more\" href=\"https:\/\/admincentral.selleetools.com\/pl\/product\/tocobo-juicy-berry-plumping-lip-oil-06-berry-candy-4-g-rozowy-odzywczy-olejek-do-ust\/\">Read more<span class=\"screen-reader-text\">TOCOBO Juicy Berry Plumping Lip Oil 06 Berry Candy 4 g &#8211; r\u00f3\u017cowy od\u017cywczy olejek do ust<\/span><\/a><\/p>\n","protected":false},"featured_media":608864,"comment_status":"open","ping_status":"closed","template":"","meta":{"_links_to":"","_links_to_target":""},"yoast_head":"<!-- This site is optimized with the Yoast SEO plugin v19.4 - https:\/\/yoast.com\/wordpress\/plugins\/seo\/ -->\n<title>TOCOBO Juicy Berry Plumping Lip Oil 06 Berry Candy 4 g - r\u00f3\u017cowy od\u017cywczy olejek do ust - Selleetools.com<\/title>\n<meta name=\"robots\" content=\"index, follow, max-snippet:-1, max-image-preview:large, max-video-preview:-1\" \/>\n<link rel=\"canonical\" href=\"https:\/\/admincentral.selleetools.com\/pl\/product\/tocobo-juicy-berry-plumping-lip-oil-06-berry-candy-4-g-rozowy-odzywczy-olejek-do-ust\/\" \/>\n<meta property=\"og:locale\" content=\"pl_PL\" \/>\n<meta property=\"og:type\" content=\"article\" \/>\n<meta property=\"og:title\" content=\"TOCOBO Juicy Berry Plumping Lip Oil 06 Berry Candy 4 g - r\u00f3\u017cowy od\u017cywczy olejek do ust - Selleetools.com\" \/>\n<meta property=\"og:description\" content=\"TOCOBO Juicy Berry Plumping Lip Oil 06 Berry Candy to piel\u0119gnacyjny olejek do ust o lekkiej, olejkowo-\u017celowej konsystencji i apetycznym jagodowym zapachu. Dzi\u0119ki zawarto\u015bci naturalnych olej\u00f3w ro\u015blinnych intensywnie od\u017cywia, wyg\u0142adza i nawil\u017ca usta, nadaj\u0105c im soczysty po\u0142ysk i delikatny, r\u00f3\u017cowy kolor. Formu\u0142a zosta\u0142a wzbogacona o sk\u0142adniki delikatnie stymuluj\u0105ce mikrokr\u0105\u017cenie, kt\u00f3re nadaj\u0105 ustom pe\u0142niejszy i bardziej ... Read moreTOCOBO Juicy Berry Plumping Lip Oil 06 Berry Candy 4 g &#8211; r\u00f3\u017cowy od\u017cywczy olejek do ust\" \/>\n<meta property=\"og:url\" content=\"https:\/\/admincentral.selleetools.com\/pl\/product\/tocobo-juicy-berry-plumping-lip-oil-06-berry-candy-4-g-rozowy-odzywczy-olejek-do-ust\/\" \/>\n<meta property=\"og:site_name\" content=\"Selleetools.com\" \/>\n<meta property=\"article:modified_time\" content=\"2026-03-03T10:13:00+00:00\" \/>\n<meta property=\"og:image\" content=\"https:\/\/selleetools.com\/wp-content\/uploads\/2025\/10\/80ca5cc5525865f2b067699bec7551df.png\" \/>\n\t<meta property=\"og:image:width\" content=\"1080\" \/>\n\t<meta property=\"og:image:height\" content=\"1080\" \/>\n\t<meta property=\"og:image:type\" content=\"image\/png\" \/>\n<meta name=\"twitter:card\" content=\"summary_large_image\" \/>\n<meta name=\"twitter:label1\" content=\"Est. reading time\" \/>\n\t<meta name=\"twitter:data1\" content=\"1 minuta\" \/>\n<!-- \/ Yoast SEO plugin. -->","yoast_head_json":{"title":"TOCOBO Juicy Berry Plumping Lip Oil 06 Berry Candy 4 g - r\u00f3\u017cowy od\u017cywczy olejek do ust - Selleetools.com","robots":{"index":"index","follow":"follow","max-snippet":"max-snippet:-1","max-image-preview":"max-image-preview:large","max-video-preview":"max-video-preview:-1"},"canonical":"https:\/\/admincentral.selleetools.com\/pl\/product\/tocobo-juicy-berry-plumping-lip-oil-06-berry-candy-4-g-rozowy-odzywczy-olejek-do-ust\/","og_locale":"pl_PL","og_type":"article","og_title":"TOCOBO Juicy Berry Plumping Lip Oil 06 Berry Candy 4 g - r\u00f3\u017cowy od\u017cywczy olejek do ust - Selleetools.com","og_description":"TOCOBO Juicy Berry Plumping Lip Oil 06 Berry Candy to piel\u0119gnacyjny olejek do ust o lekkiej, olejkowo-\u017celowej konsystencji i apetycznym jagodowym zapachu. Dzi\u0119ki zawarto\u015bci naturalnych olej\u00f3w ro\u015blinnych intensywnie od\u017cywia, wyg\u0142adza i nawil\u017ca usta, nadaj\u0105c im soczysty po\u0142ysk i delikatny, r\u00f3\u017cowy kolor. Formu\u0142a zosta\u0142a wzbogacona o sk\u0142adniki delikatnie stymuluj\u0105ce mikrokr\u0105\u017cenie, kt\u00f3re nadaj\u0105 ustom pe\u0142niejszy i bardziej ... Read moreTOCOBO Juicy Berry Plumping Lip Oil 06 Berry Candy 4 g &#8211; r\u00f3\u017cowy od\u017cywczy olejek do ust","og_url":"https:\/\/admincentral.selleetools.com\/pl\/product\/tocobo-juicy-berry-plumping-lip-oil-06-berry-candy-4-g-rozowy-odzywczy-olejek-do-ust\/","og_site_name":"Selleetools.com","article_modified_time":"2026-03-03T10:13:00+00:00","og_image":[{"width":1080,"height":1080,"url":"https:\/\/selleetools.com\/wp-content\/uploads\/2025\/10\/80ca5cc5525865f2b067699bec7551df.png","type":"image\/png"}],"twitter_card":"summary_large_image","twitter_misc":{"Est. reading time":"1 minuta"},"schema":{"@context":"https:\/\/schema.org","@graph":[{"@type":"Organization","@id":"https:\/\/selleetools.com\/#organization","name":"Selleetools","url":"https:\/\/selleetools.com\/","sameAs":[],"logo":{"@type":"ImageObject","inLanguage":"pl-PL","@id":"https:\/\/selleetools.com\/#\/schema\/logo\/image\/","url":"https:\/\/selleetools.com\/wp-content\/uploads\/2021\/10\/logo-dark.png","contentUrl":"https:\/\/selleetools.com\/wp-content\/uploads\/2021\/10\/logo-dark.png","width":320,"height":76,"caption":"Selleetools"},"image":{"@id":"https:\/\/selleetools.com\/#\/schema\/logo\/image\/"}},{"@type":"WebSite","@id":"https:\/\/selleetools.com\/#website","url":"https:\/\/selleetools.com\/","name":"Selleetools.com","description":"","publisher":{"@id":"https:\/\/selleetools.com\/#organization"},"potentialAction":[{"@type":"SearchAction","target":{"@type":"EntryPoint","urlTemplate":"https:\/\/selleetools.com\/?s={search_term_string}"},"query-input":"required name=search_term_string"}],"inLanguage":"pl-PL"},{"@type":"WebPage","@id":"https:\/\/admincentral.selleetools.com\/pl\/product\/tocobo-juicy-berry-plumping-lip-oil-06-berry-candy-4-g-rozowy-odzywczy-olejek-do-ust\/","url":"https:\/\/admincentral.selleetools.com\/pl\/product\/tocobo-juicy-berry-plumping-lip-oil-06-berry-candy-4-g-rozowy-odzywczy-olejek-do-ust\/","name":"TOCOBO Juicy Berry Plumping Lip Oil 06 Berry Candy 4 g - r\u00f3\u017cowy od\u017cywczy olejek do ust - Selleetools.com","isPartOf":{"@id":"https:\/\/selleetools.com\/#website"},"datePublished":"2025-10-24T12:25:54+00:00","dateModified":"2026-03-03T10:13:00+00:00","breadcrumb":{"@id":"https:\/\/admincentral.selleetools.com\/pl\/product\/tocobo-juicy-berry-plumping-lip-oil-06-berry-candy-4-g-rozowy-odzywczy-olejek-do-ust\/#breadcrumb"},"inLanguage":"pl-PL","potentialAction":[{"@type":"ReadAction","target":["https:\/\/admincentral.selleetools.com\/pl\/product\/tocobo-juicy-berry-plumping-lip-oil-06-berry-candy-4-g-rozowy-odzywczy-olejek-do-ust\/"]}]},{"@type":"BreadcrumbList","@id":"https:\/\/admincentral.selleetools.com\/pl\/product\/tocobo-juicy-berry-plumping-lip-oil-06-berry-candy-4-g-rozowy-odzywczy-olejek-do-ust\/#breadcrumb","itemListElement":[{"@type":"ListItem","position":1,"name":"Home","item":"https:\/\/selleetools.com\/pl\/"},{"@type":"ListItem","position":2,"name":"Katalog","item":"https:\/\/selleetools.com\/pl\/katalog\/"},{"@type":"ListItem","position":3,"name":"TOCOBO Juicy Berry Plumping Lip Oil 06 Berry Candy 4 g &#8211; r\u00f3\u017cowy od\u017cywczy olejek do ust"}]}]}},"_links":{"self":[{"href":"https:\/\/admincentral.selleetools.com\/pl\/wp-json\/wp\/v2\/product\/608866"}],"collection":[{"href":"https:\/\/admincentral.selleetools.com\/pl\/wp-json\/wp\/v2\/product"}],"about":[{"href":"https:\/\/admincentral.selleetools.com\/pl\/wp-json\/wp\/v2\/types\/product"}],"replies":[{"embeddable":true,"href":"https:\/\/admincentral.selleetools.com\/pl\/wp-json\/wp\/v2\/comments?post=608866"}],"wp:featuredmedia":[{"embeddable":true,"href":"https:\/\/admincentral.selleetools.com\/pl\/wp-json\/wp\/v2\/media\/608864"}],"wp:attachment":[{"href":"https:\/\/admincentral.selleetools.com\/pl\/wp-json\/wp\/v2\/media?parent=608866"}],"curies":[{"name":"wp","href":"https:\/\/api.w.org\/{rel}","templated":true}]}}