{"id":608869,"date":"2025-10-24T14:25:56","date_gmt":"2025-10-24T12:25:56","guid":{"rendered":"https:\/\/selleetools.com\/?post_type=product&#038;p=608869"},"modified":"2026-03-03T11:17:17","modified_gmt":"2026-03-03T10:17:17","slug":"tocobo-juicy-berry-plumping-lip-oil-05-rosy-girl-4-g-rozowy-odzywczy-olejek-do-ust","status":"publish","type":"product","link":"https:\/\/admincentral.selleetools.com\/pl\/product\/tocobo-juicy-berry-plumping-lip-oil-05-rosy-girl-4-g-rozowy-odzywczy-olejek-do-ust\/","title":{"rendered":"TOCOBO Juicy Berry Plumping Lip Oil 05 Rosy Girl 4 g &#8211; r\u00f3\u017cowy od\u017cywczy olejek do ust"},"content":{"rendered":"<p>TOCOBO Juicy Berry Plumping Lip Oil 05 Rosy Girl to piel\u0119gnacyjny olejek do ust o subtelnym, r\u00f3\u017cowym odcieniu, kt\u00f3ry \u0142\u0105czy w\u0142a\u015bciwo\u015bci nawil\u017caj\u0105ce, wyg\u0142adzaj\u0105ce i nadaj\u0105ce obj\u0119to\u015bci. Lekka formu\u0142a oparta na naturalnych olejach ro\u015blinnych tworzy komfortow\u0105 warstw\u0119 ochronn\u0105, chroni\u0105c usta przed wysuszeniem i podkre\u015blaj\u0105c ich naturalne pi\u0119kno. Transparentny kolor z r\u00f3\u017cow\u0105 tonacj\u0105 delikatnie roz\u015bwietla wargi, zapewniaj\u0105c efekt zdrowych, pe\u0142niejszych ust.<\/p>\n<p>Korzy\u015bci ze stosowania:<br \/>\nNawil\u017cenie i wyg\u0142adzenie suchych, spierzchni\u0119tych ust<br \/>\nEfekt optycznego powi\u0119kszenia i uj\u0119drnienia dzi\u0119ki sk\u0142adnikom o dzia\u0142aniu lekko ch\u0142odz\u0105cym i pobudzaj\u0105cym mikrokr\u0105\u017cenie<br \/>\nOchrona przed czynnikami zewn\u0119trznymi i utrat\u0105 wilgoci<br \/>\nLekki po\u0142ysk i subtelny kolor idealny do codziennego stosowania solo lub jako wyko\u0144czenie makija\u017cu ust<\/p>\n<p>Spos\u00f3b u\u017cycia:<br \/>\nNa\u0142\u00f3\u017c olejek bezpo\u015brednio na usta za pomoc\u0105 aplikatora. Mo\u017ce by\u0107 stosowany samodzielnie lub jako warstwa nab\u0142yszczaj\u0105ca na pomadk\u0119. W razie potrzeby aplikacj\u0119 mo\u017cna powtarza\u0107 w ci\u0105gu dnia.<\/p>\n","protected":false},"excerpt":{"rendered":"<p>TOCOBO Juicy Berry Plumping Lip Oil 05 Rosy Girl to piel\u0119gnacyjny olejek do ust o subtelnym, r\u00f3\u017cowym odcieniu, kt\u00f3ry \u0142\u0105czy w\u0142a\u015bciwo\u015bci nawil\u017caj\u0105ce, wyg\u0142adzaj\u0105ce i nadaj\u0105ce obj\u0119to\u015bci. Lekka formu\u0142a oparta na naturalnych olejach ro\u015blinnych tworzy komfortow\u0105 warstw\u0119 ochronn\u0105, chroni\u0105c usta przed wysuszeniem i podkre\u015blaj\u0105c ich naturalne pi\u0119kno. Transparentny kolor z r\u00f3\u017cow\u0105 tonacj\u0105 delikatnie roz\u015bwietla wargi, zapewniaj\u0105c &#8230; <a title=\"TOCOBO Juicy Berry Plumping Lip Oil 05 Rosy Girl 4 g &#8211; r\u00f3\u017cowy od\u017cywczy olejek do ust\" class=\"read-more\" href=\"https:\/\/admincentral.selleetools.com\/pl\/product\/tocobo-juicy-berry-plumping-lip-oil-05-rosy-girl-4-g-rozowy-odzywczy-olejek-do-ust\/\">Read more<span class=\"screen-reader-text\">TOCOBO Juicy Berry Plumping Lip Oil 05 Rosy Girl 4 g &#8211; r\u00f3\u017cowy od\u017cywczy olejek do ust<\/span><\/a><\/p>\n","protected":false},"featured_media":608867,"comment_status":"open","ping_status":"closed","template":"","meta":{"_links_to":"","_links_to_target":""},"yoast_head":"<!-- This site is optimized with the Yoast SEO plugin v19.4 - https:\/\/yoast.com\/wordpress\/plugins\/seo\/ -->\n<title>TOCOBO Juicy Berry Plumping Lip Oil 05 Rosy Girl 4 g - r\u00f3\u017cowy od\u017cywczy olejek do ust - Selleetools.com<\/title>\n<meta name=\"robots\" content=\"index, follow, max-snippet:-1, max-image-preview:large, max-video-preview:-1\" \/>\n<link rel=\"canonical\" href=\"https:\/\/selleetools.com\/pl\/product\/tocobo-juicy-berry-plumping-lip-oil-05-rosy-girl-4-g-rozowy-odzywczy-olejek-do-ust\/\" \/>\n<meta property=\"og:locale\" content=\"pl_PL\" \/>\n<meta property=\"og:type\" content=\"article\" \/>\n<meta property=\"og:title\" content=\"TOCOBO Juicy Berry Plumping Lip Oil 05 Rosy Girl 4 g - r\u00f3\u017cowy od\u017cywczy olejek do ust - Selleetools.com\" \/>\n<meta property=\"og:description\" content=\"TOCOBO Juicy Berry Plumping Lip Oil 05 Rosy Girl to piel\u0119gnacyjny olejek do ust o subtelnym, r\u00f3\u017cowym odcieniu, kt\u00f3ry \u0142\u0105czy w\u0142a\u015bciwo\u015bci nawil\u017caj\u0105ce, wyg\u0142adzaj\u0105ce i nadaj\u0105ce obj\u0119to\u015bci. Lekka formu\u0142a oparta na naturalnych olejach ro\u015blinnych tworzy komfortow\u0105 warstw\u0119 ochronn\u0105, chroni\u0105c usta przed wysuszeniem i podkre\u015blaj\u0105c ich naturalne pi\u0119kno. Transparentny kolor z r\u00f3\u017cow\u0105 tonacj\u0105 delikatnie roz\u015bwietla wargi, zapewniaj\u0105c ... Read moreTOCOBO Juicy Berry Plumping Lip Oil 05 Rosy Girl 4 g &#8211; r\u00f3\u017cowy od\u017cywczy olejek do ust\" \/>\n<meta property=\"og:url\" content=\"https:\/\/selleetools.com\/pl\/product\/tocobo-juicy-berry-plumping-lip-oil-05-rosy-girl-4-g-rozowy-odzywczy-olejek-do-ust\/\" \/>\n<meta property=\"og:site_name\" content=\"Selleetools.com\" \/>\n<meta property=\"article:modified_time\" content=\"2026-03-03T10:17:17+00:00\" \/>\n<meta property=\"og:image\" content=\"https:\/\/selleetools.com\/wp-content\/uploads\/2025\/10\/5fde281739e740fec9bf177b9254500b.png\" \/>\n\t<meta property=\"og:image:width\" content=\"1080\" \/>\n\t<meta property=\"og:image:height\" content=\"1080\" \/>\n\t<meta property=\"og:image:type\" content=\"image\/png\" \/>\n<meta name=\"twitter:card\" content=\"summary_large_image\" \/>\n<meta name=\"twitter:label1\" content=\"Est. reading time\" \/>\n\t<meta name=\"twitter:data1\" content=\"1 minuta\" \/>\n<!-- \/ Yoast SEO plugin. -->","yoast_head_json":{"title":"TOCOBO Juicy Berry Plumping Lip Oil 05 Rosy Girl 4 g - r\u00f3\u017cowy od\u017cywczy olejek do ust - Selleetools.com","robots":{"index":"index","follow":"follow","max-snippet":"max-snippet:-1","max-image-preview":"max-image-preview:large","max-video-preview":"max-video-preview:-1"},"canonical":"https:\/\/selleetools.com\/pl\/product\/tocobo-juicy-berry-plumping-lip-oil-05-rosy-girl-4-g-rozowy-odzywczy-olejek-do-ust\/","og_locale":"pl_PL","og_type":"article","og_title":"TOCOBO Juicy Berry Plumping Lip Oil 05 Rosy Girl 4 g - r\u00f3\u017cowy od\u017cywczy olejek do ust - Selleetools.com","og_description":"TOCOBO Juicy Berry Plumping Lip Oil 05 Rosy Girl to piel\u0119gnacyjny olejek do ust o subtelnym, r\u00f3\u017cowym odcieniu, kt\u00f3ry \u0142\u0105czy w\u0142a\u015bciwo\u015bci nawil\u017caj\u0105ce, wyg\u0142adzaj\u0105ce i nadaj\u0105ce obj\u0119to\u015bci. Lekka formu\u0142a oparta na naturalnych olejach ro\u015blinnych tworzy komfortow\u0105 warstw\u0119 ochronn\u0105, chroni\u0105c usta przed wysuszeniem i podkre\u015blaj\u0105c ich naturalne pi\u0119kno. Transparentny kolor z r\u00f3\u017cow\u0105 tonacj\u0105 delikatnie roz\u015bwietla wargi, zapewniaj\u0105c ... Read moreTOCOBO Juicy Berry Plumping Lip Oil 05 Rosy Girl 4 g &#8211; r\u00f3\u017cowy od\u017cywczy olejek do ust","og_url":"https:\/\/selleetools.com\/pl\/product\/tocobo-juicy-berry-plumping-lip-oil-05-rosy-girl-4-g-rozowy-odzywczy-olejek-do-ust\/","og_site_name":"Selleetools.com","article_modified_time":"2026-03-03T10:17:17+00:00","og_image":[{"width":1080,"height":1080,"url":"https:\/\/selleetools.com\/wp-content\/uploads\/2025\/10\/5fde281739e740fec9bf177b9254500b.png","type":"image\/png"}],"twitter_card":"summary_large_image","twitter_misc":{"Est. reading time":"1 minuta"},"schema":{"@context":"https:\/\/schema.org","@graph":[{"@type":"Organization","@id":"https:\/\/selleetools.com\/#organization","name":"Selleetools","url":"https:\/\/selleetools.com\/","sameAs":[],"logo":{"@type":"ImageObject","inLanguage":"pl-PL","@id":"https:\/\/selleetools.com\/#\/schema\/logo\/image\/","url":"https:\/\/selleetools.com\/wp-content\/uploads\/2021\/10\/logo-dark.png","contentUrl":"https:\/\/selleetools.com\/wp-content\/uploads\/2021\/10\/logo-dark.png","width":320,"height":76,"caption":"Selleetools"},"image":{"@id":"https:\/\/selleetools.com\/#\/schema\/logo\/image\/"}},{"@type":"WebSite","@id":"https:\/\/selleetools.com\/#website","url":"https:\/\/selleetools.com\/","name":"Selleetools.com","description":"","publisher":{"@id":"https:\/\/selleetools.com\/#organization"},"potentialAction":[{"@type":"SearchAction","target":{"@type":"EntryPoint","urlTemplate":"https:\/\/selleetools.com\/?s={search_term_string}"},"query-input":"required name=search_term_string"}],"inLanguage":"pl-PL"},{"@type":"WebPage","@id":"https:\/\/selleetools.com\/pl\/product\/tocobo-juicy-berry-plumping-lip-oil-05-rosy-girl-4-g-rozowy-odzywczy-olejek-do-ust\/","url":"https:\/\/selleetools.com\/pl\/product\/tocobo-juicy-berry-plumping-lip-oil-05-rosy-girl-4-g-rozowy-odzywczy-olejek-do-ust\/","name":"TOCOBO Juicy Berry Plumping Lip Oil 05 Rosy Girl 4 g - r\u00f3\u017cowy od\u017cywczy olejek do ust - Selleetools.com","isPartOf":{"@id":"https:\/\/selleetools.com\/#website"},"datePublished":"2025-10-24T12:25:56+00:00","dateModified":"2026-03-03T10:17:17+00:00","breadcrumb":{"@id":"https:\/\/selleetools.com\/pl\/product\/tocobo-juicy-berry-plumping-lip-oil-05-rosy-girl-4-g-rozowy-odzywczy-olejek-do-ust\/#breadcrumb"},"inLanguage":"pl-PL","potentialAction":[{"@type":"ReadAction","target":["https:\/\/selleetools.com\/pl\/product\/tocobo-juicy-berry-plumping-lip-oil-05-rosy-girl-4-g-rozowy-odzywczy-olejek-do-ust\/"]}]},{"@type":"BreadcrumbList","@id":"https:\/\/selleetools.com\/pl\/product\/tocobo-juicy-berry-plumping-lip-oil-05-rosy-girl-4-g-rozowy-odzywczy-olejek-do-ust\/#breadcrumb","itemListElement":[{"@type":"ListItem","position":1,"name":"Home","item":"https:\/\/selleetools.com\/pl\/"},{"@type":"ListItem","position":2,"name":"Katalog","item":"https:\/\/selleetools.com\/pl\/katalog\/"},{"@type":"ListItem","position":3,"name":"TOCOBO Juicy Berry Plumping Lip Oil 05 Rosy Girl 4 g &#8211; r\u00f3\u017cowy od\u017cywczy olejek do ust"}]}]}},"_links":{"self":[{"href":"https:\/\/admincentral.selleetools.com\/pl\/wp-json\/wp\/v2\/product\/608869"}],"collection":[{"href":"https:\/\/admincentral.selleetools.com\/pl\/wp-json\/wp\/v2\/product"}],"about":[{"href":"https:\/\/admincentral.selleetools.com\/pl\/wp-json\/wp\/v2\/types\/product"}],"replies":[{"embeddable":true,"href":"https:\/\/admincentral.selleetools.com\/pl\/wp-json\/wp\/v2\/comments?post=608869"}],"wp:featuredmedia":[{"embeddable":true,"href":"https:\/\/admincentral.selleetools.com\/pl\/wp-json\/wp\/v2\/media\/608867"}],"wp:attachment":[{"href":"https:\/\/admincentral.selleetools.com\/pl\/wp-json\/wp\/v2\/media?parent=608869"}],"curies":[{"name":"wp","href":"https:\/\/api.w.org\/{rel}","templated":true}]}}