{"id":608910,"date":"2025-10-24T14:26:33","date_gmt":"2025-10-24T12:26:33","guid":{"rendered":"https:\/\/selleetools.com\/?post_type=product&#038;p=608910"},"modified":"2025-11-04T21:32:31","modified_gmt":"2025-11-04T20:32:31","slug":"fwee-lipcheek-blurry-pudding-pot-cr02-boy-5-g-2w1-pomadka-i-roz-do-policzkow","status":"publish","type":"product","link":"https:\/\/admincentral.selleetools.com\/pl\/product\/fwee-lipcheek-blurry-pudding-pot-cr02-boy-5-g-2w1-pomadka-i-roz-do-policzkow\/","title":{"rendered":"FWEE Lip&#038;Cheek Blurry Pudding Pot CR02 Boy 5 g &#8211; 2w1 pomadka i r\u00f3\u017c do policzk\u00f3w"},"content":{"rendered":"<p>FWEE Lip&#038;Cheek Blurry Pudding Pot CR02 Boy to wielofunkcyjny kosmetyk do makija\u017cu ust i policzk\u00f3w o aksamitnej, \u201ebudyniowej\u201d konsystencji. Formu\u0142a 2w1 pozwala na stworzenie harmonijnego looku, dopasowanego kolorem zar\u00f3wno na wargach, jak i na policzkach. Odcie\u0144 CR02 Boy to subtelny, lekko ch\u0142odny r\u00f3\u017c, kt\u00f3ry pi\u0119knie o\u017cywia cer\u0119 i dodaje jej \u015bwie\u017co\u015bci. Produkt zamkni\u0119ty jest w kompaktowym s\u0142oiczku, idealnym do szybkich poprawek w ci\u0105gu dnia.<\/p>\n<p>Korzy\u015bci ze stosowania:<br \/>\nWielozadaniowo\u015b\u0107: jedno opakowanie, dwa zastosowania \u2013 jako pomadka i r\u00f3\u017c.<br \/>\nNaturalny efekt blur: wyg\u0142adza optycznie powierzchni\u0119 sk\u00f3ry, bez widocznych granic.<br \/>\nLekka, komfortowa formu\u0142a: nie obci\u0105\u017ca sk\u00f3ry ani ust, pozwala sk\u00f3rze oddycha\u0107.<br \/>\nOd\u017cywienie i piel\u0119gnacja: dzi\u0119ki zawarto\u015bci mas\u0142a kakaowego i ekstraktu z agawy wspomaga nawil\u017cenie.<br \/>\n\u0141atwo\u015b\u0107 aplikacji: kremowa konsystencja u\u0142atwia nak\u0142adanie palcami lub g\u0105beczk\u0105, bez smug.<br \/>\nTrwa\u0142o\u015b\u0107: formu\u0142a d\u0142ugo utrzymuje si\u0119 na sk\u00f3rze bez konieczno\u015bci cz\u0119stych poprawek.<\/p>\n<p>Spos\u00f3b u\u017cycia:<br \/>\nNa policzki: Nanie\u015b niewielk\u0105 ilo\u015b\u0107 produktu palcami lub p\u0119dzlem na szczyty ko\u015bci policzkowych i delikatnie rozetrzyj w kierunku skroni.<br \/>\nNa usta: Na\u0142\u00f3\u017c opuszk\u0105 palca lub p\u0119dzelkiem, zaczynaj\u0105c od \u015brodka ust i rozcieraj\u0105c ku kraw\u0119dziom dla efektu gradientu lub pe\u0142nego krycia.<\/p>\n","protected":false},"excerpt":{"rendered":"<p>FWEE Lip&#038;Cheek Blurry Pudding Pot CR02 Boy to wielofunkcyjny kosmetyk do makija\u017cu ust i policzk\u00f3w o aksamitnej, \u201ebudyniowej\u201d konsystencji. Formu\u0142a 2w1 pozwala na stworzenie harmonijnego looku, dopasowanego kolorem zar\u00f3wno na wargach, jak i na policzkach. Odcie\u0144 CR02 Boy to subtelny, lekko ch\u0142odny r\u00f3\u017c, kt\u00f3ry pi\u0119knie o\u017cywia cer\u0119 i dodaje jej \u015bwie\u017co\u015bci. Produkt zamkni\u0119ty jest w &#8230; <a title=\"FWEE Lip&#038;Cheek Blurry Pudding Pot CR02 Boy 5 g &#8211; 2w1 pomadka i r\u00f3\u017c do policzk\u00f3w\" class=\"read-more\" href=\"https:\/\/admincentral.selleetools.com\/pl\/product\/fwee-lipcheek-blurry-pudding-pot-cr02-boy-5-g-2w1-pomadka-i-roz-do-policzkow\/\">Read more<span class=\"screen-reader-text\">FWEE Lip&#038;Cheek Blurry Pudding Pot CR02 Boy 5 g &#8211; 2w1 pomadka i r\u00f3\u017c do policzk\u00f3w<\/span><\/a><\/p>\n","protected":false},"featured_media":608908,"comment_status":"open","ping_status":"closed","template":"","meta":{"_links_to":"","_links_to_target":""},"yoast_head":"<!-- This site is optimized with the Yoast SEO plugin v19.4 - https:\/\/yoast.com\/wordpress\/plugins\/seo\/ -->\n<title>FWEE Lip&amp;Cheek Blurry Pudding Pot CR02 Boy 5 g - 2w1 pomadka i r\u00f3\u017c do policzk\u00f3w - Selleetools.com<\/title>\n<meta name=\"robots\" content=\"index, follow, max-snippet:-1, max-image-preview:large, max-video-preview:-1\" \/>\n<link rel=\"canonical\" href=\"https:\/\/admincentral.selleetools.com\/pl\/product\/fwee-lipcheek-blurry-pudding-pot-cr02-boy-5-g-2w1-pomadka-i-roz-do-policzkow\/\" \/>\n<meta property=\"og:locale\" content=\"pl_PL\" \/>\n<meta property=\"og:type\" content=\"article\" \/>\n<meta property=\"og:title\" content=\"FWEE Lip&amp;Cheek Blurry Pudding Pot CR02 Boy 5 g - 2w1 pomadka i r\u00f3\u017c do policzk\u00f3w - Selleetools.com\" \/>\n<meta property=\"og:description\" content=\"FWEE Lip&#038;Cheek Blurry Pudding Pot CR02 Boy to wielofunkcyjny kosmetyk do makija\u017cu ust i policzk\u00f3w o aksamitnej, \u201ebudyniowej\u201d konsystencji. Formu\u0142a 2w1 pozwala na stworzenie harmonijnego looku, dopasowanego kolorem zar\u00f3wno na wargach, jak i na policzkach. Odcie\u0144 CR02 Boy to subtelny, lekko ch\u0142odny r\u00f3\u017c, kt\u00f3ry pi\u0119knie o\u017cywia cer\u0119 i dodaje jej \u015bwie\u017co\u015bci. Produkt zamkni\u0119ty jest w ... Read moreFWEE Lip&#038;Cheek Blurry Pudding Pot CR02 Boy 5 g &#8211; 2w1 pomadka i r\u00f3\u017c do policzk\u00f3w\" \/>\n<meta property=\"og:url\" content=\"https:\/\/admincentral.selleetools.com\/pl\/product\/fwee-lipcheek-blurry-pudding-pot-cr02-boy-5-g-2w1-pomadka-i-roz-do-policzkow\/\" \/>\n<meta property=\"og:site_name\" content=\"Selleetools.com\" \/>\n<meta property=\"article:modified_time\" content=\"2025-11-04T20:32:31+00:00\" \/>\n<meta property=\"og:image\" content=\"https:\/\/selleetools.com\/wp-content\/uploads\/2025\/10\/e110b3c9a140fe8222e24a9e03aab0e3.png\" \/>\n\t<meta property=\"og:image:width\" content=\"1080\" \/>\n\t<meta property=\"og:image:height\" content=\"1080\" \/>\n\t<meta property=\"og:image:type\" content=\"image\/png\" \/>\n<meta name=\"twitter:card\" content=\"summary_large_image\" \/>\n<meta name=\"twitter:label1\" content=\"Est. reading time\" \/>\n\t<meta name=\"twitter:data1\" content=\"1 minuta\" \/>\n<!-- \/ Yoast SEO plugin. -->","yoast_head_json":{"title":"FWEE Lip&Cheek Blurry Pudding Pot CR02 Boy 5 g - 2w1 pomadka i r\u00f3\u017c do policzk\u00f3w - Selleetools.com","robots":{"index":"index","follow":"follow","max-snippet":"max-snippet:-1","max-image-preview":"max-image-preview:large","max-video-preview":"max-video-preview:-1"},"canonical":"https:\/\/admincentral.selleetools.com\/pl\/product\/fwee-lipcheek-blurry-pudding-pot-cr02-boy-5-g-2w1-pomadka-i-roz-do-policzkow\/","og_locale":"pl_PL","og_type":"article","og_title":"FWEE Lip&Cheek Blurry Pudding Pot CR02 Boy 5 g - 2w1 pomadka i r\u00f3\u017c do policzk\u00f3w - Selleetools.com","og_description":"FWEE Lip&#038;Cheek Blurry Pudding Pot CR02 Boy to wielofunkcyjny kosmetyk do makija\u017cu ust i policzk\u00f3w o aksamitnej, \u201ebudyniowej\u201d konsystencji. Formu\u0142a 2w1 pozwala na stworzenie harmonijnego looku, dopasowanego kolorem zar\u00f3wno na wargach, jak i na policzkach. Odcie\u0144 CR02 Boy to subtelny, lekko ch\u0142odny r\u00f3\u017c, kt\u00f3ry pi\u0119knie o\u017cywia cer\u0119 i dodaje jej \u015bwie\u017co\u015bci. Produkt zamkni\u0119ty jest w ... Read moreFWEE Lip&#038;Cheek Blurry Pudding Pot CR02 Boy 5 g &#8211; 2w1 pomadka i r\u00f3\u017c do policzk\u00f3w","og_url":"https:\/\/admincentral.selleetools.com\/pl\/product\/fwee-lipcheek-blurry-pudding-pot-cr02-boy-5-g-2w1-pomadka-i-roz-do-policzkow\/","og_site_name":"Selleetools.com","article_modified_time":"2025-11-04T20:32:31+00:00","og_image":[{"width":1080,"height":1080,"url":"https:\/\/selleetools.com\/wp-content\/uploads\/2025\/10\/e110b3c9a140fe8222e24a9e03aab0e3.png","type":"image\/png"}],"twitter_card":"summary_large_image","twitter_misc":{"Est. reading time":"1 minuta"},"schema":{"@context":"https:\/\/schema.org","@graph":[{"@type":"Organization","@id":"https:\/\/selleetools.com\/#organization","name":"Selleetools","url":"https:\/\/selleetools.com\/","sameAs":[],"logo":{"@type":"ImageObject","inLanguage":"pl-PL","@id":"https:\/\/selleetools.com\/#\/schema\/logo\/image\/","url":"https:\/\/selleetools.com\/wp-content\/uploads\/2021\/10\/logo-dark.png","contentUrl":"https:\/\/selleetools.com\/wp-content\/uploads\/2021\/10\/logo-dark.png","width":320,"height":76,"caption":"Selleetools"},"image":{"@id":"https:\/\/selleetools.com\/#\/schema\/logo\/image\/"}},{"@type":"WebSite","@id":"https:\/\/selleetools.com\/#website","url":"https:\/\/selleetools.com\/","name":"Selleetools.com","description":"","publisher":{"@id":"https:\/\/selleetools.com\/#organization"},"potentialAction":[{"@type":"SearchAction","target":{"@type":"EntryPoint","urlTemplate":"https:\/\/selleetools.com\/?s={search_term_string}"},"query-input":"required name=search_term_string"}],"inLanguage":"pl-PL"},{"@type":"WebPage","@id":"https:\/\/admincentral.selleetools.com\/pl\/product\/fwee-lipcheek-blurry-pudding-pot-cr02-boy-5-g-2w1-pomadka-i-roz-do-policzkow\/","url":"https:\/\/admincentral.selleetools.com\/pl\/product\/fwee-lipcheek-blurry-pudding-pot-cr02-boy-5-g-2w1-pomadka-i-roz-do-policzkow\/","name":"FWEE Lip&Cheek Blurry Pudding Pot CR02 Boy 5 g - 2w1 pomadka i r\u00f3\u017c do policzk\u00f3w - Selleetools.com","isPartOf":{"@id":"https:\/\/selleetools.com\/#website"},"datePublished":"2025-10-24T12:26:33+00:00","dateModified":"2025-11-04T20:32:31+00:00","breadcrumb":{"@id":"https:\/\/admincentral.selleetools.com\/pl\/product\/fwee-lipcheek-blurry-pudding-pot-cr02-boy-5-g-2w1-pomadka-i-roz-do-policzkow\/#breadcrumb"},"inLanguage":"pl-PL","potentialAction":[{"@type":"ReadAction","target":["https:\/\/admincentral.selleetools.com\/pl\/product\/fwee-lipcheek-blurry-pudding-pot-cr02-boy-5-g-2w1-pomadka-i-roz-do-policzkow\/"]}]},{"@type":"BreadcrumbList","@id":"https:\/\/admincentral.selleetools.com\/pl\/product\/fwee-lipcheek-blurry-pudding-pot-cr02-boy-5-g-2w1-pomadka-i-roz-do-policzkow\/#breadcrumb","itemListElement":[{"@type":"ListItem","position":1,"name":"Home","item":"https:\/\/selleetools.com\/pl\/"},{"@type":"ListItem","position":2,"name":"Katalog","item":"https:\/\/selleetools.com\/pl\/katalog\/"},{"@type":"ListItem","position":3,"name":"FWEE Lip&#038;Cheek Blurry Pudding Pot CR02 Boy 5 g &#8211; 2w1 pomadka i r\u00f3\u017c do policzk\u00f3w"}]}]}},"_links":{"self":[{"href":"https:\/\/admincentral.selleetools.com\/pl\/wp-json\/wp\/v2\/product\/608910"}],"collection":[{"href":"https:\/\/admincentral.selleetools.com\/pl\/wp-json\/wp\/v2\/product"}],"about":[{"href":"https:\/\/admincentral.selleetools.com\/pl\/wp-json\/wp\/v2\/types\/product"}],"replies":[{"embeddable":true,"href":"https:\/\/admincentral.selleetools.com\/pl\/wp-json\/wp\/v2\/comments?post=608910"}],"wp:featuredmedia":[{"embeddable":true,"href":"https:\/\/admincentral.selleetools.com\/pl\/wp-json\/wp\/v2\/media\/608908"}],"wp:attachment":[{"href":"https:\/\/admincentral.selleetools.com\/pl\/wp-json\/wp\/v2\/media?parent=608910"}],"curies":[{"name":"wp","href":"https:\/\/api.w.org\/{rel}","templated":true}]}}