{"id":608940,"date":"2025-10-24T14:27:05","date_gmt":"2025-10-24T12:27:05","guid":{"rendered":"https:\/\/selleetools.com\/?post_type=product&#038;p=608940"},"modified":"2025-11-03T17:02:59","modified_gmt":"2025-11-03T16:02:59","slug":"fwee-cushion-egg-fit-cover-00-clear-13-g-podklad-cushion-bardzo-jasny-bez","status":"publish","type":"product","link":"https:\/\/admincentral.selleetools.com\/pl\/product\/fwee-cushion-egg-fit-cover-00-clear-13-g-podklad-cushion-bardzo-jasny-bez\/","title":{"rendered":"FWEE Cushion Egg-Fit Cover 00 Clear 13 g &#8211; podk\u0142ad cushion bardzo jasny be\u017c"},"content":{"rendered":"<p>FWEE Cushion Egg-Fit Cover 00 Clear to ultra-lekki podk\u0142ad typu cushion w odcieniu bardzo jasnego be\u017cu (00 Clear), przeznaczony dla os\u00f3b o bardzo jasnej karnacji. Dzi\u0119ki kremowo-pudrowej formule i kompaktowej formie, zapewnia naturalne, ale pe\u0142ne krycie niedoskona\u0142o\u015bci i zaczerwienie\u0144, bez efektu maski. Idealny do codziennego u\u017cytku \u2013 wyr\u00f3wnuje koloryt sk\u00f3ry, dodaje blasku i pozostawia aksamitne wyko\u0144czenie.<\/p>\n<p>Korzy\u015bci ze stosowania:<br \/>\nWysokie krycie bez obci\u0105\u017cania sk\u00f3ry \u2013 idealne dla cery wymagaj\u0105cej ujednolicenia.<br \/>\nD\u0142ugotrwa\u0142a formu\u0142a odporna na pot i sebum \u2013 idealna na ca\u0142y dzie\u0144.<br \/>\nSk\u0142adniki piel\u0119gnuj\u0105ce, takie jak niacynamid, ekstrakt z Centella Asiatica i kwas hialuronowy, wspieraj\u0105 nawil\u017cenie i regeneracj\u0119 sk\u00f3ry.<br \/>\nOchrona przeciws\u0142oneczna dzi\u0119ki obecno\u015bci filtr\u00f3w mineralnych i chemicznych (Titanium Dioxide, Zinc Oxide, Ethylhexyl Methoxycinnamate).<br \/>\nWielopoziomowe nawil\u017cenie zapewnione przez kompleks siedmiu form kwasu hialuronowego.<br \/>\nDzia\u0142anie \u0142agodz\u0105ce i antybakteryjne dzi\u0119ki ekstraktowi z li\u015bci drzewa herbacianego.<\/p>\n<p>Spos\u00f3b u\u017cycia:<br \/>\nPrzed aplikacj\u0105 oczy\u015b\u0107 i przygotuj sk\u00f3r\u0119 (np. tonikiem lub kremem).<br \/>\nZa pomoc\u0105 g\u0105beczki do\u0142\u0105czonej do opakowania delikatnie naci\u015bnij na poduszk\u0119 z podk\u0142adem.<br \/>\nRozprowad\u017a produkt na twarzy delikatnymi stempluj\u0105cymi ruchami, zaczynaj\u0105c od \u015brodka twarzy ku zewn\u0119trznym kraw\u0119dziom.<br \/>\nW razie potrzeby na\u0142\u00f3\u017c kolejn\u0105 warstw\u0119 na miejsca wymagaj\u0105ce dodatkowego krycia.<\/p>\n","protected":false},"excerpt":{"rendered":"<p>FWEE Cushion Egg-Fit Cover 00 Clear to ultra-lekki podk\u0142ad typu cushion w odcieniu bardzo jasnego be\u017cu (00 Clear), przeznaczony dla os\u00f3b o bardzo jasnej karnacji. Dzi\u0119ki kremowo-pudrowej formule i kompaktowej formie, zapewnia naturalne, ale pe\u0142ne krycie niedoskona\u0142o\u015bci i zaczerwienie\u0144, bez efektu maski. Idealny do codziennego u\u017cytku \u2013 wyr\u00f3wnuje koloryt sk\u00f3ry, dodaje blasku i pozostawia aksamitne &#8230; <a title=\"FWEE Cushion Egg-Fit Cover 00 Clear 13 g &#8211; podk\u0142ad cushion bardzo jasny be\u017c\" class=\"read-more\" href=\"https:\/\/admincentral.selleetools.com\/pl\/product\/fwee-cushion-egg-fit-cover-00-clear-13-g-podklad-cushion-bardzo-jasny-bez\/\">Read more<span class=\"screen-reader-text\">FWEE Cushion Egg-Fit Cover 00 Clear 13 g &#8211; podk\u0142ad cushion bardzo jasny be\u017c<\/span><\/a><\/p>\n","protected":false},"featured_media":608938,"comment_status":"open","ping_status":"closed","template":"","meta":{"_links_to":"","_links_to_target":""},"yoast_head":"<!-- This site is optimized with the Yoast SEO plugin v19.4 - https:\/\/yoast.com\/wordpress\/plugins\/seo\/ -->\n<title>FWEE Cushion Egg-Fit Cover 00 Clear 13 g - podk\u0142ad cushion bardzo jasny be\u017c - Selleetools.com<\/title>\n<meta name=\"robots\" content=\"index, follow, max-snippet:-1, max-image-preview:large, max-video-preview:-1\" \/>\n<link rel=\"canonical\" href=\"https:\/\/admincentral.selleetools.com\/pl\/product\/fwee-cushion-egg-fit-cover-00-clear-13-g-podklad-cushion-bardzo-jasny-bez\/\" \/>\n<meta property=\"og:locale\" content=\"pl_PL\" \/>\n<meta property=\"og:type\" content=\"article\" \/>\n<meta property=\"og:title\" content=\"FWEE Cushion Egg-Fit Cover 00 Clear 13 g - podk\u0142ad cushion bardzo jasny be\u017c - Selleetools.com\" \/>\n<meta property=\"og:description\" content=\"FWEE Cushion Egg-Fit Cover 00 Clear to ultra-lekki podk\u0142ad typu cushion w odcieniu bardzo jasnego be\u017cu (00 Clear), przeznaczony dla os\u00f3b o bardzo jasnej karnacji. Dzi\u0119ki kremowo-pudrowej formule i kompaktowej formie, zapewnia naturalne, ale pe\u0142ne krycie niedoskona\u0142o\u015bci i zaczerwienie\u0144, bez efektu maski. Idealny do codziennego u\u017cytku \u2013 wyr\u00f3wnuje koloryt sk\u00f3ry, dodaje blasku i pozostawia aksamitne ... Read moreFWEE Cushion Egg-Fit Cover 00 Clear 13 g &#8211; podk\u0142ad cushion bardzo jasny be\u017c\" \/>\n<meta property=\"og:url\" content=\"https:\/\/admincentral.selleetools.com\/pl\/product\/fwee-cushion-egg-fit-cover-00-clear-13-g-podklad-cushion-bardzo-jasny-bez\/\" \/>\n<meta property=\"og:site_name\" content=\"Selleetools.com\" \/>\n<meta property=\"article:modified_time\" content=\"2025-11-03T16:02:59+00:00\" \/>\n<meta property=\"og:image\" content=\"https:\/\/selleetools.com\/wp-content\/uploads\/2025\/10\/4d1f6db0a2b9bf0b26830de5e1af0635.png\" \/>\n\t<meta property=\"og:image:width\" content=\"1080\" \/>\n\t<meta property=\"og:image:height\" content=\"1080\" \/>\n\t<meta property=\"og:image:type\" content=\"image\/png\" \/>\n<meta name=\"twitter:card\" content=\"summary_large_image\" \/>\n<meta name=\"twitter:label1\" content=\"Est. reading time\" \/>\n\t<meta name=\"twitter:data1\" content=\"1 minuta\" \/>\n<!-- \/ Yoast SEO plugin. -->","yoast_head_json":{"title":"FWEE Cushion Egg-Fit Cover 00 Clear 13 g - podk\u0142ad cushion bardzo jasny be\u017c - Selleetools.com","robots":{"index":"index","follow":"follow","max-snippet":"max-snippet:-1","max-image-preview":"max-image-preview:large","max-video-preview":"max-video-preview:-1"},"canonical":"https:\/\/admincentral.selleetools.com\/pl\/product\/fwee-cushion-egg-fit-cover-00-clear-13-g-podklad-cushion-bardzo-jasny-bez\/","og_locale":"pl_PL","og_type":"article","og_title":"FWEE Cushion Egg-Fit Cover 00 Clear 13 g - podk\u0142ad cushion bardzo jasny be\u017c - Selleetools.com","og_description":"FWEE Cushion Egg-Fit Cover 00 Clear to ultra-lekki podk\u0142ad typu cushion w odcieniu bardzo jasnego be\u017cu (00 Clear), przeznaczony dla os\u00f3b o bardzo jasnej karnacji. Dzi\u0119ki kremowo-pudrowej formule i kompaktowej formie, zapewnia naturalne, ale pe\u0142ne krycie niedoskona\u0142o\u015bci i zaczerwienie\u0144, bez efektu maski. Idealny do codziennego u\u017cytku \u2013 wyr\u00f3wnuje koloryt sk\u00f3ry, dodaje blasku i pozostawia aksamitne ... Read moreFWEE Cushion Egg-Fit Cover 00 Clear 13 g &#8211; podk\u0142ad cushion bardzo jasny be\u017c","og_url":"https:\/\/admincentral.selleetools.com\/pl\/product\/fwee-cushion-egg-fit-cover-00-clear-13-g-podklad-cushion-bardzo-jasny-bez\/","og_site_name":"Selleetools.com","article_modified_time":"2025-11-03T16:02:59+00:00","og_image":[{"width":1080,"height":1080,"url":"https:\/\/selleetools.com\/wp-content\/uploads\/2025\/10\/4d1f6db0a2b9bf0b26830de5e1af0635.png","type":"image\/png"}],"twitter_card":"summary_large_image","twitter_misc":{"Est. reading time":"1 minuta"},"schema":{"@context":"https:\/\/schema.org","@graph":[{"@type":"Organization","@id":"https:\/\/selleetools.com\/#organization","name":"Selleetools","url":"https:\/\/selleetools.com\/","sameAs":[],"logo":{"@type":"ImageObject","inLanguage":"pl-PL","@id":"https:\/\/selleetools.com\/#\/schema\/logo\/image\/","url":"https:\/\/selleetools.com\/wp-content\/uploads\/2021\/10\/logo-dark.png","contentUrl":"https:\/\/selleetools.com\/wp-content\/uploads\/2021\/10\/logo-dark.png","width":320,"height":76,"caption":"Selleetools"},"image":{"@id":"https:\/\/selleetools.com\/#\/schema\/logo\/image\/"}},{"@type":"WebSite","@id":"https:\/\/selleetools.com\/#website","url":"https:\/\/selleetools.com\/","name":"Selleetools.com","description":"","publisher":{"@id":"https:\/\/selleetools.com\/#organization"},"potentialAction":[{"@type":"SearchAction","target":{"@type":"EntryPoint","urlTemplate":"https:\/\/selleetools.com\/?s={search_term_string}"},"query-input":"required name=search_term_string"}],"inLanguage":"pl-PL"},{"@type":"WebPage","@id":"https:\/\/admincentral.selleetools.com\/pl\/product\/fwee-cushion-egg-fit-cover-00-clear-13-g-podklad-cushion-bardzo-jasny-bez\/","url":"https:\/\/admincentral.selleetools.com\/pl\/product\/fwee-cushion-egg-fit-cover-00-clear-13-g-podklad-cushion-bardzo-jasny-bez\/","name":"FWEE Cushion Egg-Fit Cover 00 Clear 13 g - podk\u0142ad cushion bardzo jasny be\u017c - Selleetools.com","isPartOf":{"@id":"https:\/\/selleetools.com\/#website"},"datePublished":"2025-10-24T12:27:05+00:00","dateModified":"2025-11-03T16:02:59+00:00","breadcrumb":{"@id":"https:\/\/admincentral.selleetools.com\/pl\/product\/fwee-cushion-egg-fit-cover-00-clear-13-g-podklad-cushion-bardzo-jasny-bez\/#breadcrumb"},"inLanguage":"pl-PL","potentialAction":[{"@type":"ReadAction","target":["https:\/\/admincentral.selleetools.com\/pl\/product\/fwee-cushion-egg-fit-cover-00-clear-13-g-podklad-cushion-bardzo-jasny-bez\/"]}]},{"@type":"BreadcrumbList","@id":"https:\/\/admincentral.selleetools.com\/pl\/product\/fwee-cushion-egg-fit-cover-00-clear-13-g-podklad-cushion-bardzo-jasny-bez\/#breadcrumb","itemListElement":[{"@type":"ListItem","position":1,"name":"Home","item":"https:\/\/selleetools.com\/pl\/"},{"@type":"ListItem","position":2,"name":"Katalog","item":"https:\/\/selleetools.com\/pl\/katalog\/"},{"@type":"ListItem","position":3,"name":"FWEE Cushion Egg-Fit Cover 00 Clear 13 g &#8211; podk\u0142ad cushion bardzo jasny be\u017c"}]}]}},"_links":{"self":[{"href":"https:\/\/admincentral.selleetools.com\/pl\/wp-json\/wp\/v2\/product\/608940"}],"collection":[{"href":"https:\/\/admincentral.selleetools.com\/pl\/wp-json\/wp\/v2\/product"}],"about":[{"href":"https:\/\/admincentral.selleetools.com\/pl\/wp-json\/wp\/v2\/types\/product"}],"replies":[{"embeddable":true,"href":"https:\/\/admincentral.selleetools.com\/pl\/wp-json\/wp\/v2\/comments?post=608940"}],"wp:featuredmedia":[{"embeddable":true,"href":"https:\/\/admincentral.selleetools.com\/pl\/wp-json\/wp\/v2\/media\/608938"}],"wp:attachment":[{"href":"https:\/\/admincentral.selleetools.com\/pl\/wp-json\/wp\/v2\/media?parent=608940"}],"curies":[{"name":"wp","href":"https:\/\/api.w.org\/{rel}","templated":true}]}}