{"id":608976,"date":"2025-10-24T14:27:38","date_gmt":"2025-10-24T12:27:38","guid":{"rendered":"https:\/\/selleetools.com\/?post_type=product&#038;p=608976"},"modified":"2026-02-25T19:14:12","modified_gmt":"2026-02-25T18:14:12","slug":"peripera-ink-jellable-tint-01-be-apricot-3-7-g-zelowy-tint-do-ust-morelowy","status":"publish","type":"product","link":"https:\/\/admincentral.selleetools.com\/pl\/product\/peripera-ink-jellable-tint-01-be-apricot-3-7-g-zelowy-tint-do-ust-morelowy\/","title":{"rendered":"Peripera Ink Jellable Tint #01 Be Apricot 3.7 g &#8211; \u017celowy tint do ust morelowy"},"content":{"rendered":"<p>Odkryj nowy wymiar koloru z Peripera Ink Jellable Tint w odcieniu #01 Be Apricot \u2013 soczystym, p\u00f3\u0142transparentnym morelowym, kt\u00f3ry roz\u015bwietla usta naturaln\u0105 \u015bwie\u017co\u015bci\u0105 i nadaje im subtelny, promienny blask. Dzi\u0119ki \u017celowej formule produkt wtapia si\u0119 w usta, tworz\u0105c efekt \u201ejelly lips\u201d bez uczucia lepko\u015bci.<\/p>\n<p>Korzy\u015bci ze stosowania:<br \/>\nLekka, \u017celowa konsystencja zapewnia komfort noszenia przez ca\u0142y dzie\u0144.<br \/>\nIntensywna pigmentacja o \u015bwie\u017cym, owocowym wyko\u0144czeniu \u2013 idealna na co dzie\u0144.<br \/>\nNawil\u017ca i wyg\u0142adza usta dzi\u0119ki obecno\u015bci gliceryny i olej\u00f3w silikonowych.<br \/>\nD\u0142ugotrwa\u0142y efekt koloru bez wysuszania ust.<br \/>\nUniwersalny odcie\u0144 moreli, kt\u00f3ry pasuje do ka\u017cdej karnacji i dodaje cerze zdrowego wygl\u0105du.<\/p>\n<p>Spos\u00f3b u\u017cycia:<br \/>\nNa\u0142\u00f3\u017c niewielk\u0105 ilo\u015b\u0107 tintu na \u015brodek ust i delikatnie rozprowad\u017a ku kraw\u0119dziom dla efektu gradientu. Dla intensywniejszego koloru na\u0142\u00f3\u017c dodatkow\u0105 warstw\u0119. Produkt mo\u017cna r\u00f3wnie\u017c aplikowa\u0107 na ca\u0142y kontur ust jak klasyczn\u0105 pomadk\u0119.<\/p>\n","protected":false},"excerpt":{"rendered":"<p>Odkryj nowy wymiar koloru z Peripera Ink Jellable Tint w odcieniu #01 Be Apricot \u2013 soczystym, p\u00f3\u0142transparentnym morelowym, kt\u00f3ry roz\u015bwietla usta naturaln\u0105 \u015bwie\u017co\u015bci\u0105 i nadaje im subtelny, promienny blask. Dzi\u0119ki \u017celowej formule produkt wtapia si\u0119 w usta, tworz\u0105c efekt \u201ejelly lips\u201d bez uczucia lepko\u015bci. Korzy\u015bci ze stosowania: Lekka, \u017celowa konsystencja zapewnia komfort noszenia przez ca\u0142y &#8230; <a title=\"Peripera Ink Jellable Tint #01 Be Apricot 3.7 g &#8211; \u017celowy tint do ust morelowy\" class=\"read-more\" href=\"https:\/\/admincentral.selleetools.com\/pl\/product\/peripera-ink-jellable-tint-01-be-apricot-3-7-g-zelowy-tint-do-ust-morelowy\/\">Read more<span class=\"screen-reader-text\">Peripera Ink Jellable Tint #01 Be Apricot 3.7 g &#8211; \u017celowy tint do ust morelowy<\/span><\/a><\/p>\n","protected":false},"featured_media":608974,"comment_status":"open","ping_status":"closed","template":"","meta":{"_links_to":"","_links_to_target":""},"yoast_head":"<!-- This site is optimized with the Yoast SEO plugin v19.4 - https:\/\/yoast.com\/wordpress\/plugins\/seo\/ -->\n<title>Peripera Ink Jellable Tint #01 Be Apricot 3.7 g - \u017celowy tint do ust morelowy - Selleetools.com<\/title>\n<meta name=\"robots\" content=\"index, follow, max-snippet:-1, max-image-preview:large, max-video-preview:-1\" \/>\n<link rel=\"canonical\" href=\"https:\/\/selleetools.com\/pl\/product\/peripera-ink-jellable-tint-01-be-apricot-3-7-g-zelowy-tint-do-ust-morelowy\/\" \/>\n<meta property=\"og:locale\" content=\"pl_PL\" \/>\n<meta property=\"og:type\" content=\"article\" \/>\n<meta property=\"og:title\" content=\"Peripera Ink Jellable Tint #01 Be Apricot 3.7 g - \u017celowy tint do ust morelowy - Selleetools.com\" \/>\n<meta property=\"og:description\" content=\"Odkryj nowy wymiar koloru z Peripera Ink Jellable Tint w odcieniu #01 Be Apricot \u2013 soczystym, p\u00f3\u0142transparentnym morelowym, kt\u00f3ry roz\u015bwietla usta naturaln\u0105 \u015bwie\u017co\u015bci\u0105 i nadaje im subtelny, promienny blask. Dzi\u0119ki \u017celowej formule produkt wtapia si\u0119 w usta, tworz\u0105c efekt \u201ejelly lips\u201d bez uczucia lepko\u015bci. Korzy\u015bci ze stosowania: Lekka, \u017celowa konsystencja zapewnia komfort noszenia przez ca\u0142y ... Read morePeripera Ink Jellable Tint #01 Be Apricot 3.7 g &#8211; \u017celowy tint do ust morelowy\" \/>\n<meta property=\"og:url\" content=\"https:\/\/selleetools.com\/pl\/product\/peripera-ink-jellable-tint-01-be-apricot-3-7-g-zelowy-tint-do-ust-morelowy\/\" \/>\n<meta property=\"og:site_name\" content=\"Selleetools.com\" \/>\n<meta property=\"article:modified_time\" content=\"2026-02-25T18:14:12+00:00\" \/>\n<meta property=\"og:image\" content=\"https:\/\/selleetools.com\/wp-content\/uploads\/2025\/10\/d193b6c6b1298f98fd1e0667bf54761c.png\" \/>\n\t<meta property=\"og:image:width\" content=\"1080\" \/>\n\t<meta property=\"og:image:height\" content=\"1080\" \/>\n\t<meta property=\"og:image:type\" content=\"image\/png\" \/>\n<meta name=\"twitter:card\" content=\"summary_large_image\" \/>\n<meta name=\"twitter:label1\" content=\"Est. reading time\" \/>\n\t<meta name=\"twitter:data1\" content=\"1 minuta\" \/>\n<!-- \/ Yoast SEO plugin. -->","yoast_head_json":{"title":"Peripera Ink Jellable Tint #01 Be Apricot 3.7 g - \u017celowy tint do ust morelowy - Selleetools.com","robots":{"index":"index","follow":"follow","max-snippet":"max-snippet:-1","max-image-preview":"max-image-preview:large","max-video-preview":"max-video-preview:-1"},"canonical":"https:\/\/selleetools.com\/pl\/product\/peripera-ink-jellable-tint-01-be-apricot-3-7-g-zelowy-tint-do-ust-morelowy\/","og_locale":"pl_PL","og_type":"article","og_title":"Peripera Ink Jellable Tint #01 Be Apricot 3.7 g - \u017celowy tint do ust morelowy - Selleetools.com","og_description":"Odkryj nowy wymiar koloru z Peripera Ink Jellable Tint w odcieniu #01 Be Apricot \u2013 soczystym, p\u00f3\u0142transparentnym morelowym, kt\u00f3ry roz\u015bwietla usta naturaln\u0105 \u015bwie\u017co\u015bci\u0105 i nadaje im subtelny, promienny blask. Dzi\u0119ki \u017celowej formule produkt wtapia si\u0119 w usta, tworz\u0105c efekt \u201ejelly lips\u201d bez uczucia lepko\u015bci. Korzy\u015bci ze stosowania: Lekka, \u017celowa konsystencja zapewnia komfort noszenia przez ca\u0142y ... Read morePeripera Ink Jellable Tint #01 Be Apricot 3.7 g &#8211; \u017celowy tint do ust morelowy","og_url":"https:\/\/selleetools.com\/pl\/product\/peripera-ink-jellable-tint-01-be-apricot-3-7-g-zelowy-tint-do-ust-morelowy\/","og_site_name":"Selleetools.com","article_modified_time":"2026-02-25T18:14:12+00:00","og_image":[{"width":1080,"height":1080,"url":"https:\/\/selleetools.com\/wp-content\/uploads\/2025\/10\/d193b6c6b1298f98fd1e0667bf54761c.png","type":"image\/png"}],"twitter_card":"summary_large_image","twitter_misc":{"Est. reading time":"1 minuta"},"schema":{"@context":"https:\/\/schema.org","@graph":[{"@type":"Organization","@id":"https:\/\/selleetools.com\/#organization","name":"Selleetools","url":"https:\/\/selleetools.com\/","sameAs":[],"logo":{"@type":"ImageObject","inLanguage":"pl-PL","@id":"https:\/\/selleetools.com\/#\/schema\/logo\/image\/","url":"https:\/\/selleetools.com\/wp-content\/uploads\/2021\/10\/logo-dark.png","contentUrl":"https:\/\/selleetools.com\/wp-content\/uploads\/2021\/10\/logo-dark.png","width":320,"height":76,"caption":"Selleetools"},"image":{"@id":"https:\/\/selleetools.com\/#\/schema\/logo\/image\/"}},{"@type":"WebSite","@id":"https:\/\/selleetools.com\/#website","url":"https:\/\/selleetools.com\/","name":"Selleetools.com","description":"","publisher":{"@id":"https:\/\/selleetools.com\/#organization"},"potentialAction":[{"@type":"SearchAction","target":{"@type":"EntryPoint","urlTemplate":"https:\/\/selleetools.com\/?s={search_term_string}"},"query-input":"required name=search_term_string"}],"inLanguage":"pl-PL"},{"@type":"WebPage","@id":"https:\/\/selleetools.com\/pl\/product\/peripera-ink-jellable-tint-01-be-apricot-3-7-g-zelowy-tint-do-ust-morelowy\/","url":"https:\/\/selleetools.com\/pl\/product\/peripera-ink-jellable-tint-01-be-apricot-3-7-g-zelowy-tint-do-ust-morelowy\/","name":"Peripera Ink Jellable Tint #01 Be Apricot 3.7 g - \u017celowy tint do ust morelowy - Selleetools.com","isPartOf":{"@id":"https:\/\/selleetools.com\/#website"},"datePublished":"2025-10-24T12:27:38+00:00","dateModified":"2026-02-25T18:14:12+00:00","breadcrumb":{"@id":"https:\/\/selleetools.com\/pl\/product\/peripera-ink-jellable-tint-01-be-apricot-3-7-g-zelowy-tint-do-ust-morelowy\/#breadcrumb"},"inLanguage":"pl-PL","potentialAction":[{"@type":"ReadAction","target":["https:\/\/selleetools.com\/pl\/product\/peripera-ink-jellable-tint-01-be-apricot-3-7-g-zelowy-tint-do-ust-morelowy\/"]}]},{"@type":"BreadcrumbList","@id":"https:\/\/selleetools.com\/pl\/product\/peripera-ink-jellable-tint-01-be-apricot-3-7-g-zelowy-tint-do-ust-morelowy\/#breadcrumb","itemListElement":[{"@type":"ListItem","position":1,"name":"Home","item":"https:\/\/selleetools.com\/pl\/"},{"@type":"ListItem","position":2,"name":"Katalog","item":"https:\/\/selleetools.com\/pl\/katalog\/"},{"@type":"ListItem","position":3,"name":"Peripera Ink Jellable Tint #01 Be Apricot 3.7 g &#8211; \u017celowy tint do ust morelowy"}]}]}},"_links":{"self":[{"href":"https:\/\/admincentral.selleetools.com\/pl\/wp-json\/wp\/v2\/product\/608976"}],"collection":[{"href":"https:\/\/admincentral.selleetools.com\/pl\/wp-json\/wp\/v2\/product"}],"about":[{"href":"https:\/\/admincentral.selleetools.com\/pl\/wp-json\/wp\/v2\/types\/product"}],"replies":[{"embeddable":true,"href":"https:\/\/admincentral.selleetools.com\/pl\/wp-json\/wp\/v2\/comments?post=608976"}],"wp:featuredmedia":[{"embeddable":true,"href":"https:\/\/admincentral.selleetools.com\/pl\/wp-json\/wp\/v2\/media\/608974"}],"wp:attachment":[{"href":"https:\/\/admincentral.selleetools.com\/pl\/wp-json\/wp\/v2\/media?parent=608976"}],"curies":[{"name":"wp","href":"https:\/\/api.w.org\/{rel}","templated":true}]}}