{"id":609012,"date":"2025-10-24T14:28:12","date_gmt":"2025-10-24T12:28:12","guid":{"rendered":"https:\/\/selleetools.com\/?post_type=product&#038;p=609012"},"modified":"2026-02-25T19:14:02","modified_gmt":"2026-02-25T18:14:02","slug":"peripera-water-bare-tint-05-red-update-3-7-g-tint-do-ust-chlodna-czerwien","status":"publish","type":"product","link":"https:\/\/admincentral.selleetools.com\/pl\/product\/peripera-water-bare-tint-05-red-update-3-7-g-tint-do-ust-chlodna-czerwien\/","title":{"rendered":"Peripera Water Bare Tint #05 Red Update 3.7 g &#8211; tint do ust ch\u0142odna czerwie\u0144"},"content":{"rendered":"<p>Peripera Water Bare Tint w odcieniu #05 Red Update to transparentny tint do ust w ch\u0142odnym, klasycznym odcieniu czerwieni. Nadaje ustom \u015bwie\u017cy, lekko wodny efekt oraz naturalnie podkre\u015bla ich kolor, bez efektu ci\u0119\u017cko\u015bci. Idealny dla fanek minimalistycznego, ale wyrazistego makija\u017cu.<\/p>\n<p>Korzy\u015bci ze stosowania:<br \/>\nLekka, wodnista formu\u0142a zapewnia komfort noszenia przez ca\u0142y dzie\u0144.<br \/>\nCh\u0142odny odcie\u0144 czerwieni dodaje cerze \u015bwie\u017co\u015bci i elegancji.<br \/>\nSk\u0142ad wzbogacony o oleje ro\u015blinne (ze s\u0142odkich migda\u0142\u00f3w, jojoby, arganu, kamelii, moreli, oliwek i mas\u0142a shea) piel\u0119gnuje usta, chroni\u0105c je przed wysuszeniem.<br \/>\nTint r\u00f3wnomiernie si\u0119 rozprowadza, nie zbiera si\u0119 w za\u0142amaniach i nie rozmazuje.<br \/>\nEfekt \u201emy lips but better\u201d \u2013 idealny na co dzie\u0144 i na specjalne okazje.<\/p>\n<p>Spos\u00f3b u\u017cycia:<br \/>\nNa\u0142\u00f3\u017c niewielk\u0105 ilo\u015b\u0107 tintu na \u015brodek ust i rozprowad\u017a opuszk\u0105 palca lub aplikatorem, aby uzyska\u0107 naturalny efekt gradientu. Dla bardziej wyrazistego koloru na\u0142\u00f3\u017c kolejn\u0105 warstw\u0119.<\/p>\n","protected":false},"excerpt":{"rendered":"<p>Peripera Water Bare Tint w odcieniu #05 Red Update to transparentny tint do ust w ch\u0142odnym, klasycznym odcieniu czerwieni. Nadaje ustom \u015bwie\u017cy, lekko wodny efekt oraz naturalnie podkre\u015bla ich kolor, bez efektu ci\u0119\u017cko\u015bci. Idealny dla fanek minimalistycznego, ale wyrazistego makija\u017cu. Korzy\u015bci ze stosowania: Lekka, wodnista formu\u0142a zapewnia komfort noszenia przez ca\u0142y dzie\u0144. Ch\u0142odny odcie\u0144 czerwieni &#8230; <a title=\"Peripera Water Bare Tint #05 Red Update 3.7 g &#8211; tint do ust ch\u0142odna czerwie\u0144\" class=\"read-more\" href=\"https:\/\/admincentral.selleetools.com\/pl\/product\/peripera-water-bare-tint-05-red-update-3-7-g-tint-do-ust-chlodna-czerwien\/\">Read more<span class=\"screen-reader-text\">Peripera Water Bare Tint #05 Red Update 3.7 g &#8211; tint do ust ch\u0142odna czerwie\u0144<\/span><\/a><\/p>\n","protected":false},"featured_media":609010,"comment_status":"open","ping_status":"closed","template":"","meta":{"_links_to":"","_links_to_target":""},"yoast_head":"<!-- This site is optimized with the Yoast SEO plugin v19.4 - https:\/\/yoast.com\/wordpress\/plugins\/seo\/ -->\n<title>Peripera Water Bare Tint #05 Red Update 3.7 g - tint do ust ch\u0142odna czerwie\u0144 - Selleetools.com<\/title>\n<meta name=\"robots\" content=\"index, follow, max-snippet:-1, max-image-preview:large, max-video-preview:-1\" \/>\n<link rel=\"canonical\" href=\"https:\/\/selleetools.com\/pl\/product\/peripera-water-bare-tint-05-red-update-3-7-g-tint-do-ust-chlodna-czerwien\/\" \/>\n<meta property=\"og:locale\" content=\"pl_PL\" \/>\n<meta property=\"og:type\" content=\"article\" \/>\n<meta property=\"og:title\" content=\"Peripera Water Bare Tint #05 Red Update 3.7 g - tint do ust ch\u0142odna czerwie\u0144 - Selleetools.com\" \/>\n<meta property=\"og:description\" content=\"Peripera Water Bare Tint w odcieniu #05 Red Update to transparentny tint do ust w ch\u0142odnym, klasycznym odcieniu czerwieni. Nadaje ustom \u015bwie\u017cy, lekko wodny efekt oraz naturalnie podkre\u015bla ich kolor, bez efektu ci\u0119\u017cko\u015bci. Idealny dla fanek minimalistycznego, ale wyrazistego makija\u017cu. Korzy\u015bci ze stosowania: Lekka, wodnista formu\u0142a zapewnia komfort noszenia przez ca\u0142y dzie\u0144. Ch\u0142odny odcie\u0144 czerwieni ... Read morePeripera Water Bare Tint #05 Red Update 3.7 g &#8211; tint do ust ch\u0142odna czerwie\u0144\" \/>\n<meta property=\"og:url\" content=\"https:\/\/selleetools.com\/pl\/product\/peripera-water-bare-tint-05-red-update-3-7-g-tint-do-ust-chlodna-czerwien\/\" \/>\n<meta property=\"og:site_name\" content=\"Selleetools.com\" \/>\n<meta property=\"article:modified_time\" content=\"2026-02-25T18:14:02+00:00\" \/>\n<meta property=\"og:image\" content=\"https:\/\/selleetools.com\/wp-content\/uploads\/2025\/10\/47a5ac04f779046e4c215241d068eadc.png\" \/>\n\t<meta property=\"og:image:width\" content=\"1080\" \/>\n\t<meta property=\"og:image:height\" content=\"1080\" \/>\n\t<meta property=\"og:image:type\" content=\"image\/png\" \/>\n<meta name=\"twitter:card\" content=\"summary_large_image\" \/>\n<meta name=\"twitter:label1\" content=\"Est. reading time\" \/>\n\t<meta name=\"twitter:data1\" content=\"1 minuta\" \/>\n<!-- \/ Yoast SEO plugin. -->","yoast_head_json":{"title":"Peripera Water Bare Tint #05 Red Update 3.7 g - tint do ust ch\u0142odna czerwie\u0144 - Selleetools.com","robots":{"index":"index","follow":"follow","max-snippet":"max-snippet:-1","max-image-preview":"max-image-preview:large","max-video-preview":"max-video-preview:-1"},"canonical":"https:\/\/selleetools.com\/pl\/product\/peripera-water-bare-tint-05-red-update-3-7-g-tint-do-ust-chlodna-czerwien\/","og_locale":"pl_PL","og_type":"article","og_title":"Peripera Water Bare Tint #05 Red Update 3.7 g - tint do ust ch\u0142odna czerwie\u0144 - Selleetools.com","og_description":"Peripera Water Bare Tint w odcieniu #05 Red Update to transparentny tint do ust w ch\u0142odnym, klasycznym odcieniu czerwieni. Nadaje ustom \u015bwie\u017cy, lekko wodny efekt oraz naturalnie podkre\u015bla ich kolor, bez efektu ci\u0119\u017cko\u015bci. Idealny dla fanek minimalistycznego, ale wyrazistego makija\u017cu. Korzy\u015bci ze stosowania: Lekka, wodnista formu\u0142a zapewnia komfort noszenia przez ca\u0142y dzie\u0144. Ch\u0142odny odcie\u0144 czerwieni ... Read morePeripera Water Bare Tint #05 Red Update 3.7 g &#8211; tint do ust ch\u0142odna czerwie\u0144","og_url":"https:\/\/selleetools.com\/pl\/product\/peripera-water-bare-tint-05-red-update-3-7-g-tint-do-ust-chlodna-czerwien\/","og_site_name":"Selleetools.com","article_modified_time":"2026-02-25T18:14:02+00:00","og_image":[{"width":1080,"height":1080,"url":"https:\/\/selleetools.com\/wp-content\/uploads\/2025\/10\/47a5ac04f779046e4c215241d068eadc.png","type":"image\/png"}],"twitter_card":"summary_large_image","twitter_misc":{"Est. reading time":"1 minuta"},"schema":{"@context":"https:\/\/schema.org","@graph":[{"@type":"Organization","@id":"https:\/\/selleetools.com\/#organization","name":"Selleetools","url":"https:\/\/selleetools.com\/","sameAs":[],"logo":{"@type":"ImageObject","inLanguage":"pl-PL","@id":"https:\/\/selleetools.com\/#\/schema\/logo\/image\/","url":"https:\/\/selleetools.com\/wp-content\/uploads\/2021\/10\/logo-dark.png","contentUrl":"https:\/\/selleetools.com\/wp-content\/uploads\/2021\/10\/logo-dark.png","width":320,"height":76,"caption":"Selleetools"},"image":{"@id":"https:\/\/selleetools.com\/#\/schema\/logo\/image\/"}},{"@type":"WebSite","@id":"https:\/\/selleetools.com\/#website","url":"https:\/\/selleetools.com\/","name":"Selleetools.com","description":"","publisher":{"@id":"https:\/\/selleetools.com\/#organization"},"potentialAction":[{"@type":"SearchAction","target":{"@type":"EntryPoint","urlTemplate":"https:\/\/selleetools.com\/?s={search_term_string}"},"query-input":"required name=search_term_string"}],"inLanguage":"pl-PL"},{"@type":"WebPage","@id":"https:\/\/selleetools.com\/pl\/product\/peripera-water-bare-tint-05-red-update-3-7-g-tint-do-ust-chlodna-czerwien\/","url":"https:\/\/selleetools.com\/pl\/product\/peripera-water-bare-tint-05-red-update-3-7-g-tint-do-ust-chlodna-czerwien\/","name":"Peripera Water Bare Tint #05 Red Update 3.7 g - tint do ust ch\u0142odna czerwie\u0144 - Selleetools.com","isPartOf":{"@id":"https:\/\/selleetools.com\/#website"},"datePublished":"2025-10-24T12:28:12+00:00","dateModified":"2026-02-25T18:14:02+00:00","breadcrumb":{"@id":"https:\/\/selleetools.com\/pl\/product\/peripera-water-bare-tint-05-red-update-3-7-g-tint-do-ust-chlodna-czerwien\/#breadcrumb"},"inLanguage":"pl-PL","potentialAction":[{"@type":"ReadAction","target":["https:\/\/selleetools.com\/pl\/product\/peripera-water-bare-tint-05-red-update-3-7-g-tint-do-ust-chlodna-czerwien\/"]}]},{"@type":"BreadcrumbList","@id":"https:\/\/selleetools.com\/pl\/product\/peripera-water-bare-tint-05-red-update-3-7-g-tint-do-ust-chlodna-czerwien\/#breadcrumb","itemListElement":[{"@type":"ListItem","position":1,"name":"Home","item":"https:\/\/selleetools.com\/pl\/"},{"@type":"ListItem","position":2,"name":"Katalog","item":"https:\/\/selleetools.com\/pl\/katalog\/"},{"@type":"ListItem","position":3,"name":"Peripera Water Bare Tint #05 Red Update 3.7 g &#8211; tint do ust ch\u0142odna czerwie\u0144"}]}]}},"_links":{"self":[{"href":"https:\/\/admincentral.selleetools.com\/pl\/wp-json\/wp\/v2\/product\/609012"}],"collection":[{"href":"https:\/\/admincentral.selleetools.com\/pl\/wp-json\/wp\/v2\/product"}],"about":[{"href":"https:\/\/admincentral.selleetools.com\/pl\/wp-json\/wp\/v2\/types\/product"}],"replies":[{"embeddable":true,"href":"https:\/\/admincentral.selleetools.com\/pl\/wp-json\/wp\/v2\/comments?post=609012"}],"wp:featuredmedia":[{"embeddable":true,"href":"https:\/\/admincentral.selleetools.com\/pl\/wp-json\/wp\/v2\/media\/609010"}],"wp:attachment":[{"href":"https:\/\/admincentral.selleetools.com\/pl\/wp-json\/wp\/v2\/media?parent=609012"}],"curies":[{"name":"wp","href":"https:\/\/api.w.org\/{rel}","templated":true}]}}