{"id":609033,"date":"2025-10-24T14:28:29","date_gmt":"2025-10-24T12:28:29","guid":{"rendered":"https:\/\/selleetools.com\/?post_type=product&#038;p=609033"},"modified":"2025-11-03T17:02:44","modified_gmt":"2025-11-03T16:02:44","slug":"beauty-of-joseon-jelloskin-massage-cream-for-face-body-200-ml-krem-do-masazu-twarzy-i-ciala","status":"publish","type":"product","link":"https:\/\/admincentral.selleetools.com\/pl\/product\/beauty-of-joseon-jelloskin-massage-cream-for-face-body-200-ml-krem-do-masazu-twarzy-i-ciala\/","title":{"rendered":"Beauty of Joseon Jelloskin Massage Cream for face &#038; body 200 ml &#8211; krem do masa\u017cu twarzy i cia\u0142a"},"content":{"rendered":"<p>Beauty of Joseon Jelloskin Massage Cream to wyj\u0105tkowy krem do masa\u017cu twarzy i cia\u0142a, kt\u00f3ry \u0142\u0105czy w sobie funkcje nawil\u017cenia, piel\u0119gnacji oraz relaksu. Dzi\u0119ki lekkiej, \u017celowej formule, krem doskonale wch\u0142ania si\u0119 w sk\u00f3r\u0119, zapewniaj\u0105c jej d\u0142ugotrwa\u0142\u0105 wilgo\u0107 i elastyczno\u015b\u0107. Bogaty w sk\u0142adniki takie jak niacynamid oraz r\u00f3\u017cne ekstrakty ro\u015blinne, ten krem poprawia kondycj\u0119 sk\u00f3ry, roz\u015bwietla j\u0105 i przywraca jej naturalny blask. Krem jest idealny do codziennego stosowania, a jego stosowanie w po\u0142\u0105czeniu z masa\u017cem guash\u0105 zapewnia jeszcze lepsze efekty w poprawie j\u0119drno\u015bci sk\u00f3ry.<\/p>\n<p>Korzy\u015bci dla sk\u00f3ry:<br \/>\nNawil\u017ca i wyg\u0142adza sk\u00f3r\u0119<br \/>\nPoprawia elastyczno\u015b\u0107 sk\u00f3ry<br \/>\nRoz\u015bwietla i wyr\u00f3wnuje koloryt sk\u00f3ry<br \/>\n\u0141agodzi podra\u017cnienia i dzia\u0142a koj\u0105co na sk\u00f3r\u0119<br \/>\nIdealny do masa\u017cu \u2013 po na\u0142o\u017ceniu kremu, masa\u017c twarzy i cia\u0142a (szczeg\u00f3lnie z u\u017cyciem guashy) pomaga w lepszym wch\u0142anianiu produktu i poprawia mikrocyrkulacj\u0119 sk\u00f3ry.<\/p>\n<p>Spos\u00f3b u\u017cycia:<br \/>\nNa\u0142\u00f3\u017c odpowiedni\u0105 ilo\u015b\u0107 kremu na wybrany obszar twarzy lub cia\u0142a.<br \/>\nDelikatnie wmasuj w sk\u00f3r\u0119, wykonuj\u0105c masa\u017c.<br \/>\nAby uzyska\u0107 lepsze efekty, mo\u017cesz u\u017cy\u0107 guashy podczas masa\u017cu.<br \/>\nKrem mo\u017ce by\u0107 stosowany codziennie, zar\u00f3wno rano, jak i wieczorem.<\/p>\n","protected":false},"excerpt":{"rendered":"<p>Beauty of Joseon Jelloskin Massage Cream to wyj\u0105tkowy krem do masa\u017cu twarzy i cia\u0142a, kt\u00f3ry \u0142\u0105czy w sobie funkcje nawil\u017cenia, piel\u0119gnacji oraz relaksu. Dzi\u0119ki lekkiej, \u017celowej formule, krem doskonale wch\u0142ania si\u0119 w sk\u00f3r\u0119, zapewniaj\u0105c jej d\u0142ugotrwa\u0142\u0105 wilgo\u0107 i elastyczno\u015b\u0107. Bogaty w sk\u0142adniki takie jak niacynamid oraz r\u00f3\u017cne ekstrakty ro\u015blinne, ten krem poprawia kondycj\u0119 sk\u00f3ry, roz\u015bwietla &#8230; <a title=\"Beauty of Joseon Jelloskin Massage Cream for face &#038; body 200 ml &#8211; krem do masa\u017cu twarzy i cia\u0142a\" class=\"read-more\" href=\"https:\/\/admincentral.selleetools.com\/pl\/product\/beauty-of-joseon-jelloskin-massage-cream-for-face-body-200-ml-krem-do-masazu-twarzy-i-ciala\/\">Read more<span class=\"screen-reader-text\">Beauty of Joseon Jelloskin Massage Cream for face &#038; body 200 ml &#8211; krem do masa\u017cu twarzy i cia\u0142a<\/span><\/a><\/p>\n","protected":false},"featured_media":609031,"comment_status":"open","ping_status":"closed","template":"","meta":{"_links_to":"","_links_to_target":""},"yoast_head":"<!-- This site is optimized with the Yoast SEO plugin v19.4 - https:\/\/yoast.com\/wordpress\/plugins\/seo\/ -->\n<title>Beauty of Joseon Jelloskin Massage Cream for face &amp; body 200 ml - krem do masa\u017cu twarzy i cia\u0142a - Selleetools.com<\/title>\n<meta name=\"robots\" content=\"index, follow, max-snippet:-1, max-image-preview:large, max-video-preview:-1\" \/>\n<link rel=\"canonical\" href=\"https:\/\/admincentral.selleetools.com\/pl\/product\/beauty-of-joseon-jelloskin-massage-cream-for-face-body-200-ml-krem-do-masazu-twarzy-i-ciala\/\" \/>\n<meta property=\"og:locale\" content=\"pl_PL\" \/>\n<meta property=\"og:type\" content=\"article\" \/>\n<meta property=\"og:title\" content=\"Beauty of Joseon Jelloskin Massage Cream for face &amp; body 200 ml - krem do masa\u017cu twarzy i cia\u0142a - Selleetools.com\" \/>\n<meta property=\"og:description\" content=\"Beauty of Joseon Jelloskin Massage Cream to wyj\u0105tkowy krem do masa\u017cu twarzy i cia\u0142a, kt\u00f3ry \u0142\u0105czy w sobie funkcje nawil\u017cenia, piel\u0119gnacji oraz relaksu. Dzi\u0119ki lekkiej, \u017celowej formule, krem doskonale wch\u0142ania si\u0119 w sk\u00f3r\u0119, zapewniaj\u0105c jej d\u0142ugotrwa\u0142\u0105 wilgo\u0107 i elastyczno\u015b\u0107. Bogaty w sk\u0142adniki takie jak niacynamid oraz r\u00f3\u017cne ekstrakty ro\u015blinne, ten krem poprawia kondycj\u0119 sk\u00f3ry, roz\u015bwietla ... Read moreBeauty of Joseon Jelloskin Massage Cream for face &#038; body 200 ml &#8211; krem do masa\u017cu twarzy i cia\u0142a\" \/>\n<meta property=\"og:url\" content=\"https:\/\/admincentral.selleetools.com\/pl\/product\/beauty-of-joseon-jelloskin-massage-cream-for-face-body-200-ml-krem-do-masazu-twarzy-i-ciala\/\" \/>\n<meta property=\"og:site_name\" content=\"Selleetools.com\" \/>\n<meta property=\"article:modified_time\" content=\"2025-11-03T16:02:44+00:00\" \/>\n<meta property=\"og:image\" content=\"https:\/\/selleetools.com\/wp-content\/uploads\/2025\/10\/f9f2c20ff8542eb57edc996bcf6b0921.jpg\" \/>\n\t<meta property=\"og:image:width\" content=\"1200\" \/>\n\t<meta property=\"og:image:height\" content=\"1200\" \/>\n\t<meta property=\"og:image:type\" content=\"image\/jpeg\" \/>\n<meta name=\"twitter:card\" content=\"summary_large_image\" \/>\n<meta name=\"twitter:label1\" content=\"Est. reading time\" \/>\n\t<meta name=\"twitter:data1\" content=\"1 minuta\" \/>\n<!-- \/ Yoast SEO plugin. -->","yoast_head_json":{"title":"Beauty of Joseon Jelloskin Massage Cream for face & body 200 ml - krem do masa\u017cu twarzy i cia\u0142a - Selleetools.com","robots":{"index":"index","follow":"follow","max-snippet":"max-snippet:-1","max-image-preview":"max-image-preview:large","max-video-preview":"max-video-preview:-1"},"canonical":"https:\/\/admincentral.selleetools.com\/pl\/product\/beauty-of-joseon-jelloskin-massage-cream-for-face-body-200-ml-krem-do-masazu-twarzy-i-ciala\/","og_locale":"pl_PL","og_type":"article","og_title":"Beauty of Joseon Jelloskin Massage Cream for face & body 200 ml - krem do masa\u017cu twarzy i cia\u0142a - Selleetools.com","og_description":"Beauty of Joseon Jelloskin Massage Cream to wyj\u0105tkowy krem do masa\u017cu twarzy i cia\u0142a, kt\u00f3ry \u0142\u0105czy w sobie funkcje nawil\u017cenia, piel\u0119gnacji oraz relaksu. Dzi\u0119ki lekkiej, \u017celowej formule, krem doskonale wch\u0142ania si\u0119 w sk\u00f3r\u0119, zapewniaj\u0105c jej d\u0142ugotrwa\u0142\u0105 wilgo\u0107 i elastyczno\u015b\u0107. Bogaty w sk\u0142adniki takie jak niacynamid oraz r\u00f3\u017cne ekstrakty ro\u015blinne, ten krem poprawia kondycj\u0119 sk\u00f3ry, roz\u015bwietla ... Read moreBeauty of Joseon Jelloskin Massage Cream for face &#038; body 200 ml &#8211; krem do masa\u017cu twarzy i cia\u0142a","og_url":"https:\/\/admincentral.selleetools.com\/pl\/product\/beauty-of-joseon-jelloskin-massage-cream-for-face-body-200-ml-krem-do-masazu-twarzy-i-ciala\/","og_site_name":"Selleetools.com","article_modified_time":"2025-11-03T16:02:44+00:00","og_image":[{"width":1200,"height":1200,"url":"https:\/\/selleetools.com\/wp-content\/uploads\/2025\/10\/f9f2c20ff8542eb57edc996bcf6b0921.jpg","type":"image\/jpeg"}],"twitter_card":"summary_large_image","twitter_misc":{"Est. reading time":"1 minuta"},"schema":{"@context":"https:\/\/schema.org","@graph":[{"@type":"Organization","@id":"https:\/\/selleetools.com\/#organization","name":"Selleetools","url":"https:\/\/selleetools.com\/","sameAs":[],"logo":{"@type":"ImageObject","inLanguage":"pl-PL","@id":"https:\/\/selleetools.com\/#\/schema\/logo\/image\/","url":"https:\/\/selleetools.com\/wp-content\/uploads\/2021\/10\/logo-dark.png","contentUrl":"https:\/\/selleetools.com\/wp-content\/uploads\/2021\/10\/logo-dark.png","width":320,"height":76,"caption":"Selleetools"},"image":{"@id":"https:\/\/selleetools.com\/#\/schema\/logo\/image\/"}},{"@type":"WebSite","@id":"https:\/\/selleetools.com\/#website","url":"https:\/\/selleetools.com\/","name":"Selleetools.com","description":"","publisher":{"@id":"https:\/\/selleetools.com\/#organization"},"potentialAction":[{"@type":"SearchAction","target":{"@type":"EntryPoint","urlTemplate":"https:\/\/selleetools.com\/?s={search_term_string}"},"query-input":"required name=search_term_string"}],"inLanguage":"pl-PL"},{"@type":"WebPage","@id":"https:\/\/admincentral.selleetools.com\/pl\/product\/beauty-of-joseon-jelloskin-massage-cream-for-face-body-200-ml-krem-do-masazu-twarzy-i-ciala\/","url":"https:\/\/admincentral.selleetools.com\/pl\/product\/beauty-of-joseon-jelloskin-massage-cream-for-face-body-200-ml-krem-do-masazu-twarzy-i-ciala\/","name":"Beauty of Joseon Jelloskin Massage Cream for face & body 200 ml - krem do masa\u017cu twarzy i cia\u0142a - Selleetools.com","isPartOf":{"@id":"https:\/\/selleetools.com\/#website"},"datePublished":"2025-10-24T12:28:29+00:00","dateModified":"2025-11-03T16:02:44+00:00","breadcrumb":{"@id":"https:\/\/admincentral.selleetools.com\/pl\/product\/beauty-of-joseon-jelloskin-massage-cream-for-face-body-200-ml-krem-do-masazu-twarzy-i-ciala\/#breadcrumb"},"inLanguage":"pl-PL","potentialAction":[{"@type":"ReadAction","target":["https:\/\/admincentral.selleetools.com\/pl\/product\/beauty-of-joseon-jelloskin-massage-cream-for-face-body-200-ml-krem-do-masazu-twarzy-i-ciala\/"]}]},{"@type":"BreadcrumbList","@id":"https:\/\/admincentral.selleetools.com\/pl\/product\/beauty-of-joseon-jelloskin-massage-cream-for-face-body-200-ml-krem-do-masazu-twarzy-i-ciala\/#breadcrumb","itemListElement":[{"@type":"ListItem","position":1,"name":"Home","item":"https:\/\/selleetools.com\/pl\/"},{"@type":"ListItem","position":2,"name":"Katalog","item":"https:\/\/selleetools.com\/pl\/katalog\/"},{"@type":"ListItem","position":3,"name":"Beauty of Joseon Jelloskin Massage Cream for face &#038; body 200 ml &#8211; krem do masa\u017cu twarzy i cia\u0142a"}]}]}},"_links":{"self":[{"href":"https:\/\/admincentral.selleetools.com\/pl\/wp-json\/wp\/v2\/product\/609033"}],"collection":[{"href":"https:\/\/admincentral.selleetools.com\/pl\/wp-json\/wp\/v2\/product"}],"about":[{"href":"https:\/\/admincentral.selleetools.com\/pl\/wp-json\/wp\/v2\/types\/product"}],"replies":[{"embeddable":true,"href":"https:\/\/admincentral.selleetools.com\/pl\/wp-json\/wp\/v2\/comments?post=609033"}],"wp:featuredmedia":[{"embeddable":true,"href":"https:\/\/admincentral.selleetools.com\/pl\/wp-json\/wp\/v2\/media\/609031"}],"wp:attachment":[{"href":"https:\/\/admincentral.selleetools.com\/pl\/wp-json\/wp\/v2\/media?parent=609033"}],"curies":[{"name":"wp","href":"https:\/\/api.w.org\/{rel}","templated":true}]}}