{"id":609092,"date":"2025-10-24T14:29:25","date_gmt":"2025-10-24T12:29:25","guid":{"rendered":"https:\/\/selleetools.com\/?post_type=product&#038;p=609092"},"modified":"2025-11-04T21:35:51","modified_gmt":"2025-11-04T20:35:51","slug":"nine-less-a-control-azelaic-acid-toner-150-ml-tonik-do-skory-tradzikowej","status":"publish","type":"product","link":"https:\/\/admincentral.selleetools.com\/pl\/product\/nine-less-a-control-azelaic-acid-toner-150-ml-tonik-do-skory-tradzikowej\/","title":{"rendered":"NINE LESS A-Control Azelaic Acid Toner 150 ml &#8211; tonik do sk\u00f3ry tr\u0105dzikowej"},"content":{"rendered":"<p>NINE LESS A-Control Azelaic Acid Toner to tonik, kt\u00f3ry \u0142\u0105czy w sobie skuteczno\u015b\u0107 kwasu azelainowego, ekstraktu z drzewa herbacianego oraz \u015bluzu \u015blimaka, aby skutecznie walczy\u0107 z problemami sk\u00f3ry sk\u0142onnej do tr\u0105dziku. Zawiera 68% ekstraktu z drzewa herbacianego, kt\u00f3ry dzia\u0142a oczyszczaj\u0105co i antybakteryjnie, a tak\u017ce AHA, niacynamid i kwas salicylowy, kt\u00f3re pomagaj\u0105 w walce z zanieczyszczeniami sk\u00f3ry, przebarwieniami i nier\u00f3wn\u0105 tekstur\u0105.<\/p>\n<p>Korzy\u015bci dla sk\u00f3ry:<br \/>\nRedukuje tr\u0105dzik \u2013 Azelainowy kwas i kwas salicylowy skutecznie walcz\u0105 z niedoskona\u0142o\u015bciami, zmniejszaj\u0105c widoczno\u015b\u0107 wyprysk\u00f3w i zapobiegaj\u0105c nowym.<br \/>\nPoprawia struktur\u0119 sk\u00f3ry \u2013 Regularne stosowanie toniku zmniejsza nier\u00f3wno\u015bci, przebarwienia oraz nadmiar sebum.<br \/>\nOdm\u0142adza i nawil\u017ca \u2013 Niacynamid, \u015bluz \u015blimaka i kwasy AHA delikatnie odnawiaj\u0105 sk\u00f3r\u0119, poprawiaj\u0105c jej nawil\u017cenie i elastyczno\u015b\u0107.<\/p>\n<p>Spos\u00f3b u\u017cycia:<br \/>\nPo oczyszczeniu sk\u00f3ry, na\u0142\u00f3\u017c tonik na wacik lub bezpo\u015brednio na d\u0142onie.<br \/>\nDelikatnie wklep w sk\u00f3r\u0119, aby tonik si\u0119 wch\u0142on\u0105\u0142.<br \/>\nPo u\u017cyciu toniku, kontynuuj swoj\u0105 rutyn\u0119 piel\u0119gnacyjn\u0105, stosuj\u0105c nawil\u017caj\u0105cy krem.<\/p>\n","protected":false},"excerpt":{"rendered":"<p>NINE LESS A-Control Azelaic Acid Toner to tonik, kt\u00f3ry \u0142\u0105czy w sobie skuteczno\u015b\u0107 kwasu azelainowego, ekstraktu z drzewa herbacianego oraz \u015bluzu \u015blimaka, aby skutecznie walczy\u0107 z problemami sk\u00f3ry sk\u0142onnej do tr\u0105dziku. Zawiera 68% ekstraktu z drzewa herbacianego, kt\u00f3ry dzia\u0142a oczyszczaj\u0105co i antybakteryjnie, a tak\u017ce AHA, niacynamid i kwas salicylowy, kt\u00f3re pomagaj\u0105 w walce z zanieczyszczeniami &#8230; <a title=\"NINE LESS A-Control Azelaic Acid Toner 150 ml &#8211; tonik do sk\u00f3ry tr\u0105dzikowej\" class=\"read-more\" href=\"https:\/\/admincentral.selleetools.com\/pl\/product\/nine-less-a-control-azelaic-acid-toner-150-ml-tonik-do-skory-tradzikowej\/\">Read more<span class=\"screen-reader-text\">NINE LESS A-Control Azelaic Acid Toner 150 ml &#8211; tonik do sk\u00f3ry tr\u0105dzikowej<\/span><\/a><\/p>\n","protected":false},"featured_media":609090,"comment_status":"open","ping_status":"closed","template":"","meta":{"_links_to":"","_links_to_target":""},"yoast_head":"<!-- This site is optimized with the Yoast SEO plugin v19.4 - https:\/\/yoast.com\/wordpress\/plugins\/seo\/ -->\n<title>NINE LESS A-Control Azelaic Acid Toner 150 ml - tonik do sk\u00f3ry tr\u0105dzikowej - Selleetools.com<\/title>\n<meta name=\"robots\" content=\"index, follow, max-snippet:-1, max-image-preview:large, max-video-preview:-1\" \/>\n<link rel=\"canonical\" href=\"https:\/\/selleetools.com\/pl\/product\/nine-less-a-control-azelaic-acid-toner-150-ml-tonik-do-skory-tradzikowej\/\" \/>\n<meta property=\"og:locale\" content=\"pl_PL\" \/>\n<meta property=\"og:type\" content=\"article\" \/>\n<meta property=\"og:title\" content=\"NINE LESS A-Control Azelaic Acid Toner 150 ml - tonik do sk\u00f3ry tr\u0105dzikowej - Selleetools.com\" \/>\n<meta property=\"og:description\" content=\"NINE LESS A-Control Azelaic Acid Toner to tonik, kt\u00f3ry \u0142\u0105czy w sobie skuteczno\u015b\u0107 kwasu azelainowego, ekstraktu z drzewa herbacianego oraz \u015bluzu \u015blimaka, aby skutecznie walczy\u0107 z problemami sk\u00f3ry sk\u0142onnej do tr\u0105dziku. Zawiera 68% ekstraktu z drzewa herbacianego, kt\u00f3ry dzia\u0142a oczyszczaj\u0105co i antybakteryjnie, a tak\u017ce AHA, niacynamid i kwas salicylowy, kt\u00f3re pomagaj\u0105 w walce z zanieczyszczeniami ... Read moreNINE LESS A-Control Azelaic Acid Toner 150 ml &#8211; tonik do sk\u00f3ry tr\u0105dzikowej\" \/>\n<meta property=\"og:url\" content=\"https:\/\/selleetools.com\/pl\/product\/nine-less-a-control-azelaic-acid-toner-150-ml-tonik-do-skory-tradzikowej\/\" \/>\n<meta property=\"og:site_name\" content=\"Selleetools.com\" \/>\n<meta property=\"article:modified_time\" content=\"2025-11-04T20:35:51+00:00\" \/>\n<meta property=\"og:image\" content=\"https:\/\/selleetools.com\/wp-content\/uploads\/2025\/10\/fb441ea79ace8c758ddbca12bcb4b9cc.jpg\" \/>\n\t<meta property=\"og:image:width\" content=\"1200\" \/>\n\t<meta property=\"og:image:height\" content=\"1200\" \/>\n\t<meta property=\"og:image:type\" content=\"image\/jpeg\" \/>\n<meta name=\"twitter:card\" content=\"summary_large_image\" \/>\n<meta name=\"twitter:label1\" content=\"Est. reading time\" \/>\n\t<meta name=\"twitter:data1\" content=\"1 minuta\" \/>\n<!-- \/ Yoast SEO plugin. -->","yoast_head_json":{"title":"NINE LESS A-Control Azelaic Acid Toner 150 ml - tonik do sk\u00f3ry tr\u0105dzikowej - Selleetools.com","robots":{"index":"index","follow":"follow","max-snippet":"max-snippet:-1","max-image-preview":"max-image-preview:large","max-video-preview":"max-video-preview:-1"},"canonical":"https:\/\/selleetools.com\/pl\/product\/nine-less-a-control-azelaic-acid-toner-150-ml-tonik-do-skory-tradzikowej\/","og_locale":"pl_PL","og_type":"article","og_title":"NINE LESS A-Control Azelaic Acid Toner 150 ml - tonik do sk\u00f3ry tr\u0105dzikowej - Selleetools.com","og_description":"NINE LESS A-Control Azelaic Acid Toner to tonik, kt\u00f3ry \u0142\u0105czy w sobie skuteczno\u015b\u0107 kwasu azelainowego, ekstraktu z drzewa herbacianego oraz \u015bluzu \u015blimaka, aby skutecznie walczy\u0107 z problemami sk\u00f3ry sk\u0142onnej do tr\u0105dziku. Zawiera 68% ekstraktu z drzewa herbacianego, kt\u00f3ry dzia\u0142a oczyszczaj\u0105co i antybakteryjnie, a tak\u017ce AHA, niacynamid i kwas salicylowy, kt\u00f3re pomagaj\u0105 w walce z zanieczyszczeniami ... Read moreNINE LESS A-Control Azelaic Acid Toner 150 ml &#8211; tonik do sk\u00f3ry tr\u0105dzikowej","og_url":"https:\/\/selleetools.com\/pl\/product\/nine-less-a-control-azelaic-acid-toner-150-ml-tonik-do-skory-tradzikowej\/","og_site_name":"Selleetools.com","article_modified_time":"2025-11-04T20:35:51+00:00","og_image":[{"width":1200,"height":1200,"url":"https:\/\/selleetools.com\/wp-content\/uploads\/2025\/10\/fb441ea79ace8c758ddbca12bcb4b9cc.jpg","type":"image\/jpeg"}],"twitter_card":"summary_large_image","twitter_misc":{"Est. reading time":"1 minuta"},"schema":{"@context":"https:\/\/schema.org","@graph":[{"@type":"Organization","@id":"https:\/\/selleetools.com\/#organization","name":"Selleetools","url":"https:\/\/selleetools.com\/","sameAs":[],"logo":{"@type":"ImageObject","inLanguage":"pl-PL","@id":"https:\/\/selleetools.com\/#\/schema\/logo\/image\/","url":"https:\/\/selleetools.com\/wp-content\/uploads\/2021\/10\/logo-dark.png","contentUrl":"https:\/\/selleetools.com\/wp-content\/uploads\/2021\/10\/logo-dark.png","width":320,"height":76,"caption":"Selleetools"},"image":{"@id":"https:\/\/selleetools.com\/#\/schema\/logo\/image\/"}},{"@type":"WebSite","@id":"https:\/\/selleetools.com\/#website","url":"https:\/\/selleetools.com\/","name":"Selleetools.com","description":"","publisher":{"@id":"https:\/\/selleetools.com\/#organization"},"potentialAction":[{"@type":"SearchAction","target":{"@type":"EntryPoint","urlTemplate":"https:\/\/selleetools.com\/?s={search_term_string}"},"query-input":"required name=search_term_string"}],"inLanguage":"pl-PL"},{"@type":"WebPage","@id":"https:\/\/selleetools.com\/pl\/product\/nine-less-a-control-azelaic-acid-toner-150-ml-tonik-do-skory-tradzikowej\/","url":"https:\/\/selleetools.com\/pl\/product\/nine-less-a-control-azelaic-acid-toner-150-ml-tonik-do-skory-tradzikowej\/","name":"NINE LESS A-Control Azelaic Acid Toner 150 ml - tonik do sk\u00f3ry tr\u0105dzikowej - Selleetools.com","isPartOf":{"@id":"https:\/\/selleetools.com\/#website"},"datePublished":"2025-10-24T12:29:25+00:00","dateModified":"2025-11-04T20:35:51+00:00","breadcrumb":{"@id":"https:\/\/selleetools.com\/pl\/product\/nine-less-a-control-azelaic-acid-toner-150-ml-tonik-do-skory-tradzikowej\/#breadcrumb"},"inLanguage":"pl-PL","potentialAction":[{"@type":"ReadAction","target":["https:\/\/selleetools.com\/pl\/product\/nine-less-a-control-azelaic-acid-toner-150-ml-tonik-do-skory-tradzikowej\/"]}]},{"@type":"BreadcrumbList","@id":"https:\/\/selleetools.com\/pl\/product\/nine-less-a-control-azelaic-acid-toner-150-ml-tonik-do-skory-tradzikowej\/#breadcrumb","itemListElement":[{"@type":"ListItem","position":1,"name":"Home","item":"https:\/\/selleetools.com\/pl\/"},{"@type":"ListItem","position":2,"name":"Katalog","item":"https:\/\/selleetools.com\/pl\/katalog\/"},{"@type":"ListItem","position":3,"name":"NINE LESS A-Control Azelaic Acid Toner 150 ml &#8211; tonik do sk\u00f3ry tr\u0105dzikowej"}]}]}},"_links":{"self":[{"href":"https:\/\/admincentral.selleetools.com\/pl\/wp-json\/wp\/v2\/product\/609092"}],"collection":[{"href":"https:\/\/admincentral.selleetools.com\/pl\/wp-json\/wp\/v2\/product"}],"about":[{"href":"https:\/\/admincentral.selleetools.com\/pl\/wp-json\/wp\/v2\/types\/product"}],"replies":[{"embeddable":true,"href":"https:\/\/admincentral.selleetools.com\/pl\/wp-json\/wp\/v2\/comments?post=609092"}],"wp:featuredmedia":[{"embeddable":true,"href":"https:\/\/admincentral.selleetools.com\/pl\/wp-json\/wp\/v2\/media\/609090"}],"wp:attachment":[{"href":"https:\/\/admincentral.selleetools.com\/pl\/wp-json\/wp\/v2\/media?parent=609092"}],"curies":[{"name":"wp","href":"https:\/\/api.w.org\/{rel}","templated":true}]}}