{"id":609116,"date":"2025-10-24T14:29:47","date_gmt":"2025-10-24T12:29:47","guid":{"rendered":"https:\/\/selleetools.com\/?post_type=product&#038;p=609116"},"modified":"2026-01-04T15:27:02","modified_gmt":"2026-01-04T14:27:02","slug":"medicube-collagen-jelly-cream-110-ml-krem-zel-nawilzajacy-z-kompleksem-kolagenu","status":"publish","type":"product","link":"https:\/\/admincentral.selleetools.com\/pl\/product\/medicube-collagen-jelly-cream-110-ml-krem-zel-nawilzajacy-z-kompleksem-kolagenu\/","title":{"rendered":"Medicube Collagen Jelly Cream 110 ml &#8211; krem-\u017cel nawil\u017caj\u0105cy z kompleksem kolagenu"},"content":{"rendered":"<p>Poznaj wyj\u0105tkowy krem-\u017cel od Medicube \u2013 Collagen Jelly Cream, kt\u00f3ry \u0142\u0105czy intensywne nawil\u017cenie z dzia\u0142aniem uj\u0119drniaj\u0105cym dzi\u0119ki unikalnemu kompleksowi kolagenowemu. Produkt ma lekk\u0105, przezroczyst\u0105, lekko r\u00f3\u017cowaw\u0105 konsystencj\u0119 \u017celow\u0105, kt\u00f3ra natychmiast si\u0119 wch\u0142ania i pozostawia sk\u00f3r\u0119 mi\u0119kk\u0105, spr\u0119\u017cyst\u0105 i promienn\u0105.<\/p>\n<p>Korzy\u015bci ze stosowania:<br \/>\nDog\u0142\u0119bne nawil\u017cenie \u2013 wielocz\u0105steczkowy kompleks kwasu hialuronowego i kolagenu (Collagen, Hydrolyzed Collagen, Soluble Collagen) wspiera utrzymanie odpowiedniego poziomu nawodnienia sk\u00f3ry.<br \/>\nPoprawa elastyczno\u015bci i j\u0119drno\u015bci \u2013 aktywny Active Collagen Complex oraz hydrolyzowana elastyna wspomagaj\u0105 regeneracj\u0119 sk\u00f3ry i wyg\u0142adzenie drobnych linii.<br \/>\nDzia\u0142anie roz\u015bwietlaj\u0105ce i wyg\u0142adzaj\u0105ce \u2013 niacynamid i adenozyna wyr\u00f3wnuj\u0105 koloryt sk\u00f3ry i zmniejszaj\u0105 widoczno\u015b\u0107 zmarszczek.<br \/>\nOd\u017cywienie i ochrona antyoksydacyjna \u2013 ekstrakty z bor\u00f3wki, pomidora, szpinaku i broku\u0142a oraz witamina E dzia\u0142aj\u0105 jak tarcza ochronna przed stresem oksydacyjnym.<br \/>\nOdpowiedni dla sk\u00f3ry wra\u017cliwej \u2013 delikatna formu\u0142a bez alkoholu etylowego, wzbogacona o ekstrakty ro\u015blinne i sk\u0142adniki o dzia\u0142aniu \u0142agodz\u0105cym, jak owies i aloes.<\/p>\n<p>Spos\u00f3b u\u017cycia:<br \/>\nNa\u0142\u00f3\u017c odpowiedni\u0105 ilo\u015b\u0107 kremu na oczyszczon\u0105 sk\u00f3r\u0119 twarzy jako ostatni etap piel\u0119gnacji. Delikatnie wklep opuszkami palc\u00f3w, a\u017c do ca\u0142kowitego wch\u0142oni\u0119cia. Stosuj rano i wieczorem, aby uzyska\u0107 optymalne rezultaty w postaci j\u0119drniejszej, bardziej nawil\u017conej i promiennej cery.<\/p>\n","protected":false},"excerpt":{"rendered":"<p>Poznaj wyj\u0105tkowy krem-\u017cel od Medicube \u2013 Collagen Jelly Cream, kt\u00f3ry \u0142\u0105czy intensywne nawil\u017cenie z dzia\u0142aniem uj\u0119drniaj\u0105cym dzi\u0119ki unikalnemu kompleksowi kolagenowemu. Produkt ma lekk\u0105, przezroczyst\u0105, lekko r\u00f3\u017cowaw\u0105 konsystencj\u0119 \u017celow\u0105, kt\u00f3ra natychmiast si\u0119 wch\u0142ania i pozostawia sk\u00f3r\u0119 mi\u0119kk\u0105, spr\u0119\u017cyst\u0105 i promienn\u0105. Korzy\u015bci ze stosowania: Dog\u0142\u0119bne nawil\u017cenie \u2013 wielocz\u0105steczkowy kompleks kwasu hialuronowego i kolagenu (Collagen, Hydrolyzed Collagen, Soluble &#8230; <a title=\"Medicube Collagen Jelly Cream 110 ml &#8211; krem-\u017cel nawil\u017caj\u0105cy z kompleksem kolagenu\" class=\"read-more\" href=\"https:\/\/admincentral.selleetools.com\/pl\/product\/medicube-collagen-jelly-cream-110-ml-krem-zel-nawilzajacy-z-kompleksem-kolagenu\/\">Read more<span class=\"screen-reader-text\">Medicube Collagen Jelly Cream 110 ml &#8211; krem-\u017cel nawil\u017caj\u0105cy z kompleksem kolagenu<\/span><\/a><\/p>\n","protected":false},"featured_media":609114,"comment_status":"open","ping_status":"closed","template":"","meta":{"_links_to":"","_links_to_target":""},"yoast_head":"<!-- This site is optimized with the Yoast SEO plugin v19.4 - https:\/\/yoast.com\/wordpress\/plugins\/seo\/ -->\n<title>Medicube Collagen Jelly Cream 110 ml - krem-\u017cel nawil\u017caj\u0105cy z kompleksem kolagenu - Selleetools.com<\/title>\n<meta name=\"robots\" content=\"index, follow, max-snippet:-1, max-image-preview:large, max-video-preview:-1\" \/>\n<link rel=\"canonical\" href=\"https:\/\/selleetools.com\/pl\/product\/medicube-collagen-jelly-cream-110-ml-krem-zel-nawilzajacy-z-kompleksem-kolagenu\/\" \/>\n<meta property=\"og:locale\" content=\"pl_PL\" \/>\n<meta property=\"og:type\" content=\"article\" \/>\n<meta property=\"og:title\" content=\"Medicube Collagen Jelly Cream 110 ml - krem-\u017cel nawil\u017caj\u0105cy z kompleksem kolagenu - Selleetools.com\" \/>\n<meta property=\"og:description\" content=\"Poznaj wyj\u0105tkowy krem-\u017cel od Medicube \u2013 Collagen Jelly Cream, kt\u00f3ry \u0142\u0105czy intensywne nawil\u017cenie z dzia\u0142aniem uj\u0119drniaj\u0105cym dzi\u0119ki unikalnemu kompleksowi kolagenowemu. Produkt ma lekk\u0105, przezroczyst\u0105, lekko r\u00f3\u017cowaw\u0105 konsystencj\u0119 \u017celow\u0105, kt\u00f3ra natychmiast si\u0119 wch\u0142ania i pozostawia sk\u00f3r\u0119 mi\u0119kk\u0105, spr\u0119\u017cyst\u0105 i promienn\u0105. Korzy\u015bci ze stosowania: Dog\u0142\u0119bne nawil\u017cenie \u2013 wielocz\u0105steczkowy kompleks kwasu hialuronowego i kolagenu (Collagen, Hydrolyzed Collagen, Soluble ... Read moreMedicube Collagen Jelly Cream 110 ml &#8211; krem-\u017cel nawil\u017caj\u0105cy z kompleksem kolagenu\" \/>\n<meta property=\"og:url\" content=\"https:\/\/selleetools.com\/pl\/product\/medicube-collagen-jelly-cream-110-ml-krem-zel-nawilzajacy-z-kompleksem-kolagenu\/\" \/>\n<meta property=\"og:site_name\" content=\"Selleetools.com\" \/>\n<meta property=\"article:modified_time\" content=\"2026-01-04T14:27:02+00:00\" \/>\n<meta property=\"og:image\" content=\"https:\/\/selleetools.com\/wp-content\/uploads\/2025\/10\/d25c4b087226cbfbaf238165f6746648.png\" \/>\n\t<meta property=\"og:image:width\" content=\"1200\" \/>\n\t<meta property=\"og:image:height\" content=\"1200\" \/>\n\t<meta property=\"og:image:type\" content=\"image\/png\" \/>\n<meta name=\"twitter:card\" content=\"summary_large_image\" \/>\n<meta name=\"twitter:label1\" content=\"Est. reading time\" \/>\n\t<meta name=\"twitter:data1\" content=\"1 minuta\" \/>\n<!-- \/ Yoast SEO plugin. -->","yoast_head_json":{"title":"Medicube Collagen Jelly Cream 110 ml - krem-\u017cel nawil\u017caj\u0105cy z kompleksem kolagenu - Selleetools.com","robots":{"index":"index","follow":"follow","max-snippet":"max-snippet:-1","max-image-preview":"max-image-preview:large","max-video-preview":"max-video-preview:-1"},"canonical":"https:\/\/selleetools.com\/pl\/product\/medicube-collagen-jelly-cream-110-ml-krem-zel-nawilzajacy-z-kompleksem-kolagenu\/","og_locale":"pl_PL","og_type":"article","og_title":"Medicube Collagen Jelly Cream 110 ml - krem-\u017cel nawil\u017caj\u0105cy z kompleksem kolagenu - Selleetools.com","og_description":"Poznaj wyj\u0105tkowy krem-\u017cel od Medicube \u2013 Collagen Jelly Cream, kt\u00f3ry \u0142\u0105czy intensywne nawil\u017cenie z dzia\u0142aniem uj\u0119drniaj\u0105cym dzi\u0119ki unikalnemu kompleksowi kolagenowemu. Produkt ma lekk\u0105, przezroczyst\u0105, lekko r\u00f3\u017cowaw\u0105 konsystencj\u0119 \u017celow\u0105, kt\u00f3ra natychmiast si\u0119 wch\u0142ania i pozostawia sk\u00f3r\u0119 mi\u0119kk\u0105, spr\u0119\u017cyst\u0105 i promienn\u0105. Korzy\u015bci ze stosowania: Dog\u0142\u0119bne nawil\u017cenie \u2013 wielocz\u0105steczkowy kompleks kwasu hialuronowego i kolagenu (Collagen, Hydrolyzed Collagen, Soluble ... Read moreMedicube Collagen Jelly Cream 110 ml &#8211; krem-\u017cel nawil\u017caj\u0105cy z kompleksem kolagenu","og_url":"https:\/\/selleetools.com\/pl\/product\/medicube-collagen-jelly-cream-110-ml-krem-zel-nawilzajacy-z-kompleksem-kolagenu\/","og_site_name":"Selleetools.com","article_modified_time":"2026-01-04T14:27:02+00:00","og_image":[{"width":1200,"height":1200,"url":"https:\/\/selleetools.com\/wp-content\/uploads\/2025\/10\/d25c4b087226cbfbaf238165f6746648.png","type":"image\/png"}],"twitter_card":"summary_large_image","twitter_misc":{"Est. reading time":"1 minuta"},"schema":{"@context":"https:\/\/schema.org","@graph":[{"@type":"Organization","@id":"https:\/\/selleetools.com\/#organization","name":"Selleetools","url":"https:\/\/selleetools.com\/","sameAs":[],"logo":{"@type":"ImageObject","inLanguage":"pl-PL","@id":"https:\/\/selleetools.com\/#\/schema\/logo\/image\/","url":"https:\/\/selleetools.com\/wp-content\/uploads\/2021\/10\/logo-dark.png","contentUrl":"https:\/\/selleetools.com\/wp-content\/uploads\/2021\/10\/logo-dark.png","width":320,"height":76,"caption":"Selleetools"},"image":{"@id":"https:\/\/selleetools.com\/#\/schema\/logo\/image\/"}},{"@type":"WebSite","@id":"https:\/\/selleetools.com\/#website","url":"https:\/\/selleetools.com\/","name":"Selleetools.com","description":"","publisher":{"@id":"https:\/\/selleetools.com\/#organization"},"potentialAction":[{"@type":"SearchAction","target":{"@type":"EntryPoint","urlTemplate":"https:\/\/selleetools.com\/?s={search_term_string}"},"query-input":"required name=search_term_string"}],"inLanguage":"pl-PL"},{"@type":"WebPage","@id":"https:\/\/selleetools.com\/pl\/product\/medicube-collagen-jelly-cream-110-ml-krem-zel-nawilzajacy-z-kompleksem-kolagenu\/","url":"https:\/\/selleetools.com\/pl\/product\/medicube-collagen-jelly-cream-110-ml-krem-zel-nawilzajacy-z-kompleksem-kolagenu\/","name":"Medicube Collagen Jelly Cream 110 ml - krem-\u017cel nawil\u017caj\u0105cy z kompleksem kolagenu - Selleetools.com","isPartOf":{"@id":"https:\/\/selleetools.com\/#website"},"datePublished":"2025-10-24T12:29:47+00:00","dateModified":"2026-01-04T14:27:02+00:00","breadcrumb":{"@id":"https:\/\/selleetools.com\/pl\/product\/medicube-collagen-jelly-cream-110-ml-krem-zel-nawilzajacy-z-kompleksem-kolagenu\/#breadcrumb"},"inLanguage":"pl-PL","potentialAction":[{"@type":"ReadAction","target":["https:\/\/selleetools.com\/pl\/product\/medicube-collagen-jelly-cream-110-ml-krem-zel-nawilzajacy-z-kompleksem-kolagenu\/"]}]},{"@type":"BreadcrumbList","@id":"https:\/\/selleetools.com\/pl\/product\/medicube-collagen-jelly-cream-110-ml-krem-zel-nawilzajacy-z-kompleksem-kolagenu\/#breadcrumb","itemListElement":[{"@type":"ListItem","position":1,"name":"Home","item":"https:\/\/selleetools.com\/pl\/"},{"@type":"ListItem","position":2,"name":"Katalog","item":"https:\/\/selleetools.com\/pl\/katalog\/"},{"@type":"ListItem","position":3,"name":"Medicube Collagen Jelly Cream 110 ml &#8211; krem-\u017cel nawil\u017caj\u0105cy z kompleksem kolagenu"}]}]}},"_links":{"self":[{"href":"https:\/\/admincentral.selleetools.com\/pl\/wp-json\/wp\/v2\/product\/609116"}],"collection":[{"href":"https:\/\/admincentral.selleetools.com\/pl\/wp-json\/wp\/v2\/product"}],"about":[{"href":"https:\/\/admincentral.selleetools.com\/pl\/wp-json\/wp\/v2\/types\/product"}],"replies":[{"embeddable":true,"href":"https:\/\/admincentral.selleetools.com\/pl\/wp-json\/wp\/v2\/comments?post=609116"}],"wp:featuredmedia":[{"embeddable":true,"href":"https:\/\/admincentral.selleetools.com\/pl\/wp-json\/wp\/v2\/media\/609114"}],"wp:attachment":[{"href":"https:\/\/admincentral.selleetools.com\/pl\/wp-json\/wp\/v2\/media?parent=609116"}],"curies":[{"name":"wp","href":"https:\/\/api.w.org\/{rel}","templated":true}]}}