{"id":609149,"date":"2025-10-24T14:30:16","date_gmt":"2025-10-24T12:30:16","guid":{"rendered":"https:\/\/selleetools.com\/?post_type=product&#038;p=609149"},"modified":"2025-11-04T21:36:50","modified_gmt":"2025-11-04T20:36:50","slug":"medi-peel-algo-tox-deep-clear-150-ml-oczyszczajacy-zel-do-mycia-twarzy","status":"publish","type":"product","link":"https:\/\/admincentral.selleetools.com\/pl\/product\/medi-peel-algo-tox-deep-clear-150-ml-oczyszczajacy-zel-do-mycia-twarzy\/","title":{"rendered":"MEDI-PEEL Algo-Tox Deep Clear 150 ml oczyszczaj\u0105cy \u017cel do mycia twarzy"},"content":{"rendered":"<p>MEDI-PEEL Algo-Tox Deep Clear to zaawansowany \u017cel do mycia twarzy, kt\u00f3ry skutecznie oczyszcza sk\u00f3r\u0119, jednocze\u015bnie dbaj\u0105c o jej r\u00f3wnowag\u0119 i kondycj\u0119. Formu\u0142a bazuj\u0105ca na technologii tlenowej oraz bogactwie ekstrakt\u00f3w ro\u015blinnych i peptyd\u00f3w pozwala na g\u0142\u0119bokie usuni\u0119cie zanieczyszcze\u0144, nadmiaru sebum oraz resztek makija\u017cu bez naruszania naturalnej bariery ochronnej sk\u00f3ry. Preparat sprawdza si\u0119 szczeg\u00f3lnie dobrze w piel\u0119gnacji cery problematycznej, mieszanej i t\u0142ustej, nara\u017conej na dzia\u0142anie zanieczyszcze\u0144 \u015brodowiskowych.<\/p>\n<p>Korzy\u015bci ze stosowania:<br \/>\nDog\u0142\u0119bne oczyszczenie por\u00f3w \u2013 obecno\u015b\u0107 Sodium C14-16 Olefin Sulfonate i Lauryl Betaine umo\u017cliwia dok\u0142adne usuni\u0119cie zanieczyszcze\u0144 i martwego nask\u00f3rka.<br \/>\nEfekt od\u015bwie\u017cenia i detoksykacji \u2013 tlenowe komponenty (Methyl Perfluoroisobutyl Ether, Methyl Perfluorobutyl Ether) wspomagaj\u0105 dotlenienie sk\u00f3ry, daj\u0105c uczucie lekko\u015bci i \u015bwie\u017co\u015bci.<br \/>\nRedukcja stan\u00f3w zapalnych \u2013 sk\u0142adniki jak Salix Alba Bark Extract, Centella Asiatica, ekstrakt z grzyba Chaga i Portulaca Oleracea \u0142agodz\u0105 podra\u017cnienia oraz wspomagaj\u0105 procesy regeneracyjne.<br \/>\nDzia\u0142anie przeciwstarzeniowe \u2013 obecno\u015b\u0107 kompleksu peptydowego (Copper Tripeptide-1, Acetyl Hexapeptide-8, Palmitoyl Hexapeptide-12) poprawia j\u0119drno\u015b\u0107 sk\u00f3ry i stymuluje syntez\u0119 kolagenu.<br \/>\nWsparcie bariery ochronnej \u2013 fermenty (Lactobacillus\/Soybean Ferment Extract) i gliceryna nawil\u017caj\u0105 i wzmacniaj\u0105 mikrobiom sk\u00f3ry.<\/p>\n<p>Spos\u00f3b u\u017cycia:<br \/>\nPo umyciu twarzy osusz sk\u00f3r\u0119 r\u0119cznikiem.<br \/>\nNa\u0142\u00f3\u017c r\u00f3wnomiernie odpowiedni\u0105 ilo\u015b\u0107 produktu na ca\u0142\u0105 twarz, omijaj\u0105c okolice oczu i ust.<br \/>\nPo chwili pojawi\u0105 si\u0119 drobne p\u0119cherzyki tlenu \u2013 pozostaw je na 1 minut\u0119.<br \/>\nZwil\u017c d\u0142onie wod\u0105, delikatnie masuj twarz, a nast\u0119pnie dok\u0142adnie sp\u0142ucz letni\u0105 wod\u0105<\/p>\n","protected":false},"excerpt":{"rendered":"<p>MEDI-PEEL Algo-Tox Deep Clear to zaawansowany \u017cel do mycia twarzy, kt\u00f3ry skutecznie oczyszcza sk\u00f3r\u0119, jednocze\u015bnie dbaj\u0105c o jej r\u00f3wnowag\u0119 i kondycj\u0119. Formu\u0142a bazuj\u0105ca na technologii tlenowej oraz bogactwie ekstrakt\u00f3w ro\u015blinnych i peptyd\u00f3w pozwala na g\u0142\u0119bokie usuni\u0119cie zanieczyszcze\u0144, nadmiaru sebum oraz resztek makija\u017cu bez naruszania naturalnej bariery ochronnej sk\u00f3ry. Preparat sprawdza si\u0119 szczeg\u00f3lnie dobrze w piel\u0119gnacji &#8230; <a title=\"MEDI-PEEL Algo-Tox Deep Clear 150 ml oczyszczaj\u0105cy \u017cel do mycia twarzy\" class=\"read-more\" href=\"https:\/\/admincentral.selleetools.com\/pl\/product\/medi-peel-algo-tox-deep-clear-150-ml-oczyszczajacy-zel-do-mycia-twarzy\/\">Read more<span class=\"screen-reader-text\">MEDI-PEEL Algo-Tox Deep Clear 150 ml oczyszczaj\u0105cy \u017cel do mycia twarzy<\/span><\/a><\/p>\n","protected":false},"featured_media":609147,"comment_status":"open","ping_status":"closed","template":"","meta":{"_links_to":"","_links_to_target":""},"yoast_head":"<!-- This site is optimized with the Yoast SEO plugin v19.4 - https:\/\/yoast.com\/wordpress\/plugins\/seo\/ -->\n<title>MEDI-PEEL Algo-Tox Deep Clear 150 ml oczyszczaj\u0105cy \u017cel do mycia twarzy - Selleetools.com<\/title>\n<meta name=\"robots\" content=\"index, follow, max-snippet:-1, max-image-preview:large, max-video-preview:-1\" \/>\n<link rel=\"canonical\" href=\"https:\/\/admincentral.selleetools.com\/product\/medi-peel-algo-tox-deep-clear-150-ml-oczyszczajacy-zel-do-mycia-twarzy\/\" \/>\n<meta property=\"og:locale\" content=\"pl_PL\" \/>\n<meta property=\"og:type\" content=\"article\" \/>\n<meta property=\"og:title\" content=\"MEDI-PEEL Algo-Tox Deep Clear 150 ml oczyszczaj\u0105cy \u017cel do mycia twarzy - Selleetools.com\" \/>\n<meta property=\"og:description\" content=\"MEDI-PEEL Algo-Tox Deep Clear to zaawansowany \u017cel do mycia twarzy, kt\u00f3ry skutecznie oczyszcza sk\u00f3r\u0119, jednocze\u015bnie dbaj\u0105c o jej r\u00f3wnowag\u0119 i kondycj\u0119. Formu\u0142a bazuj\u0105ca na technologii tlenowej oraz bogactwie ekstrakt\u00f3w ro\u015blinnych i peptyd\u00f3w pozwala na g\u0142\u0119bokie usuni\u0119cie zanieczyszcze\u0144, nadmiaru sebum oraz resztek makija\u017cu bez naruszania naturalnej bariery ochronnej sk\u00f3ry. Preparat sprawdza si\u0119 szczeg\u00f3lnie dobrze w piel\u0119gnacji ... Read moreMEDI-PEEL Algo-Tox Deep Clear 150 ml oczyszczaj\u0105cy \u017cel do mycia twarzy\" \/>\n<meta property=\"og:url\" content=\"https:\/\/admincentral.selleetools.com\/product\/medi-peel-algo-tox-deep-clear-150-ml-oczyszczajacy-zel-do-mycia-twarzy\/\" \/>\n<meta property=\"og:site_name\" content=\"Selleetools.com\" \/>\n<meta property=\"article:modified_time\" content=\"2025-11-04T20:36:50+00:00\" \/>\n<meta property=\"og:image\" content=\"https:\/\/selleetools.com\/wp-content\/uploads\/2025\/10\/b3a486983085548391fb597e717e9af0.jpg\" \/>\n\t<meta property=\"og:image:width\" content=\"1000\" \/>\n\t<meta property=\"og:image:height\" content=\"1000\" \/>\n\t<meta property=\"og:image:type\" content=\"image\/jpeg\" \/>\n<meta name=\"twitter:card\" content=\"summary_large_image\" \/>\n<meta name=\"twitter:label1\" content=\"Est. reading time\" \/>\n\t<meta name=\"twitter:data1\" content=\"1 minuta\" \/>\n<!-- \/ Yoast SEO plugin. -->","yoast_head_json":{"title":"MEDI-PEEL Algo-Tox Deep Clear 150 ml oczyszczaj\u0105cy \u017cel do mycia twarzy - Selleetools.com","robots":{"index":"index","follow":"follow","max-snippet":"max-snippet:-1","max-image-preview":"max-image-preview:large","max-video-preview":"max-video-preview:-1"},"canonical":"https:\/\/admincentral.selleetools.com\/product\/medi-peel-algo-tox-deep-clear-150-ml-oczyszczajacy-zel-do-mycia-twarzy\/","og_locale":"pl_PL","og_type":"article","og_title":"MEDI-PEEL Algo-Tox Deep Clear 150 ml oczyszczaj\u0105cy \u017cel do mycia twarzy - Selleetools.com","og_description":"MEDI-PEEL Algo-Tox Deep Clear to zaawansowany \u017cel do mycia twarzy, kt\u00f3ry skutecznie oczyszcza sk\u00f3r\u0119, jednocze\u015bnie dbaj\u0105c o jej r\u00f3wnowag\u0119 i kondycj\u0119. Formu\u0142a bazuj\u0105ca na technologii tlenowej oraz bogactwie ekstrakt\u00f3w ro\u015blinnych i peptyd\u00f3w pozwala na g\u0142\u0119bokie usuni\u0119cie zanieczyszcze\u0144, nadmiaru sebum oraz resztek makija\u017cu bez naruszania naturalnej bariery ochronnej sk\u00f3ry. Preparat sprawdza si\u0119 szczeg\u00f3lnie dobrze w piel\u0119gnacji ... Read moreMEDI-PEEL Algo-Tox Deep Clear 150 ml oczyszczaj\u0105cy \u017cel do mycia twarzy","og_url":"https:\/\/admincentral.selleetools.com\/product\/medi-peel-algo-tox-deep-clear-150-ml-oczyszczajacy-zel-do-mycia-twarzy\/","og_site_name":"Selleetools.com","article_modified_time":"2025-11-04T20:36:50+00:00","og_image":[{"width":1000,"height":1000,"url":"https:\/\/selleetools.com\/wp-content\/uploads\/2025\/10\/b3a486983085548391fb597e717e9af0.jpg","type":"image\/jpeg"}],"twitter_card":"summary_large_image","twitter_misc":{"Est. reading time":"1 minuta"},"schema":{"@context":"https:\/\/schema.org","@graph":[{"@type":"Organization","@id":"https:\/\/selleetools.com\/#organization","name":"Selleetools","url":"https:\/\/selleetools.com\/","sameAs":[],"logo":{"@type":"ImageObject","inLanguage":"pl-PL","@id":"https:\/\/selleetools.com\/#\/schema\/logo\/image\/","url":"https:\/\/selleetools.com\/wp-content\/uploads\/2021\/10\/logo-dark.png","contentUrl":"https:\/\/selleetools.com\/wp-content\/uploads\/2021\/10\/logo-dark.png","width":320,"height":76,"caption":"Selleetools"},"image":{"@id":"https:\/\/selleetools.com\/#\/schema\/logo\/image\/"}},{"@type":"WebSite","@id":"https:\/\/selleetools.com\/#website","url":"https:\/\/selleetools.com\/","name":"Selleetools.com","description":"","publisher":{"@id":"https:\/\/selleetools.com\/#organization"},"potentialAction":[{"@type":"SearchAction","target":{"@type":"EntryPoint","urlTemplate":"https:\/\/selleetools.com\/?s={search_term_string}"},"query-input":"required name=search_term_string"}],"inLanguage":"pl-PL"},{"@type":"WebPage","@id":"https:\/\/admincentral.selleetools.com\/product\/medi-peel-algo-tox-deep-clear-150-ml-oczyszczajacy-zel-do-mycia-twarzy\/","url":"https:\/\/admincentral.selleetools.com\/product\/medi-peel-algo-tox-deep-clear-150-ml-oczyszczajacy-zel-do-mycia-twarzy\/","name":"MEDI-PEEL Algo-Tox Deep Clear 150 ml oczyszczaj\u0105cy \u017cel do mycia twarzy - Selleetools.com","isPartOf":{"@id":"https:\/\/selleetools.com\/#website"},"datePublished":"2025-10-24T12:30:16+00:00","dateModified":"2025-11-04T20:36:50+00:00","breadcrumb":{"@id":"https:\/\/admincentral.selleetools.com\/product\/medi-peel-algo-tox-deep-clear-150-ml-oczyszczajacy-zel-do-mycia-twarzy\/#breadcrumb"},"inLanguage":"pl-PL","potentialAction":[{"@type":"ReadAction","target":["https:\/\/admincentral.selleetools.com\/product\/medi-peel-algo-tox-deep-clear-150-ml-oczyszczajacy-zel-do-mycia-twarzy\/"]}]},{"@type":"BreadcrumbList","@id":"https:\/\/admincentral.selleetools.com\/product\/medi-peel-algo-tox-deep-clear-150-ml-oczyszczajacy-zel-do-mycia-twarzy\/#breadcrumb","itemListElement":[{"@type":"ListItem","position":1,"name":"Home","item":"https:\/\/selleetools.com\/pl\/"},{"@type":"ListItem","position":2,"name":"Katalog","item":"https:\/\/selleetools.com\/pl\/katalog\/"},{"@type":"ListItem","position":3,"name":"MEDI-PEEL Algo-Tox Deep Clear 150 ml oczyszczaj\u0105cy \u017cel do mycia twarzy"}]}]}},"_links":{"self":[{"href":"https:\/\/admincentral.selleetools.com\/pl\/wp-json\/wp\/v2\/product\/609149"}],"collection":[{"href":"https:\/\/admincentral.selleetools.com\/pl\/wp-json\/wp\/v2\/product"}],"about":[{"href":"https:\/\/admincentral.selleetools.com\/pl\/wp-json\/wp\/v2\/types\/product"}],"replies":[{"embeddable":true,"href":"https:\/\/admincentral.selleetools.com\/pl\/wp-json\/wp\/v2\/comments?post=609149"}],"wp:featuredmedia":[{"embeddable":true,"href":"https:\/\/admincentral.selleetools.com\/pl\/wp-json\/wp\/v2\/media\/609147"}],"wp:attachment":[{"href":"https:\/\/admincentral.selleetools.com\/pl\/wp-json\/wp\/v2\/media?parent=609149"}],"curies":[{"name":"wp","href":"https:\/\/api.w.org\/{rel}","templated":true}]}}