{"id":609182,"date":"2025-10-24T14:30:44","date_gmt":"2025-10-24T12:30:44","guid":{"rendered":"https:\/\/selleetools.com\/?post_type=product&#038;p=609182"},"modified":"2025-11-04T21:37:00","modified_gmt":"2025-11-04T20:37:00","slug":"medi-peel-collagen-super-10-sleeping-cream-70-ml-regenerujacy-krem-na-noc","status":"publish","type":"product","link":"https:\/\/admincentral.selleetools.com\/pl\/product\/medi-peel-collagen-super-10-sleeping-cream-70-ml-regenerujacy-krem-na-noc\/","title":{"rendered":"MEDI-PEEL Collagen Super 10 Sleeping Cream 70 ml &#8211; regeneruj\u0105cy krem na noc"},"content":{"rendered":"<p>Regeneruj\u0105cy krem na noc MEDI-PEEL Collagen Super 10 to intensywnie piel\u0119gnuj\u0105ca formu\u0142a oparta na dzia\u0142aniu 10 rodzaj\u00f3w peptyd\u00f3w oraz hydrolizowanego kolagenu. Krem wspomaga odbudow\u0119 sk\u00f3ry podczas snu, poprawiaj\u0105c jej j\u0119drno\u015b\u0107, nawil\u017cenie i elastyczno\u015b\u0107. Lekka, ale od\u017cywcza konsystencja szybko si\u0119 wch\u0142ania, nie obci\u0105\u017caj\u0105c sk\u00f3ry, a przy tym pozostawiaj\u0105c j\u0105 mi\u0119kk\u0105, wyg\u0142adzon\u0105 i zregenerowan\u0105.<\/p>\n<p>Korzy\u015bci ze stosowania:<br \/>\nRegeneracja i uj\u0119drnienie: Kolagen i kompleks peptydowy wspomagaj\u0105 odbudow\u0119 struktury sk\u00f3ry, zmniejszaj\u0105 widoczno\u015b\u0107 drobnych zmarszczek i poprawiaj\u0105 jej spr\u0119\u017cysto\u015b\u0107.<br \/>\nSilne nawil\u017cenie: Sk\u0142adniki takie jak kwas hialuronowy, gliceryna i trehaloza g\u0142\u0119boko nawil\u017caj\u0105 i zatrzymuj\u0105 wilgo\u0107 w sk\u00f3rze.<br \/>\nWyr\u00f3wnanie kolorytu: Niacynamid dzia\u0142a rozja\u015bniaj\u0105co i wspiera redukcj\u0119 przebarwie\u0144.<br \/>\nDzia\u0142anie \u0142agodz\u0105ce: Ekstrakty z owsa, aloesu, zielonej herbaty i portulaki koj\u0105 sk\u00f3r\u0119, zmniejszaj\u0105c podra\u017cnienia i zaczerwienienia.<br \/>\nOchrona antyoksydacyjna: Wyci\u0105gi z bor\u00f3wki, szpinaku, pomidora i broku\u0142\u00f3w dostarczaj\u0105 przeciwutleniaczy chroni\u0105cych przed stresem oksydacyjnym.<\/p>\n<p>Spos\u00f3b u\u017cycia:<br \/>\nNa\u0142\u00f3\u017c odpowiedni\u0105 ilo\u015b\u0107 kremu jako ostatni etap wieczornej piel\u0119gnacji twarzy. Rozprowad\u017a r\u00f3wnomiernie na sk\u00f3rze twarzy i szyi, omijaj\u0105c okolice oczu. Pozostaw na noc \u2013 krem dzia\u0142a intensywnie podczas snu. Rano sp\u0142ucz ciep\u0142\u0105 wod\u0105 w ramach codziennej rutyny oczyszczania.<\/p>\n","protected":false},"excerpt":{"rendered":"<p>Regeneruj\u0105cy krem na noc MEDI-PEEL Collagen Super 10 to intensywnie piel\u0119gnuj\u0105ca formu\u0142a oparta na dzia\u0142aniu 10 rodzaj\u00f3w peptyd\u00f3w oraz hydrolizowanego kolagenu. Krem wspomaga odbudow\u0119 sk\u00f3ry podczas snu, poprawiaj\u0105c jej j\u0119drno\u015b\u0107, nawil\u017cenie i elastyczno\u015b\u0107. Lekka, ale od\u017cywcza konsystencja szybko si\u0119 wch\u0142ania, nie obci\u0105\u017caj\u0105c sk\u00f3ry, a przy tym pozostawiaj\u0105c j\u0105 mi\u0119kk\u0105, wyg\u0142adzon\u0105 i zregenerowan\u0105. Korzy\u015bci ze stosowania: &#8230; <a title=\"MEDI-PEEL Collagen Super 10 Sleeping Cream 70 ml &#8211; regeneruj\u0105cy krem na noc\" class=\"read-more\" href=\"https:\/\/admincentral.selleetools.com\/pl\/product\/medi-peel-collagen-super-10-sleeping-cream-70-ml-regenerujacy-krem-na-noc\/\">Read more<span class=\"screen-reader-text\">MEDI-PEEL Collagen Super 10 Sleeping Cream 70 ml &#8211; regeneruj\u0105cy krem na noc<\/span><\/a><\/p>\n","protected":false},"featured_media":609180,"comment_status":"open","ping_status":"closed","template":"","meta":{"_links_to":"","_links_to_target":""},"yoast_head":"<!-- This site is optimized with the Yoast SEO plugin v19.4 - https:\/\/yoast.com\/wordpress\/plugins\/seo\/ -->\n<title>MEDI-PEEL Collagen Super 10 Sleeping Cream 70 ml - regeneruj\u0105cy krem na noc - Selleetools.com<\/title>\n<meta name=\"robots\" content=\"index, follow, max-snippet:-1, max-image-preview:large, max-video-preview:-1\" \/>\n<link rel=\"canonical\" href=\"https:\/\/selleetools.com\/pl\/product\/medi-peel-collagen-super-10-sleeping-cream-70-ml-regenerujacy-krem-na-noc\/\" \/>\n<meta property=\"og:locale\" content=\"pl_PL\" \/>\n<meta property=\"og:type\" content=\"article\" \/>\n<meta property=\"og:title\" content=\"MEDI-PEEL Collagen Super 10 Sleeping Cream 70 ml - regeneruj\u0105cy krem na noc - Selleetools.com\" \/>\n<meta property=\"og:description\" content=\"Regeneruj\u0105cy krem na noc MEDI-PEEL Collagen Super 10 to intensywnie piel\u0119gnuj\u0105ca formu\u0142a oparta na dzia\u0142aniu 10 rodzaj\u00f3w peptyd\u00f3w oraz hydrolizowanego kolagenu. Krem wspomaga odbudow\u0119 sk\u00f3ry podczas snu, poprawiaj\u0105c jej j\u0119drno\u015b\u0107, nawil\u017cenie i elastyczno\u015b\u0107. Lekka, ale od\u017cywcza konsystencja szybko si\u0119 wch\u0142ania, nie obci\u0105\u017caj\u0105c sk\u00f3ry, a przy tym pozostawiaj\u0105c j\u0105 mi\u0119kk\u0105, wyg\u0142adzon\u0105 i zregenerowan\u0105. Korzy\u015bci ze stosowania: ... Read moreMEDI-PEEL Collagen Super 10 Sleeping Cream 70 ml &#8211; regeneruj\u0105cy krem na noc\" \/>\n<meta property=\"og:url\" content=\"https:\/\/selleetools.com\/pl\/product\/medi-peel-collagen-super-10-sleeping-cream-70-ml-regenerujacy-krem-na-noc\/\" \/>\n<meta property=\"og:site_name\" content=\"Selleetools.com\" \/>\n<meta property=\"article:modified_time\" content=\"2025-11-04T20:37:00+00:00\" \/>\n<meta property=\"og:image\" content=\"https:\/\/selleetools.com\/wp-content\/uploads\/2025\/10\/5d320c83249d4882619d1de13c41b257.png\" \/>\n\t<meta property=\"og:image:width\" content=\"1200\" \/>\n\t<meta property=\"og:image:height\" content=\"1200\" \/>\n\t<meta property=\"og:image:type\" content=\"image\/png\" \/>\n<meta name=\"twitter:card\" content=\"summary_large_image\" \/>\n<meta name=\"twitter:label1\" content=\"Est. reading time\" \/>\n\t<meta name=\"twitter:data1\" content=\"1 minuta\" \/>\n<!-- \/ Yoast SEO plugin. -->","yoast_head_json":{"title":"MEDI-PEEL Collagen Super 10 Sleeping Cream 70 ml - regeneruj\u0105cy krem na noc - Selleetools.com","robots":{"index":"index","follow":"follow","max-snippet":"max-snippet:-1","max-image-preview":"max-image-preview:large","max-video-preview":"max-video-preview:-1"},"canonical":"https:\/\/selleetools.com\/pl\/product\/medi-peel-collagen-super-10-sleeping-cream-70-ml-regenerujacy-krem-na-noc\/","og_locale":"pl_PL","og_type":"article","og_title":"MEDI-PEEL Collagen Super 10 Sleeping Cream 70 ml - regeneruj\u0105cy krem na noc - Selleetools.com","og_description":"Regeneruj\u0105cy krem na noc MEDI-PEEL Collagen Super 10 to intensywnie piel\u0119gnuj\u0105ca formu\u0142a oparta na dzia\u0142aniu 10 rodzaj\u00f3w peptyd\u00f3w oraz hydrolizowanego kolagenu. Krem wspomaga odbudow\u0119 sk\u00f3ry podczas snu, poprawiaj\u0105c jej j\u0119drno\u015b\u0107, nawil\u017cenie i elastyczno\u015b\u0107. Lekka, ale od\u017cywcza konsystencja szybko si\u0119 wch\u0142ania, nie obci\u0105\u017caj\u0105c sk\u00f3ry, a przy tym pozostawiaj\u0105c j\u0105 mi\u0119kk\u0105, wyg\u0142adzon\u0105 i zregenerowan\u0105. Korzy\u015bci ze stosowania: ... Read moreMEDI-PEEL Collagen Super 10 Sleeping Cream 70 ml &#8211; regeneruj\u0105cy krem na noc","og_url":"https:\/\/selleetools.com\/pl\/product\/medi-peel-collagen-super-10-sleeping-cream-70-ml-regenerujacy-krem-na-noc\/","og_site_name":"Selleetools.com","article_modified_time":"2025-11-04T20:37:00+00:00","og_image":[{"width":1200,"height":1200,"url":"https:\/\/selleetools.com\/wp-content\/uploads\/2025\/10\/5d320c83249d4882619d1de13c41b257.png","type":"image\/png"}],"twitter_card":"summary_large_image","twitter_misc":{"Est. reading time":"1 minuta"},"schema":{"@context":"https:\/\/schema.org","@graph":[{"@type":"Organization","@id":"https:\/\/selleetools.com\/#organization","name":"Selleetools","url":"https:\/\/selleetools.com\/","sameAs":[],"logo":{"@type":"ImageObject","inLanguage":"pl-PL","@id":"https:\/\/selleetools.com\/#\/schema\/logo\/image\/","url":"https:\/\/selleetools.com\/wp-content\/uploads\/2021\/10\/logo-dark.png","contentUrl":"https:\/\/selleetools.com\/wp-content\/uploads\/2021\/10\/logo-dark.png","width":320,"height":76,"caption":"Selleetools"},"image":{"@id":"https:\/\/selleetools.com\/#\/schema\/logo\/image\/"}},{"@type":"WebSite","@id":"https:\/\/selleetools.com\/#website","url":"https:\/\/selleetools.com\/","name":"Selleetools.com","description":"","publisher":{"@id":"https:\/\/selleetools.com\/#organization"},"potentialAction":[{"@type":"SearchAction","target":{"@type":"EntryPoint","urlTemplate":"https:\/\/selleetools.com\/?s={search_term_string}"},"query-input":"required name=search_term_string"}],"inLanguage":"pl-PL"},{"@type":"WebPage","@id":"https:\/\/selleetools.com\/pl\/product\/medi-peel-collagen-super-10-sleeping-cream-70-ml-regenerujacy-krem-na-noc\/","url":"https:\/\/selleetools.com\/pl\/product\/medi-peel-collagen-super-10-sleeping-cream-70-ml-regenerujacy-krem-na-noc\/","name":"MEDI-PEEL Collagen Super 10 Sleeping Cream 70 ml - regeneruj\u0105cy krem na noc - Selleetools.com","isPartOf":{"@id":"https:\/\/selleetools.com\/#website"},"datePublished":"2025-10-24T12:30:44+00:00","dateModified":"2025-11-04T20:37:00+00:00","breadcrumb":{"@id":"https:\/\/selleetools.com\/pl\/product\/medi-peel-collagen-super-10-sleeping-cream-70-ml-regenerujacy-krem-na-noc\/#breadcrumb"},"inLanguage":"pl-PL","potentialAction":[{"@type":"ReadAction","target":["https:\/\/selleetools.com\/pl\/product\/medi-peel-collagen-super-10-sleeping-cream-70-ml-regenerujacy-krem-na-noc\/"]}]},{"@type":"BreadcrumbList","@id":"https:\/\/selleetools.com\/pl\/product\/medi-peel-collagen-super-10-sleeping-cream-70-ml-regenerujacy-krem-na-noc\/#breadcrumb","itemListElement":[{"@type":"ListItem","position":1,"name":"Home","item":"https:\/\/selleetools.com\/pl\/"},{"@type":"ListItem","position":2,"name":"Katalog","item":"https:\/\/selleetools.com\/pl\/katalog\/"},{"@type":"ListItem","position":3,"name":"MEDI-PEEL Collagen Super 10 Sleeping Cream 70 ml &#8211; regeneruj\u0105cy krem na noc"}]}]}},"_links":{"self":[{"href":"https:\/\/admincentral.selleetools.com\/pl\/wp-json\/wp\/v2\/product\/609182"}],"collection":[{"href":"https:\/\/admincentral.selleetools.com\/pl\/wp-json\/wp\/v2\/product"}],"about":[{"href":"https:\/\/admincentral.selleetools.com\/pl\/wp-json\/wp\/v2\/types\/product"}],"replies":[{"embeddable":true,"href":"https:\/\/admincentral.selleetools.com\/pl\/wp-json\/wp\/v2\/comments?post=609182"}],"wp:featuredmedia":[{"embeddable":true,"href":"https:\/\/admincentral.selleetools.com\/pl\/wp-json\/wp\/v2\/media\/609180"}],"wp:attachment":[{"href":"https:\/\/admincentral.selleetools.com\/pl\/wp-json\/wp\/v2\/media?parent=609182"}],"curies":[{"name":"wp","href":"https:\/\/api.w.org\/{rel}","templated":true}]}}