{"id":609466,"date":"2025-10-24T14:34:56","date_gmt":"2025-10-24T12:34:56","guid":{"rendered":"https:\/\/selleetools.com\/?post_type=product&#038;p=609466"},"modified":"2025-11-04T21:37:20","modified_gmt":"2025-11-04T20:37:20","slug":"medi-peel-hyaluron-cica-peptide-9-ampoule-eye-patch-60-szt-nawilzajace-hydrozelowe-platki-pod-oczy","status":"publish","type":"product","link":"https:\/\/admincentral.selleetools.com\/pl\/product\/medi-peel-hyaluron-cica-peptide-9-ampoule-eye-patch-60-szt-nawilzajace-hydrozelowe-platki-pod-oczy\/","title":{"rendered":"MEDI-PEEL Hyaluron Cica Peptide 9 Ampoule Eye Patch 60 szt &#8211; nawil\u017caj\u0105ce hydro\u017celowe p\u0142atki pod oczy"},"content":{"rendered":"<p>MEDI-PEEL Hyaluron Cica Peptide 9 Ampoule Eye Patch to zaawansowane hydro\u017celowe p\u0142atki pod oczy o intensywnie nawil\u017caj\u0105cym i regeneruj\u0105cym dzia\u0142aniu. Oparte na po\u0142\u0105czeniu kwasu hialuronowego, peptyd\u00f3w oraz ekstraktu z w\u0105kroty azjatyckiej, doskonale piel\u0119gnuj\u0105 delikatn\u0105 sk\u00f3r\u0119 wok\u00f3\u0142 oczu. Ich elastyczna, \u017celowa struktura idealnie przylega do sk\u00f3ry, umo\u017cliwiaj\u0105c g\u0142\u0119bokie wnikanie sk\u0142adnik\u00f3w aktywnych.<\/p>\n<p>Korzy\u015bci ze stosowania:<br \/>\nIntensywne nawil\u017cenie dzi\u0119ki kompleksowi a\u017c 8 rodzaj\u00f3w kwasu hialuronowego (w tym Sodium Hyaluronate, Hydrolyzed Hyaluronic Acid, Potassium Hyaluronate) \u2013 sk\u00f3ra staje si\u0119 j\u0119drniejsza, g\u0142adsza i bardziej elastyczna.<br \/>\n\u0141agodzenie i regeneracja \u2013 ekstrakt z Centella Asiatica oraz jej aktywne sk\u0142adniki (Asiatic Acid, Madecassic Acid, Asiaticoside) wspomagaj\u0105 gojenie mikrouszkodze\u0144 i wzmacniaj\u0105 barier\u0119 hydrolipidow\u0105.<br \/>\nDzia\u0142anie przeciwzmarszczkowe i uj\u0119drniaj\u0105ce \u2013 zawarto\u015b\u0107 peptyd\u00f3w, takich jak Palmitoyl Tripeptide-1, Acetyl Hexapeptide-8, czy Copper Tripeptide-1, wspiera produkcj\u0119 kolagenu i poprawia elastyczno\u015b\u0107 sk\u00f3ry.<br \/>\nDzia\u0142anie koj\u0105ce i od\u015bwie\u017caj\u0105ce \u2013 kompozycja ekstrakt\u00f3w ro\u015blinnych (lawenda, mi\u0119ta pieprzowa, rozmaryn, rumianek) redukuje oznaki zm\u0119czenia, opuchlizn\u0119 i uczucie ci\u0119\u017cko\u015bci pod oczami.<br \/>\nEfekt wyg\u0142adzenia i roz\u015bwietlenia \u2013 po zastosowaniu sk\u00f3ra wygl\u0105da na wypocz\u0119t\u0105, \u015bwie\u017c\u0105 i bardziej promienn\u0105.<\/p>\n<p>Spos\u00f3b u\u017cycia:<br \/>\nOczy\u015b\u0107 i osusz sk\u00f3r\u0119 wok\u00f3\u0142 oczu.<br \/>\nZa pomoc\u0105 do\u0142\u0105czonej szpatu\u0142ki na\u0142\u00f3\u017c p\u0142atki pod oczy (lub na inne wymagaj\u0105ce miejsca twarzy).<br \/>\nPozostaw na 15\u201320 minut.<br \/>\nPo zdj\u0119ciu p\u0142atk\u00f3w delikatnie wklep pozosta\u0142o\u015b\u0107 esencji a\u017c do ca\u0142kowitego wch\u0142oni\u0119cia.<br \/>\nStosuj 2\u20133 razy w tygodniu lub wed\u0142ug potrzeb.<\/p>\n","protected":false},"excerpt":{"rendered":"<p>MEDI-PEEL Hyaluron Cica Peptide 9 Ampoule Eye Patch to zaawansowane hydro\u017celowe p\u0142atki pod oczy o intensywnie nawil\u017caj\u0105cym i regeneruj\u0105cym dzia\u0142aniu. Oparte na po\u0142\u0105czeniu kwasu hialuronowego, peptyd\u00f3w oraz ekstraktu z w\u0105kroty azjatyckiej, doskonale piel\u0119gnuj\u0105 delikatn\u0105 sk\u00f3r\u0119 wok\u00f3\u0142 oczu. Ich elastyczna, \u017celowa struktura idealnie przylega do sk\u00f3ry, umo\u017cliwiaj\u0105c g\u0142\u0119bokie wnikanie sk\u0142adnik\u00f3w aktywnych. Korzy\u015bci ze stosowania: Intensywne nawil\u017cenie &#8230; <a title=\"MEDI-PEEL Hyaluron Cica Peptide 9 Ampoule Eye Patch 60 szt &#8211; nawil\u017caj\u0105ce hydro\u017celowe p\u0142atki pod oczy\" class=\"read-more\" href=\"https:\/\/admincentral.selleetools.com\/pl\/product\/medi-peel-hyaluron-cica-peptide-9-ampoule-eye-patch-60-szt-nawilzajace-hydrozelowe-platki-pod-oczy\/\">Read more<span class=\"screen-reader-text\">MEDI-PEEL Hyaluron Cica Peptide 9 Ampoule Eye Patch 60 szt &#8211; nawil\u017caj\u0105ce hydro\u017celowe p\u0142atki pod oczy<\/span><\/a><\/p>\n","protected":false},"featured_media":609464,"comment_status":"open","ping_status":"closed","template":"","meta":{"_links_to":"","_links_to_target":""},"yoast_head":"<!-- This site is optimized with the Yoast SEO plugin v19.4 - https:\/\/yoast.com\/wordpress\/plugins\/seo\/ -->\n<title>MEDI-PEEL Hyaluron Cica Peptide 9 Ampoule Eye Patch 60 szt - nawil\u017caj\u0105ce hydro\u017celowe p\u0142atki pod oczy - Selleetools.com<\/title>\n<meta name=\"robots\" content=\"index, follow, max-snippet:-1, max-image-preview:large, max-video-preview:-1\" \/>\n<link rel=\"canonical\" href=\"https:\/\/selleetools.com\/product\/medi-peel-hyaluron-cica-peptide-9-ampoule-eye-patch-60-szt-nawilzajace-hydrozelowe-platki-pod-oczy\/\" \/>\n<meta property=\"og:locale\" content=\"pl_PL\" \/>\n<meta property=\"og:type\" content=\"article\" \/>\n<meta property=\"og:title\" content=\"MEDI-PEEL Hyaluron Cica Peptide 9 Ampoule Eye Patch 60 szt - nawil\u017caj\u0105ce hydro\u017celowe p\u0142atki pod oczy - Selleetools.com\" \/>\n<meta property=\"og:description\" content=\"MEDI-PEEL Hyaluron Cica Peptide 9 Ampoule Eye Patch to zaawansowane hydro\u017celowe p\u0142atki pod oczy o intensywnie nawil\u017caj\u0105cym i regeneruj\u0105cym dzia\u0142aniu. Oparte na po\u0142\u0105czeniu kwasu hialuronowego, peptyd\u00f3w oraz ekstraktu z w\u0105kroty azjatyckiej, doskonale piel\u0119gnuj\u0105 delikatn\u0105 sk\u00f3r\u0119 wok\u00f3\u0142 oczu. Ich elastyczna, \u017celowa struktura idealnie przylega do sk\u00f3ry, umo\u017cliwiaj\u0105c g\u0142\u0119bokie wnikanie sk\u0142adnik\u00f3w aktywnych. Korzy\u015bci ze stosowania: Intensywne nawil\u017cenie ... Read moreMEDI-PEEL Hyaluron Cica Peptide 9 Ampoule Eye Patch 60 szt &#8211; nawil\u017caj\u0105ce hydro\u017celowe p\u0142atki pod oczy\" \/>\n<meta property=\"og:url\" content=\"https:\/\/selleetools.com\/product\/medi-peel-hyaluron-cica-peptide-9-ampoule-eye-patch-60-szt-nawilzajace-hydrozelowe-platki-pod-oczy\/\" \/>\n<meta property=\"og:site_name\" content=\"Selleetools.com\" \/>\n<meta property=\"article:modified_time\" content=\"2025-11-04T20:37:20+00:00\" \/>\n<meta property=\"og:image\" content=\"https:\/\/selleetools.com\/wp-content\/uploads\/2025\/10\/6f074bfb1589776400e299062114c4a8.jpg\" \/>\n\t<meta property=\"og:image:width\" content=\"1000\" \/>\n\t<meta property=\"og:image:height\" content=\"1000\" \/>\n\t<meta property=\"og:image:type\" content=\"image\/jpeg\" \/>\n<meta name=\"twitter:card\" content=\"summary_large_image\" \/>\n<meta name=\"twitter:label1\" content=\"Est. reading time\" \/>\n\t<meta name=\"twitter:data1\" content=\"1 minuta\" \/>\n<!-- \/ Yoast SEO plugin. -->","yoast_head_json":{"title":"MEDI-PEEL Hyaluron Cica Peptide 9 Ampoule Eye Patch 60 szt - nawil\u017caj\u0105ce hydro\u017celowe p\u0142atki pod oczy - Selleetools.com","robots":{"index":"index","follow":"follow","max-snippet":"max-snippet:-1","max-image-preview":"max-image-preview:large","max-video-preview":"max-video-preview:-1"},"canonical":"https:\/\/selleetools.com\/product\/medi-peel-hyaluron-cica-peptide-9-ampoule-eye-patch-60-szt-nawilzajace-hydrozelowe-platki-pod-oczy\/","og_locale":"pl_PL","og_type":"article","og_title":"MEDI-PEEL Hyaluron Cica Peptide 9 Ampoule Eye Patch 60 szt - nawil\u017caj\u0105ce hydro\u017celowe p\u0142atki pod oczy - Selleetools.com","og_description":"MEDI-PEEL Hyaluron Cica Peptide 9 Ampoule Eye Patch to zaawansowane hydro\u017celowe p\u0142atki pod oczy o intensywnie nawil\u017caj\u0105cym i regeneruj\u0105cym dzia\u0142aniu. Oparte na po\u0142\u0105czeniu kwasu hialuronowego, peptyd\u00f3w oraz ekstraktu z w\u0105kroty azjatyckiej, doskonale piel\u0119gnuj\u0105 delikatn\u0105 sk\u00f3r\u0119 wok\u00f3\u0142 oczu. Ich elastyczna, \u017celowa struktura idealnie przylega do sk\u00f3ry, umo\u017cliwiaj\u0105c g\u0142\u0119bokie wnikanie sk\u0142adnik\u00f3w aktywnych. Korzy\u015bci ze stosowania: Intensywne nawil\u017cenie ... Read moreMEDI-PEEL Hyaluron Cica Peptide 9 Ampoule Eye Patch 60 szt &#8211; nawil\u017caj\u0105ce hydro\u017celowe p\u0142atki pod oczy","og_url":"https:\/\/selleetools.com\/product\/medi-peel-hyaluron-cica-peptide-9-ampoule-eye-patch-60-szt-nawilzajace-hydrozelowe-platki-pod-oczy\/","og_site_name":"Selleetools.com","article_modified_time":"2025-11-04T20:37:20+00:00","og_image":[{"width":1000,"height":1000,"url":"https:\/\/selleetools.com\/wp-content\/uploads\/2025\/10\/6f074bfb1589776400e299062114c4a8.jpg","type":"image\/jpeg"}],"twitter_card":"summary_large_image","twitter_misc":{"Est. reading time":"1 minuta"},"schema":{"@context":"https:\/\/schema.org","@graph":[{"@type":"Organization","@id":"https:\/\/selleetools.com\/#organization","name":"Selleetools","url":"https:\/\/selleetools.com\/","sameAs":[],"logo":{"@type":"ImageObject","inLanguage":"pl-PL","@id":"https:\/\/selleetools.com\/#\/schema\/logo\/image\/","url":"https:\/\/selleetools.com\/wp-content\/uploads\/2021\/10\/logo-dark.png","contentUrl":"https:\/\/selleetools.com\/wp-content\/uploads\/2021\/10\/logo-dark.png","width":320,"height":76,"caption":"Selleetools"},"image":{"@id":"https:\/\/selleetools.com\/#\/schema\/logo\/image\/"}},{"@type":"WebSite","@id":"https:\/\/selleetools.com\/#website","url":"https:\/\/selleetools.com\/","name":"Selleetools.com","description":"","publisher":{"@id":"https:\/\/selleetools.com\/#organization"},"potentialAction":[{"@type":"SearchAction","target":{"@type":"EntryPoint","urlTemplate":"https:\/\/selleetools.com\/?s={search_term_string}"},"query-input":"required name=search_term_string"}],"inLanguage":"pl-PL"},{"@type":"WebPage","@id":"https:\/\/selleetools.com\/product\/medi-peel-hyaluron-cica-peptide-9-ampoule-eye-patch-60-szt-nawilzajace-hydrozelowe-platki-pod-oczy\/","url":"https:\/\/selleetools.com\/product\/medi-peel-hyaluron-cica-peptide-9-ampoule-eye-patch-60-szt-nawilzajace-hydrozelowe-platki-pod-oczy\/","name":"MEDI-PEEL Hyaluron Cica Peptide 9 Ampoule Eye Patch 60 szt - nawil\u017caj\u0105ce hydro\u017celowe p\u0142atki pod oczy - Selleetools.com","isPartOf":{"@id":"https:\/\/selleetools.com\/#website"},"datePublished":"2025-10-24T12:34:56+00:00","dateModified":"2025-11-04T20:37:20+00:00","breadcrumb":{"@id":"https:\/\/selleetools.com\/product\/medi-peel-hyaluron-cica-peptide-9-ampoule-eye-patch-60-szt-nawilzajace-hydrozelowe-platki-pod-oczy\/#breadcrumb"},"inLanguage":"pl-PL","potentialAction":[{"@type":"ReadAction","target":["https:\/\/selleetools.com\/product\/medi-peel-hyaluron-cica-peptide-9-ampoule-eye-patch-60-szt-nawilzajace-hydrozelowe-platki-pod-oczy\/"]}]},{"@type":"BreadcrumbList","@id":"https:\/\/selleetools.com\/product\/medi-peel-hyaluron-cica-peptide-9-ampoule-eye-patch-60-szt-nawilzajace-hydrozelowe-platki-pod-oczy\/#breadcrumb","itemListElement":[{"@type":"ListItem","position":1,"name":"Home","item":"https:\/\/selleetools.com\/pl\/"},{"@type":"ListItem","position":2,"name":"Katalog","item":"https:\/\/selleetools.com\/pl\/katalog\/"},{"@type":"ListItem","position":3,"name":"MEDI-PEEL Hyaluron Cica Peptide 9 Ampoule Eye Patch 60 szt &#8211; nawil\u017caj\u0105ce hydro\u017celowe p\u0142atki pod oczy"}]}]}},"_links":{"self":[{"href":"https:\/\/admincentral.selleetools.com\/pl\/wp-json\/wp\/v2\/product\/609466"}],"collection":[{"href":"https:\/\/admincentral.selleetools.com\/pl\/wp-json\/wp\/v2\/product"}],"about":[{"href":"https:\/\/admincentral.selleetools.com\/pl\/wp-json\/wp\/v2\/types\/product"}],"replies":[{"embeddable":true,"href":"https:\/\/admincentral.selleetools.com\/pl\/wp-json\/wp\/v2\/comments?post=609466"}],"wp:featuredmedia":[{"embeddable":true,"href":"https:\/\/admincentral.selleetools.com\/pl\/wp-json\/wp\/v2\/media\/609464"}],"wp:attachment":[{"href":"https:\/\/admincentral.selleetools.com\/pl\/wp-json\/wp\/v2\/media?parent=609466"}],"curies":[{"name":"wp","href":"https:\/\/api.w.org\/{rel}","templated":true}]}}