{"id":609571,"date":"2025-10-24T14:36:28","date_gmt":"2025-10-24T12:36:28","guid":{"rendered":"https:\/\/selleetools.com\/?post_type=product&#038;p=609571"},"modified":"2026-01-02T20:00:13","modified_gmt":"2026-01-02T19:00:13","slug":"dasique-blending-mood-cheek-09-almond-vanilla-16-8-g-paleta-rozy-do-policzkow-bezowo-brzoskwiniowych","status":"publish","type":"product","link":"https:\/\/admincentral.selleetools.com\/pl\/product\/dasique-blending-mood-cheek-09-almond-vanilla-16-8-g-paleta-rozy-do-policzkow-bezowo-brzoskwiniowych\/","title":{"rendered":"Dasique Blending Mood Cheek #09 Almond Vanilla 16.8 g &#8211; paleta r\u00f3\u017cy do policzk\u00f3w be\u017cowo-brzoskwiniowych"},"content":{"rendered":"<p>Dasique Blending Mood Cheek #09 Almond Vanilla to czterokolorowa paleta r\u00f3\u017cy do policzk\u00f3w w odcieniach be\u017cowo-brzoskwiniowych, kt\u00f3ra doskonale podkre\u015bla naturalny koloryt sk\u00f3ry, dodaj\u0105c jej \u015bwie\u017co\u015bci i subtelnego blasku. Kolory zawarte w palecie \u2014 Vanilla Mousse, Bon Bon, Marron Cream oraz Almond Chip \u2014 \u0142\u0105cz\u0105 w sobie delikatne be\u017ce, ciep\u0142e brzoskwinie i kremowe br\u0105zy, co pozwala na tworzenie zar\u00f3wno naturalnych, jak i bardziej zdefiniowanych makija\u017cy dziennych.<\/p>\n<p>Korzy\u015bci ze stosowania:<br \/>\nPodkre\u015bla naturalny rumieniec i ociepla cer\u0119 dzi\u0119ki harmonijnym, neutralnym odcieniom.<br \/>\nJedwabista, drobno zmielona formu\u0142a \u0142atwo si\u0119 rozprowadza i blenduje, nie tworz\u0105c plam ani smug.<br \/>\nWega\u0144ska formu\u0142a wzbogacona o sk\u0142adniki piel\u0119gnuj\u0105ce sk\u00f3r\u0119, takie jak tokoferol (witamina E) oraz lecytyna.<br \/>\nMo\u017cliwo\u015b\u0107 mieszania kolor\u00f3w lub u\u017cywania ich pojedynczo, w zale\u017cno\u015bci od okazji i typu makija\u017cu.<br \/>\nD\u0142ugo utrzymuje si\u0119 na sk\u00f3rze, nie wy\u015bwieca si\u0119 i nie zanika w ci\u0105gu dnia.<\/p>\n<p>Spos\u00f3b u\u017cycia:<br \/>\nZa pomoc\u0105 p\u0119dzla do r\u00f3\u017cu nanie\u015b wybrany odcie\u0144 lub zmiksuj kilka kolor\u00f3w bezpo\u015brednio na policzkach. Aplikuj na szczyty ko\u015bci policzkowych lub lekko poni\u017cej, by uzyska\u0107 efekt liftingu. Dla bardziej wyrazistego makija\u017cu mo\u017cesz na\u0142o\u017cy\u0107 dodatkow\u0105 warstw\u0119.<\/p>\n","protected":false},"excerpt":{"rendered":"<p>Dasique Blending Mood Cheek #09 Almond Vanilla to czterokolorowa paleta r\u00f3\u017cy do policzk\u00f3w w odcieniach be\u017cowo-brzoskwiniowych, kt\u00f3ra doskonale podkre\u015bla naturalny koloryt sk\u00f3ry, dodaj\u0105c jej \u015bwie\u017co\u015bci i subtelnego blasku. Kolory zawarte w palecie \u2014 Vanilla Mousse, Bon Bon, Marron Cream oraz Almond Chip \u2014 \u0142\u0105cz\u0105 w sobie delikatne be\u017ce, ciep\u0142e brzoskwinie i kremowe br\u0105zy, co pozwala &#8230; <a title=\"Dasique Blending Mood Cheek #09 Almond Vanilla 16.8 g &#8211; paleta r\u00f3\u017cy do policzk\u00f3w be\u017cowo-brzoskwiniowych\" class=\"read-more\" href=\"https:\/\/admincentral.selleetools.com\/pl\/product\/dasique-blending-mood-cheek-09-almond-vanilla-16-8-g-paleta-rozy-do-policzkow-bezowo-brzoskwiniowych\/\">Read more<span class=\"screen-reader-text\">Dasique Blending Mood Cheek #09 Almond Vanilla 16.8 g &#8211; paleta r\u00f3\u017cy do policzk\u00f3w be\u017cowo-brzoskwiniowych<\/span><\/a><\/p>\n","protected":false},"featured_media":609569,"comment_status":"open","ping_status":"closed","template":"","meta":{"_links_to":"","_links_to_target":""},"yoast_head":"<!-- This site is optimized with the Yoast SEO plugin v19.4 - https:\/\/yoast.com\/wordpress\/plugins\/seo\/ -->\n<title>Dasique Blending Mood Cheek #09 Almond Vanilla 16.8 g - paleta r\u00f3\u017cy do policzk\u00f3w be\u017cowo-brzoskwiniowych - Selleetools.com<\/title>\n<meta name=\"robots\" content=\"index, follow, max-snippet:-1, max-image-preview:large, max-video-preview:-1\" \/>\n<link rel=\"canonical\" href=\"https:\/\/selleetools.com\/pl\/product\/dasique-blending-mood-cheek-09-almond-vanilla-16-8-g-paleta-rozy-do-policzkow-bezowo-brzoskwiniowych\/\" \/>\n<meta property=\"og:locale\" content=\"pl_PL\" \/>\n<meta property=\"og:type\" content=\"article\" \/>\n<meta property=\"og:title\" content=\"Dasique Blending Mood Cheek #09 Almond Vanilla 16.8 g - paleta r\u00f3\u017cy do policzk\u00f3w be\u017cowo-brzoskwiniowych - Selleetools.com\" \/>\n<meta property=\"og:description\" content=\"Dasique Blending Mood Cheek #09 Almond Vanilla to czterokolorowa paleta r\u00f3\u017cy do policzk\u00f3w w odcieniach be\u017cowo-brzoskwiniowych, kt\u00f3ra doskonale podkre\u015bla naturalny koloryt sk\u00f3ry, dodaj\u0105c jej \u015bwie\u017co\u015bci i subtelnego blasku. Kolory zawarte w palecie \u2014 Vanilla Mousse, Bon Bon, Marron Cream oraz Almond Chip \u2014 \u0142\u0105cz\u0105 w sobie delikatne be\u017ce, ciep\u0142e brzoskwinie i kremowe br\u0105zy, co pozwala ... Read moreDasique Blending Mood Cheek #09 Almond Vanilla 16.8 g &#8211; paleta r\u00f3\u017cy do policzk\u00f3w be\u017cowo-brzoskwiniowych\" \/>\n<meta property=\"og:url\" content=\"https:\/\/selleetools.com\/pl\/product\/dasique-blending-mood-cheek-09-almond-vanilla-16-8-g-paleta-rozy-do-policzkow-bezowo-brzoskwiniowych\/\" \/>\n<meta property=\"og:site_name\" content=\"Selleetools.com\" \/>\n<meta property=\"article:modified_time\" content=\"2026-01-02T19:00:13+00:00\" \/>\n<meta property=\"og:image\" content=\"https:\/\/selleetools.com\/wp-content\/uploads\/2025\/10\/48f82f8ad01e70be92c5d231cf2b6f6e.png\" \/>\n\t<meta property=\"og:image:width\" content=\"1080\" \/>\n\t<meta property=\"og:image:height\" content=\"1080\" \/>\n\t<meta property=\"og:image:type\" content=\"image\/png\" \/>\n<meta name=\"twitter:card\" content=\"summary_large_image\" \/>\n<meta name=\"twitter:label1\" content=\"Est. reading time\" \/>\n\t<meta name=\"twitter:data1\" content=\"1 minuta\" \/>\n<!-- \/ Yoast SEO plugin. -->","yoast_head_json":{"title":"Dasique Blending Mood Cheek #09 Almond Vanilla 16.8 g - paleta r\u00f3\u017cy do policzk\u00f3w be\u017cowo-brzoskwiniowych - Selleetools.com","robots":{"index":"index","follow":"follow","max-snippet":"max-snippet:-1","max-image-preview":"max-image-preview:large","max-video-preview":"max-video-preview:-1"},"canonical":"https:\/\/selleetools.com\/pl\/product\/dasique-blending-mood-cheek-09-almond-vanilla-16-8-g-paleta-rozy-do-policzkow-bezowo-brzoskwiniowych\/","og_locale":"pl_PL","og_type":"article","og_title":"Dasique Blending Mood Cheek #09 Almond Vanilla 16.8 g - paleta r\u00f3\u017cy do policzk\u00f3w be\u017cowo-brzoskwiniowych - Selleetools.com","og_description":"Dasique Blending Mood Cheek #09 Almond Vanilla to czterokolorowa paleta r\u00f3\u017cy do policzk\u00f3w w odcieniach be\u017cowo-brzoskwiniowych, kt\u00f3ra doskonale podkre\u015bla naturalny koloryt sk\u00f3ry, dodaj\u0105c jej \u015bwie\u017co\u015bci i subtelnego blasku. Kolory zawarte w palecie \u2014 Vanilla Mousse, Bon Bon, Marron Cream oraz Almond Chip \u2014 \u0142\u0105cz\u0105 w sobie delikatne be\u017ce, ciep\u0142e brzoskwinie i kremowe br\u0105zy, co pozwala ... Read moreDasique Blending Mood Cheek #09 Almond Vanilla 16.8 g &#8211; paleta r\u00f3\u017cy do policzk\u00f3w be\u017cowo-brzoskwiniowych","og_url":"https:\/\/selleetools.com\/pl\/product\/dasique-blending-mood-cheek-09-almond-vanilla-16-8-g-paleta-rozy-do-policzkow-bezowo-brzoskwiniowych\/","og_site_name":"Selleetools.com","article_modified_time":"2026-01-02T19:00:13+00:00","og_image":[{"width":1080,"height":1080,"url":"https:\/\/selleetools.com\/wp-content\/uploads\/2025\/10\/48f82f8ad01e70be92c5d231cf2b6f6e.png","type":"image\/png"}],"twitter_card":"summary_large_image","twitter_misc":{"Est. reading time":"1 minuta"},"schema":{"@context":"https:\/\/schema.org","@graph":[{"@type":"Organization","@id":"https:\/\/selleetools.com\/#organization","name":"Selleetools","url":"https:\/\/selleetools.com\/","sameAs":[],"logo":{"@type":"ImageObject","inLanguage":"pl-PL","@id":"https:\/\/selleetools.com\/#\/schema\/logo\/image\/","url":"https:\/\/selleetools.com\/wp-content\/uploads\/2021\/10\/logo-dark.png","contentUrl":"https:\/\/selleetools.com\/wp-content\/uploads\/2021\/10\/logo-dark.png","width":320,"height":76,"caption":"Selleetools"},"image":{"@id":"https:\/\/selleetools.com\/#\/schema\/logo\/image\/"}},{"@type":"WebSite","@id":"https:\/\/selleetools.com\/#website","url":"https:\/\/selleetools.com\/","name":"Selleetools.com","description":"","publisher":{"@id":"https:\/\/selleetools.com\/#organization"},"potentialAction":[{"@type":"SearchAction","target":{"@type":"EntryPoint","urlTemplate":"https:\/\/selleetools.com\/?s={search_term_string}"},"query-input":"required name=search_term_string"}],"inLanguage":"pl-PL"},{"@type":"WebPage","@id":"https:\/\/selleetools.com\/pl\/product\/dasique-blending-mood-cheek-09-almond-vanilla-16-8-g-paleta-rozy-do-policzkow-bezowo-brzoskwiniowych\/","url":"https:\/\/selleetools.com\/pl\/product\/dasique-blending-mood-cheek-09-almond-vanilla-16-8-g-paleta-rozy-do-policzkow-bezowo-brzoskwiniowych\/","name":"Dasique Blending Mood Cheek #09 Almond Vanilla 16.8 g - paleta r\u00f3\u017cy do policzk\u00f3w be\u017cowo-brzoskwiniowych - Selleetools.com","isPartOf":{"@id":"https:\/\/selleetools.com\/#website"},"datePublished":"2025-10-24T12:36:28+00:00","dateModified":"2026-01-02T19:00:13+00:00","breadcrumb":{"@id":"https:\/\/selleetools.com\/pl\/product\/dasique-blending-mood-cheek-09-almond-vanilla-16-8-g-paleta-rozy-do-policzkow-bezowo-brzoskwiniowych\/#breadcrumb"},"inLanguage":"pl-PL","potentialAction":[{"@type":"ReadAction","target":["https:\/\/selleetools.com\/pl\/product\/dasique-blending-mood-cheek-09-almond-vanilla-16-8-g-paleta-rozy-do-policzkow-bezowo-brzoskwiniowych\/"]}]},{"@type":"BreadcrumbList","@id":"https:\/\/selleetools.com\/pl\/product\/dasique-blending-mood-cheek-09-almond-vanilla-16-8-g-paleta-rozy-do-policzkow-bezowo-brzoskwiniowych\/#breadcrumb","itemListElement":[{"@type":"ListItem","position":1,"name":"Home","item":"https:\/\/selleetools.com\/pl\/"},{"@type":"ListItem","position":2,"name":"Katalog","item":"https:\/\/selleetools.com\/pl\/katalog\/"},{"@type":"ListItem","position":3,"name":"Dasique Blending Mood Cheek #09 Almond Vanilla 16.8 g &#8211; paleta r\u00f3\u017cy do policzk\u00f3w be\u017cowo-brzoskwiniowych"}]}]}},"_links":{"self":[{"href":"https:\/\/admincentral.selleetools.com\/pl\/wp-json\/wp\/v2\/product\/609571"}],"collection":[{"href":"https:\/\/admincentral.selleetools.com\/pl\/wp-json\/wp\/v2\/product"}],"about":[{"href":"https:\/\/admincentral.selleetools.com\/pl\/wp-json\/wp\/v2\/types\/product"}],"replies":[{"embeddable":true,"href":"https:\/\/admincentral.selleetools.com\/pl\/wp-json\/wp\/v2\/comments?post=609571"}],"wp:featuredmedia":[{"embeddable":true,"href":"https:\/\/admincentral.selleetools.com\/pl\/wp-json\/wp\/v2\/media\/609569"}],"wp:attachment":[{"href":"https:\/\/admincentral.selleetools.com\/pl\/wp-json\/wp\/v2\/media?parent=609571"}],"curies":[{"name":"wp","href":"https:\/\/api.w.org\/{rel}","templated":true}]}}