{"id":609580,"date":"2025-10-24T14:36:37","date_gmt":"2025-10-24T12:36:37","guid":{"rendered":"https:\/\/selleetools.com\/?post_type=product&#038;p=609580"},"modified":"2025-11-04T22:02:36","modified_gmt":"2025-11-04T21:02:36","slug":"dasique-juicy-dewy-tint-04-plum-dew-3-5-g-tint-do-ust-sliwkowy","status":"publish","type":"product","link":"https:\/\/admincentral.selleetools.com\/pl\/product\/dasique-juicy-dewy-tint-04-plum-dew-3-5-g-tint-do-ust-sliwkowy\/","title":{"rendered":"Dasique Juicy Dewy Tint #04 Plum Dew 3.5 g &#8211; tint do ust \u015bliwkowy"},"content":{"rendered":"<p>Dasique Juicy Dewy Tint w odcieniu #04 Plum Dew to p\u00f3\u0142transparentny tint do ust o soczystym, ch\u0142odnym odcieniu dojrza\u0142ej \u015bliwki. Nadaje ustom naturalny kolor z efektem &#8220;mokrego b\u0142ysku&#8221;, jednocze\u015bnie piel\u0119gnuj\u0105c i nawil\u017caj\u0105c delikatn\u0105 sk\u00f3r\u0119 warg.<\/p>\n<p>Korzy\u015bci ze stosowania:<br \/>\nNadaje ustom soczysty kolor w ch\u0142odnym, \u015bliwkowym tonie z eleganckim, l\u015bni\u0105cym wyko\u0144czeniem.<br \/>\nFormu\u0142a typu &#8220;tint&#8221; zapewnia d\u0142ugotrwa\u0142y efekt bez uczucia lepko\u015bci.<br \/>\nZawiera sk\u0142adniki o dzia\u0142aniu nawil\u017caj\u0105cym i wyg\u0142adzaj\u0105cym, takie jak skwalan, digliceryna i triglicerydy kaprylowo-kaprynowe.<br \/>\nLekka, komfortowa konsystencja \u2013 idealna do codziennego noszenia.<br \/>\n\u0141atwo si\u0119 aplikuje i pozwala na budowanie intensywno\u015bci koloru.<\/p>\n<p>Spos\u00f3b u\u017cycia:<br \/>\nNa\u0142\u00f3\u017c cienk\u0105 warstw\u0119 tintu bezpo\u015brednio na usta za pomoc\u0105 aplikatora. W razie potrzeby dobuduj kolor, nak\u0142adaj\u0105c kolejn\u0105 warstw\u0119. Dla delikatniejszego efektu rozetrzyj tint opuszkiem palca.<\/p>\n","protected":false},"excerpt":{"rendered":"<p>Dasique Juicy Dewy Tint w odcieniu #04 Plum Dew to p\u00f3\u0142transparentny tint do ust o soczystym, ch\u0142odnym odcieniu dojrza\u0142ej \u015bliwki. Nadaje ustom naturalny kolor z efektem &#8220;mokrego b\u0142ysku&#8221;, jednocze\u015bnie piel\u0119gnuj\u0105c i nawil\u017caj\u0105c delikatn\u0105 sk\u00f3r\u0119 warg. Korzy\u015bci ze stosowania: Nadaje ustom soczysty kolor w ch\u0142odnym, \u015bliwkowym tonie z eleganckim, l\u015bni\u0105cym wyko\u0144czeniem. Formu\u0142a typu &#8220;tint&#8221; zapewnia d\u0142ugotrwa\u0142y &#8230; <a title=\"Dasique Juicy Dewy Tint #04 Plum Dew 3.5 g &#8211; tint do ust \u015bliwkowy\" class=\"read-more\" href=\"https:\/\/admincentral.selleetools.com\/pl\/product\/dasique-juicy-dewy-tint-04-plum-dew-3-5-g-tint-do-ust-sliwkowy\/\">Read more<span class=\"screen-reader-text\">Dasique Juicy Dewy Tint #04 Plum Dew 3.5 g &#8211; tint do ust \u015bliwkowy<\/span><\/a><\/p>\n","protected":false},"featured_media":609578,"comment_status":"open","ping_status":"closed","template":"","meta":{"_links_to":"","_links_to_target":""},"yoast_head":"<!-- This site is optimized with the Yoast SEO plugin v19.4 - https:\/\/yoast.com\/wordpress\/plugins\/seo\/ -->\n<title>Dasique Juicy Dewy Tint #04 Plum Dew 3.5 g - tint do ust \u015bliwkowy - Selleetools.com<\/title>\n<meta name=\"robots\" content=\"index, follow, max-snippet:-1, max-image-preview:large, max-video-preview:-1\" \/>\n<link rel=\"canonical\" href=\"https:\/\/selleetools.com\/pl\/product\/dasique-juicy-dewy-tint-04-plum-dew-3-5-g-tint-do-ust-sliwkowy\/\" \/>\n<meta property=\"og:locale\" content=\"pl_PL\" \/>\n<meta property=\"og:type\" content=\"article\" \/>\n<meta property=\"og:title\" content=\"Dasique Juicy Dewy Tint #04 Plum Dew 3.5 g - tint do ust \u015bliwkowy - Selleetools.com\" \/>\n<meta property=\"og:description\" content=\"Dasique Juicy Dewy Tint w odcieniu #04 Plum Dew to p\u00f3\u0142transparentny tint do ust o soczystym, ch\u0142odnym odcieniu dojrza\u0142ej \u015bliwki. Nadaje ustom naturalny kolor z efektem &#8220;mokrego b\u0142ysku&#8221;, jednocze\u015bnie piel\u0119gnuj\u0105c i nawil\u017caj\u0105c delikatn\u0105 sk\u00f3r\u0119 warg. Korzy\u015bci ze stosowania: Nadaje ustom soczysty kolor w ch\u0142odnym, \u015bliwkowym tonie z eleganckim, l\u015bni\u0105cym wyko\u0144czeniem. Formu\u0142a typu &#8220;tint&#8221; zapewnia d\u0142ugotrwa\u0142y ... Read moreDasique Juicy Dewy Tint #04 Plum Dew 3.5 g &#8211; tint do ust \u015bliwkowy\" \/>\n<meta property=\"og:url\" content=\"https:\/\/selleetools.com\/pl\/product\/dasique-juicy-dewy-tint-04-plum-dew-3-5-g-tint-do-ust-sliwkowy\/\" \/>\n<meta property=\"og:site_name\" content=\"Selleetools.com\" \/>\n<meta property=\"article:modified_time\" content=\"2025-11-04T21:02:36+00:00\" \/>\n<meta property=\"og:image\" content=\"https:\/\/selleetools.com\/wp-content\/uploads\/2025\/10\/b6289b584fabb352d0063765b82cebd2.png\" \/>\n\t<meta property=\"og:image:width\" content=\"1080\" \/>\n\t<meta property=\"og:image:height\" content=\"1080\" \/>\n\t<meta property=\"og:image:type\" content=\"image\/png\" \/>\n<meta name=\"twitter:card\" content=\"summary_large_image\" \/>\n<meta name=\"twitter:label1\" content=\"Est. reading time\" \/>\n\t<meta name=\"twitter:data1\" content=\"1 minuta\" \/>\n<!-- \/ Yoast SEO plugin. -->","yoast_head_json":{"title":"Dasique Juicy Dewy Tint #04 Plum Dew 3.5 g - tint do ust \u015bliwkowy - Selleetools.com","robots":{"index":"index","follow":"follow","max-snippet":"max-snippet:-1","max-image-preview":"max-image-preview:large","max-video-preview":"max-video-preview:-1"},"canonical":"https:\/\/selleetools.com\/pl\/product\/dasique-juicy-dewy-tint-04-plum-dew-3-5-g-tint-do-ust-sliwkowy\/","og_locale":"pl_PL","og_type":"article","og_title":"Dasique Juicy Dewy Tint #04 Plum Dew 3.5 g - tint do ust \u015bliwkowy - Selleetools.com","og_description":"Dasique Juicy Dewy Tint w odcieniu #04 Plum Dew to p\u00f3\u0142transparentny tint do ust o soczystym, ch\u0142odnym odcieniu dojrza\u0142ej \u015bliwki. Nadaje ustom naturalny kolor z efektem &#8220;mokrego b\u0142ysku&#8221;, jednocze\u015bnie piel\u0119gnuj\u0105c i nawil\u017caj\u0105c delikatn\u0105 sk\u00f3r\u0119 warg. Korzy\u015bci ze stosowania: Nadaje ustom soczysty kolor w ch\u0142odnym, \u015bliwkowym tonie z eleganckim, l\u015bni\u0105cym wyko\u0144czeniem. Formu\u0142a typu &#8220;tint&#8221; zapewnia d\u0142ugotrwa\u0142y ... Read moreDasique Juicy Dewy Tint #04 Plum Dew 3.5 g &#8211; tint do ust \u015bliwkowy","og_url":"https:\/\/selleetools.com\/pl\/product\/dasique-juicy-dewy-tint-04-plum-dew-3-5-g-tint-do-ust-sliwkowy\/","og_site_name":"Selleetools.com","article_modified_time":"2025-11-04T21:02:36+00:00","og_image":[{"width":1080,"height":1080,"url":"https:\/\/selleetools.com\/wp-content\/uploads\/2025\/10\/b6289b584fabb352d0063765b82cebd2.png","type":"image\/png"}],"twitter_card":"summary_large_image","twitter_misc":{"Est. reading time":"1 minuta"},"schema":{"@context":"https:\/\/schema.org","@graph":[{"@type":"Organization","@id":"https:\/\/selleetools.com\/#organization","name":"Selleetools","url":"https:\/\/selleetools.com\/","sameAs":[],"logo":{"@type":"ImageObject","inLanguage":"pl-PL","@id":"https:\/\/selleetools.com\/#\/schema\/logo\/image\/","url":"https:\/\/selleetools.com\/wp-content\/uploads\/2021\/10\/logo-dark.png","contentUrl":"https:\/\/selleetools.com\/wp-content\/uploads\/2021\/10\/logo-dark.png","width":320,"height":76,"caption":"Selleetools"},"image":{"@id":"https:\/\/selleetools.com\/#\/schema\/logo\/image\/"}},{"@type":"WebSite","@id":"https:\/\/selleetools.com\/#website","url":"https:\/\/selleetools.com\/","name":"Selleetools.com","description":"","publisher":{"@id":"https:\/\/selleetools.com\/#organization"},"potentialAction":[{"@type":"SearchAction","target":{"@type":"EntryPoint","urlTemplate":"https:\/\/selleetools.com\/?s={search_term_string}"},"query-input":"required name=search_term_string"}],"inLanguage":"pl-PL"},{"@type":"WebPage","@id":"https:\/\/selleetools.com\/pl\/product\/dasique-juicy-dewy-tint-04-plum-dew-3-5-g-tint-do-ust-sliwkowy\/","url":"https:\/\/selleetools.com\/pl\/product\/dasique-juicy-dewy-tint-04-plum-dew-3-5-g-tint-do-ust-sliwkowy\/","name":"Dasique Juicy Dewy Tint #04 Plum Dew 3.5 g - tint do ust \u015bliwkowy - Selleetools.com","isPartOf":{"@id":"https:\/\/selleetools.com\/#website"},"datePublished":"2025-10-24T12:36:37+00:00","dateModified":"2025-11-04T21:02:36+00:00","breadcrumb":{"@id":"https:\/\/selleetools.com\/pl\/product\/dasique-juicy-dewy-tint-04-plum-dew-3-5-g-tint-do-ust-sliwkowy\/#breadcrumb"},"inLanguage":"pl-PL","potentialAction":[{"@type":"ReadAction","target":["https:\/\/selleetools.com\/pl\/product\/dasique-juicy-dewy-tint-04-plum-dew-3-5-g-tint-do-ust-sliwkowy\/"]}]},{"@type":"BreadcrumbList","@id":"https:\/\/selleetools.com\/pl\/product\/dasique-juicy-dewy-tint-04-plum-dew-3-5-g-tint-do-ust-sliwkowy\/#breadcrumb","itemListElement":[{"@type":"ListItem","position":1,"name":"Home","item":"https:\/\/selleetools.com\/pl\/"},{"@type":"ListItem","position":2,"name":"Katalog","item":"https:\/\/selleetools.com\/pl\/katalog\/"},{"@type":"ListItem","position":3,"name":"Dasique Juicy Dewy Tint #04 Plum Dew 3.5 g &#8211; tint do ust \u015bliwkowy"}]}]}},"_links":{"self":[{"href":"https:\/\/admincentral.selleetools.com\/pl\/wp-json\/wp\/v2\/product\/609580"}],"collection":[{"href":"https:\/\/admincentral.selleetools.com\/pl\/wp-json\/wp\/v2\/product"}],"about":[{"href":"https:\/\/admincentral.selleetools.com\/pl\/wp-json\/wp\/v2\/types\/product"}],"replies":[{"embeddable":true,"href":"https:\/\/admincentral.selleetools.com\/pl\/wp-json\/wp\/v2\/comments?post=609580"}],"wp:featuredmedia":[{"embeddable":true,"href":"https:\/\/admincentral.selleetools.com\/pl\/wp-json\/wp\/v2\/media\/609578"}],"wp:attachment":[{"href":"https:\/\/admincentral.selleetools.com\/pl\/wp-json\/wp\/v2\/media?parent=609580"}],"curies":[{"name":"wp","href":"https:\/\/api.w.org\/{rel}","templated":true}]}}