{"id":609590,"date":"2025-10-24T14:36:48","date_gmt":"2025-10-24T12:36:48","guid":{"rendered":"https:\/\/selleetools.com\/?post_type=product&#038;p=609590"},"modified":"2026-02-10T13:11:24","modified_gmt":"2026-02-10T12:11:24","slug":"dasique-pro-concealer-palette-02-medium-cover-9-g-paleta-9-korektorow-do-twarzy","status":"publish","type":"product","link":"https:\/\/admincentral.selleetools.com\/pl\/product\/dasique-pro-concealer-palette-02-medium-cover-9-g-paleta-9-korektorow-do-twarzy\/","title":{"rendered":"Dasique Pro Concealer Palette #02 Medium Cover 9 g &#8211; paleta 9 korektor\u00f3w do twarzy"},"content":{"rendered":"<p>Paleta Dasique Pro Concealer Palette #02 Medium Cover to profesjonalny zestaw 9 kremowych korektor\u00f3w o \u015brednim stopniu krycia, idealnych do precyzyjnego kamuflowania niedoskona\u0142o\u015bci oraz modelowania rys\u00f3w twarzy. Kolory w palecie obejmuj\u0105 naturalne odcienie be\u017cu, \u017c\u00f3\u0142ci oraz zieleni, co pozwala na neutralizowanie zaczerwienie\u0144, przebarwie\u0144 oraz cieni pod oczami. Kremowa, \u0142atwa do blendowania konsystencja sprawia, \u017ce produkt idealnie stapia si\u0119 ze sk\u00f3r\u0105, tworz\u0105c naturalne wyko\u0144czenie bez efektu maski.<\/p>\n<p>Korzy\u015bci ze stosowania:<br \/>\n9 uzupe\u0142niaj\u0105cych si\u0119 odcieni korektor\u00f3w umo\u017cliwia indywidualne dopasowanie koloru do r\u00f3\u017cnych partii twarzy i typu sk\u00f3ry.<br \/>\nZielony odcie\u0144 skutecznie neutralizuje zaczerwienienia, a \u017c\u00f3\u0142te i be\u017cowe maskuj\u0105 cienie oraz przebarwienia.<br \/>\nFormu\u0142a wzbogacona o pantenol, squalane, ceramidy i ekstrakty ro\u015blinne (w tym Centella Asiatica i Tea Tree) wspiera regeneracj\u0119 sk\u00f3ry, nawil\u017ca oraz \u0142agodzi podra\u017cnienia.<br \/>\nLekka konsystencja nie zatyka por\u00f3w i pozwala sk\u00f3rze oddycha\u0107.<\/p>\n<p>Spos\u00f3b u\u017cycia:<br \/>\nZa pomoc\u0105 p\u0119dzelka, g\u0105beczki lub palc\u00f3w na\u0142\u00f3\u017c korektor na wybrane partie twarzy \u2013 pod oczy, na niedoskona\u0142o\u015bci, zaczerwienienia lub przebarwienia. Delikatnie wklep i rozetrzyj granice, aby uzyska\u0107 naturalny efekt. Mo\u017cesz \u0142\u0105czy\u0107 odcienie ze sob\u0105, aby idealnie dopasowa\u0107 kolor do odcienia sk\u00f3ry. W przypadku konturowania \u2013 u\u017cyj ciemniejszych i ja\u015bniejszych ton\u00f3w do podkre\u015blenia kszta\u0142tu twarzy.<\/p>\n","protected":false},"excerpt":{"rendered":"<p>Paleta Dasique Pro Concealer Palette #02 Medium Cover to profesjonalny zestaw 9 kremowych korektor\u00f3w o \u015brednim stopniu krycia, idealnych do precyzyjnego kamuflowania niedoskona\u0142o\u015bci oraz modelowania rys\u00f3w twarzy. Kolory w palecie obejmuj\u0105 naturalne odcienie be\u017cu, \u017c\u00f3\u0142ci oraz zieleni, co pozwala na neutralizowanie zaczerwienie\u0144, przebarwie\u0144 oraz cieni pod oczami. Kremowa, \u0142atwa do blendowania konsystencja sprawia, \u017ce produkt &#8230; <a title=\"Dasique Pro Concealer Palette #02 Medium Cover 9 g &#8211; paleta 9 korektor\u00f3w do twarzy\" class=\"read-more\" href=\"https:\/\/admincentral.selleetools.com\/pl\/product\/dasique-pro-concealer-palette-02-medium-cover-9-g-paleta-9-korektorow-do-twarzy\/\">Read more<span class=\"screen-reader-text\">Dasique Pro Concealer Palette #02 Medium Cover 9 g &#8211; paleta 9 korektor\u00f3w do twarzy<\/span><\/a><\/p>\n","protected":false},"featured_media":609588,"comment_status":"open","ping_status":"closed","template":"","meta":{"_links_to":"","_links_to_target":""},"yoast_head":"<!-- This site is optimized with the Yoast SEO plugin v19.4 - https:\/\/yoast.com\/wordpress\/plugins\/seo\/ -->\n<title>Dasique Pro Concealer Palette #02 Medium Cover 9 g - paleta 9 korektor\u00f3w do twarzy - Selleetools.com<\/title>\n<meta name=\"robots\" content=\"index, follow, max-snippet:-1, max-image-preview:large, max-video-preview:-1\" \/>\n<link rel=\"canonical\" href=\"https:\/\/selleetools.com\/pl\/product\/dasique-pro-concealer-palette-02-medium-cover-9-g-paleta-9-korektorow-do-twarzy\/\" \/>\n<meta property=\"og:locale\" content=\"pl_PL\" \/>\n<meta property=\"og:type\" content=\"article\" \/>\n<meta property=\"og:title\" content=\"Dasique Pro Concealer Palette #02 Medium Cover 9 g - paleta 9 korektor\u00f3w do twarzy - Selleetools.com\" \/>\n<meta property=\"og:description\" content=\"Paleta Dasique Pro Concealer Palette #02 Medium Cover to profesjonalny zestaw 9 kremowych korektor\u00f3w o \u015brednim stopniu krycia, idealnych do precyzyjnego kamuflowania niedoskona\u0142o\u015bci oraz modelowania rys\u00f3w twarzy. Kolory w palecie obejmuj\u0105 naturalne odcienie be\u017cu, \u017c\u00f3\u0142ci oraz zieleni, co pozwala na neutralizowanie zaczerwienie\u0144, przebarwie\u0144 oraz cieni pod oczami. Kremowa, \u0142atwa do blendowania konsystencja sprawia, \u017ce produkt ... Read moreDasique Pro Concealer Palette #02 Medium Cover 9 g &#8211; paleta 9 korektor\u00f3w do twarzy\" \/>\n<meta property=\"og:url\" content=\"https:\/\/selleetools.com\/pl\/product\/dasique-pro-concealer-palette-02-medium-cover-9-g-paleta-9-korektorow-do-twarzy\/\" \/>\n<meta property=\"og:site_name\" content=\"Selleetools.com\" \/>\n<meta property=\"article:modified_time\" content=\"2026-02-10T12:11:24+00:00\" \/>\n<meta property=\"og:image\" content=\"https:\/\/selleetools.com\/wp-content\/uploads\/2025\/10\/e16ee9aa24b485979ca036daf256c4d8.png\" \/>\n\t<meta property=\"og:image:width\" content=\"1080\" \/>\n\t<meta property=\"og:image:height\" content=\"1080\" \/>\n\t<meta property=\"og:image:type\" content=\"image\/png\" \/>\n<meta name=\"twitter:card\" content=\"summary_large_image\" \/>\n<meta name=\"twitter:label1\" content=\"Est. reading time\" \/>\n\t<meta name=\"twitter:data1\" content=\"1 minuta\" \/>\n<!-- \/ Yoast SEO plugin. -->","yoast_head_json":{"title":"Dasique Pro Concealer Palette #02 Medium Cover 9 g - paleta 9 korektor\u00f3w do twarzy - Selleetools.com","robots":{"index":"index","follow":"follow","max-snippet":"max-snippet:-1","max-image-preview":"max-image-preview:large","max-video-preview":"max-video-preview:-1"},"canonical":"https:\/\/selleetools.com\/pl\/product\/dasique-pro-concealer-palette-02-medium-cover-9-g-paleta-9-korektorow-do-twarzy\/","og_locale":"pl_PL","og_type":"article","og_title":"Dasique Pro Concealer Palette #02 Medium Cover 9 g - paleta 9 korektor\u00f3w do twarzy - Selleetools.com","og_description":"Paleta Dasique Pro Concealer Palette #02 Medium Cover to profesjonalny zestaw 9 kremowych korektor\u00f3w o \u015brednim stopniu krycia, idealnych do precyzyjnego kamuflowania niedoskona\u0142o\u015bci oraz modelowania rys\u00f3w twarzy. Kolory w palecie obejmuj\u0105 naturalne odcienie be\u017cu, \u017c\u00f3\u0142ci oraz zieleni, co pozwala na neutralizowanie zaczerwienie\u0144, przebarwie\u0144 oraz cieni pod oczami. Kremowa, \u0142atwa do blendowania konsystencja sprawia, \u017ce produkt ... Read moreDasique Pro Concealer Palette #02 Medium Cover 9 g &#8211; paleta 9 korektor\u00f3w do twarzy","og_url":"https:\/\/selleetools.com\/pl\/product\/dasique-pro-concealer-palette-02-medium-cover-9-g-paleta-9-korektorow-do-twarzy\/","og_site_name":"Selleetools.com","article_modified_time":"2026-02-10T12:11:24+00:00","og_image":[{"width":1080,"height":1080,"url":"https:\/\/selleetools.com\/wp-content\/uploads\/2025\/10\/e16ee9aa24b485979ca036daf256c4d8.png","type":"image\/png"}],"twitter_card":"summary_large_image","twitter_misc":{"Est. reading time":"1 minuta"},"schema":{"@context":"https:\/\/schema.org","@graph":[{"@type":"Organization","@id":"https:\/\/selleetools.com\/#organization","name":"Selleetools","url":"https:\/\/selleetools.com\/","sameAs":[],"logo":{"@type":"ImageObject","inLanguage":"pl-PL","@id":"https:\/\/selleetools.com\/#\/schema\/logo\/image\/","url":"https:\/\/selleetools.com\/wp-content\/uploads\/2021\/10\/logo-dark.png","contentUrl":"https:\/\/selleetools.com\/wp-content\/uploads\/2021\/10\/logo-dark.png","width":320,"height":76,"caption":"Selleetools"},"image":{"@id":"https:\/\/selleetools.com\/#\/schema\/logo\/image\/"}},{"@type":"WebSite","@id":"https:\/\/selleetools.com\/#website","url":"https:\/\/selleetools.com\/","name":"Selleetools.com","description":"","publisher":{"@id":"https:\/\/selleetools.com\/#organization"},"potentialAction":[{"@type":"SearchAction","target":{"@type":"EntryPoint","urlTemplate":"https:\/\/selleetools.com\/?s={search_term_string}"},"query-input":"required name=search_term_string"}],"inLanguage":"pl-PL"},{"@type":"WebPage","@id":"https:\/\/selleetools.com\/pl\/product\/dasique-pro-concealer-palette-02-medium-cover-9-g-paleta-9-korektorow-do-twarzy\/","url":"https:\/\/selleetools.com\/pl\/product\/dasique-pro-concealer-palette-02-medium-cover-9-g-paleta-9-korektorow-do-twarzy\/","name":"Dasique Pro Concealer Palette #02 Medium Cover 9 g - paleta 9 korektor\u00f3w do twarzy - Selleetools.com","isPartOf":{"@id":"https:\/\/selleetools.com\/#website"},"datePublished":"2025-10-24T12:36:48+00:00","dateModified":"2026-02-10T12:11:24+00:00","breadcrumb":{"@id":"https:\/\/selleetools.com\/pl\/product\/dasique-pro-concealer-palette-02-medium-cover-9-g-paleta-9-korektorow-do-twarzy\/#breadcrumb"},"inLanguage":"pl-PL","potentialAction":[{"@type":"ReadAction","target":["https:\/\/selleetools.com\/pl\/product\/dasique-pro-concealer-palette-02-medium-cover-9-g-paleta-9-korektorow-do-twarzy\/"]}]},{"@type":"BreadcrumbList","@id":"https:\/\/selleetools.com\/pl\/product\/dasique-pro-concealer-palette-02-medium-cover-9-g-paleta-9-korektorow-do-twarzy\/#breadcrumb","itemListElement":[{"@type":"ListItem","position":1,"name":"Home","item":"https:\/\/selleetools.com\/pl\/"},{"@type":"ListItem","position":2,"name":"Katalog","item":"https:\/\/selleetools.com\/pl\/katalog\/"},{"@type":"ListItem","position":3,"name":"Dasique Pro Concealer Palette #02 Medium Cover 9 g &#8211; paleta 9 korektor\u00f3w do twarzy"}]}]}},"_links":{"self":[{"href":"https:\/\/admincentral.selleetools.com\/pl\/wp-json\/wp\/v2\/product\/609590"}],"collection":[{"href":"https:\/\/admincentral.selleetools.com\/pl\/wp-json\/wp\/v2\/product"}],"about":[{"href":"https:\/\/admincentral.selleetools.com\/pl\/wp-json\/wp\/v2\/types\/product"}],"replies":[{"embeddable":true,"href":"https:\/\/admincentral.selleetools.com\/pl\/wp-json\/wp\/v2\/comments?post=609590"}],"wp:featuredmedia":[{"embeddable":true,"href":"https:\/\/admincentral.selleetools.com\/pl\/wp-json\/wp\/v2\/media\/609588"}],"wp:attachment":[{"href":"https:\/\/admincentral.selleetools.com\/pl\/wp-json\/wp\/v2\/media?parent=609590"}],"curies":[{"name":"wp","href":"https:\/\/api.w.org\/{rel}","templated":true}]}}