{"id":609596,"date":"2025-10-24T14:36:54","date_gmt":"2025-10-24T12:36:54","guid":{"rendered":"https:\/\/selleetools.com\/?post_type=product&#038;p=609596"},"modified":"2025-11-04T22:03:38","modified_gmt":"2025-11-04T21:03:38","slug":"dasique-shadow-palette-11-chocolate-fudge-10-5-g-czekoladowa-paleta-cieni-do-powiek","status":"publish","type":"product","link":"https:\/\/admincentral.selleetools.com\/pl\/product\/dasique-shadow-palette-11-chocolate-fudge-10-5-g-czekoladowa-paleta-cieni-do-powiek\/","title":{"rendered":"Dasique Shadow Palette #11 Chocolate Fudge 10.5 g &#8211; czekoladowa paleta cieni do powiek"},"content":{"rendered":"<p>Dasique Shadow Palette #11 Chocolate Fudge to harmonijnie skomponowana paleta cieni do powiek, inspirowana g\u0142\u0119bi\u0105 i zmys\u0142owo\u015bci\u0105 czekolady. Zawiera dziewi\u0119\u0107 odcieni w ciep\u0142ej, br\u0105zowo-be\u017cowej tonacji \u2013 od kremowego be\u017cu i mlecznego karmelu, przez satynowy br\u0105z, a\u017c po intensywn\u0105, ciemn\u0105 czekolad\u0119. Wyko\u0144czenia s\u0105 zr\u00f3\u017cnicowane: matowe, per\u0142owe i b\u0142yszcz\u0105ce, co pozwala na stworzenie zar\u00f3wno codziennego makija\u017cu nude, jak i bardziej wyrazistych stylizacji wieczorowych.<\/p>\n<p>Korzy\u015bci ze stosowania:<br \/>\nUniwersalna kolorystyka pasuj\u0105ca do ka\u017cdego typu urody.<br \/>\nG\u0142adka, jedwabista formu\u0142a \u0142atwo si\u0119 rozprowadza i blenduje.<br \/>\nWysoka pigmentacja i trwa\u0142o\u015b\u0107 bez osypywania.<br \/>\nDelikatna, piel\u0119gnuj\u0105ca formu\u0142a z dodatkiem mas\u0142a kakaowego i oleju z orzech\u00f3w makadamia.<br \/>\nMo\u017cliwo\u015b\u0107 stworzenia zar\u00f3wno matowego, jak i roz\u015bwietlaj\u0105cego makija\u017cu oka.<\/p>\n<p>Spos\u00f3b u\u017cycia:<br \/>\nAplikuj cienie za pomoc\u0105 p\u0119dzla lub opuszka palca, rozpoczynaj\u0105c od ja\u015bniejszych ton\u00f3w jako baz\u0119. Ciemniejsze odcienie nanie\u015b w za\u0142amanie powieki lub wzd\u0142u\u017c linii rz\u0119s, by nada\u0107 spojrzeniu g\u0142\u0119bi. Cienie z po\u0142yskiem stosuj na \u015brodek powieki lub w wewn\u0119trzny k\u0105cik oka dla efektu roz\u015bwietlenia.<\/p>\n","protected":false},"excerpt":{"rendered":"<p>Dasique Shadow Palette #11 Chocolate Fudge to harmonijnie skomponowana paleta cieni do powiek, inspirowana g\u0142\u0119bi\u0105 i zmys\u0142owo\u015bci\u0105 czekolady. Zawiera dziewi\u0119\u0107 odcieni w ciep\u0142ej, br\u0105zowo-be\u017cowej tonacji \u2013 od kremowego be\u017cu i mlecznego karmelu, przez satynowy br\u0105z, a\u017c po intensywn\u0105, ciemn\u0105 czekolad\u0119. Wyko\u0144czenia s\u0105 zr\u00f3\u017cnicowane: matowe, per\u0142owe i b\u0142yszcz\u0105ce, co pozwala na stworzenie zar\u00f3wno codziennego makija\u017cu nude, &#8230; <a title=\"Dasique Shadow Palette #11 Chocolate Fudge 10.5 g &#8211; czekoladowa paleta cieni do powiek\" class=\"read-more\" href=\"https:\/\/admincentral.selleetools.com\/pl\/product\/dasique-shadow-palette-11-chocolate-fudge-10-5-g-czekoladowa-paleta-cieni-do-powiek\/\">Read more<span class=\"screen-reader-text\">Dasique Shadow Palette #11 Chocolate Fudge 10.5 g &#8211; czekoladowa paleta cieni do powiek<\/span><\/a><\/p>\n","protected":false},"featured_media":609594,"comment_status":"open","ping_status":"closed","template":"","meta":{"_links_to":"","_links_to_target":""},"yoast_head":"<!-- This site is optimized with the Yoast SEO plugin v19.4 - https:\/\/yoast.com\/wordpress\/plugins\/seo\/ -->\n<title>Dasique Shadow Palette #11 Chocolate Fudge 10.5 g - czekoladowa paleta cieni do powiek - Selleetools.com<\/title>\n<meta name=\"robots\" content=\"index, follow, max-snippet:-1, max-image-preview:large, max-video-preview:-1\" \/>\n<link rel=\"canonical\" href=\"https:\/\/selleetools.com\/pl\/product\/dasique-shadow-palette-11-chocolate-fudge-10-5-g-czekoladowa-paleta-cieni-do-powiek\/\" \/>\n<meta property=\"og:locale\" content=\"pl_PL\" \/>\n<meta property=\"og:type\" content=\"article\" \/>\n<meta property=\"og:title\" content=\"Dasique Shadow Palette #11 Chocolate Fudge 10.5 g - czekoladowa paleta cieni do powiek - Selleetools.com\" \/>\n<meta property=\"og:description\" content=\"Dasique Shadow Palette #11 Chocolate Fudge to harmonijnie skomponowana paleta cieni do powiek, inspirowana g\u0142\u0119bi\u0105 i zmys\u0142owo\u015bci\u0105 czekolady. Zawiera dziewi\u0119\u0107 odcieni w ciep\u0142ej, br\u0105zowo-be\u017cowej tonacji \u2013 od kremowego be\u017cu i mlecznego karmelu, przez satynowy br\u0105z, a\u017c po intensywn\u0105, ciemn\u0105 czekolad\u0119. Wyko\u0144czenia s\u0105 zr\u00f3\u017cnicowane: matowe, per\u0142owe i b\u0142yszcz\u0105ce, co pozwala na stworzenie zar\u00f3wno codziennego makija\u017cu nude, ... Read moreDasique Shadow Palette #11 Chocolate Fudge 10.5 g &#8211; czekoladowa paleta cieni do powiek\" \/>\n<meta property=\"og:url\" content=\"https:\/\/selleetools.com\/pl\/product\/dasique-shadow-palette-11-chocolate-fudge-10-5-g-czekoladowa-paleta-cieni-do-powiek\/\" \/>\n<meta property=\"og:site_name\" content=\"Selleetools.com\" \/>\n<meta property=\"article:modified_time\" content=\"2025-11-04T21:03:38+00:00\" \/>\n<meta property=\"og:image\" content=\"https:\/\/selleetools.com\/wp-content\/uploads\/2025\/10\/74fda9fc20b98372d91bb340ac070aa3.png\" \/>\n\t<meta property=\"og:image:width\" content=\"1080\" \/>\n\t<meta property=\"og:image:height\" content=\"1080\" \/>\n\t<meta property=\"og:image:type\" content=\"image\/png\" \/>\n<meta name=\"twitter:card\" content=\"summary_large_image\" \/>\n<meta name=\"twitter:label1\" content=\"Est. reading time\" \/>\n\t<meta name=\"twitter:data1\" content=\"1 minuta\" \/>\n<!-- \/ Yoast SEO plugin. -->","yoast_head_json":{"title":"Dasique Shadow Palette #11 Chocolate Fudge 10.5 g - czekoladowa paleta cieni do powiek - Selleetools.com","robots":{"index":"index","follow":"follow","max-snippet":"max-snippet:-1","max-image-preview":"max-image-preview:large","max-video-preview":"max-video-preview:-1"},"canonical":"https:\/\/selleetools.com\/pl\/product\/dasique-shadow-palette-11-chocolate-fudge-10-5-g-czekoladowa-paleta-cieni-do-powiek\/","og_locale":"pl_PL","og_type":"article","og_title":"Dasique Shadow Palette #11 Chocolate Fudge 10.5 g - czekoladowa paleta cieni do powiek - Selleetools.com","og_description":"Dasique Shadow Palette #11 Chocolate Fudge to harmonijnie skomponowana paleta cieni do powiek, inspirowana g\u0142\u0119bi\u0105 i zmys\u0142owo\u015bci\u0105 czekolady. Zawiera dziewi\u0119\u0107 odcieni w ciep\u0142ej, br\u0105zowo-be\u017cowej tonacji \u2013 od kremowego be\u017cu i mlecznego karmelu, przez satynowy br\u0105z, a\u017c po intensywn\u0105, ciemn\u0105 czekolad\u0119. Wyko\u0144czenia s\u0105 zr\u00f3\u017cnicowane: matowe, per\u0142owe i b\u0142yszcz\u0105ce, co pozwala na stworzenie zar\u00f3wno codziennego makija\u017cu nude, ... Read moreDasique Shadow Palette #11 Chocolate Fudge 10.5 g &#8211; czekoladowa paleta cieni do powiek","og_url":"https:\/\/selleetools.com\/pl\/product\/dasique-shadow-palette-11-chocolate-fudge-10-5-g-czekoladowa-paleta-cieni-do-powiek\/","og_site_name":"Selleetools.com","article_modified_time":"2025-11-04T21:03:38+00:00","og_image":[{"width":1080,"height":1080,"url":"https:\/\/selleetools.com\/wp-content\/uploads\/2025\/10\/74fda9fc20b98372d91bb340ac070aa3.png","type":"image\/png"}],"twitter_card":"summary_large_image","twitter_misc":{"Est. reading time":"1 minuta"},"schema":{"@context":"https:\/\/schema.org","@graph":[{"@type":"Organization","@id":"https:\/\/selleetools.com\/#organization","name":"Selleetools","url":"https:\/\/selleetools.com\/","sameAs":[],"logo":{"@type":"ImageObject","inLanguage":"pl-PL","@id":"https:\/\/selleetools.com\/#\/schema\/logo\/image\/","url":"https:\/\/selleetools.com\/wp-content\/uploads\/2021\/10\/logo-dark.png","contentUrl":"https:\/\/selleetools.com\/wp-content\/uploads\/2021\/10\/logo-dark.png","width":320,"height":76,"caption":"Selleetools"},"image":{"@id":"https:\/\/selleetools.com\/#\/schema\/logo\/image\/"}},{"@type":"WebSite","@id":"https:\/\/selleetools.com\/#website","url":"https:\/\/selleetools.com\/","name":"Selleetools.com","description":"","publisher":{"@id":"https:\/\/selleetools.com\/#organization"},"potentialAction":[{"@type":"SearchAction","target":{"@type":"EntryPoint","urlTemplate":"https:\/\/selleetools.com\/?s={search_term_string}"},"query-input":"required name=search_term_string"}],"inLanguage":"pl-PL"},{"@type":"WebPage","@id":"https:\/\/selleetools.com\/pl\/product\/dasique-shadow-palette-11-chocolate-fudge-10-5-g-czekoladowa-paleta-cieni-do-powiek\/","url":"https:\/\/selleetools.com\/pl\/product\/dasique-shadow-palette-11-chocolate-fudge-10-5-g-czekoladowa-paleta-cieni-do-powiek\/","name":"Dasique Shadow Palette #11 Chocolate Fudge 10.5 g - czekoladowa paleta cieni do powiek - Selleetools.com","isPartOf":{"@id":"https:\/\/selleetools.com\/#website"},"datePublished":"2025-10-24T12:36:54+00:00","dateModified":"2025-11-04T21:03:38+00:00","breadcrumb":{"@id":"https:\/\/selleetools.com\/pl\/product\/dasique-shadow-palette-11-chocolate-fudge-10-5-g-czekoladowa-paleta-cieni-do-powiek\/#breadcrumb"},"inLanguage":"pl-PL","potentialAction":[{"@type":"ReadAction","target":["https:\/\/selleetools.com\/pl\/product\/dasique-shadow-palette-11-chocolate-fudge-10-5-g-czekoladowa-paleta-cieni-do-powiek\/"]}]},{"@type":"BreadcrumbList","@id":"https:\/\/selleetools.com\/pl\/product\/dasique-shadow-palette-11-chocolate-fudge-10-5-g-czekoladowa-paleta-cieni-do-powiek\/#breadcrumb","itemListElement":[{"@type":"ListItem","position":1,"name":"Home","item":"https:\/\/selleetools.com\/pl\/"},{"@type":"ListItem","position":2,"name":"Katalog","item":"https:\/\/selleetools.com\/pl\/katalog\/"},{"@type":"ListItem","position":3,"name":"Dasique Shadow Palette #11 Chocolate Fudge 10.5 g &#8211; czekoladowa paleta cieni do powiek"}]}]}},"_links":{"self":[{"href":"https:\/\/admincentral.selleetools.com\/pl\/wp-json\/wp\/v2\/product\/609596"}],"collection":[{"href":"https:\/\/admincentral.selleetools.com\/pl\/wp-json\/wp\/v2\/product"}],"about":[{"href":"https:\/\/admincentral.selleetools.com\/pl\/wp-json\/wp\/v2\/types\/product"}],"replies":[{"embeddable":true,"href":"https:\/\/admincentral.selleetools.com\/pl\/wp-json\/wp\/v2\/comments?post=609596"}],"wp:featuredmedia":[{"embeddable":true,"href":"https:\/\/admincentral.selleetools.com\/pl\/wp-json\/wp\/v2\/media\/609594"}],"wp:attachment":[{"href":"https:\/\/admincentral.selleetools.com\/pl\/wp-json\/wp\/v2\/media?parent=609596"}],"curies":[{"name":"wp","href":"https:\/\/api.w.org\/{rel}","templated":true}]}}