{"id":609599,"date":"2025-10-24T14:36:57","date_gmt":"2025-10-24T12:36:57","guid":{"rendered":"https:\/\/selleetools.com\/?post_type=product&#038;p=609599"},"modified":"2025-11-04T22:03:54","modified_gmt":"2025-11-04T21:03:54","slug":"dasique-souffle-color-pot-02-pomelo-pudding-6-5-g-balsam-do-ust-i-policzkow-rozowy-z-pomarancza","status":"publish","type":"product","link":"https:\/\/admincentral.selleetools.com\/pl\/product\/dasique-souffle-color-pot-02-pomelo-pudding-6-5-g-balsam-do-ust-i-policzkow-rozowy-z-pomarancza\/","title":{"rendered":"Dasique Souffle Color Pot #02 Pomelo Pudding 6.5 g &#8211; balsam do ust i policzk\u00f3w r\u00f3\u017cowy z pomara\u0144cz\u0105"},"content":{"rendered":"<p>Dasique Souffle Color Pot w odcieniu #02 Pomelo Pudding to wielofunkcyjny balsam o lekkiej, musowej konsystencji, kt\u00f3ry nadaje \u015bwie\u017cy, soczysty kolor zar\u00f3wno ustom, jak i policzkom. Odcie\u0144 Pomelo Pudding to harmonijne po\u0142\u0105czenie r\u00f3\u017cu i delikatnej pomara\u0144czy \u2013 idealne do uzyskania naturalnego, promiennego efektu \u201ehealthy glow\u201d.<\/p>\n<p>Korzy\u015bci ze stosowania:<br \/>\n2w1: produkt do makija\u017cu ust i policzk\u00f3w \u2013 oszcz\u0119dno\u015b\u0107 miejsca w kosmetyczce<br \/>\nLekka, kremowo-musowa formu\u0142a, kt\u00f3ra \u0142atwo si\u0119 rozprowadza i wtapia w sk\u00f3r\u0119<br \/>\nNaturalne wyko\u0144czenie \u2013 efekt \u015bwie\u017co\u015bci i delikatnego rumie\u0144ca<br \/>\nWygodne u\u017cytkowanie \u2013 nie wymaga p\u0119dzla ani aplikatora<br \/>\nFormu\u0142a piel\u0119gnuj\u0105ca z dodatkiem emolient\u00f3w, takich jak Tribehenin i Ethylhexyl Palmitate, zapewnia komfort noszenia i nawil\u017cenie<\/p>\n<p>Spos\u00f3b u\u017cycia:<br \/>\nNa policzki: Opuszkiem palca nanie\u015b niewielk\u0105 ilo\u015b\u0107 produktu na szczyty ko\u015bci policzkowych i delikatnie wklep, a\u017c uzyskasz po\u017c\u0105dany efekt.<br \/>\nNa usta: Na\u0142\u00f3\u017c produkt bezpo\u015brednio na usta, buduj\u0105c intensywno\u015b\u0107 koloru w zale\u017cno\u015bci od preferencji.<\/p>\n","protected":false},"excerpt":{"rendered":"<p>Dasique Souffle Color Pot w odcieniu #02 Pomelo Pudding to wielofunkcyjny balsam o lekkiej, musowej konsystencji, kt\u00f3ry nadaje \u015bwie\u017cy, soczysty kolor zar\u00f3wno ustom, jak i policzkom. Odcie\u0144 Pomelo Pudding to harmonijne po\u0142\u0105czenie r\u00f3\u017cu i delikatnej pomara\u0144czy \u2013 idealne do uzyskania naturalnego, promiennego efektu \u201ehealthy glow\u201d. Korzy\u015bci ze stosowania: 2w1: produkt do makija\u017cu ust i policzk\u00f3w &#8230; <a title=\"Dasique Souffle Color Pot #02 Pomelo Pudding 6.5 g &#8211; balsam do ust i policzk\u00f3w r\u00f3\u017cowy z pomara\u0144cz\u0105\" class=\"read-more\" href=\"https:\/\/admincentral.selleetools.com\/pl\/product\/dasique-souffle-color-pot-02-pomelo-pudding-6-5-g-balsam-do-ust-i-policzkow-rozowy-z-pomarancza\/\">Read more<span class=\"screen-reader-text\">Dasique Souffle Color Pot #02 Pomelo Pudding 6.5 g &#8211; balsam do ust i policzk\u00f3w r\u00f3\u017cowy z pomara\u0144cz\u0105<\/span><\/a><\/p>\n","protected":false},"featured_media":609597,"comment_status":"open","ping_status":"closed","template":"","meta":{"_links_to":"","_links_to_target":""},"yoast_head":"<!-- This site is optimized with the Yoast SEO plugin v19.4 - https:\/\/yoast.com\/wordpress\/plugins\/seo\/ -->\n<title>Dasique Souffle Color Pot #02 Pomelo Pudding 6.5 g - balsam do ust i policzk\u00f3w r\u00f3\u017cowy z pomara\u0144cz\u0105 - Selleetools.com<\/title>\n<meta name=\"robots\" content=\"index, follow, max-snippet:-1, max-image-preview:large, max-video-preview:-1\" \/>\n<link rel=\"canonical\" href=\"https:\/\/admincentral.selleetools.com\/pl\/product\/dasique-souffle-color-pot-02-pomelo-pudding-6-5-g-balsam-do-ust-i-policzkow-rozowy-z-pomarancza\/\" \/>\n<meta property=\"og:locale\" content=\"pl_PL\" \/>\n<meta property=\"og:type\" content=\"article\" \/>\n<meta property=\"og:title\" content=\"Dasique Souffle Color Pot #02 Pomelo Pudding 6.5 g - balsam do ust i policzk\u00f3w r\u00f3\u017cowy z pomara\u0144cz\u0105 - Selleetools.com\" \/>\n<meta property=\"og:description\" content=\"Dasique Souffle Color Pot w odcieniu #02 Pomelo Pudding to wielofunkcyjny balsam o lekkiej, musowej konsystencji, kt\u00f3ry nadaje \u015bwie\u017cy, soczysty kolor zar\u00f3wno ustom, jak i policzkom. Odcie\u0144 Pomelo Pudding to harmonijne po\u0142\u0105czenie r\u00f3\u017cu i delikatnej pomara\u0144czy \u2013 idealne do uzyskania naturalnego, promiennego efektu \u201ehealthy glow\u201d. Korzy\u015bci ze stosowania: 2w1: produkt do makija\u017cu ust i policzk\u00f3w ... Read moreDasique Souffle Color Pot #02 Pomelo Pudding 6.5 g &#8211; balsam do ust i policzk\u00f3w r\u00f3\u017cowy z pomara\u0144cz\u0105\" \/>\n<meta property=\"og:url\" content=\"https:\/\/admincentral.selleetools.com\/pl\/product\/dasique-souffle-color-pot-02-pomelo-pudding-6-5-g-balsam-do-ust-i-policzkow-rozowy-z-pomarancza\/\" \/>\n<meta property=\"og:site_name\" content=\"Selleetools.com\" \/>\n<meta property=\"article:modified_time\" content=\"2025-11-04T21:03:54+00:00\" \/>\n<meta property=\"og:image\" content=\"https:\/\/selleetools.com\/wp-content\/uploads\/2025\/10\/529e9e76c75700892b21f494d6b16a18.png\" \/>\n\t<meta property=\"og:image:width\" content=\"1080\" \/>\n\t<meta property=\"og:image:height\" content=\"1080\" \/>\n\t<meta property=\"og:image:type\" content=\"image\/png\" \/>\n<meta name=\"twitter:card\" content=\"summary_large_image\" \/>\n<meta name=\"twitter:label1\" content=\"Est. reading time\" \/>\n\t<meta name=\"twitter:data1\" content=\"1 minuta\" \/>\n<!-- \/ Yoast SEO plugin. -->","yoast_head_json":{"title":"Dasique Souffle Color Pot #02 Pomelo Pudding 6.5 g - balsam do ust i policzk\u00f3w r\u00f3\u017cowy z pomara\u0144cz\u0105 - Selleetools.com","robots":{"index":"index","follow":"follow","max-snippet":"max-snippet:-1","max-image-preview":"max-image-preview:large","max-video-preview":"max-video-preview:-1"},"canonical":"https:\/\/admincentral.selleetools.com\/pl\/product\/dasique-souffle-color-pot-02-pomelo-pudding-6-5-g-balsam-do-ust-i-policzkow-rozowy-z-pomarancza\/","og_locale":"pl_PL","og_type":"article","og_title":"Dasique Souffle Color Pot #02 Pomelo Pudding 6.5 g - balsam do ust i policzk\u00f3w r\u00f3\u017cowy z pomara\u0144cz\u0105 - Selleetools.com","og_description":"Dasique Souffle Color Pot w odcieniu #02 Pomelo Pudding to wielofunkcyjny balsam o lekkiej, musowej konsystencji, kt\u00f3ry nadaje \u015bwie\u017cy, soczysty kolor zar\u00f3wno ustom, jak i policzkom. Odcie\u0144 Pomelo Pudding to harmonijne po\u0142\u0105czenie r\u00f3\u017cu i delikatnej pomara\u0144czy \u2013 idealne do uzyskania naturalnego, promiennego efektu \u201ehealthy glow\u201d. Korzy\u015bci ze stosowania: 2w1: produkt do makija\u017cu ust i policzk\u00f3w ... Read moreDasique Souffle Color Pot #02 Pomelo Pudding 6.5 g &#8211; balsam do ust i policzk\u00f3w r\u00f3\u017cowy z pomara\u0144cz\u0105","og_url":"https:\/\/admincentral.selleetools.com\/pl\/product\/dasique-souffle-color-pot-02-pomelo-pudding-6-5-g-balsam-do-ust-i-policzkow-rozowy-z-pomarancza\/","og_site_name":"Selleetools.com","article_modified_time":"2025-11-04T21:03:54+00:00","og_image":[{"width":1080,"height":1080,"url":"https:\/\/selleetools.com\/wp-content\/uploads\/2025\/10\/529e9e76c75700892b21f494d6b16a18.png","type":"image\/png"}],"twitter_card":"summary_large_image","twitter_misc":{"Est. reading time":"1 minuta"},"schema":{"@context":"https:\/\/schema.org","@graph":[{"@type":"Organization","@id":"https:\/\/selleetools.com\/#organization","name":"Selleetools","url":"https:\/\/selleetools.com\/","sameAs":[],"logo":{"@type":"ImageObject","inLanguage":"pl-PL","@id":"https:\/\/selleetools.com\/#\/schema\/logo\/image\/","url":"https:\/\/selleetools.com\/wp-content\/uploads\/2021\/10\/logo-dark.png","contentUrl":"https:\/\/selleetools.com\/wp-content\/uploads\/2021\/10\/logo-dark.png","width":320,"height":76,"caption":"Selleetools"},"image":{"@id":"https:\/\/selleetools.com\/#\/schema\/logo\/image\/"}},{"@type":"WebSite","@id":"https:\/\/selleetools.com\/#website","url":"https:\/\/selleetools.com\/","name":"Selleetools.com","description":"","publisher":{"@id":"https:\/\/selleetools.com\/#organization"},"potentialAction":[{"@type":"SearchAction","target":{"@type":"EntryPoint","urlTemplate":"https:\/\/selleetools.com\/?s={search_term_string}"},"query-input":"required name=search_term_string"}],"inLanguage":"pl-PL"},{"@type":"WebPage","@id":"https:\/\/admincentral.selleetools.com\/pl\/product\/dasique-souffle-color-pot-02-pomelo-pudding-6-5-g-balsam-do-ust-i-policzkow-rozowy-z-pomarancza\/","url":"https:\/\/admincentral.selleetools.com\/pl\/product\/dasique-souffle-color-pot-02-pomelo-pudding-6-5-g-balsam-do-ust-i-policzkow-rozowy-z-pomarancza\/","name":"Dasique Souffle Color Pot #02 Pomelo Pudding 6.5 g - balsam do ust i policzk\u00f3w r\u00f3\u017cowy z pomara\u0144cz\u0105 - Selleetools.com","isPartOf":{"@id":"https:\/\/selleetools.com\/#website"},"datePublished":"2025-10-24T12:36:57+00:00","dateModified":"2025-11-04T21:03:54+00:00","breadcrumb":{"@id":"https:\/\/admincentral.selleetools.com\/pl\/product\/dasique-souffle-color-pot-02-pomelo-pudding-6-5-g-balsam-do-ust-i-policzkow-rozowy-z-pomarancza\/#breadcrumb"},"inLanguage":"pl-PL","potentialAction":[{"@type":"ReadAction","target":["https:\/\/admincentral.selleetools.com\/pl\/product\/dasique-souffle-color-pot-02-pomelo-pudding-6-5-g-balsam-do-ust-i-policzkow-rozowy-z-pomarancza\/"]}]},{"@type":"BreadcrumbList","@id":"https:\/\/admincentral.selleetools.com\/pl\/product\/dasique-souffle-color-pot-02-pomelo-pudding-6-5-g-balsam-do-ust-i-policzkow-rozowy-z-pomarancza\/#breadcrumb","itemListElement":[{"@type":"ListItem","position":1,"name":"Home","item":"https:\/\/selleetools.com\/pl\/"},{"@type":"ListItem","position":2,"name":"Katalog","item":"https:\/\/selleetools.com\/pl\/katalog\/"},{"@type":"ListItem","position":3,"name":"Dasique Souffle Color Pot #02 Pomelo Pudding 6.5 g &#8211; balsam do ust i policzk\u00f3w r\u00f3\u017cowy z pomara\u0144cz\u0105"}]}]}},"_links":{"self":[{"href":"https:\/\/admincentral.selleetools.com\/pl\/wp-json\/wp\/v2\/product\/609599"}],"collection":[{"href":"https:\/\/admincentral.selleetools.com\/pl\/wp-json\/wp\/v2\/product"}],"about":[{"href":"https:\/\/admincentral.selleetools.com\/pl\/wp-json\/wp\/v2\/types\/product"}],"replies":[{"embeddable":true,"href":"https:\/\/admincentral.selleetools.com\/pl\/wp-json\/wp\/v2\/comments?post=609599"}],"wp:featuredmedia":[{"embeddable":true,"href":"https:\/\/admincentral.selleetools.com\/pl\/wp-json\/wp\/v2\/media\/609597"}],"wp:attachment":[{"href":"https:\/\/admincentral.selleetools.com\/pl\/wp-json\/wp\/v2\/media?parent=609599"}],"curies":[{"name":"wp","href":"https:\/\/api.w.org\/{rel}","templated":true}]}}