{"id":609605,"date":"2025-10-24T14:37:02","date_gmt":"2025-10-24T12:37:02","guid":{"rendered":"https:\/\/selleetools.com\/?post_type=product&#038;p=609605"},"modified":"2025-12-07T00:00:15","modified_gmt":"2025-12-06T23:00:15","slug":"dasique-souffle-color-pot-14-coldest-plum-6-5-g-balsam-do-ust-i-policzkow-sliwkowy","status":"publish","type":"product","link":"https:\/\/admincentral.selleetools.com\/pl\/product\/dasique-souffle-color-pot-14-coldest-plum-6-5-g-balsam-do-ust-i-policzkow-sliwkowy\/","title":{"rendered":"Dasique Souffle Color Pot #14 Coldest Plum 6.5 g &#8211; balsam do ust i policzk\u00f3w \u015bliwkowy"},"content":{"rendered":"<p>Dasique Souffle Color Pot to lekka, puszysta formu\u0142a typu souffle, kt\u00f3ra \u0142\u0105czy funkcj\u0119 balsamu i kremowej kolor\u00f3wki. Odcie\u0144 #14 Coldest Plum zapewnia \u015bwie\u017cy, dziewcz\u0119cy efekt na policzkach i ustach, idealny do codziennego makija\u017cu. Kosmetyk stapia si\u0119 ze sk\u00f3r\u0105, tworz\u0105c mi\u0119kkie, p\u00f3\u0142matowe wyko\u0144czenie bez uczucia lepko\u015bci.<\/p>\n<p>Korzy\u015bci ze stosowania:<br \/>\nUniwersalna formu\u0142a 2w1 \u2013 do ust i policzk\u00f3w<br \/>\nCh\u0142odny \u015bliwkowy kolor dodaje cerze \u015bwie\u017co\u015bci i wyrazisto\u015bci<br \/>\nLekka, kremowa konsystencja zapewnia \u0142atw\u0105 aplikacj\u0119 i naturalny efekt<br \/>\nNawil\u017caj\u0105ce sk\u0142adniki chroni\u0105 sk\u00f3r\u0119 przed przesuszeniem<br \/>\nMo\u017cliwo\u015b\u0107 budowania intensywno\u015bci koloru<\/p>\n<p>Spos\u00f3b u\u017cycia:<br \/>\nNabierz niewielk\u0105 ilo\u015b\u0107 produktu palcem lub g\u0105beczk\u0105 i delikatnie wklep w policzki lub usta. Powtarzaj aplikacj\u0119, aby uzyska\u0107 bardziej intensywny kolor. Produkt mo\u017cna nosi\u0107 solo lub jako baz\u0119 pod inne kosmetyki kolorowe.<\/p>\n","protected":false},"excerpt":{"rendered":"<p>Dasique Souffle Color Pot to lekka, puszysta formu\u0142a typu souffle, kt\u00f3ra \u0142\u0105czy funkcj\u0119 balsamu i kremowej kolor\u00f3wki. Odcie\u0144 #14 Coldest Plum zapewnia \u015bwie\u017cy, dziewcz\u0119cy efekt na policzkach i ustach, idealny do codziennego makija\u017cu. Kosmetyk stapia si\u0119 ze sk\u00f3r\u0105, tworz\u0105c mi\u0119kkie, p\u00f3\u0142matowe wyko\u0144czenie bez uczucia lepko\u015bci. Korzy\u015bci ze stosowania: Uniwersalna formu\u0142a 2w1 \u2013 do ust i &#8230; <a title=\"Dasique Souffle Color Pot #14 Coldest Plum 6.5 g &#8211; balsam do ust i policzk\u00f3w \u015bliwkowy\" class=\"read-more\" href=\"https:\/\/admincentral.selleetools.com\/pl\/product\/dasique-souffle-color-pot-14-coldest-plum-6-5-g-balsam-do-ust-i-policzkow-sliwkowy\/\">Read more<span class=\"screen-reader-text\">Dasique Souffle Color Pot #14 Coldest Plum 6.5 g &#8211; balsam do ust i policzk\u00f3w \u015bliwkowy<\/span><\/a><\/p>\n","protected":false},"featured_media":609603,"comment_status":"open","ping_status":"closed","template":"","meta":{"_links_to":"","_links_to_target":""},"yoast_head":"<!-- This site is optimized with the Yoast SEO plugin v19.4 - https:\/\/yoast.com\/wordpress\/plugins\/seo\/ -->\n<title>Dasique Souffle Color Pot #14 Coldest Plum 6.5 g - balsam do ust i policzk\u00f3w \u015bliwkowy - Selleetools.com<\/title>\n<meta name=\"robots\" content=\"index, follow, max-snippet:-1, max-image-preview:large, max-video-preview:-1\" \/>\n<link rel=\"canonical\" href=\"https:\/\/selleetools.com\/pl\/product\/dasique-souffle-color-pot-14-coldest-plum-6-5-g-balsam-do-ust-i-policzkow-sliwkowy\/\" \/>\n<meta property=\"og:locale\" content=\"pl_PL\" \/>\n<meta property=\"og:type\" content=\"article\" \/>\n<meta property=\"og:title\" content=\"Dasique Souffle Color Pot #14 Coldest Plum 6.5 g - balsam do ust i policzk\u00f3w \u015bliwkowy - Selleetools.com\" \/>\n<meta property=\"og:description\" content=\"Dasique Souffle Color Pot to lekka, puszysta formu\u0142a typu souffle, kt\u00f3ra \u0142\u0105czy funkcj\u0119 balsamu i kremowej kolor\u00f3wki. Odcie\u0144 #14 Coldest Plum zapewnia \u015bwie\u017cy, dziewcz\u0119cy efekt na policzkach i ustach, idealny do codziennego makija\u017cu. Kosmetyk stapia si\u0119 ze sk\u00f3r\u0105, tworz\u0105c mi\u0119kkie, p\u00f3\u0142matowe wyko\u0144czenie bez uczucia lepko\u015bci. Korzy\u015bci ze stosowania: Uniwersalna formu\u0142a 2w1 \u2013 do ust i ... Read moreDasique Souffle Color Pot #14 Coldest Plum 6.5 g &#8211; balsam do ust i policzk\u00f3w \u015bliwkowy\" \/>\n<meta property=\"og:url\" content=\"https:\/\/selleetools.com\/pl\/product\/dasique-souffle-color-pot-14-coldest-plum-6-5-g-balsam-do-ust-i-policzkow-sliwkowy\/\" \/>\n<meta property=\"og:site_name\" content=\"Selleetools.com\" \/>\n<meta property=\"article:modified_time\" content=\"2025-12-06T23:00:15+00:00\" \/>\n<meta property=\"og:image\" content=\"https:\/\/selleetools.com\/wp-content\/uploads\/2025\/10\/f73fac41e798ab3ecca3b1dd79594f88.png\" \/>\n\t<meta property=\"og:image:width\" content=\"1080\" \/>\n\t<meta property=\"og:image:height\" content=\"1080\" \/>\n\t<meta property=\"og:image:type\" content=\"image\/png\" \/>\n<meta name=\"twitter:card\" content=\"summary_large_image\" \/>\n<meta name=\"twitter:label1\" content=\"Est. reading time\" \/>\n\t<meta name=\"twitter:data1\" content=\"1 minuta\" \/>\n<!-- \/ Yoast SEO plugin. -->","yoast_head_json":{"title":"Dasique Souffle Color Pot #14 Coldest Plum 6.5 g - balsam do ust i policzk\u00f3w \u015bliwkowy - Selleetools.com","robots":{"index":"index","follow":"follow","max-snippet":"max-snippet:-1","max-image-preview":"max-image-preview:large","max-video-preview":"max-video-preview:-1"},"canonical":"https:\/\/selleetools.com\/pl\/product\/dasique-souffle-color-pot-14-coldest-plum-6-5-g-balsam-do-ust-i-policzkow-sliwkowy\/","og_locale":"pl_PL","og_type":"article","og_title":"Dasique Souffle Color Pot #14 Coldest Plum 6.5 g - balsam do ust i policzk\u00f3w \u015bliwkowy - Selleetools.com","og_description":"Dasique Souffle Color Pot to lekka, puszysta formu\u0142a typu souffle, kt\u00f3ra \u0142\u0105czy funkcj\u0119 balsamu i kremowej kolor\u00f3wki. Odcie\u0144 #14 Coldest Plum zapewnia \u015bwie\u017cy, dziewcz\u0119cy efekt na policzkach i ustach, idealny do codziennego makija\u017cu. Kosmetyk stapia si\u0119 ze sk\u00f3r\u0105, tworz\u0105c mi\u0119kkie, p\u00f3\u0142matowe wyko\u0144czenie bez uczucia lepko\u015bci. Korzy\u015bci ze stosowania: Uniwersalna formu\u0142a 2w1 \u2013 do ust i ... Read moreDasique Souffle Color Pot #14 Coldest Plum 6.5 g &#8211; balsam do ust i policzk\u00f3w \u015bliwkowy","og_url":"https:\/\/selleetools.com\/pl\/product\/dasique-souffle-color-pot-14-coldest-plum-6-5-g-balsam-do-ust-i-policzkow-sliwkowy\/","og_site_name":"Selleetools.com","article_modified_time":"2025-12-06T23:00:15+00:00","og_image":[{"width":1080,"height":1080,"url":"https:\/\/selleetools.com\/wp-content\/uploads\/2025\/10\/f73fac41e798ab3ecca3b1dd79594f88.png","type":"image\/png"}],"twitter_card":"summary_large_image","twitter_misc":{"Est. reading time":"1 minuta"},"schema":{"@context":"https:\/\/schema.org","@graph":[{"@type":"Organization","@id":"https:\/\/selleetools.com\/#organization","name":"Selleetools","url":"https:\/\/selleetools.com\/","sameAs":[],"logo":{"@type":"ImageObject","inLanguage":"pl-PL","@id":"https:\/\/selleetools.com\/#\/schema\/logo\/image\/","url":"https:\/\/selleetools.com\/wp-content\/uploads\/2021\/10\/logo-dark.png","contentUrl":"https:\/\/selleetools.com\/wp-content\/uploads\/2021\/10\/logo-dark.png","width":320,"height":76,"caption":"Selleetools"},"image":{"@id":"https:\/\/selleetools.com\/#\/schema\/logo\/image\/"}},{"@type":"WebSite","@id":"https:\/\/selleetools.com\/#website","url":"https:\/\/selleetools.com\/","name":"Selleetools.com","description":"","publisher":{"@id":"https:\/\/selleetools.com\/#organization"},"potentialAction":[{"@type":"SearchAction","target":{"@type":"EntryPoint","urlTemplate":"https:\/\/selleetools.com\/?s={search_term_string}"},"query-input":"required name=search_term_string"}],"inLanguage":"pl-PL"},{"@type":"WebPage","@id":"https:\/\/selleetools.com\/pl\/product\/dasique-souffle-color-pot-14-coldest-plum-6-5-g-balsam-do-ust-i-policzkow-sliwkowy\/","url":"https:\/\/selleetools.com\/pl\/product\/dasique-souffle-color-pot-14-coldest-plum-6-5-g-balsam-do-ust-i-policzkow-sliwkowy\/","name":"Dasique Souffle Color Pot #14 Coldest Plum 6.5 g - balsam do ust i policzk\u00f3w \u015bliwkowy - Selleetools.com","isPartOf":{"@id":"https:\/\/selleetools.com\/#website"},"datePublished":"2025-10-24T12:37:02+00:00","dateModified":"2025-12-06T23:00:15+00:00","breadcrumb":{"@id":"https:\/\/selleetools.com\/pl\/product\/dasique-souffle-color-pot-14-coldest-plum-6-5-g-balsam-do-ust-i-policzkow-sliwkowy\/#breadcrumb"},"inLanguage":"pl-PL","potentialAction":[{"@type":"ReadAction","target":["https:\/\/selleetools.com\/pl\/product\/dasique-souffle-color-pot-14-coldest-plum-6-5-g-balsam-do-ust-i-policzkow-sliwkowy\/"]}]},{"@type":"BreadcrumbList","@id":"https:\/\/selleetools.com\/pl\/product\/dasique-souffle-color-pot-14-coldest-plum-6-5-g-balsam-do-ust-i-policzkow-sliwkowy\/#breadcrumb","itemListElement":[{"@type":"ListItem","position":1,"name":"Home","item":"https:\/\/selleetools.com\/pl\/"},{"@type":"ListItem","position":2,"name":"Katalog","item":"https:\/\/selleetools.com\/pl\/katalog\/"},{"@type":"ListItem","position":3,"name":"Dasique Souffle Color Pot #14 Coldest Plum 6.5 g &#8211; balsam do ust i policzk\u00f3w \u015bliwkowy"}]}]}},"_links":{"self":[{"href":"https:\/\/admincentral.selleetools.com\/pl\/wp-json\/wp\/v2\/product\/609605"}],"collection":[{"href":"https:\/\/admincentral.selleetools.com\/pl\/wp-json\/wp\/v2\/product"}],"about":[{"href":"https:\/\/admincentral.selleetools.com\/pl\/wp-json\/wp\/v2\/types\/product"}],"replies":[{"embeddable":true,"href":"https:\/\/admincentral.selleetools.com\/pl\/wp-json\/wp\/v2\/comments?post=609605"}],"wp:featuredmedia":[{"embeddable":true,"href":"https:\/\/admincentral.selleetools.com\/pl\/wp-json\/wp\/v2\/media\/609603"}],"wp:attachment":[{"href":"https:\/\/admincentral.selleetools.com\/pl\/wp-json\/wp\/v2\/media?parent=609605"}],"curies":[{"name":"wp","href":"https:\/\/api.w.org\/{rel}","templated":true}]}}