{"id":609619,"date":"2025-10-24T14:37:14","date_gmt":"2025-10-24T12:37:14","guid":{"rendered":"https:\/\/selleetools.com\/?post_type=product&#038;p=609619"},"modified":"2025-12-12T11:05:09","modified_gmt":"2025-12-12T10:05:09","slug":"medicube-deep-vita-c-capsule-cream-55-g-krem-rozjasniajacy","status":"publish","type":"product","link":"https:\/\/admincentral.selleetools.com\/pl\/product\/medicube-deep-vita-c-capsule-cream-55-g-krem-rozjasniajacy\/","title":{"rendered":"Medicube Deep Vita C Capsule Cream 55 g &#8211; krem rozja\u015bniajacy"},"content":{"rendered":"<p>MEDICUBE Deep Vita C Capsule Cream to intensywnie rozja\u015bniaj\u0105cy krem, kt\u00f3ry zapewnia sk\u00f3rze promienny i zdrowy wygl\u0105d, dzi\u0119ki zawarto\u015bci witamin C i innych sk\u0142adnik\u00f3w aktywnych. Krem zawiera 50% witaminy C w postaci witaminowego wody, kt\u00f3ra skutecznie rozja\u015bnia sk\u00f3r\u0119, poprawiaj\u0105c jej koloryt i przywracaj\u0105c jej naturalny blask. Dzi\u0119ki pi\u0119ciu pochodnym witaminy C, krem dzia\u0142a na sk\u00f3r\u0119 przeciwstarzeniowo, rozja\u015bniaj\u0105c przebarwienia i zmniejszaj\u0105c oznaki zm\u0119czenia. Formu\u0142a kremu jest wzbogacona o kwas hialuronowy, pantenol oraz kwas ferulowy, kt\u00f3re intensywnie nawil\u017caj\u0105 i chroni\u0105 sk\u00f3r\u0119 przed szkodliwym dzia\u0142aniem wolnych rodnik\u00f3w. <\/p>\n<p>Korzy\u015bci dla sk\u00f3ry:<br \/>\nRozja\u015bnienie sk\u00f3ry i redukcja przebarwie\u0144<br \/>\nWyg\u0142adzenie cery i poprawa jej blasku<br \/>\nDzia\u0142anie przeciwstarzeniowe i ochronne<br \/>\nNawil\u017cenie i poprawa elastyczno\u015bci sk\u00f3ry<br \/>\nSk\u00f3ra staje si\u0119 pe\u0142na blasku, promienna i od\u017cywiona<\/p>\n<p>Spos\u00f3b u\u017cycia: Na oczyszczon\u0105 sk\u00f3r\u0119 na\u0142\u00f3\u017c odpowiedni\u0105 ilo\u015b\u0107 kremu i delikatnie wmasuj, a\u017c do ca\u0142kowitego wch\u0142oni\u0119cia. Stosuj codziennie rano i wieczorem.<\/p>\n","protected":false},"excerpt":{"rendered":"<p>MEDICUBE Deep Vita C Capsule Cream to intensywnie rozja\u015bniaj\u0105cy krem, kt\u00f3ry zapewnia sk\u00f3rze promienny i zdrowy wygl\u0105d, dzi\u0119ki zawarto\u015bci witamin C i innych sk\u0142adnik\u00f3w aktywnych. Krem zawiera 50% witaminy C w postaci witaminowego wody, kt\u00f3ra skutecznie rozja\u015bnia sk\u00f3r\u0119, poprawiaj\u0105c jej koloryt i przywracaj\u0105c jej naturalny blask. Dzi\u0119ki pi\u0119ciu pochodnym witaminy C, krem dzia\u0142a na sk\u00f3r\u0119 &#8230; <a title=\"Medicube Deep Vita C Capsule Cream 55 g &#8211; krem rozja\u015bniajacy\" class=\"read-more\" href=\"https:\/\/admincentral.selleetools.com\/pl\/product\/medicube-deep-vita-c-capsule-cream-55-g-krem-rozjasniajacy\/\">Read more<span class=\"screen-reader-text\">Medicube Deep Vita C Capsule Cream 55 g &#8211; krem rozja\u015bniajacy<\/span><\/a><\/p>\n","protected":false},"featured_media":609617,"comment_status":"open","ping_status":"closed","template":"","meta":{"_links_to":"","_links_to_target":""},"yoast_head":"<!-- This site is optimized with the Yoast SEO plugin v19.4 - https:\/\/yoast.com\/wordpress\/plugins\/seo\/ -->\n<title>Medicube Deep Vita C Capsule Cream 55 g - krem rozja\u015bniajacy - Selleetools.com<\/title>\n<meta name=\"robots\" content=\"index, follow, max-snippet:-1, max-image-preview:large, max-video-preview:-1\" \/>\n<link rel=\"canonical\" href=\"https:\/\/admincentral.selleetools.com\/pl\/product\/medicube-deep-vita-c-capsule-cream-55-g-krem-rozjasniajacy\/\" \/>\n<meta property=\"og:locale\" content=\"pl_PL\" \/>\n<meta property=\"og:type\" content=\"article\" \/>\n<meta property=\"og:title\" content=\"Medicube Deep Vita C Capsule Cream 55 g - krem rozja\u015bniajacy - Selleetools.com\" \/>\n<meta property=\"og:description\" content=\"MEDICUBE Deep Vita C Capsule Cream to intensywnie rozja\u015bniaj\u0105cy krem, kt\u00f3ry zapewnia sk\u00f3rze promienny i zdrowy wygl\u0105d, dzi\u0119ki zawarto\u015bci witamin C i innych sk\u0142adnik\u00f3w aktywnych. Krem zawiera 50% witaminy C w postaci witaminowego wody, kt\u00f3ra skutecznie rozja\u015bnia sk\u00f3r\u0119, poprawiaj\u0105c jej koloryt i przywracaj\u0105c jej naturalny blask. Dzi\u0119ki pi\u0119ciu pochodnym witaminy C, krem dzia\u0142a na sk\u00f3r\u0119 ... Read moreMedicube Deep Vita C Capsule Cream 55 g &#8211; krem rozja\u015bniajacy\" \/>\n<meta property=\"og:url\" content=\"https:\/\/admincentral.selleetools.com\/pl\/product\/medicube-deep-vita-c-capsule-cream-55-g-krem-rozjasniajacy\/\" \/>\n<meta property=\"og:site_name\" content=\"Selleetools.com\" \/>\n<meta property=\"article:modified_time\" content=\"2025-12-12T10:05:09+00:00\" \/>\n<meta property=\"og:image\" content=\"https:\/\/selleetools.com\/wp-content\/uploads\/2025\/10\/1ea745044bd3474205e5deeb783e69d0.jpg\" \/>\n\t<meta property=\"og:image:width\" content=\"1200\" \/>\n\t<meta property=\"og:image:height\" content=\"1200\" \/>\n\t<meta property=\"og:image:type\" content=\"image\/jpeg\" \/>\n<meta name=\"twitter:card\" content=\"summary_large_image\" \/>\n<meta name=\"twitter:label1\" content=\"Est. reading time\" \/>\n\t<meta name=\"twitter:data1\" content=\"1 minuta\" \/>\n<!-- \/ Yoast SEO plugin. -->","yoast_head_json":{"title":"Medicube Deep Vita C Capsule Cream 55 g - krem rozja\u015bniajacy - Selleetools.com","robots":{"index":"index","follow":"follow","max-snippet":"max-snippet:-1","max-image-preview":"max-image-preview:large","max-video-preview":"max-video-preview:-1"},"canonical":"https:\/\/admincentral.selleetools.com\/pl\/product\/medicube-deep-vita-c-capsule-cream-55-g-krem-rozjasniajacy\/","og_locale":"pl_PL","og_type":"article","og_title":"Medicube Deep Vita C Capsule Cream 55 g - krem rozja\u015bniajacy - Selleetools.com","og_description":"MEDICUBE Deep Vita C Capsule Cream to intensywnie rozja\u015bniaj\u0105cy krem, kt\u00f3ry zapewnia sk\u00f3rze promienny i zdrowy wygl\u0105d, dzi\u0119ki zawarto\u015bci witamin C i innych sk\u0142adnik\u00f3w aktywnych. Krem zawiera 50% witaminy C w postaci witaminowego wody, kt\u00f3ra skutecznie rozja\u015bnia sk\u00f3r\u0119, poprawiaj\u0105c jej koloryt i przywracaj\u0105c jej naturalny blask. Dzi\u0119ki pi\u0119ciu pochodnym witaminy C, krem dzia\u0142a na sk\u00f3r\u0119 ... Read moreMedicube Deep Vita C Capsule Cream 55 g &#8211; krem rozja\u015bniajacy","og_url":"https:\/\/admincentral.selleetools.com\/pl\/product\/medicube-deep-vita-c-capsule-cream-55-g-krem-rozjasniajacy\/","og_site_name":"Selleetools.com","article_modified_time":"2025-12-12T10:05:09+00:00","og_image":[{"width":1200,"height":1200,"url":"https:\/\/selleetools.com\/wp-content\/uploads\/2025\/10\/1ea745044bd3474205e5deeb783e69d0.jpg","type":"image\/jpeg"}],"twitter_card":"summary_large_image","twitter_misc":{"Est. reading time":"1 minuta"},"schema":{"@context":"https:\/\/schema.org","@graph":[{"@type":"Organization","@id":"https:\/\/selleetools.com\/#organization","name":"Selleetools","url":"https:\/\/selleetools.com\/","sameAs":[],"logo":{"@type":"ImageObject","inLanguage":"pl-PL","@id":"https:\/\/selleetools.com\/#\/schema\/logo\/image\/","url":"https:\/\/selleetools.com\/wp-content\/uploads\/2021\/10\/logo-dark.png","contentUrl":"https:\/\/selleetools.com\/wp-content\/uploads\/2021\/10\/logo-dark.png","width":320,"height":76,"caption":"Selleetools"},"image":{"@id":"https:\/\/selleetools.com\/#\/schema\/logo\/image\/"}},{"@type":"WebSite","@id":"https:\/\/selleetools.com\/#website","url":"https:\/\/selleetools.com\/","name":"Selleetools.com","description":"","publisher":{"@id":"https:\/\/selleetools.com\/#organization"},"potentialAction":[{"@type":"SearchAction","target":{"@type":"EntryPoint","urlTemplate":"https:\/\/selleetools.com\/?s={search_term_string}"},"query-input":"required name=search_term_string"}],"inLanguage":"pl-PL"},{"@type":"WebPage","@id":"https:\/\/admincentral.selleetools.com\/pl\/product\/medicube-deep-vita-c-capsule-cream-55-g-krem-rozjasniajacy\/","url":"https:\/\/admincentral.selleetools.com\/pl\/product\/medicube-deep-vita-c-capsule-cream-55-g-krem-rozjasniajacy\/","name":"Medicube Deep Vita C Capsule Cream 55 g - krem rozja\u015bniajacy - Selleetools.com","isPartOf":{"@id":"https:\/\/selleetools.com\/#website"},"datePublished":"2025-10-24T12:37:14+00:00","dateModified":"2025-12-12T10:05:09+00:00","breadcrumb":{"@id":"https:\/\/admincentral.selleetools.com\/pl\/product\/medicube-deep-vita-c-capsule-cream-55-g-krem-rozjasniajacy\/#breadcrumb"},"inLanguage":"pl-PL","potentialAction":[{"@type":"ReadAction","target":["https:\/\/admincentral.selleetools.com\/pl\/product\/medicube-deep-vita-c-capsule-cream-55-g-krem-rozjasniajacy\/"]}]},{"@type":"BreadcrumbList","@id":"https:\/\/admincentral.selleetools.com\/pl\/product\/medicube-deep-vita-c-capsule-cream-55-g-krem-rozjasniajacy\/#breadcrumb","itemListElement":[{"@type":"ListItem","position":1,"name":"Home","item":"https:\/\/selleetools.com\/pl\/"},{"@type":"ListItem","position":2,"name":"Katalog","item":"https:\/\/selleetools.com\/pl\/katalog\/"},{"@type":"ListItem","position":3,"name":"Medicube Deep Vita C Capsule Cream 55 g &#8211; krem rozja\u015bniajacy"}]}]}},"_links":{"self":[{"href":"https:\/\/admincentral.selleetools.com\/pl\/wp-json\/wp\/v2\/product\/609619"}],"collection":[{"href":"https:\/\/admincentral.selleetools.com\/pl\/wp-json\/wp\/v2\/product"}],"about":[{"href":"https:\/\/admincentral.selleetools.com\/pl\/wp-json\/wp\/v2\/types\/product"}],"replies":[{"embeddable":true,"href":"https:\/\/admincentral.selleetools.com\/pl\/wp-json\/wp\/v2\/comments?post=609619"}],"wp:featuredmedia":[{"embeddable":true,"href":"https:\/\/admincentral.selleetools.com\/pl\/wp-json\/wp\/v2\/media\/609617"}],"wp:attachment":[{"href":"https:\/\/admincentral.selleetools.com\/pl\/wp-json\/wp\/v2\/media?parent=609619"}],"curies":[{"name":"wp","href":"https:\/\/api.w.org\/{rel}","templated":true}]}}